{"id":23100,"date":"2025-11-03T16:08:07","date_gmt":"2025-11-03T08:08:07","guid":{"rendered":"https:\/\/yebodaglass.com\/?post_type=product&#038;p=23100"},"modified":"2025-11-03T16:08:09","modified_gmt":"2025-11-03T08:08:09","slug":"glass-spice-jar-with-shaker-lid-bulk-for-kitchen","status":"publish","type":"product","link":"https:\/\/yebodaglass.com\/it\/glass-spice-jar-with-shaker-lid-bulk-for-kitchen\/","title":{"rendered":"Barattolo per spezie in vetro da 10 once con coperchio shaker, sfuso per la cucina\u00a0"},"content":{"rendered":"<p>Produciamo barattoli per spezie trasparenti con una striscia verticale, facili da impugnare: niente pi\u00f9 caos in cucina. Questi contenitori per spezie sono ci\u00f2 che rende la tua dispensa un luogo alla moda. Se hai un ordine all&#039;ingrosso, sono disponibili opzioni personalizzate in base al tuo brand.<\/p>\n<h2>Caratteristiche del prodotto<\/h2>\n<p><strong>Impugnatura a strisce verticali<\/strong><\/p>\n<p>Le nervature rendono i barattoli per spezie in vetro non solo comodi da tenere in mano, ma anche eleganti: i tuoi barattoli per spezie in vetro ti sembreranno un prodotto di alta qualit\u00e0.<\/p>\n<p><strong>Coperchio shaker in acciaio inossidabile<\/strong><\/p>\n<p>I piccoli fori realizzati con precisione sono ci\u00f2 che controlla le colate: niente pi\u00f9 sale eccessivo o spreco di spezie.<\/p>\n<p><strong>Chiarezza cristallina<\/strong><\/p>\n<p>Il vetro trasparente \u00e8 ci\u00f2 che permette al cliente di vedere ogni singolo chicco: ecco perch\u00e9 si fida subito dei tuoi contenitori per spezie.<\/p>\n<h2>Specifiche chiave<\/h2>\n<table style=\"border-collapse: collapse; width: 80%; margin-left: auto; margin-right: auto;\" border=\"0\" width=\"144\" cellspacing=\"0\" cellpadding=\"0\">\n<tbody>\n<tr style=\"height: 13.50pt;\">\n<td style=\"height: 13.5pt; width: 54pt; text-align: center;\" width=\"72\" height=\"18\">Capacit\u00e0<\/td>\n<td style=\"width: 54pt; text-align: center;\" width=\"72\">330 ml\/10 oz<\/td>\n<\/tr>\n<tr style=\"height: 13.50pt;\">\n<td style=\"height: 13.5pt; text-align: center;\" height=\"18\">Dimensioni (cm)<\/td>\n<td style=\"text-align: center;\">7.5&#215;13.5<\/td>\n<\/tr>\n<tr style=\"height: 13.50pt;\">\n<td style=\"height: 13.5pt; text-align: center;\" height=\"18\">Materiale<\/td>\n<td style=\"text-align: center;\">Vetro + Metallo (Coperchi)<\/td>\n<\/tr>\n<tr style=\"height: 13.50pt;\">\n<td style=\"height: 13.5pt; text-align: center;\" height=\"18\">Opzioni di colore<\/td>\n<td style=\"text-align: center;\">Trasparente (personalizzabile)<\/td>\n<\/tr>\n<tr style=\"height: 13.50pt;\">\n<td style=\"height: 13.5pt; text-align: center;\" height=\"18\">Utilizzo<\/td>\n<td style=\"text-align: center;\">Zucchero, sale, condimento<\/td>\n<\/tr>\n<tr style=\"height: 13.50pt;\">\n<td style=\"height: 13.5pt; text-align: center;\" height=\"18\">Personalizzazione<\/td>\n<td style=\"text-align: center;\">Design del coperchio, colore, logo (in rilievo, adesivo, ecc.)<\/td>\n<\/tr>\n<\/tbody>\n<\/table>\n<h2>Caso di successo<\/h2>\n<p>Abbiamo collaborato con un&#039;azienda canadese di ristorazione nella sua iniziativa di rinnovare la propria linea di prodotti per la conservazione delle spezie, integrando la nostra serie di barattoli in vetro per spezie. I barattoli su misura, dotati di cerniere in metallo spazzolato e loghi incisi al laser, esaltano l&#039;aspetto dei loro utensili da cucina, rendendoli pi\u00f9 alla moda e professionali. I contenitori in vetro trasparente per la conservazione delle spezie facilitano la ricerca delle spezie all&#039;interno, e la struttura robusta e resistente \u00e8 ideale per l&#039;uso prolungato nelle aree ad alto traffico delle cucine professionali.<\/p>\n<p>Dopo l&#039;introduzione del nuovo barattolo in vetro per spezie, l&#039;azienda ha registrato un aumento del 26% negli ordini, grazie alla sua consistenza liscia.<\/p>\n<h2>Il tuo manuale di personalizzazione<\/h2>\n<ol>\n<li><strong>Coperchi regolabili:<\/strong> \u00c8 possibile scegliere tra acciaio inossidabile, lega di alluminio o plastica per modelli con tappo multiforo, monoforo o a vite, per adattarsi a diverse portate di condimento.<\/li>\n<li><strong>Segni e impronte:<\/strong> Loghi di marchi, nomi di condimenti o etichette impermeabili possono essere inchiostrati tramite il processo serigrafico sul barattolo di vetro per spezie, per facilitare il riconoscimento del prodotto e l&#039;immagine del marchio.<\/li>\n<li><strong>Opzioni di imballaggio della scatola regalo:<\/strong> Sono disponibili confezioni regalo multi-bottiglia personalizzate, perfette per un set di utensili da cucina di lusso o per una campagna di regali per le feste.<\/li>\n<\/ol>","protected":false},"excerpt":{"rendered":"<p>Scopri i nostri barattoli in vetro per spezie: contenitori perfetti per conservare sale, pepe o erbe aromatiche. Vetro resistente con coperchio a scomparto per condire in modo facile e pulito.<\/p>","protected":false},"featured_media":23101,"template":"","meta":[],"product_brand":[],"product_cat":[83,128,20],"product_tag":[],"class_list":{"0":"post-23100","1":"product","2":"type-product","3":"status-publish","4":"has-post-thumbnail","6":"product_cat-glass-jars","7":"product_cat-spice-jars","8":"product_cat-glass-containers","10":"first","11":"instock","12":"shipping-taxable","13":"product-type-simple"},"jetpack_sharing_enabled":true,"_links":{"self":[{"href":"https:\/\/yebodaglass.com\/it\/wp-json\/wp\/v2\/product\/23100","targetHints":{"allow":["GET"]}}],"collection":[{"href":"https:\/\/yebodaglass.com\/it\/wp-json\/wp\/v2\/product"}],"about":[{"href":"https:\/\/yebodaglass.com\/it\/wp-json\/wp\/v2\/types\/product"}],"version-history":[{"count":3,"href":"https:\/\/yebodaglass.com\/it\/wp-json\/wp\/v2\/product\/23100\/revisions"}],"predecessor-version":[{"id":23113,"href":"https:\/\/yebodaglass.com\/it\/wp-json\/wp\/v2\/product\/23100\/revisions\/23113"}],"wp:featuredmedia":[{"embeddable":true,"href":"https:\/\/yebodaglass.com\/it\/wp-json\/wp\/v2\/media\/23101"}],"wp:attachment":[{"href":"https:\/\/yebodaglass.com\/it\/wp-json\/wp\/v2\/media?parent=23100"}],"wp:term":[{"taxonomy":"product_brand","embeddable":true,"href":"https:\/\/yebodaglass.com\/it\/wp-json\/wp\/v2\/product_brand?post=23100"},{"taxonomy":"product_cat","embeddable":true,"href":"https:\/\/yebodaglass.com\/it\/wp-json\/wp\/v2\/product_cat?post=23100"},{"taxonomy":"product_tag","embeddable":true,"href":"https:\/\/yebodaglass.com\/it\/wp-json\/wp\/v2\/product_tag?post=23100"}],"curies":[{"name":"wp","href":"https:\/\/api.w.org\/{rel}","templated":true}]}}