{"id":23091,"date":"2025-11-03T16:20:39","date_gmt":"2025-11-03T08:20:39","guid":{"rendered":"https:\/\/yebodaglass.com\/?post_type=product&#038;p=23091"},"modified":"2025-11-03T17:29:17","modified_gmt":"2025-11-03T09:29:17","slug":"wholesale-clear-glass-hot-sauce-bottles-with-lids","status":"publish","type":"product","link":"https:\/\/yebodaglass.com\/it\/wholesale-clear-glass-hot-sauce-bottles-with-lids\/","title":{"rendered":"Bottiglie di salsa piccante in vetro trasparente all&#039;ingrosso con coperchi da 250 ml, 350 ml e 500 ml"},"content":{"rendered":"<p>Il design pulito di questa bottiglia per salsa calda \u00e8 caratterizzato da un corpo leggermente affusolato che si collega visivamente al collo corto e spesso. In generale, il suo design piuttosto semplice e pratico, realizzato in vetro trasparente, permette a chiunque di vedere l'interno senza bisogno di aprire la bottiglia.<\/p>\n<h2>Caratteristiche del prodotto<\/h2>\n<ul>\n<li><strong>Materiale in vetro trasparente:<\/strong> Il recipiente in vetro trasparente permette agli utenti di avere visivamente il colore della salsa e di determinare quanto ne rimane senza l'inconveniente di aprire la bottiglia.<\/li>\n<li><strong>Design snello del contenitore:<\/strong> La bottiglia, con la sua silhouette sottile e le sue curve morbide, \u00e8 semplice da trasportare e da riporre, rendendo l'esperienza d'uso pi\u00f9 comoda e conveniente.<\/li>\n<li><strong>Concetto minimalista:<\/strong> Un contenitore trasparente abbinato a un coperchio monocolore conferisce un aspetto ordinato e luminoso che pu\u00f2 essere adattato in molti modi diversi ed \u00e8 molto funzionale in termini di utilizzo.<\/li>\n<\/ul>\n<h2 style=\"text-align: left;\">Specifiche chiave<\/h2>\n<table class=\"aligncenter\" style=\"border-collapse: collapse; width: 471.02pt;\" border=\"0\" width=\"628\" cellspacing=\"0\" cellpadding=\"0\">\n<tbody>\n<tr style=\"height: 13.50pt;\">\n<td style=\"height: 13.50pt; width: 111.75pt;\" width=\"149\" height=\"18\">Caratteristica<\/td>\n<td style=\"width: 359.25pt;\" width=\"479\">Specifica<\/td>\n<\/tr>\n<tr style=\"height: 13.50pt;\">\n<td style=\"height: 13.50pt;\" height=\"18\">Capacit\u00e0<\/td>\n<td>250 ml (8 once), 350 ml (12 once), 500 ml (17 once)<\/td>\n<\/tr>\n<tr style=\"height: 13.50pt;\">\n<td style=\"height: 13.50pt;\" height=\"18\">Dimensioni<\/td>\n<td>5,5\u00d717,8cm, 6,1\u00d719,6cm, 6,9\u00d721,4cm<\/td>\n<\/tr>\n<tr style=\"height: 13.50pt;\">\n<td style=\"height: 13.50pt;\" height=\"18\">Forma<\/td>\n<td>Cilindrico con leggera conicit\u00e0<\/td>\n<\/tr>\n<tr style=\"height: 13.50pt;\">\n<td style=\"height: 13.50pt;\" height=\"18\">Materiale<\/td>\n<td>Vetro trasparente, compatibile con chiusura in plastica\/metallo<\/td>\n<\/tr>\n<tr style=\"height: 13.50pt;\">\n<td style=\"height: 13.50pt;\" height=\"18\">Opzioni di chiusura<\/td>\n<td>Cappellini gialli, bianchi, rossi e neri (personalizzabili)<\/td>\n<\/tr>\n<tr style=\"height: 13.50pt;\">\n<td style=\"height: 13.50pt;\" height=\"18\">Ideale per<\/td>\n<td>Salsa bbq, condimento, sciroppo, aceto, marche di condimenti<\/td>\n<\/tr>\n<tr style=\"height: 13.50pt;\">\n<td style=\"height: 13.50pt;\" height=\"18\">Uso ideale<\/td>\n<td>Bottiglia di salsa piccante, vetro stordito, bottiglie di vetro per condimenti<\/td>\n<\/tr>\n<\/tbody>\n<\/table>\n<h2>szklany s\u0142oik na przyprawy, pojemniki do przechowywania przypraw01<\/h2>\n<p>s\u0142oik na przyprawy, ma\u0142e s\u0142oiki na przyprawy01<\/p>\n<h2>Personalizzazione della bottiglia di vetro per salse<\/h2>\n<ul>\n<li>Vetro smerigliato: Il vetro traslucido acidato conferisce una sensazione di lusso per un aspetto elegante e sofisticato.<\/li>\n<li>Stampa del logo del marchio: Rafforzate il vostro marchio stampando il logo o il design della vostra azienda direttamente sul vetro, per un ricordo che dura nel tempo.<\/li>\n<li>Vetro colorato: Scegliete il vetro ambrato o verde per mantenere la salsa al riparo dalla luce e per attirare l'attenzione sulla qualit\u00e0 del prodotto sullo scaffale.<\/li>\n<li>Colori del cappuccio personalizzati: Utilizzate i colori caratteristici del cappuccio, come il tradizionale bianco o il rosso vivace, per differenziare il vostro marchio e per una rapida identificazione.<\/li>\n<li>Opzioni del materiale di rivestimento: Scegliere il rivestimento corretto (ad esempio, PVC espanso) per ottenere un contenitore ermetico adatto all'acidit\u00e0 e al contenuto di olio della salsa.<\/li>\n<\/ul>","protected":false},"excerpt":{"rendered":"<p>Bottiglie trasparenti per salsa calda con superficie in vetro liscia e tappi a tenuta stagna. Ideali per la salsa piccante o i condimenti. Prezzo di fabbrica, ordini all'ingrosso, consegna rapida!<\/p>","protected":false},"featured_media":23107,"template":"","meta":[],"product_brand":[],"product_cat":[20,129,80],"product_tag":[],"class_list":{"0":"post-23091","1":"product","2":"type-product","3":"status-publish","4":"has-post-thumbnail","6":"product_cat-glass-containers","7":"product_cat-hot-sauce-bottles","8":"product_cat-glass-bottles","10":"first","11":"instock","12":"shipping-taxable","13":"product-type-simple"},"jetpack_sharing_enabled":true,"_links":{"self":[{"href":"https:\/\/yebodaglass.com\/it\/wp-json\/wp\/v2\/product\/23091","targetHints":{"allow":["GET"]}}],"collection":[{"href":"https:\/\/yebodaglass.com\/it\/wp-json\/wp\/v2\/product"}],"about":[{"href":"https:\/\/yebodaglass.com\/it\/wp-json\/wp\/v2\/types\/product"}],"version-history":[{"count":3,"href":"https:\/\/yebodaglass.com\/it\/wp-json\/wp\/v2\/product\/23091\/revisions"}],"predecessor-version":[{"id":23134,"href":"https:\/\/yebodaglass.com\/it\/wp-json\/wp\/v2\/product\/23091\/revisions\/23134"}],"wp:featuredmedia":[{"embeddable":true,"href":"https:\/\/yebodaglass.com\/it\/wp-json\/wp\/v2\/media\/23107"}],"wp:attachment":[{"href":"https:\/\/yebodaglass.com\/it\/wp-json\/wp\/v2\/media?parent=23091"}],"wp:term":[{"taxonomy":"product_brand","embeddable":true,"href":"https:\/\/yebodaglass.com\/it\/wp-json\/wp\/v2\/product_brand?post=23091"},{"taxonomy":"product_cat","embeddable":true,"href":"https:\/\/yebodaglass.com\/it\/wp-json\/wp\/v2\/product_cat?post=23091"},{"taxonomy":"product_tag","embeddable":true,"href":"https:\/\/yebodaglass.com\/it\/wp-json\/wp\/v2\/product_tag?post=23091"}],"curies":[{"name":"wp","href":"https:\/\/api.w.org\/{rel}","templated":true}]}}