{"id":23047,"date":"2025-10-31T16:59:40","date_gmt":"2025-10-31T08:59:40","guid":{"rendered":"https:\/\/yebodaglass.com\/?post_type=product&#038;p=23047"},"modified":"2025-11-04T11:51:58","modified_gmt":"2025-11-04T03:51:58","slug":"5oz-custom-square-glass-yogurt-jars-with-lids-wholesale","status":"publish","type":"product","link":"https:\/\/yebodaglass.com\/it\/5oz-custom-square-glass-yogurt-jars-with-lids-wholesale\/","title":{"rendered":"Vasetti di yogurt in vetro quadrati personalizzati da 150 ml\/5 oz con coperchi all&#039;ingrosso"},"content":{"rendered":"<p>Stanco dei soliti vasetti di vetro con coperchi per yogurt che si sbriciolano o sprecano spazio? Realizziamo piccoli vasetti di yogurt in vetro dal fascino squadrato: niente pi\u00f9 scaffali angusti. Questi vasetti di latte in vetro conferiscono al tuo yogurt un aspetto di alta qualit\u00e0 e si vendono pi\u00f9 velocemente. Per gli ordini all&#039;ingrosso, puoi scegliere colori personalizzati in linea con l&#039;atmosfera del tuo brand.<\/p>\n<h2>Caratteristiche del prodotto<\/h2>\n<p><strong>Forma quadrata impilabile<\/strong><\/p>\n<p>Ideali per spazi di stoccaggio limitati: i tuoi piccoli vasetti di yogurt in vetro trovano facilmente posto in qualsiasi cucina.<\/p>\n<p><strong>Coperchi colorati stretti<\/strong><\/p>\n<p>Tappi di plastica rossi, gialli e verdi senza perdite: niente pasticci, solo la felicit\u00e0 dello yogurt.<\/p>\n<p><strong>Chiarezza cristallina<\/strong><\/p>\n<p>Il vetro pi\u00f9 trasparente rivela ogni vortice: gli acquirenti sono cos\u00ec sicuri che i tuoi barattoli di vetro con coperchio per yogurt siano la loro prima scelta.<\/p>\n<h2>Specifiche chiave<\/h2>\n<table style=\"border-collapse: collapse; width: 80%; margin-right: auto; margin-left: auto;\" border=\"0\" width=\"360\" cellspacing=\"0\" cellpadding=\"0\">\n<tbody>\n<tr style=\"height: 13.50pt;\">\n<td style=\"height: 13.5pt; width: 54pt; text-align: center;\" width=\"72\" height=\"18\">Capacit\u00e0<\/td>\n<td style=\"width: 54pt; text-align: center;\" width=\"72\">Dimensioni<\/td>\n<td style=\"width: 54pt; text-align: center;\" width=\"72\">Forma<\/td>\n<td style=\"width: 54pt; text-align: center;\" width=\"72\">Materiale<\/td>\n<td style=\"width: 54pt; text-align: center;\" width=\"72\">Colore<\/td>\n<\/tr>\n<tr style=\"height: 13.50pt;\">\n<td style=\"height: 13.5pt; text-align: center;\" height=\"18\">150 ml\/5 oz<\/td>\n<td style=\"text-align: center;\">5,7*7,7*7,3 cm<\/td>\n<td style=\"text-align: center;\">Piazza<\/td>\n<td style=\"text-align: center;\">Bicchiere<\/td>\n<td style=\"text-align: center;\">Trasparente, personalizzabile<\/td>\n<\/tr>\n<\/tbody>\n<\/table>\n<h2>Caso di successo<\/h2>\n<p>Abbiamo collaborato con un marchio canadese di dessert per creare questi colorati vasetti di yogurt in vetro con coperchio. Per far risaltare visivamente la loro linea di prodotti, il marchio ha dato a ogni gusto \u2013 mango, fragola e vaniglia \u2013 una delicata tonalit\u00e0 pastello. I coperchi ermetici in plastica mantengono lo yogurt fresco e sono pratici per chi li consuma, mentre i vasetti quadrati sono perfetti per l&#039;esposizione sugli scaffali e per il confezionamento.<\/p>\n<p>Dopo il lancio del prodotto, il tasso di riacquisto del marchio \u00e8 aumentato del 28%.<\/p>\n<h2>Il tuo manuale di personalizzazione<\/h2>\n<ol>\n<li><strong>Coperchi con blocchi di colore:<\/strong>Offrite coperchi rossi per le fragole e blu per i mirtilli sui barattoli di vetro con coperchi per lo yogurt. Dite ai clienti: &#034;Gusto di tutti i colori&#034;.<\/li>\n<li><strong>Pacchetti &#034;Duo di latticini&#034;:<\/strong>Confeziona piccoli vasetti di yogurt in vetro con un cucchiaio abbinato: ideali per confezioni regalo.<\/li>\n<\/ol>","protected":false},"excerpt":{"rendered":"<p>Questi colorati vasetti di yogurt in vetro con coperchio sono perfetti per preparare dolci fatti in casa e per la conservazione. Resistenti vasetti di yogurt con coperchio, adatti sia all&#039;uso quotidiano che commerciale.<\/p>","protected":false},"featured_media":23048,"template":"","meta":[],"product_brand":[],"product_cat":[130,124,122],"product_tag":[],"class_list":{"0":"post-23047","1":"product","2":"type-product","3":"status-publish","4":"has-post-thumbnail","6":"product_cat-glass-yogurt-jars","7":"product_cat-custom-glass-jars","8":"product_cat-custom-glass-packaging","10":"first","11":"instock","12":"shipping-taxable","13":"product-type-simple"},"jetpack_sharing_enabled":true,"_links":{"self":[{"href":"https:\/\/yebodaglass.com\/it\/wp-json\/wp\/v2\/product\/23047","targetHints":{"allow":["GET"]}}],"collection":[{"href":"https:\/\/yebodaglass.com\/it\/wp-json\/wp\/v2\/product"}],"about":[{"href":"https:\/\/yebodaglass.com\/it\/wp-json\/wp\/v2\/types\/product"}],"version-history":[{"count":5,"href":"https:\/\/yebodaglass.com\/it\/wp-json\/wp\/v2\/product\/23047\/revisions"}],"predecessor-version":[{"id":23069,"href":"https:\/\/yebodaglass.com\/it\/wp-json\/wp\/v2\/product\/23047\/revisions\/23069"}],"wp:featuredmedia":[{"embeddable":true,"href":"https:\/\/yebodaglass.com\/it\/wp-json\/wp\/v2\/media\/23048"}],"wp:attachment":[{"href":"https:\/\/yebodaglass.com\/it\/wp-json\/wp\/v2\/media?parent=23047"}],"wp:term":[{"taxonomy":"product_brand","embeddable":true,"href":"https:\/\/yebodaglass.com\/it\/wp-json\/wp\/v2\/product_brand?post=23047"},{"taxonomy":"product_cat","embeddable":true,"href":"https:\/\/yebodaglass.com\/it\/wp-json\/wp\/v2\/product_cat?post=23047"},{"taxonomy":"product_tag","embeddable":true,"href":"https:\/\/yebodaglass.com\/it\/wp-json\/wp\/v2\/product_tag?post=23047"}],"curies":[{"name":"wp","href":"https:\/\/api.w.org\/{rel}","templated":true}]}}