{"id":23046,"date":"2025-10-31T17:23:17","date_gmt":"2025-10-31T09:23:17","guid":{"rendered":"https:\/\/yebodaglass.com\/?post_type=product&#038;p=23046"},"modified":"2026-04-10T15:35:27","modified_gmt":"2026-04-10T07:35:27","slug":"wholesale-honey-hexagon-jars-with-honeycomb-design","status":"publish","type":"product","link":"https:\/\/yebodaglass.com\/it\/wholesale-honey-hexagon-jars-with-honeycomb-design\/","title":{"rendered":"Vasetti esagonali per miele all&#039;ingrosso con design a nido d&#039;ape da 500 ml e 1000 ml"},"content":{"rendered":"<p>Questo barattolo esagonale per miele presenta un&#039;elegante struttura esagonale che traspare attraverso il corpo in vetro e mostra un motivo a nido d&#039;ape in rilievo su entrambi i lati. Il tappo a vite dorato aggiunge un tocco di bellezza naturale e un&#039;aria lussuosa.<\/p>\n<h2>Caratteristiche del prodotto<\/h2>\n<ul>\n<li><strong>Design a nido d&#039;ape:<\/strong> Il motivo a nido d&#039;ape in rilievo sul barattolo migliora la presa e il riconoscimento del marchio, richiamando le caratteristiche naturali del miele.<\/li>\n<li><strong>Materiale in vetro trasparente:<\/strong> Il miele \u00e8 esposto in contenitori di vetro trasparente per alimenti, che ne facilitano la pulizia e il riutilizzo.<\/li>\n<li><strong>Tappo di chiusura di alta qualit\u00e0:<\/strong> Il tappo a vite in metallo dorato garantisce una chiusura ermetica che aumenta del 30% la durata di conservazione del miele e valorizza la confezione regalo.<\/li>\n<\/ul>\n<h2 style=\"text-align: left;\">Specifiche chiave<\/h2>\n<table class=\"aligncenter\" style=\"border-collapse: collapse; width: 415.52pt;\" border=\"0\" width=\"554\" cellspacing=\"0\" cellpadding=\"0\">\n<tbody>\n<tr style=\"height: 13.50pt;\">\n<td style=\"height: 13.50pt; width: 95.25pt;\" width=\"127\" height=\"18\">Caratteristica<\/td>\n<td style=\"width: 320.25pt;\" width=\"427\">Specifica<\/td>\n<\/tr>\n<tr style=\"height: 13.50pt;\">\n<td style=\"height: 13.50pt;\" height=\"18\">Capacit\u00e0<\/td>\n<td>500 ml, 1000 ml<\/td>\n<\/tr>\n<tr style=\"height: 13.50pt;\">\n<td style=\"height: 13.50pt;\" height=\"18\">Forma<\/td>\n<td>Esagono con goffratura a nido d&#039;ape completa<\/td>\n<\/tr>\n<tr style=\"height: 13.50pt;\">\n<td style=\"height: 13.50pt;\" height=\"18\">Dimensioni<\/td>\n<td>7,5\u00d78\u00d711,9 cm, 9,2\u00d79,7\u00d714,5 cm<\/td>\n<\/tr>\n<tr style=\"height: 13.50pt;\">\n<td style=\"height: 13.50pt;\" height=\"18\">Materiale<\/td>\n<td>Vetro trasparente, coperchio a vite<\/td>\n<\/tr>\n<tr style=\"height: 13.50pt;\">\n<td style=\"height: 13.50pt;\" height=\"18\">Opzioni del coperchio<\/td>\n<td>Oro, argento, nero, giallo<\/td>\n<\/tr>\n<tr style=\"height: 13.50pt;\">\n<td style=\"height: 13.50pt;\" height=\"18\">Ideale per<\/td>\n<td>negozi ecologici, cooperative di apicoltori, marchi boutique<\/td>\n<\/tr>\n<tr style=\"height: 13.50pt;\">\n<td style=\"height: 13.50pt;\" height=\"18\">Uso ideale<\/td>\n<td>Barattolo di miele con nido d&#039;ape, linee di attivit\u00e0 artigianali<\/td>\n<\/tr>\n<\/tbody>\n<\/table>\n<h2>Storia di successo<\/h2>\n<p>Uno dei nostri marchi europei di miele artigianale ha ordinato i nostri vasetti di miele con decorazione a nido d&#039;ape. I vasetti in vetro ambrato sono stati personalizzati con un motivo a nido d&#039;ape inciso al laser. L&#039;aspetto elegante di questi vasetti ha incrementato le vendite del 40% durante le festivit\u00e0 natalizie. Il vetro ambrato esalta leggermente il sapore del miele, portando a un miglioramento del 15% nella percezione di qualit\u00e0 e valore, come emerso dai sondaggi tra i clienti. Il marchio \u00e8 rimasto talmente soddisfatto dei risultati da effettuare un ulteriore ordine di 280.000 vasetti di miele con la stessa decorazione a nido d&#039;ape, per incrementare la propria offerta di prodotti per la vendita al dettaglio e le confezioni regalo a livello globale.<\/p>\n<h2>Consigli per la personalizzazione dei barattoli esagonali di miele<\/h2>\n<ul>\n<li>Colore del coperchio personalizzato: scegli tra oro, argento, nero o una finitura opaca personalizzata per abbinarla al tuo marchio.<\/li>\n<li>Volume regolabile: il volume pu\u00f2 essere regolato da 100 ml a 1000 ml a seconda delle esigenze di una singola porzione, di una famiglia o di una confezione grande.<\/li>\n<li>Ottimizzazione della forma: modificare la curvatura della parte sferica della bottiglia o impostare la profondit\u00e0 della trama a nido d&#039;ape per creare un prodotto che si distingua sugli scaffali.<\/li>\n<\/ul>","protected":false},"excerpt":{"rendered":"<p>Barattolo esagonale per miele in vetro trasparente con motivo a nido d&#039;ape. Barattolo ideale per conservare il miele, per il branding e come regalo. Spedizione veloce.<\/p>","protected":false},"featured_media":23072,"template":"","meta":[],"product_brand":[],"product_cat":[127,124,122],"product_tag":[],"class_list":{"0":"post-23046","1":"product","2":"type-product","3":"status-publish","4":"has-post-thumbnail","6":"product_cat-glass-honey-jars","7":"product_cat-custom-glass-jars","8":"product_cat-custom-glass-packaging","10":"first","11":"instock","12":"shipping-taxable","13":"product-type-simple"},"jetpack_sharing_enabled":true,"_links":{"self":[{"href":"https:\/\/yebodaglass.com\/it\/wp-json\/wp\/v2\/product\/23046","targetHints":{"allow":["GET"]}}],"collection":[{"href":"https:\/\/yebodaglass.com\/it\/wp-json\/wp\/v2\/product"}],"about":[{"href":"https:\/\/yebodaglass.com\/it\/wp-json\/wp\/v2\/types\/product"}],"version-history":[{"count":5,"href":"https:\/\/yebodaglass.com\/it\/wp-json\/wp\/v2\/product\/23046\/revisions"}],"predecessor-version":[{"id":25745,"href":"https:\/\/yebodaglass.com\/it\/wp-json\/wp\/v2\/product\/23046\/revisions\/25745"}],"wp:featuredmedia":[{"embeddable":true,"href":"https:\/\/yebodaglass.com\/it\/wp-json\/wp\/v2\/media\/23072"}],"wp:attachment":[{"href":"https:\/\/yebodaglass.com\/it\/wp-json\/wp\/v2\/media?parent=23046"}],"wp:term":[{"taxonomy":"product_brand","embeddable":true,"href":"https:\/\/yebodaglass.com\/it\/wp-json\/wp\/v2\/product_brand?post=23046"},{"taxonomy":"product_cat","embeddable":true,"href":"https:\/\/yebodaglass.com\/it\/wp-json\/wp\/v2\/product_cat?post=23046"},{"taxonomy":"product_tag","embeddable":true,"href":"https:\/\/yebodaglass.com\/it\/wp-json\/wp\/v2\/product_tag?post=23046"}],"curies":[{"name":"wp","href":"https:\/\/api.w.org\/{rel}","templated":true}]}}