{"id":23010,"date":"2025-10-30T16:02:10","date_gmt":"2025-10-30T08:02:10","guid":{"rendered":"https:\/\/yebodaglass.com\/?post_type=product&#038;p=23010"},"modified":"2025-11-04T11:53:22","modified_gmt":"2025-11-04T03:53:22","slug":"custom-eggshell-shaped-cute-yogurt-glass-jars-with-lids-bulk","status":"publish","type":"product","link":"https:\/\/yebodaglass.com\/it\/custom-eggshell-shaped-cute-yogurt-glass-jars-with-lids-bulk\/","title":{"rendered":"szklane s\u0142oiki z pokrywkami na jogurt, ma\u0142e szklane s\u0142oiki na jogurt001"},"content":{"rendered":"<p>Stanco dei soliti vasetti di yogurt con coperchi dall&#039;aspetto anonimo o che perdono? Realizziamo graziosi vasetti di yogurt con il fascino del guscio d&#039;uovo: niente pi\u00f9 confezioni piatte. Questi vasetti di vetro trasformano il tuo yogurt in un must-have. Per ordini all&#039;ingrosso, puoi ottenere design personalizzati in linea con il tuo brand.<\/p>\n<h2>Caratteristiche del prodotto<\/h2>\n<p><strong>Design unico a guscio d&#039;uovo<\/strong><\/p>\n<p>La forma del prodotto, arrotondata e carina, deriva dalle nervature naturali di un guscio d&#039;uovo e sembra un prodotto fatto a mano, il che \u00e8 piacevole agli occhi del consumatore.<\/p>\n<p><strong>Applicazioni multifunzionali<\/strong><\/p>\n<p>L&#039;uso del contenitore \u00e8 ottimo anche per confezionare prodotti alimentari di lusso come yogurt, budini, mousse, gelatine, dessert e prodotti da forno.<\/p>\n<p><strong>Personalizzazione personalizzata disponibile<\/strong><\/p>\n<p>L&#039;identit\u00e0 del marchio pu\u00f2 essere resa unica aggiungendo un logo stampato tramite serigrafia, etichettatura, verniciatura a spruzzo, satinatura o galvanica, in base alle esigenze del marchio.<\/p>\n<h2>Specifiche chiave<\/h2>\n<table style=\"border-collapse: collapse; width: 80%; margin-left: auto; margin-right: auto;\" border=\"0\" width=\"288\" cellspacing=\"0\" cellpadding=\"0\">\n<tbody>\n<tr style=\"height: 13.50pt;\">\n<td style=\"height: 13.5pt; width: 54pt; text-align: center;\" width=\"72\" height=\"18\">Capacit\u00e0<\/td>\n<td style=\"width: 54pt; text-align: center;\" width=\"72\">Dimensioni (cm)<\/td>\n<td style=\"width: 54pt; text-align: center;\" width=\"72\">Forma<\/td>\n<td style=\"width: 54pt; text-align: center;\" width=\"72\">Materiale<\/td>\n<\/tr>\n<tr style=\"height: 13.50pt;\">\n<td style=\"height: 13.5pt; text-align: center;\" height=\"18\">225 g<\/td>\n<td style=\"text-align: center;\">6.2&#215;8.2<\/td>\n<td style=\"text-align: center;\">Guscio d&#039;uovo<\/td>\n<td style=\"text-align: center;\">Bicchiere<\/td>\n<\/tr>\n<\/tbody>\n<\/table>\n<h2>Caso di successo<\/h2>\n<p>Abbiamo collaborato con un marchio australiano di prodotti lattiero-caseari per creare graziosi vasetti di yogurt a forma di uovo. I vasetti presentano un logo minimalista in lamina d&#039;oro in rilievo, che conferisce un tocco di raffinatezza e raffinatezza.<\/p>\n<p>Quando il prodotto \u00e8 uscito, la gente gridava che i vasetti di yogurt erano &#034;troppo carini per essere buttati via&#034;. Le vendite online sono aumentate del 40% in sole sei settimane.<\/p>\n<h2>Il tuo manuale di personalizzazione<\/h2>\n<ol>\n<li><strong>Capacit\u00e0\u200b\u200d\u200b\u200c\u200d\u200b\u200d\u200c\u200b\u200d\u200b\u200c\u200d\u200b\u200d\u200c Opzioni:<\/strong> Le esigenze di dessert, yogurt o regali possono variare grazie alle opzioni di capacit\u00e0 personalizzabili.<\/li>\n<li><strong>Confezione:<\/strong> L&#039;imballaggio, in combinazione con scatole di cartone, coperchi di bamb\u00f9 o set di cucchiai, pu\u00f2 essere utilizzato per creare combinazioni di qualit\u00e0 regalo adatte alle vendite natalizie o ai canali di fascia alta.<\/li>\n<\/ol>","protected":false},"excerpt":{"rendered":"<p>I nostri vasetti di yogurt in vetro a forma di guscio d&#039;uovo con coperchio sono graziosi vasetti di yogurt dal design unico, perfetti per dessert di alta qualit\u00e0, budini o confezioni di yogurt fatte a mano.<\/p>","protected":false},"featured_media":23011,"template":"","meta":[],"product_brand":[],"product_cat":[124,122,130],"product_tag":[],"class_list":{"0":"post-23010","1":"product","2":"type-product","3":"status-publish","4":"has-post-thumbnail","6":"product_cat-custom-glass-jars","7":"product_cat-custom-glass-packaging","8":"product_cat-glass-yogurt-jars","10":"first","11":"instock","12":"shipping-taxable","13":"product-type-simple"},"jetpack_sharing_enabled":true,"_links":{"self":[{"href":"https:\/\/yebodaglass.com\/it\/wp-json\/wp\/v2\/product\/23010","targetHints":{"allow":["GET"]}}],"collection":[{"href":"https:\/\/yebodaglass.com\/it\/wp-json\/wp\/v2\/product"}],"about":[{"href":"https:\/\/yebodaglass.com\/it\/wp-json\/wp\/v2\/types\/product"}],"version-history":[{"count":5,"href":"https:\/\/yebodaglass.com\/it\/wp-json\/wp\/v2\/product\/23010\/revisions"}],"predecessor-version":[{"id":23029,"href":"https:\/\/yebodaglass.com\/it\/wp-json\/wp\/v2\/product\/23010\/revisions\/23029"}],"wp:featuredmedia":[{"embeddable":true,"href":"https:\/\/yebodaglass.com\/it\/wp-json\/wp\/v2\/media\/23011"}],"wp:attachment":[{"href":"https:\/\/yebodaglass.com\/it\/wp-json\/wp\/v2\/media?parent=23010"}],"wp:term":[{"taxonomy":"product_brand","embeddable":true,"href":"https:\/\/yebodaglass.com\/it\/wp-json\/wp\/v2\/product_brand?post=23010"},{"taxonomy":"product_cat","embeddable":true,"href":"https:\/\/yebodaglass.com\/it\/wp-json\/wp\/v2\/product_cat?post=23010"},{"taxonomy":"product_tag","embeddable":true,"href":"https:\/\/yebodaglass.com\/it\/wp-json\/wp\/v2\/product_tag?post=23010"}],"curies":[{"name":"wp","href":"https:\/\/api.w.org\/{rel}","templated":true}]}}