{"id":22829,"date":"2025-10-28T15:40:26","date_gmt":"2025-10-28T07:40:26","guid":{"rendered":"https:\/\/yebodaglass.com\/?post_type=product&#038;p=22829"},"modified":"2026-03-13T14:26:48","modified_gmt":"2026-03-13T06:26:48","slug":"clear-cylindrical-little-glass-honey-vials-bulk","status":"publish","type":"product","link":"https:\/\/yebodaglass.com\/it\/clear-cylindrical-little-glass-honey-vials-bulk\/","title":{"rendered":"Fiale di miele cilindriche trasparenti in vetro da 40 ml, 75 ml e 100 ml, confezione multipla."},"content":{"rendered":"<p>Questi flaconi per miele sono progettati con un corpo cilindrico in vetro cristallino e una base arrotondata e rinforzata per garantire stabilit\u00e0 e durata. I tappi a vite, piccoli ed eleganti, sono disponibili in oro o argento e sono perfetti per conservare piccole quantit\u00e0 di miele, marmellata o campioni.<\/p>\n<h2>Caratteristiche del prodotto<\/h2>\n<ul>\n<li><strong>Bottiglie cilindriche sottili:<\/strong> Ha un fondo appesantito, un design sottile e moderno e non occupa molto spazio.<\/li>\n<li><strong>Elevata trasparenza:<\/strong> \u00c8 trasparente e il vetro mette perfettamente in risalto il colore e la viscosit\u00e0 del miele. Sar\u00e0 un&#039;attrazione per gli acquirenti che apprezzano l&#039;aspetto visivo.<\/li>\n<li><strong>Portatile e compatto:<\/strong> La bottiglia ha un design compatto ed \u00e8 perfetta da portare in viaggio, da provare, per eventi o anche come regalo.<\/li>\n<\/ul>\n<h2 style=\"text-align: left;\">Specifiche chiave<\/h2>\n<table class=\"aligncenter\" style=\"border-collapse: collapse; width: 454.52pt;\" border=\"0\" width=\"606\" cellspacing=\"0\" cellpadding=\"0\">\n<tbody>\n<tr style=\"height: 13.50pt;\">\n<td style=\"height: 13.50pt; width: 96.75pt;\" width=\"129\" height=\"18\">Caratteristica<\/td>\n<td style=\"width: 357.75pt;\" width=\"477\">Specifica<\/td>\n<\/tr>\n<tr style=\"height: 13.50pt;\">\n<td style=\"height: 13.50pt;\" height=\"18\">Capacit\u00e0<\/td>\n<td>40 ml, 75 ml, 100 ml<\/td>\n<\/tr>\n<tr style=\"height: 13.50pt;\">\n<td style=\"height: 13.50pt;\" height=\"18\">Forma<\/td>\n<td>Cilindro dritto, diametro uniforme<\/td>\n<\/tr>\n<tr style=\"height: 13.50pt;\">\n<td style=\"height: 13.50pt;\" height=\"18\">Dimensioni<\/td>\n<td>Da 4\u00d78,5 cm a 4\u00d715 cm<\/td>\n<\/tr>\n<tr style=\"height: 13.50pt;\">\n<td style=\"height: 13.50pt;\" height=\"18\">Materiale<\/td>\n<td>Vetro trasparente, coperchio a vite in metallo<\/td>\n<\/tr>\n<tr style=\"height: 13.50pt;\">\n<td style=\"height: 13.50pt;\" height=\"18\">Opzioni del coperchio<\/td>\n<td>Oro, argento, rosa (colori personalizzati disponibili)<\/td>\n<\/tr>\n<tr style=\"height: 13.50pt;\">\n<td style=\"height: 13.50pt;\" height=\"18\">Ideale per<\/td>\n<td>Miele, kit di campioni, set regalo<\/td>\n<\/tr>\n<tr style=\"height: 13.50pt;\">\n<td style=\"height: 13.50pt;\" height=\"18\">Uso ideale<\/td>\n<td>Fiale di miele, piccoli vasetti di miele, vasetti di miele all&#039;ingrosso<\/td>\n<\/tr>\n<\/tbody>\n<\/table>\n<h2>Caso di successo: uno degli ordini personalizzati in un&#039;azienda agricola specializzata nella produzione di miele in California.<\/h2>\n<p>Una delle aziende agricole specializzate nella produzione di miele di Sonoma ha scelto le nostre fiale di miele e le ha personalizzate con motivi di api incisi al laser sul corpo in vetro e tappi neri opachi. Il packaging personalizzato ha avuto un successo straordinario: le fiale personalizzate con il marchio sono diventate un regalo comune per matrimoni e eventi aziendali, e di conseguenza questo settore \u00e8 cresciuto del 40%. La confezione \u00e8 ideale grazie alla sua ottima tenuta e alle dimensioni ridotte, che la rendono adatta come campione nei mercati agricoli, dove, a detta dell&#039;azienda, le vendite di bottiglie di dimensioni standard sono aumentate del 25%. Visto l&#039;ottimo risultato, l&#039;azienda ha ordinato altre 100.000 fiale di piccole dimensioni per creare un nuovo kit di degustazione &#034;Honey Journey&#034;.<\/p>\n<h2>Suggerimenti per la personalizzazione della bottiglia di miele<\/h2>\n<ul>\n<li><strong>Etichetta del collo:<\/strong> Aggiungi un anello con il marchio al collo della bottiglia per conferirle un aspetto elegante e senza tempo.<\/li>\n<li><strong>Stampa serigrafica:<\/strong> Utilizza un metodo di stampa per posizionare visivamente il tuo marchio direttamente sul vetro, per un&#039;identit\u00e0 di marca chiara e duratura, grazie al tipo trasparente.<\/li>\n<li><strong>Vetro colorato:<\/strong> Per distinguerti dagli altri e proteggere il miele dalla luce, servilo in un bicchiere color ambra o blu cobalto.<\/li>\n<\/ul>","protected":false},"excerpt":{"rendered":"<p>Fiale per il miele realizzate in vetro cristallino con tappi a vite in metallo. Eleganti vasetti per il miele, ideali per campioni di miele, sciroppi e confezioni regalo. Campioni omaggio.<\/p>","protected":false},"featured_media":22833,"template":"","meta":[],"product_brand":[],"product_cat":[122,124,127],"product_tag":[],"class_list":{"0":"post-22829","1":"product","2":"type-product","3":"status-publish","4":"has-post-thumbnail","6":"product_cat-custom-glass-packaging","7":"product_cat-custom-glass-jars","8":"product_cat-glass-honey-jars","10":"first","11":"instock","12":"shipping-taxable","13":"product-type-simple"},"jetpack_sharing_enabled":true,"_links":{"self":[{"href":"https:\/\/yebodaglass.com\/it\/wp-json\/wp\/v2\/product\/22829","targetHints":{"allow":["GET"]}}],"collection":[{"href":"https:\/\/yebodaglass.com\/it\/wp-json\/wp\/v2\/product"}],"about":[{"href":"https:\/\/yebodaglass.com\/it\/wp-json\/wp\/v2\/types\/product"}],"version-history":[{"count":5,"href":"https:\/\/yebodaglass.com\/it\/wp-json\/wp\/v2\/product\/22829\/revisions"}],"predecessor-version":[{"id":25440,"href":"https:\/\/yebodaglass.com\/it\/wp-json\/wp\/v2\/product\/22829\/revisions\/25440"}],"wp:featuredmedia":[{"embeddable":true,"href":"https:\/\/yebodaglass.com\/it\/wp-json\/wp\/v2\/media\/22833"}],"wp:attachment":[{"href":"https:\/\/yebodaglass.com\/it\/wp-json\/wp\/v2\/media?parent=22829"}],"wp:term":[{"taxonomy":"product_brand","embeddable":true,"href":"https:\/\/yebodaglass.com\/it\/wp-json\/wp\/v2\/product_brand?post=22829"},{"taxonomy":"product_cat","embeddable":true,"href":"https:\/\/yebodaglass.com\/it\/wp-json\/wp\/v2\/product_cat?post=22829"},{"taxonomy":"product_tag","embeddable":true,"href":"https:\/\/yebodaglass.com\/it\/wp-json\/wp\/v2\/product_tag?post=22829"}],"curies":[{"name":"wp","href":"https:\/\/api.w.org\/{rel}","templated":true}]}}