{"id":22818,"date":"2025-10-28T14:27:36","date_gmt":"2025-10-28T06:27:36","guid":{"rendered":"https:\/\/yebodaglass.com\/?post_type=product&#038;p=22818"},"modified":"2026-03-16T14:36:06","modified_gmt":"2026-03-16T06:36:06","slug":"bulk-glass-honey-storage-containers-with-embossed-patterns","status":"publish","type":"product","link":"https:\/\/yebodaglass.com\/it\/bulk-glass-honey-storage-containers-with-embossed-patterns\/","title":{"rendered":"Contenitori per miele in vetro sfuso con motivi in \u200b\u200brilievo da 250 ml, 500 ml e 750 ml"},"content":{"rendered":"<p>Questi contenitori per il miele, dal design unico e dalla forma quadrata con angoli arrotondati, sono decorati con motivi di frutta in rilievo e realizzati in vetro cristallino. I coperchi in metallo color oro o argento garantiscono un&#039;ottima tenuta e impilamento stabile.<\/p>\n<h2>Caratteristiche del prodotto<\/h2>\n<ul>\n<li><strong>Bottiglia decorativa con rilievo:<\/strong> Il corpo della bottiglia sar\u00e0 decorato con scritte e disegni di frutta in rilievo, che miglioreranno l&#039;aspetto estetico e la naturalezza del prodotto, senza ricorrere a stampe superflue.<\/li>\n<li><strong>Bottiglia quadrata goffrata:<\/strong> La bottiglia quadrata con stampa in rilievo conferisce al prodotto un aspetto ordinato ed elegante, facilitandone il riconoscimento e abbellendone la confezione.<\/li>\n<li><strong>Sicuro e durevole:<\/strong> La robusta struttura in vetro e il tappo ben aderente si combinano per creare un contenitore per la conservazione del miele durevole e affidabile, consentendo cos\u00ec di trasportare il miele in modo sicuro e di mantenerlo fresco a lungo.<\/li>\n<\/ul>\n<h2 style=\"text-align: left;\">Specifiche chiave<\/h2>\n<table class=\"aligncenter\" style=\"border-collapse: collapse; width: 414.77pt;\" border=\"0\" width=\"553\" cellspacing=\"0\" cellpadding=\"0\">\n<tbody>\n<tr style=\"height: 13.50pt;\">\n<td style=\"height: 13.50pt; width: 96.75pt;\" width=\"129\" height=\"18\">Caratteristica<\/td>\n<td style=\"width: 318.00pt;\" width=\"424\">Specifica<\/td>\n<\/tr>\n<tr style=\"height: 13.50pt;\">\n<td style=\"height: 13.50pt;\" height=\"18\">Capacit\u00e0<\/td>\n<td>250 ml, 500 ml, 750 ml<\/td>\n<\/tr>\n<tr style=\"height: 13.50pt;\">\n<td style=\"height: 13.50pt;\" height=\"18\">Forma<\/td>\n<td>Quadrato con pannelli in rilievo<\/td>\n<\/tr>\n<tr style=\"height: 13.50pt;\">\n<td style=\"height: 13.50pt;\" height=\"18\">Dimensioni<\/td>\n<td>Da 8\u00d78,3 cm a 10\u00d713,3 cm<\/td>\n<\/tr>\n<tr style=\"height: 13.50pt;\">\n<td style=\"height: 13.50pt;\" height=\"18\">Materiale<\/td>\n<td>Vetro trasparente, coperchio a vite in metallo<\/td>\n<\/tr>\n<tr style=\"height: 13.50pt;\">\n<td style=\"height: 13.50pt;\" height=\"18\">Opzioni del coperchio<\/td>\n<td>Oro, argento, giallo (colori personalizzati disponibili)<\/td>\n<\/tr>\n<tr style=\"height: 13.50pt;\">\n<td style=\"height: 13.50pt;\" height=\"18\">Ideale per<\/td>\n<td>Miele, confezioni regalo, confezioni al dettaglio<\/td>\n<\/tr>\n<tr style=\"height: 13.50pt;\">\n<td style=\"height: 13.50pt;\" height=\"18\">Uso ideale<\/td>\n<td>Contenitore per la conservazione del miele, ornamenti regalo per il miele<\/td>\n<\/tr>\n<\/tbody>\n<\/table>\n<h2>Storia di successo: il rebranding di un&#039;azienda di apicoltura<\/h2>\n<p>Un marchio di prodotti per l&#039;apicoltura che stava andando bene a livello locale ma aveva il potenziale per aumentare le vendite, in particolare per il miele grezzo non filtrato, era in una fase di stallo. Le loro bottiglie di miele da 250 ml andavano bene, ma non avevano una confezione di lusso adatta alla vendita in grandi quantit\u00e0. Hanno scelto di rilanciare i nostri contenitori quadrati in vetro goffrato da 500 ml per la conservazione del miele. I nuovi barattoli hanno cambiato radicalmente il mercato. Pertanto, le vendite dei loro set regalo online sono aumentate del 45% nel primo trimestre successivo al rilancio. I clienti menzionano in particolare nelle loro recensioni &#034;i bellissimi barattoli di miele di alta qualit\u00e0&#034; come il loro articolo preferito. Secondo il proprietario, l&#039;esclusivo motivo goffrato \u00e8 diventato il loro marchio di fabbrica ed \u00e8, quindi, la caratteristica pi\u00f9 riconoscibile dei loro prodotti. Il risultato \u00e8 stata una catena di quattro ordini ripetuti consecutivi, e da allora hanno aggiunto alla loro gamma di prodotti i barattoli di miele in vetro da 750 ml con coperchio e si sono assicurati una partnership all&#039;ingrosso con un flusso costante di vendite di oltre 500.000 unit\u00e0 all&#039;anno.<\/p>\n<h2>Consigli per la personalizzazione dei barattoli di vetro<\/h2>\n<ul>\n<li><strong>Logo in rilievo:<\/strong> Applica il tuo logo sul vetro tramite incisione per aumentare l&#039;effetto goffrato e presentare visivamente un&#039;identit\u00e0 di marca tattile e di qualit\u00e0.<\/li>\n<li><strong>Pannello decorativo satinato:<\/strong> La finitura satinata sulla superficie piana del barattolo quadrato non solo aiuta a tenerlo saldamente in mano, ma crea anche un effetto bicolore pi\u00f9 elegante e sofisticato.<\/li>\n<li><strong>Opzioni di vetro colorato:<\/strong> Ad esempio, se si desidera un aspetto radicalmente diverso e allo stesso tempo avere le caratteristiche di oscuramento della luce, si pu\u00f2 scegliere il vetro ambrato o blu cobalto.<\/li>\n<li><strong>Niestandardowe opakowania szklane - YEBODA GLASS<\/strong> \u00c8 possibile utilizzare diverse texture in rilievo su barattoli di varie dimensioni, ottenendo cos\u00ec un&#039;opzione coerente e distinta per la linea del tuo prodotto.<\/li>\n<\/ul>","protected":false},"excerpt":{"rendered":"<p>Barattoli di vetro trasparente per miele con coperchi decorati con motivi in \u200b\u200brilievo e tappi metallici a chiusura ermetica. Pratici contenitori per la conservazione del miele, ideali per la vendita al dettaglio. Spedizione rapida.<\/p>","protected":false},"featured_media":22823,"template":"","meta":[],"product_brand":[],"product_cat":[122,124,127],"product_tag":[],"class_list":{"0":"post-22818","1":"product","2":"type-product","3":"status-publish","4":"has-post-thumbnail","6":"product_cat-custom-glass-packaging","7":"product_cat-custom-glass-jars","8":"product_cat-glass-honey-jars","10":"first","11":"instock","12":"shipping-taxable","13":"product-type-simple"},"jetpack_sharing_enabled":true,"_links":{"self":[{"href":"https:\/\/yebodaglass.com\/it\/wp-json\/wp\/v2\/product\/22818","targetHints":{"allow":["GET"]}}],"collection":[{"href":"https:\/\/yebodaglass.com\/it\/wp-json\/wp\/v2\/product"}],"about":[{"href":"https:\/\/yebodaglass.com\/it\/wp-json\/wp\/v2\/types\/product"}],"version-history":[{"count":5,"href":"https:\/\/yebodaglass.com\/it\/wp-json\/wp\/v2\/product\/22818\/revisions"}],"predecessor-version":[{"id":25454,"href":"https:\/\/yebodaglass.com\/it\/wp-json\/wp\/v2\/product\/22818\/revisions\/25454"}],"wp:featuredmedia":[{"embeddable":true,"href":"https:\/\/yebodaglass.com\/it\/wp-json\/wp\/v2\/media\/22823"}],"wp:attachment":[{"href":"https:\/\/yebodaglass.com\/it\/wp-json\/wp\/v2\/media?parent=22818"}],"wp:term":[{"taxonomy":"product_brand","embeddable":true,"href":"https:\/\/yebodaglass.com\/it\/wp-json\/wp\/v2\/product_brand?post=22818"},{"taxonomy":"product_cat","embeddable":true,"href":"https:\/\/yebodaglass.com\/it\/wp-json\/wp\/v2\/product_cat?post=22818"},{"taxonomy":"product_tag","embeddable":true,"href":"https:\/\/yebodaglass.com\/it\/wp-json\/wp\/v2\/product_tag?post=22818"}],"curies":[{"name":"wp","href":"https:\/\/api.w.org\/{rel}","templated":true}]}}