{"id":22798,"date":"2025-10-28T10:15:09","date_gmt":"2025-10-28T02:15:09","guid":{"rendered":"https:\/\/yebodaglass.com\/?post_type=product&#038;p=22798"},"modified":"2025-10-28T13:38:10","modified_gmt":"2025-10-28T05:38:10","slug":"wholesale-small-glass-jam-jars-with-flame-texture-design-50ml-75ml-100ml","status":"publish","type":"product","link":"https:\/\/yebodaglass.com\/it\/wholesale-small-glass-jam-jars-with-flame-texture-design-50ml-75ml-100ml\/","title":{"rendered":"Barattoli di marmellata in vetro piccoli all&#039;ingrosso con design a trama di fiamma 50 ml 75 ml 100 ml"},"content":{"rendered":"<p>Il vetro trasparente decorato a fiamma con una chiusura a strappo rende questi piccoli vasetti di vetro per marmellata una delizia per gli occhi. Disponibili con tappo rosso o oro e in diverse dimensioni, non solo trasmettono purezza, ma esaltano anche l&#039;aspetto del miele dorato e schiumoso grazie al loro design artistico e sofisticato.<\/p>\n<h2>Caratteristiche del prodotto<\/h2>\n<ul>\n<li><strong>Vetro trasparente:<\/strong> Rendi visibili il colore e la qualit\u00e0 del tuo miele utilizzando barattoli di vetro di alta qualit\u00e0, resistenti all&#039;ossidazione per lungo tempo.<\/li>\n<li><strong>Bottiglia conica con motivo a fuoco stilizzato:<\/strong> La bottiglia \u00e8 progettata con un tema infuocato e una vita fusa che trasuda unicit\u00e0 e creativit\u00e0, non solo per il ricordo duraturo del prodotto ma anche per i valori estetici.<\/li>\n<li><strong>Sono possibili diverse specifiche:<\/strong> Queste bottiglie vengono prodotte in diverse dimensioni, a seconda del loro utilizzo, che spazia dal consumo quotidiano in casa al confezionamento di regali.<\/li>\n<\/ul>\n<h2 style=\"text-align: left;\">Specifiche chiave<\/h2>\n<table class=\"aligncenter\" style=\"border-collapse: collapse; width: 383.27pt;\" border=\"0\" width=\"511\" cellspacing=\"0\" cellpadding=\"0\">\n<tbody>\n<tr style=\"height: 13.50pt;\">\n<td style=\"height: 13.50pt; width: 85.50pt;\" width=\"114\" height=\"18\">Caratteristica<\/td>\n<td style=\"width: 297.75pt;\" width=\"397\">Specifica<\/td>\n<\/tr>\n<tr style=\"height: 13.50pt;\">\n<td style=\"height: 13.50pt;\" height=\"18\">Capacit\u00e0<\/td>\n<td>ma\u0142e butelki jogurtu<\/td>\n<\/tr>\n<tr style=\"height: 13.50pt;\">\n<td style=\"height: 13.50pt;\" height=\"18\">Dimensioni<\/td>\n<td>butelka mleka jogurtowego<\/td>\n<\/tr>\n<tr style=\"height: 13.50pt;\">\n<td style=\"height: 13.50pt;\" height=\"18\">Materiale<\/td>\n<td>Vetro trasparente, coperchio a vite in metallo<\/td>\n<\/tr>\n<tr style=\"height: 13.50pt;\">\n<td style=\"height: 13.50pt;\" height=\"18\">Opzioni del coperchio<\/td>\n<td>butelki po jogurcie<\/td>\n<\/tr>\n<tr style=\"height: 13.50pt;\">\n<td style=\"height: 13.50pt;\" height=\"18\">Ideale per<\/td>\n<td>szklane butelki na mleko z pokrywkami hurtowo<\/td>\n<\/tr>\n<tr style=\"height: 13.50pt;\">\n<td style=\"height: 13.50pt;\" height=\"18\">Uso ideale<\/td>\n<td>szklana butelka na mleko z uchwytem<\/td>\n<\/tr>\n<\/tbody>\n<\/table>\n<h2>Storia di successo: il settore dell&#039;apicoltura si sta rafforzando<\/h2>\n<p>Un&#039;azienda apistica a conduzione familiare che produce miele grezzo monorigine utilizzava normali barattoli per marmellata. La confezione era accettabile, ma non rispecchiava la qualit\u00e0 del prodotto venduto. \u00c8 stato un grande cambiamento quando hanno deciso di abbandonare l&#039;uso dei loro barattoli standard e di utilizzare invece i nostri piccoli barattoli da 100 ml con coperchio e stampa personalizzata. Hanno aumentato le vendite del loro e-commerce del 30% in 6 mesi e uno dei fattori che ha contribuito a questo successo \u00e8 il feedback dei clienti, che affermano che i barattoli sono &#034;belli e di alta qualit\u00e0 al tatto&#034;. Anche gli acquisti ripetuti sono aumentati del 60%. Pertanto, un piccolo incremento di prezzo pu\u00f2 non solo aumentare il profitto unitario, ma anche migliorare l&#039;esperienza di unboxing. Inoltre, il cliente ha gi\u00e0 effettuato tre riordini da 100.000 unit\u00e0, motivo per cui ha gradualmente trasformato l&#039;ordine iniziale in una partnership trimestrale stabile per la vendita all&#039;ingrosso dei suoi barattoli di miele pi\u00f9 richiesti.<\/p>\n<h2>Suggerimenti per la personalizzazione dei piccoli barattoli di marmellata in vetro<\/h2>\n<ul>\n<li><strong>Serigrafia:<\/strong> Uno dei metodi migliori, se non il migliore, per stampare il tuo logo o la tua grafica \u00e8 la serigrafia, che dovresti valutare di realizzare sulla parte interna del vetro color miele per ottenere un aspetto lussuoso e duraturo.<\/li>\n<li><strong>Vetro colorato:<\/strong> Per rendere l&#039;esperienza completamente diversa, perch\u00e9 non utilizzare barattoli di vetro ambrato o verde per il miele, che saranno a loro volta protetti dalla luce?<\/li>\n<li><strong>Colori del coperchio personalizzati:<\/strong> Se il tuo marchio ha un&#039;identit\u00e0 cromatica specifica (come oro, rosso o nero), perch\u00e9 non optare per uno di questi colori per le tue palpebre dalla palette offerta?<\/li>\n<\/ul>","protected":false},"excerpt":{"rendered":"<p>Eleganti vasetti per marmellata in vetro con motivo a fiamma e coperchi in metallo. Perfetti per confezionare marmellate o miele. Consegna diretta dal produttore, consegna rapida, campioni gratuiti.<\/p>","protected":false},"featured_media":22801,"template":"","meta":[],"product_brand":[],"product_cat":[122,124,127],"product_tag":[],"class_list":{"0":"post-22798","1":"product","2":"type-product","3":"status-publish","4":"has-post-thumbnail","6":"product_cat-custom-glass-packaging","7":"product_cat-custom-glass-jars","8":"product_cat-glass-honey-jars","10":"first","11":"instock","12":"shipping-taxable","13":"product-type-simple"},"jetpack_sharing_enabled":true,"_links":{"self":[{"href":"https:\/\/yebodaglass.com\/it\/wp-json\/wp\/v2\/product\/22798","targetHints":{"allow":["GET"]}}],"collection":[{"href":"https:\/\/yebodaglass.com\/it\/wp-json\/wp\/v2\/product"}],"about":[{"href":"https:\/\/yebodaglass.com\/it\/wp-json\/wp\/v2\/types\/product"}],"version-history":[{"count":5,"href":"https:\/\/yebodaglass.com\/it\/wp-json\/wp\/v2\/product\/22798\/revisions"}],"predecessor-version":[{"id":22809,"href":"https:\/\/yebodaglass.com\/it\/wp-json\/wp\/v2\/product\/22798\/revisions\/22809"}],"wp:featuredmedia":[{"embeddable":true,"href":"https:\/\/yebodaglass.com\/it\/wp-json\/wp\/v2\/media\/22801"}],"wp:attachment":[{"href":"https:\/\/yebodaglass.com\/it\/wp-json\/wp\/v2\/media?parent=22798"}],"wp:term":[{"taxonomy":"product_brand","embeddable":true,"href":"https:\/\/yebodaglass.com\/it\/wp-json\/wp\/v2\/product_brand?post=22798"},{"taxonomy":"product_cat","embeddable":true,"href":"https:\/\/yebodaglass.com\/it\/wp-json\/wp\/v2\/product_cat?post=22798"},{"taxonomy":"product_tag","embeddable":true,"href":"https:\/\/yebodaglass.com\/it\/wp-json\/wp\/v2\/product_tag?post=22798"}],"curies":[{"name":"wp","href":"https:\/\/api.w.org\/{rel}","templated":true}]}}