{"id":22757,"date":"2025-10-27T15:59:54","date_gmt":"2025-10-27T07:59:54","guid":{"rendered":"https:\/\/yebodaglass.com\/?post_type=product&#038;p=22757"},"modified":"2026-04-14T09:35:09","modified_gmt":"2026-04-14T01:35:09","slug":"bulk-empty-jam-pots-for-honey-or-fruit-spread","status":"publish","type":"product","link":"https:\/\/yebodaglass.com\/it\/bulk-empty-jam-pots-for-honey-or-fruit-spread\/","title":{"rendered":"Contenitori vuoti per marmellata di miele o frutta da 50 ml a 380 ml"},"content":{"rendered":"<p>Questi vasetti vuoti per marmellata, dal design classico con nervature, sono in vetro trasparente e hanno un grazioso coperchio a quadretti rossi e bianchi. Sono disponibili in sei misure.<\/p>\n<h2>Caratteristiche del prodotto<\/h2>\n<ul>\n<li><strong>Stesso coperchio a scacchi:<\/strong> Il coperchio in tessuto a quadri rossi e bianchi, nella sua versione standard, \u00e8 una decorazione molto graziosa, rustica e facilmente riconoscibile.<\/li>\n<li><strong>Nervature verticali:<\/strong> Con l&#039;aggiunta di nervature verticali, un semplice barattolo si trasforma in un design creativo e strutturato, abbellendo cos\u00ec l&#039;aspetto visivo del prodotto e rendendolo pi\u00f9 riconoscibile.<\/li>\n<li><strong>Disponibili varie misure:<\/strong> Disponemos de una variedad de tama\u00f1os disponibles para que puedas elegir el tarro de miel que mejor se adapte a tus necesidades.<\/li>\n<\/ul>\n<h2 style=\"text-align: left;\">Specifiche chiave<\/h2>\n<table class=\"aligncenter\" style=\"border-collapse: collapse; width: 406.52pt;\" border=\"0\" width=\"542\" cellspacing=\"0\" cellpadding=\"0\">\n<tbody>\n<tr style=\"height: 13.50pt;\">\n<td style=\"height: 13.50pt; width: 90.00pt;\" width=\"120\" height=\"18\">Caratteristica<\/td>\n<td style=\"width: 316.50pt;\" width=\"422\">Specifica<\/td>\n<\/tr>\n<tr style=\"height: 13.50pt;\">\n<td style=\"height: 13.50pt;\" height=\"18\">Capacit\u00e0<\/td>\n<td>50 ml, 100 ml, 150 ml, 200 ml, 250 ml, 380 ml<\/td>\n<\/tr>\n<tr style=\"height: 13.50pt;\">\n<td style=\"height: 13.50pt;\" height=\"18\">Forma<\/td>\n<td>Cilindrico<\/td>\n<\/tr>\n<tr style=\"height: 13.50pt;\">\n<td style=\"height: 13.50pt;\" height=\"18\">Dimensioni<\/td>\n<td>Da 3,95\u00d75,3 cm a 8,7\u00d711,3 cm<\/td>\n<\/tr>\n<tr style=\"height: 13.50pt;\">\n<td style=\"height: 13.50pt;\" height=\"18\">Tipo di collo<\/td>\n<td>Bocca larga (diametro interno da 3,5 cm a 7 cm)<\/td>\n<\/tr>\n<tr style=\"height: 13.50pt;\">\n<td style=\"height: 13.50pt;\" height=\"18\">Materiale<\/td>\n<td>Vetro trasparente, coperchio sigillato in tessuto<\/td>\n<\/tr>\n<tr style=\"height: 13.50pt;\">\n<td style=\"height: 13.50pt;\" height=\"18\">Opzioni del coperchio<\/td>\n<td>Quadri rossi\/bianchi, colori solidi (disponibili personalizzazioni)<\/td>\n<\/tr>\n<tr style=\"height: 13.50pt;\">\n<td style=\"height: 13.50pt;\" height=\"18\">Ideale per<\/td>\n<td>Miele, marmellata, conserve, confezioni regalo<\/td>\n<\/tr>\n<tr style=\"height: 13.50pt;\">\n<td style=\"height: 13.50pt;\" height=\"18\">Uso ideale<\/td>\n<td>Barattoli per marmellata, barattoli per marmellata vuoti all&#039;ingrosso<\/td>\n<\/tr>\n<\/tbody>\n<\/table>\n<h2>Storia di successo<\/h2>\n<p>Un produttore britannico di marmellate ha acquistato i nostri vasetti vuoti e ha ordinato dei vasetti personalizzati in vetro ambrato per alimenti. L&#039;aspetto, studiato appositamente per il prodotto, ha riscosso un enorme successo: i vasetti speciali sono diventati il \u200b\u200bloro marchio di fabbrica e un sondaggio tra i clienti ha rivelato che l&#039;85% di loro era in grado di identificare il marchio esclusivamente dal vasetto. Il vetro ambrato offriva un leggero effetto oscurante che, secondo il produttore, ha aumentato del 10% la durata di conservazione della loro delicata marmellata. Sulla base di questi risultati, hanno ordinato altri 45.000 vasetti in vista del lancio di un nuovo programma di esportazione verso i mercati statunitense e asiatico.<\/p>\n<h2>Consigli per la personalizzazione dei barattoli di marmellata vuoti<\/h2>\n<ul>\n<li><strong>Logo sul coperchio in rilievo:<\/strong> Un dettaglio elegante e lussuoso pu\u00f2 essere ottenuto con un bel logo in rilievo sulla parte superiore del coperchio.<\/li>\n<li><strong>Colore del vetro:<\/strong> Scegliete vetri ambrati o verdi per proteggere i prodotti sensibili alla luce e, allo stesso tempo, conferire un aspetto esclusivo allo scaffale.<\/li>\n<li><strong>Capacit\u00e0 personalizzata:<\/strong> Collabora con noi per personalizzare la capacit\u00e0 pi\u00f9 adatta alla tua attivit\u00e0, in base al peso o al prezzo dei tuoi prodotti.<\/li>\n<\/ul>","protected":false},"excerpt":{"rendered":"<p>Barattoli di vetro vintage vuoti con strisce verticali. Perfetti per miele, marmellate o confezioni regalo. Approfitta di sconti per grandi quantit\u00e0, consegna rapida e campioni gratuiti.<\/p>","protected":false},"featured_media":25456,"template":"","meta":[],"product_brand":[],"product_cat":[127,124,122],"product_tag":[],"class_list":{"0":"post-22757","1":"product","2":"type-product","3":"status-publish","4":"has-post-thumbnail","6":"product_cat-glass-honey-jars","7":"product_cat-custom-glass-jars","8":"product_cat-custom-glass-packaging","10":"first","11":"instock","12":"shipping-taxable","13":"product-type-simple"},"jetpack_sharing_enabled":true,"_links":{"self":[{"href":"https:\/\/yebodaglass.com\/it\/wp-json\/wp\/v2\/product\/22757","targetHints":{"allow":["GET"]}}],"collection":[{"href":"https:\/\/yebodaglass.com\/it\/wp-json\/wp\/v2\/product"}],"about":[{"href":"https:\/\/yebodaglass.com\/it\/wp-json\/wp\/v2\/types\/product"}],"version-history":[{"count":5,"href":"https:\/\/yebodaglass.com\/it\/wp-json\/wp\/v2\/product\/22757\/revisions"}],"predecessor-version":[{"id":25771,"href":"https:\/\/yebodaglass.com\/it\/wp-json\/wp\/v2\/product\/22757\/revisions\/25771"}],"wp:featuredmedia":[{"embeddable":true,"href":"https:\/\/yebodaglass.com\/it\/wp-json\/wp\/v2\/media\/25456"}],"wp:attachment":[{"href":"https:\/\/yebodaglass.com\/it\/wp-json\/wp\/v2\/media?parent=22757"}],"wp:term":[{"taxonomy":"product_brand","embeddable":true,"href":"https:\/\/yebodaglass.com\/it\/wp-json\/wp\/v2\/product_brand?post=22757"},{"taxonomy":"product_cat","embeddable":true,"href":"https:\/\/yebodaglass.com\/it\/wp-json\/wp\/v2\/product_cat?post=22757"},{"taxonomy":"product_tag","embeddable":true,"href":"https:\/\/yebodaglass.com\/it\/wp-json\/wp\/v2\/product_tag?post=22757"}],"curies":[{"name":"wp","href":"https:\/\/api.w.org\/{rel}","templated":true}]}}