{"id":22714,"date":"2025-10-24T17:22:39","date_gmt":"2025-10-24T09:22:39","guid":{"rendered":"https:\/\/yebodaglass.com\/?post_type=product&#038;p=22714"},"modified":"2025-10-27T13:13:23","modified_gmt":"2025-10-27T05:13:23","slug":"wholesale-glass-hexagon-honey-jars-with-dipper","status":"publish","type":"product","link":"https:\/\/yebodaglass.com\/it\/wholesale-glass-hexagon-honey-jars-with-dipper\/","title":{"rendered":"Vasetti di miele esagonali in vetro all&#039;ingrosso con mestolo da 100 ml, 220 ml e 380 ml"},"content":{"rendered":"<p>Questi barattoli esagonali per il miele sono perfetti perch\u00e9 sono disponibili in diverse dimensioni e hanno un corpo esagonale in vetro trasparente con un tappo in legno naturale e un cucchiaino per il miele incorporato. Oltre a mettere in risalto il miele nel modo migliore, combinano anche un design geometrico con un&#039;eleganza sobria e pratica.<\/p>\n<h2>Caratteristiche del prodotto<\/h2>\n<ul>\n<li><strong>Bottiglia esagonale:<\/strong> La forma esagonale regolare con il suo fascino geometrico si sposa bene con gli aspetti naturali del miele e contribuisce a valorizzarne l&#039;identit\u00e0 visiva.<\/li>\n<li><strong>Progettazione integrata:<\/strong> Oltre a ci\u00f2, i barattoli contengono anche un agitatore per miele in legno che si adatta perfettamente al tappo in legno, conferendogli cos\u00ec un aspetto naturale e uniforme.<\/li>\n<li><strong>Vetro trasparente:<\/strong> Oltre a ci\u00f2, il vetro trasparente offre una visione completa della quantit\u00e0 e della qualit\u00e0 del miele, rendendo quindi pi\u00f9 facili le ricariche.<\/li>\n<\/ul>\n<h2 style=\"text-align: left;\">Specifiche chiave<\/h2>\n<table style=\"border-collapse: collapse; margin-left: auto; margin-right: auto; width: 453.02pt;\" border=\"0\" width=\"604\" cellspacing=\"0\" cellpadding=\"0\">\n<tbody>\n<tr style=\"height: 13.50pt;\">\n<td style=\"height: 13.50pt; width: 92.25pt;\" width=\"123\" height=\"18\">Caratteristica<\/td>\n<td style=\"width: 360.75pt;\" width=\"481\">Specifica<\/td>\n<\/tr>\n<tr style=\"height: 13.50pt;\">\n<td style=\"height: 13.50pt;\" height=\"18\">Capacit\u00e0<\/td>\n<td>100 ml, 220 ml, 380 ml<\/td>\n<\/tr>\n<tr style=\"height: 13.50pt;\">\n<td style=\"height: 13.50pt;\" height=\"18\">Forma<\/td>\n<td>Esagonale (a sei lati)<\/td>\n<\/tr>\n<tr style=\"height: 13.50pt;\">\n<td style=\"height: 13.50pt;\" height=\"18\">Dimensioni<\/td>\n<td>Da 7,7\u00d78,3 cm a 11,7\u00d712,1 cm<\/td>\n<\/tr>\n<tr style=\"height: 13.50pt;\">\n<td style=\"height: 13.50pt;\" height=\"18\">Materiale<\/td>\n<td>Vetro trasparente, coperchio e mestolo in legno massello<\/td>\n<\/tr>\n<tr style=\"height: 13.50pt;\">\n<td style=\"height: 13.50pt;\" height=\"18\">Opzioni del coperchio<\/td>\n<td>Legno naturale (disponibile tinta personalizzata)<\/td>\n<\/tr>\n<tr style=\"height: 13.50pt;\">\n<td style=\"height: 13.50pt;\" height=\"18\">Ideale per<\/td>\n<td>Miele, confezioni regalo, linee di prodotti alimentari gourmet<\/td>\n<\/tr>\n<tr style=\"height: 13.50pt;\">\n<td style=\"height: 13.50pt;\" height=\"18\">Uso ideale<\/td>\n<td>Vasetti di miele esagonali con mestolo, linee artigianali<\/td>\n<\/tr>\n<\/tbody>\n<\/table>\n<h2>Storia di successo: crescita di una cooperazione apistica<\/h2>\n<p>Una famosa cooperativa di apicoltori, alla ricerca di un contenitore in vetro perfetto per il miele, che riflettesse al meglio la freschezza del loro miele, ha scelto il nostro barattolo in vetro da 380 ml con cucchiaino per la sua longevit\u00e0 e la sua trasparenza. Le vendite sono aumentate del 25% nei primi sei mesi dell&#039;anno dopo il passaggio al nostro prodotto, poich\u00e9 gran parte di questo incremento \u00e8 attribuibile al design accattivante dei barattoli, che li ha fatti risaltare ai mercati agricoli. Inoltre, la praticit\u00e0 del cucchiaino, incluso nel barattolo, ha ricevuto feedback molto positivi dai clienti, generando cos\u00ec un aumento del 75% della fidelizzazione. Dopo essere rimasti soddisfatti della qualit\u00e0 del prodotto e dell&#039;efficienza del processo di ordinazione all&#039;ingrosso, hanno effettuato altri tre ordini da 150.000 barattoli ciascuno, rendendo cos\u00ec il barattolo un elemento fondamentale del loro packaging.<\/p>\n<h2>Consigli per la personalizzazione del barattolo di miele<\/h2>\n<ul>\n<li><strong>Marchio sul coperchio:<\/strong> Il coperchio in legno del barattolo pu\u00f2 essere marchiato con il logo della tua azienda tramite stampa a caldo o incisione laser.<\/li>\n<li><strong>Cucchiaio personalizzato:<\/strong> Personalizza il bastoncino di miele dipingendolo con i colori del tuo marchio oppure applicando una piccola etichetta con il tuo marchio.<\/li>\n<li><strong>Vetro smerigliato:<\/strong> Una caratteristica interessante del prodotto sar\u00e0 l&#039;aspetto elegante e delicatamente illuminato, conferito al vetro esagonale dalla finitura satinata che ne accentua la forma.<\/li>\n<li><strong>Capacit\u00e0 personalizzata:<\/strong> Se richiedi una determinata dimensione, possiamo fissare un incontro con te per decidere il volume pi\u00f9 adatto alle tue esigenze aziendali.<\/li>\n<\/ul>\n<p>Vuoi essere pronto in anticipo? Perch\u00e9 non ci contatti oggi stesso per parlare del barattolo di miele sfuso di cui hai bisogno e ottenere un ottimo prezzo all&#039;ingrosso? Lascia che ti aiutiamo a trovare la confezione di miele ideale per la tua attivit\u00e0.<\/p>","protected":false},"excerpt":{"rendered":"<p>Vasetti decorativi in \u200b\u200bvetro esagonali per il miele con coperchi in legno e cucchiaini. Perfetti per confezioni di miele, set regalo e ordini all&#039;ingrosso. Campione gratuito.<\/p>","protected":false},"featured_media":22736,"template":"","meta":[],"product_brand":[],"product_cat":[122,124,127],"product_tag":[],"class_list":{"0":"post-22714","1":"product","2":"type-product","3":"status-publish","4":"has-post-thumbnail","6":"product_cat-custom-glass-packaging","7":"product_cat-custom-glass-jars","8":"product_cat-glass-honey-jars","10":"first","11":"instock","12":"shipping-taxable","13":"product-type-simple"},"jetpack_sharing_enabled":true,"_links":{"self":[{"href":"https:\/\/yebodaglass.com\/it\/wp-json\/wp\/v2\/product\/22714","targetHints":{"allow":["GET"]}}],"collection":[{"href":"https:\/\/yebodaglass.com\/it\/wp-json\/wp\/v2\/product"}],"about":[{"href":"https:\/\/yebodaglass.com\/it\/wp-json\/wp\/v2\/types\/product"}],"version-history":[{"count":5,"href":"https:\/\/yebodaglass.com\/it\/wp-json\/wp\/v2\/product\/22714\/revisions"}],"predecessor-version":[{"id":22745,"href":"https:\/\/yebodaglass.com\/it\/wp-json\/wp\/v2\/product\/22714\/revisions\/22745"}],"wp:featuredmedia":[{"embeddable":true,"href":"https:\/\/yebodaglass.com\/it\/wp-json\/wp\/v2\/media\/22736"}],"wp:attachment":[{"href":"https:\/\/yebodaglass.com\/it\/wp-json\/wp\/v2\/media?parent=22714"}],"wp:term":[{"taxonomy":"product_brand","embeddable":true,"href":"https:\/\/yebodaglass.com\/it\/wp-json\/wp\/v2\/product_brand?post=22714"},{"taxonomy":"product_cat","embeddable":true,"href":"https:\/\/yebodaglass.com\/it\/wp-json\/wp\/v2\/product_cat?post=22714"},{"taxonomy":"product_tag","embeddable":true,"href":"https:\/\/yebodaglass.com\/it\/wp-json\/wp\/v2\/product_tag?post=22714"}],"curies":[{"name":"wp","href":"https:\/\/api.w.org\/{rel}","templated":true}]}}