{"id":22567,"date":"2025-10-22T10:39:21","date_gmt":"2025-10-22T02:39:21","guid":{"rendered":"https:\/\/yebodaglass.com\/?post_type=product&#038;p=22567"},"modified":"2025-11-04T11:54:40","modified_gmt":"2025-11-04T03:54:40","slug":"round-glass-yogurt-milk-bottle-small-dessert-jars-bulk","status":"publish","type":"product","link":"https:\/\/yebodaglass.com\/it\/round-glass-yogurt-milk-bottle-small-dessert-jars-bulk\/","title":{"rendered":"Bottiglia rotonda in vetro per yogurt e latte da 100-300 ml \u2013 Piccoli barattoli per dessert sfusi"},"content":{"rendered":"<article class=\"text-token-text-primary w-full focus:outline-none [--shadow-height:45px] has-data-writing-block:pointer-events-none has-data-writing-block:-mt-(--shadow-height) has-data-writing-block:pt-(--shadow-height) [&amp;:has([data-writing-block])&gt;*]:pointer-events-auto [content-visibility:auto] supports-[content-visibility:auto]:[contain-intrinsic-size:auto_100lvh] scroll-mt-[calc(var(--header-height)+min(200px,max(70px,20svh)))]\" dir=\"auto\" tabindex=\"-1\" data-turn-id=\"request-68f5dfe9-a6a4-8332-b080-aa3dc157db0d-1\" data-testid=\"conversation-turn-42\" data-scroll-anchor=\"true\" data-turn=\"assistant\">Stanco di contenitori per latticini dall&#039;aspetto anonimo o che perdono? Realizziamo bottiglie di yogurt con un fascino rotondo e magico: niente pi\u00f9 perdite. Queste piccole bottiglie di vetro per il latte trasformano la semplice conservazione in un piacere per il brand. Per ordini all&#039;ingrosso, puoi ottenere bottiglie di vetro personalizzate in base alle tue esigenze.<\/p>\n<h2>Caratteristiche del prodotto<\/h2>\n<p><strong>Ciondolo rotondo<\/strong><\/p>\n<p>Le curve morbide sono piacevoli al tatto: le piccole bottiglie di latte in vetro rendono ogni sorso un piacere.<\/p>\n<p><strong>Divertimento a tutto campo<\/strong><\/p>\n<p>Facile da riempire e prelevare: niente pi\u00f9 fuoriuscite grazie al design della bottiglia di yogurt e latte.<\/p>\n<p><strong>Chiarezza cristallina<\/strong><\/p>\n<p>Il vetro ad alta trasparenza mostra ogni singolo turbinio di latte: i clienti si fidano immediatamente delle tue piccole bottiglie di latte in vetro.<\/p>\n<h2>Specifiche chiave<\/h2>\n<table style=\"border-collapse: collapse; width: 80%; margin-right: auto; margin-left: auto;\" border=\"0\" width=\"288\" cellspacing=\"0\" cellpadding=\"0\">\n<tbody>\n<tr style=\"height: 13.50pt;\">\n<td style=\"height: 13.5pt; width: 54pt; text-align: center;\" width=\"72\" height=\"18\">Modello<\/td>\n<td style=\"width: 54pt; text-align: center;\" width=\"72\">Capacit\u00e0 (ml)<\/td>\n<td style=\"width: 54pt; text-align: center;\" width=\"72\">Dimensioni (cm)<\/td>\n<td style=\"width: 54pt; text-align: center;\" width=\"72\">Forma<\/td>\n<\/tr>\n<tr style=\"height: 13.50pt;\">\n<td style=\"height: 13.5pt; text-align: center;\" align=\"right\" height=\"18\">64010042<\/td>\n<td style=\"text-align: center;\" align=\"right\">100<\/td>\n<td style=\"text-align: center;\">6.4&#215;6.5<\/td>\n<td class=\"et2\" style=\"text-align: center;\" rowspan=\"3\">Rigonfiamento rotondo<\/td>\n<\/tr>\n<tr style=\"height: 13.50pt;\">\n<td style=\"height: 13.5pt; text-align: center;\" align=\"right\" height=\"18\">64020043<\/td>\n<td style=\"text-align: center;\" align=\"right\">200<\/td>\n<td style=\"text-align: center;\">7.3&#215;7.2<\/td>\n<\/tr>\n<tr style=\"height: 13.50pt;\">\n<td style=\"height: 13.5pt; text-align: center;\" align=\"right\" height=\"18\">64030044<\/td>\n<td style=\"text-align: center;\" align=\"right\">300<\/td>\n<td style=\"text-align: center;\">8.3&#215;8.6<\/td>\n<\/tr>\n<\/tbody>\n<\/table>\n<h2>Caso di successo<\/h2>\n<p>Un laboratorio di budini ci ha contattato per creare una bottiglia di yogurt in vetro a forma larga, specifica per i suoi budini. Ogni bottiglia da 200 ml ha un&#039;apertura ampia che facilita l&#039;imbottigliamento e il prelievo, e la forma arrotondata conferisce alla bottiglia un aspetto artigianale che si sposa perfettamente con il concetto di dessert premium.<\/p>\n<p>Oltre al tappo in alluminio sigillato, la bottiglia \u00e8 dotata anche di un pratico coperchio a cucchiaio per garantire freschezza e praticit\u00e0. La bottiglia in vetro puro \u00e8 un perfetto espositore per budini.<\/p>\n<p>A soli 2 mesi dall&#039;introduzione del nuovo imballaggio, si \u00e8 registrata una riduzione dell&#039;85% dei reclami relativi a problemi di sigillatura e il volume degli ordini all&#039;ingrosso da parte dei distributori \u00e8 aumentato del 60%.<\/p>\n<h2>Il tuo manuale di personalizzazione<\/h2>\n<ol>\n<li><strong>Soluzioni personalizzate per coperchi ed etichette:<\/strong>\u00c8 possibile scegliere tra coperchi metallici a vite, coperchi in legno o coperchi a scatto in plastica e poi applicare il logo tramite goffratura, serigrafia o etichettatura per un riconoscimento del marchio visivamente accattivante.<\/li>\n<li><strong>Personalizzazione di tonalit\u00e0 e materiali:<\/strong>Puoi personalizzare il vetro in trasparente, ambra o satinato per adattarlo allo stile del tuo prodotto, oppure scegliere una colorazione sfumata per rendere i budini e gli yogurt a strati visivamente accattivanti e accattivanti sugli scaffali.<\/li>\n<\/ol>\n<\/article>","protected":false},"excerpt":{"rendered":"<p>Bottiglie rotonde in vetro per yogurt e latte e piccole bottiglie in vetro per il latte, ideali per yogurt, budini o marmellate. Riutilizzabili, resistenti e personalizzabili per il confezionamento di dessert.<\/p>","protected":false},"featured_media":22571,"template":"","meta":[],"product_brand":[],"product_cat":[124,122,130],"product_tag":[],"class_list":{"0":"post-22567","1":"product","2":"type-product","3":"status-publish","4":"has-post-thumbnail","6":"product_cat-custom-glass-jars","7":"product_cat-custom-glass-packaging","8":"product_cat-glass-yogurt-jars","10":"first","11":"instock","12":"shipping-taxable","13":"product-type-simple"},"jetpack_sharing_enabled":true,"_links":{"self":[{"href":"https:\/\/yebodaglass.com\/it\/wp-json\/wp\/v2\/product\/22567","targetHints":{"allow":["GET"]}}],"collection":[{"href":"https:\/\/yebodaglass.com\/it\/wp-json\/wp\/v2\/product"}],"about":[{"href":"https:\/\/yebodaglass.com\/it\/wp-json\/wp\/v2\/types\/product"}],"version-history":[{"count":5,"href":"https:\/\/yebodaglass.com\/it\/wp-json\/wp\/v2\/product\/22567\/revisions"}],"predecessor-version":[{"id":22610,"href":"https:\/\/yebodaglass.com\/it\/wp-json\/wp\/v2\/product\/22567\/revisions\/22610"}],"wp:featuredmedia":[{"embeddable":true,"href":"https:\/\/yebodaglass.com\/it\/wp-json\/wp\/v2\/media\/22571"}],"wp:attachment":[{"href":"https:\/\/yebodaglass.com\/it\/wp-json\/wp\/v2\/media?parent=22567"}],"wp:term":[{"taxonomy":"product_brand","embeddable":true,"href":"https:\/\/yebodaglass.com\/it\/wp-json\/wp\/v2\/product_brand?post=22567"},{"taxonomy":"product_cat","embeddable":true,"href":"https:\/\/yebodaglass.com\/it\/wp-json\/wp\/v2\/product_cat?post=22567"},{"taxonomy":"product_tag","embeddable":true,"href":"https:\/\/yebodaglass.com\/it\/wp-json\/wp\/v2\/product_tag?post=22567"}],"curies":[{"name":"wp","href":"https:\/\/api.w.org\/{rel}","templated":true}]}}