{"id":22553,"date":"2025-10-21T17:17:58","date_gmt":"2025-10-21T09:17:58","guid":{"rendered":"https:\/\/yebodaglass.com\/?post_type=product&#038;p=22553"},"modified":"2025-11-04T11:54:58","modified_gmt":"2025-11-04T03:54:58","slug":"custom-glass-milk-bottles-bulk-pudding-container","status":"publish","type":"product","link":"https:\/\/yebodaglass.com\/it\/custom-glass-milk-bottles-bulk-pudding-container\/","title":{"rendered":"Bottiglie di latte in vetro quadrate personalizzate sfuse \u2013 Contenitore riutilizzabile per budino e bevande da 100-350 ml"},"content":{"rendered":"<p>Stanco di contenitori per latticini che passano in secondo piano? Realizziamo bottiglie di vetro per il latte personalizzate con un design squadrato: niente pi\u00f9 confezioni noiose. Queste bottiglie di vetro per il latte in grandi quantit\u00e0 trasformano la semplice conservazione in un&#039;esperienza di branding unica. Gli ordini all&#039;ingrosso ti permettono di ottenere bottiglie di vetro personalizzate che rispecchiano la tua visione.<\/p>\n<h2>Caratteristiche del prodotto<\/h2>\n<p><strong>Caratteristiche del design<\/strong><\/p>\n<p>La bottiglia, dalla forma quadrata e verticale, presenta elementi geometrici semplici, privi di ornamenti, e una silhouette armoniosa, che la rendono un prodotto di tendenza e accattivante. La chiusura a corona consente una tenuta comoda, rendendola adatta sia all&#039;uso commerciale che domestico.<\/p>\n<p><strong>Qualit\u00e0 del materiale<\/strong><\/p>\n<p>Realizzato in vetro alimentare ad alta trasparenza, senza piombo. Inodore e con un&#039;ottima resistenza alle basse e alte temperature, \u00e8 un&#039;ottima soluzione per conservare bevande o dessert freschi e gustosi.<\/p>\n<p><strong>Prestazioni funzionali<\/strong><\/p>\n<p>Questa bottiglia spessa e a tenuta stagna \u00e8 progettata per molteplici usi, quindi \u00e8 un&#039;ottima soluzione per preservare la freschezza. Grazie al suo design quadrato, \u00e8 possibile riporre la bottiglia sullo scaffale e impilare gli strati uno sopra l&#039;altro, garantendo cos\u00ec una maggiore stabilit\u00e0 durante il trasporto.<\/p>\n<p><strong>Opzioni di personalizzazione<\/strong><\/p>\n<p>Modificando la capacit\u00e0, inserendo un logo, etichettando la bottiglia e scegliendo un tappo (in alluminio, plastica o antimanomissione), \u00e8 possibile creare facilmente un&#039;immagine di marca diversa dalle altre.<\/p>\n<h2>Specifiche chiave<\/h2>\n<table style=\"border-collapse: collapse; width: 80%; margin-left: auto; margin-right: auto;\" border=\"0\" width=\"288\" cellspacing=\"0\" cellpadding=\"0\">\n<tbody>\n<tr style=\"height: 13.50pt;\">\n<td style=\"height: 13.5pt; width: 54pt; text-align: center;\" width=\"72\" height=\"18\">Modello<\/td>\n<td style=\"width: 54pt; text-align: center;\" width=\"72\">Capacit\u00e0 (ml)<\/td>\n<td style=\"width: 54pt; text-align: center;\" width=\"72\">Dimensioni (cm)<\/td>\n<td style=\"width: 54pt; text-align: center;\" width=\"72\">Forma<\/td>\n<\/tr>\n<tr style=\"height: 13.50pt;\">\n<td style=\"height: 13.5pt; text-align: center;\" align=\"right\" height=\"18\">64010040<\/td>\n<td style=\"text-align: center;\" align=\"right\">100<\/td>\n<td style=\"text-align: center;\">5,0\u00d75,0x9,6<\/td>\n<td class=\"et2\" style=\"text-align: center;\" rowspan=\"2\">Piazza<\/td>\n<\/tr>\n<tr style=\"height: 13.50pt;\">\n<td style=\"height: 13.5pt; text-align: center;\" align=\"right\" height=\"18\">64035041<\/td>\n<td style=\"text-align: center;\" align=\"right\">350<\/td>\n<td style=\"text-align: center;\">6,0\u00d76,0x16,1<\/td>\n<\/tr>\n<\/tbody>\n<\/table>\n<h2>Storia di successo<\/h2>\n<p>Per rinnovare la propria immagine, un marchio di prodotti lattiero-caseari ha apportato modifiche al packaging e ha collaborato con noi per realizzare una bottiglia di latte quadrata in vetro personalizzata. Oltre a conferire alla bottiglia un aspetto trendy e accattivante grazie al design squadrato, quest&#039;ultimo contribuisce anche a ottimizzare la conservazione e lo spazio sugli scaffali, sia nelle celle frigorifere che nei contenitori per la consegna. Il latte appare di altissima qualit\u00e0 grazie all&#039;estrema trasparenza del vetro.<\/p>\n<p>Dopo il cambio della confezione, il caseificio ha segnalato, entro il primo mese, una riduzione del 75% dei reclami per perdite di latte e un aumento del 65% degli ordini all&#039;ingrosso.<\/p>\n<h2>Il tuo manuale di personalizzazione<\/h2>\n<ol>\n<li><strong>Configurazione personalizzata del tappo e della guarnizione:<\/strong>Sono disponibili numerosi materiali e stili per i tappi, come metallo, plastica o antifurto. Stampato con il logo del tuo marchio o un motivo, il tappo pu\u00f2 diventare un elemento distintivo del marchio e migliorarne la qualit\u00e0 complessiva.<\/li>\n<li><strong>Aspetto personalizzato e identit\u00e0 del marchio:<\/strong>Realizziamo il branding sulla bottiglia tramite serigrafia, satinatura, etichettatura o stampa a caldo. Possiamo produrre vetri trasparenti, satinati o colorati per rispecchiare esattamente la tonalit\u00e0 del vostro marchio e il suo posizionamento sul mercato.<\/li>\n<\/ol>","protected":false},"excerpt":{"rendered":"<p>Bottiglie di latte in vetro quadrate personalizzate e bottiglie di latte in vetro sfuse, ideali per il confezionamento di budini, latte o succhi. Resistenti, riutilizzabili e personalizzabili per marchi premium.<\/p>","protected":false},"featured_media":22557,"template":"","meta":[],"product_brand":[],"product_cat":[123,122,131],"product_tag":[],"class_list":{"0":"post-22553","1":"product","2":"type-product","3":"status-publish","4":"has-post-thumbnail","6":"product_cat-custom-glass-bottles","7":"product_cat-custom-glass-packaging","8":"product_cat-glass-milk-bottles","10":"first","11":"instock","12":"shipping-taxable","13":"product-type-simple"},"jetpack_sharing_enabled":true,"_links":{"self":[{"href":"https:\/\/yebodaglass.com\/it\/wp-json\/wp\/v2\/product\/22553","targetHints":{"allow":["GET"]}}],"collection":[{"href":"https:\/\/yebodaglass.com\/it\/wp-json\/wp\/v2\/product"}],"about":[{"href":"https:\/\/yebodaglass.com\/it\/wp-json\/wp\/v2\/types\/product"}],"version-history":[{"count":4,"href":"https:\/\/yebodaglass.com\/it\/wp-json\/wp\/v2\/product\/22553\/revisions"}],"predecessor-version":[{"id":22561,"href":"https:\/\/yebodaglass.com\/it\/wp-json\/wp\/v2\/product\/22553\/revisions\/22561"}],"wp:featuredmedia":[{"embeddable":true,"href":"https:\/\/yebodaglass.com\/it\/wp-json\/wp\/v2\/media\/22557"}],"wp:attachment":[{"href":"https:\/\/yebodaglass.com\/it\/wp-json\/wp\/v2\/media?parent=22553"}],"wp:term":[{"taxonomy":"product_brand","embeddable":true,"href":"https:\/\/yebodaglass.com\/it\/wp-json\/wp\/v2\/product_brand?post=22553"},{"taxonomy":"product_cat","embeddable":true,"href":"https:\/\/yebodaglass.com\/it\/wp-json\/wp\/v2\/product_cat?post=22553"},{"taxonomy":"product_tag","embeddable":true,"href":"https:\/\/yebodaglass.com\/it\/wp-json\/wp\/v2\/product_tag?post=22553"}],"curies":[{"name":"wp","href":"https:\/\/api.w.org\/{rel}","templated":true}]}}