{"id":22482,"date":"2025-10-20T15:55:45","date_gmt":"2025-10-20T07:55:45","guid":{"rendered":"https:\/\/yebodaglass.com\/?post_type=product&#038;p=22482"},"modified":"2025-11-11T13:52:06","modified_gmt":"2025-11-11T05:52:06","slug":"wholesale-square-glass-milk-bottles-custom-beverage-container","status":"publish","type":"product","link":"https:\/\/yebodaglass.com\/it\/wholesale-square-glass-milk-bottles-custom-beverage-container\/","title":{"rendered":"Bottiglie di latte in vetro quadrate all&#039;ingrosso con coperchi in plastica da 300-500 ml"},"content":{"rendered":"<p>Stanco delle bottiglie di latte che occupano spazio sugli scaffali? Realizziamo bottiglie di latte in vetro quadrate con una geometria salvaspazio, senza pi\u00f9 angoli scomodi. Queste bottiglie di vetro per la conservazione del latte trasformano l&#039;imbottigliamento delle bevande in una soluzione vincente per la vendita al dettaglio. Per ordini all&#039;ingrosso, puoi ottenere bottiglie di vetro personalizzate che si adattano allo spirito fresco del tuo marchio.<\/p>\n<h2>Caratteristiche del prodotto<\/h2>\n<p><strong>Progetto<\/strong><\/p>\n<p>Il contenitore quadrato con collo completamente filettato \u00e8 una soluzione di design minimalista e stabile, in quanto pu\u00f2 essere facilmente impilato e trasportato. Il collo filettato consente l&#039;utilizzo di diversi tipi di tappi.<\/p>\n<ul>\n<li><strong>Materiale: <\/strong>\u00c8 realizzato in vetro spesso e altamente trasparente, \u00e8 resistente al calore, inodore, senza piombo e atossico, quindi \u00e8 sicuro anche per bevande come latte e succhi di frutta.<\/li>\n<li><strong>Funzionalit\u00e0:\u00a0<\/strong>\u00c8 un contenitore riutilizzabile, a tenuta stagna e che mantiene la freschezza. Il collo largo \u00e8 facile da pulire, quindi pu\u00f2 essere utilizzato sia in casa che in ambito commerciale.<\/li>\n<li><strong>Personalizzazione:\u00a0<\/strong>Il tuo marchio pu\u00f2 trarre vantaggio dalle opzioni di imballaggio personalizzando la capacit\u00e0, la stampa del logo, il colore del tappo e il materiale (alluminio, plastica o antimanomissione).<\/li>\n<\/ul>\n<h2>Specifiche chiave<\/h2>\n<table style=\"border-collapse: collapse; width: 80%; margin-left: auto; margin-right: auto;\" border=\"0\" width=\"288\" cellspacing=\"0\" cellpadding=\"0\">\n<tbody>\n<tr style=\"height: 13.50pt;\">\n<td style=\"height: 13.5pt; width: 54pt; text-align: center;\" width=\"72\" height=\"18\">Modello<\/td>\n<td style=\"width: 54pt; text-align: center;\" width=\"72\">Capacit\u00e0 (ml)<\/td>\n<td style=\"width: 54pt; text-align: center;\" width=\"72\">Dimensioni (cm)<\/td>\n<td style=\"width: 54pt; text-align: center;\" width=\"72\">Forma<\/td>\n<\/tr>\n<tr style=\"height: 13.50pt;\">\n<td style=\"height: 13.5pt; text-align: center;\" align=\"right\" height=\"18\">64030019<\/td>\n<td style=\"text-align: center;\" align=\"right\">300<\/td>\n<td style=\"text-align: center;\">7.6&#215;12.3<\/td>\n<td class=\"et2\" style=\"text-align: center;\" rowspan=\"2\">Piazza<\/td>\n<\/tr>\n<tr style=\"height: 13.50pt;\">\n<td style=\"height: 13.5pt; text-align: center;\" align=\"right\" height=\"18\">64050020<\/td>\n<td style=\"text-align: center;\" align=\"right\">500<\/td>\n<td style=\"text-align: center;\">8.6&#215;13.6<\/td>\n<\/tr>\n<\/tbody>\n<\/table>\n<h2>Caso di successo<\/h2>\n<p>Un produttore neozelandese di latte biologico desiderava una soluzione di imballaggio che facesse risparmiare spazio alle sue bottiglie di latte rotonde, dall&#039;aspetto tradizionale ma che occupavano molto spazio sugli scaffali dei negozi e durante la spedizione. L&#039;azienda desiderava una bottiglia di latte quadrata in vetro personalizzata che non compromettesse l&#039;immagine del marchio. Il risultato \u00e8 stato un design semplice ed elegante, impilabile e compatto. Il design quadrato non solo ha permesso all&#039;azienda di aumentare lo spazio sugli scaffali del 25%, ma ha anche optato per un tappo a vite in metallo argentato con guarnizione in silicone alimentare per mantenere il latte fresco dalla fattoria al negozio. Ogni bottiglia ha il logo aziendale stampato lateralmente. In sole due settimane, il volume degli ordini all&#039;ingrosso \u00e8 raddoppiato!<\/p>\n<h2>Il tuo manuale di personalizzazione<\/h2>\n<ol>\n<li><strong>Tappi per bottiglie personalizzati:<\/strong>\u00c8 possibile scegliere tra tappi in alluminio, antimanomissione o plastica in una variet\u00e0 di colori (come argento, bianco e oro) e opzioni di stampa del logo per migliorare il riconoscimento del marchio.<\/li>\n<li><strong>Finiture superficiali personalizzate:<\/strong>Offriamo una vasta gamma di opzioni decorative, tra cui la stampa serigrafica, la stampa a caldo, la satinatura e l&#039;etichettatura, per creare effetti visivi unici e migliorare l&#039;attrattiva e la riconoscibilit\u00e0 del tuo prodotto.<\/li>\n<\/ol>","protected":false},"excerpt":{"rendered":"<p>Resistenti bottiglie quadrate in vetro per il latte, ideali per il confezionamento e la conservazione di latticini e bevande. Riutilizzabili, personalizzabili e perfette per i marchi ecosostenibili.<\/p>","protected":false},"featured_media":22484,"template":"","meta":[],"product_brand":[],"product_cat":[123,122,131],"product_tag":[],"class_list":{"0":"post-22482","1":"product","2":"type-product","3":"status-publish","4":"has-post-thumbnail","6":"product_cat-custom-glass-bottles","7":"product_cat-custom-glass-packaging","8":"product_cat-glass-milk-bottles","10":"first","11":"instock","12":"shipping-taxable","13":"product-type-simple"},"jetpack_sharing_enabled":true,"_links":{"self":[{"href":"https:\/\/yebodaglass.com\/it\/wp-json\/wp\/v2\/product\/22482","targetHints":{"allow":["GET"]}}],"collection":[{"href":"https:\/\/yebodaglass.com\/it\/wp-json\/wp\/v2\/product"}],"about":[{"href":"https:\/\/yebodaglass.com\/it\/wp-json\/wp\/v2\/types\/product"}],"version-history":[{"count":3,"href":"https:\/\/yebodaglass.com\/it\/wp-json\/wp\/v2\/product\/22482\/revisions"}],"predecessor-version":[{"id":23591,"href":"https:\/\/yebodaglass.com\/it\/wp-json\/wp\/v2\/product\/22482\/revisions\/23591"}],"wp:featuredmedia":[{"embeddable":true,"href":"https:\/\/yebodaglass.com\/it\/wp-json\/wp\/v2\/media\/22484"}],"wp:attachment":[{"href":"https:\/\/yebodaglass.com\/it\/wp-json\/wp\/v2\/media?parent=22482"}],"wp:term":[{"taxonomy":"product_brand","embeddable":true,"href":"https:\/\/yebodaglass.com\/it\/wp-json\/wp\/v2\/product_brand?post=22482"},{"taxonomy":"product_cat","embeddable":true,"href":"https:\/\/yebodaglass.com\/it\/wp-json\/wp\/v2\/product_cat?post=22482"},{"taxonomy":"product_tag","embeddable":true,"href":"https:\/\/yebodaglass.com\/it\/wp-json\/wp\/v2\/product_tag?post=22482"}],"curies":[{"name":"wp","href":"https:\/\/api.w.org\/{rel}","templated":true}]}}