{"id":22423,"date":"2025-10-16T16:12:47","date_gmt":"2025-10-16T08:12:47","guid":{"rendered":"https:\/\/yebodaglass.com\/?post_type=product&#038;p=22423"},"modified":"2026-04-10T18:34:30","modified_gmt":"2026-04-10T10:34:30","slug":"310oz-glass-milk-bottles-wholesale-twist-off-ct-finish-storage-bottles","status":"publish","type":"product","link":"https:\/\/yebodaglass.com\/it\/310oz-glass-milk-bottles-wholesale-twist-off-ct-finish-storage-bottles\/","title":{"rendered":"Bottiglie di vetro per latte da 310 oz all&#039;ingrosso | Bottiglie per la conservazione con tappo a vite e finitura CT"},"content":{"rendered":"<p>Le nostre bottiglie di vetro da 310 ml per il latte, disponibili all&#039;ingrosso, hanno una forma elegante e sono anche molto resistenti. Sono realizzate in vetro privo di sostanze nocive. Queste bottiglie sono facili da impugnare e si presentano bene sugli scaffali. Sono trasparenti, permettendo di controllare la freschezza del latte o del succo. Questo le rende perfette per le aziende che desiderano vendere bevande di qualit\u00e0.<\/p>\n<h2>Specifiche chiave<\/h2>\n<table style=\"border-collapse: collapse; width: 80%; margin-left: auto; margin-right: auto;\" border=\"0\" width=\"288\" cellspacing=\"0\" cellpadding=\"0\">\n<tbody>\n<tr style=\"height: 13.50pt;\">\n<td style=\"height: 13.5pt; width: 54pt; text-align: center;\" width=\"72\" height=\"18\">Modello<\/td>\n<td style=\"width: 54pt; text-align: center;\" width=\"72\">Capacit\u00e0<\/td>\n<td style=\"width: 54pt; text-align: center;\" width=\"72\">Misurare<\/td>\n<td style=\"width: 54pt; text-align: center;\" width=\"72\">Tipo di collo<\/td>\n<\/tr>\n<tr style=\"height: 13.50pt;\">\n<td style=\"height: 13.5pt; text-align: center;\" align=\"right\" height=\"18\">64031010<\/td>\n<td class=\"et2\" style=\"text-align: center;\" rowspan=\"2\">310 ml<\/td>\n<td style=\"text-align: center;\">6,1*6,1*15,2 mm<\/td>\n<td style=\"text-align: center;\">Coperchio a vite<\/td>\n<\/tr>\n<tr style=\"height: 13.50pt;\">\n<td style=\"height: 13.5pt; text-align: center;\" align=\"right\" height=\"18\">64031011<\/td>\n<td style=\"text-align: center;\">6,1*6,1*15,4 mm<\/td>\n<td style=\"text-align: center;\">filettatura continua superiore<\/td>\n<\/tr>\n<\/tbody>\n<\/table>\n<h2>Queste bottiglie possono essere utilizzate in diversi modi. Abbiamo due tipi di tappi per esse:<\/h2>\n<ol>\n<li><strong>Il coperchio Twist-Off<\/strong>\u00c8 ideale per riempire le bottiglie di vetro per la conservazione del latte. Si chiude rapidamente, il che \u00e8 un vantaggio per le macchine che applicano i tappi alle bottiglie. Questo tipo di tappo \u00e8 spesso utilizzato per le bevande perch\u00e9 le mantiene fresche e al sicuro.<\/li>\n<li><strong>La parte superiore della filettatura continua<\/strong>\u00c8 ideale quando si desidera utilizzare la bottiglia pi\u00f9 di una volta. \u00c8 compatibile con diversi tipi di tappi ed \u00e8 facile da aprire e chiudere. Questo tipo di tappo \u00e8 spesso utilizzato per le bevande ed \u00e8 perfetto per chi desidera utilizzare la bottiglia a casa.<\/li>\n<\/ol>\n<h2>Caso di studio<\/h2>\n<p>Abbiamo collaborato con un&#039;azienda produttrice di panna biologica per rendere speciali le loro bottiglie di latticini. Abbiamo utilizzato un processo per stampare il loro logo sulla bottiglia e il risultato \u00e8 stato ottimo. Il logo \u00e8:<\/p>\n<ol>\n<li>\u00c8 molto resistente ai graffi. La bottiglia si pu\u00f2 lavare in lavastoviglie.<\/li>\n<li>\u00c8 piacevole al tatto. Sembra parte integrante della bottiglia, non solo un adesivo.<\/li>\n<li>Pu\u00f2 essere utilizzato pi\u00f9 volte, il che \u00e8 un vantaggio per le aziende che desiderano risparmiare sui costi di imballaggio.<\/li>\n<\/ol>\n<p>Possiamo produrre bottiglie di latte in vetro all&#039;ingrosso come queste anche per la tua attivit\u00e0. Puoi scegliere il tipo di tappo che preferisci. Possiamo stampare il tuo logo sulla bottiglia utilizzando il nostro processo.<\/p>","protected":false},"excerpt":{"rendered":"<p>High-quality 310ml glass milk storage bottles for wholesale. Available in Twist-off and Continuous Thread finishes. Custom decal branding for beverage brands.<\/p>","protected":false},"featured_media":22426,"template":"","meta":[],"product_brand":[],"product_cat":[131,123,122],"product_tag":[],"class_list":{"0":"post-22423","1":"product","2":"type-product","3":"status-publish","4":"has-post-thumbnail","6":"product_cat-glass-milk-bottles","7":"product_cat-custom-glass-bottles","8":"product_cat-custom-glass-packaging","10":"first","11":"instock","12":"shipping-taxable","13":"product-type-simple"},"jetpack_sharing_enabled":true,"_links":{"self":[{"href":"https:\/\/yebodaglass.com\/it\/wp-json\/wp\/v2\/product\/22423","targetHints":{"allow":["GET"]}}],"collection":[{"href":"https:\/\/yebodaglass.com\/it\/wp-json\/wp\/v2\/product"}],"about":[{"href":"https:\/\/yebodaglass.com\/it\/wp-json\/wp\/v2\/types\/product"}],"version-history":[{"count":5,"href":"https:\/\/yebodaglass.com\/it\/wp-json\/wp\/v2\/product\/22423\/revisions"}],"predecessor-version":[{"id":25751,"href":"https:\/\/yebodaglass.com\/it\/wp-json\/wp\/v2\/product\/22423\/revisions\/25751"}],"wp:featuredmedia":[{"embeddable":true,"href":"https:\/\/yebodaglass.com\/it\/wp-json\/wp\/v2\/media\/22426"}],"wp:attachment":[{"href":"https:\/\/yebodaglass.com\/it\/wp-json\/wp\/v2\/media?parent=22423"}],"wp:term":[{"taxonomy":"product_brand","embeddable":true,"href":"https:\/\/yebodaglass.com\/it\/wp-json\/wp\/v2\/product_brand?post=22423"},{"taxonomy":"product_cat","embeddable":true,"href":"https:\/\/yebodaglass.com\/it\/wp-json\/wp\/v2\/product_cat?post=22423"},{"taxonomy":"product_tag","embeddable":true,"href":"https:\/\/yebodaglass.com\/it\/wp-json\/wp\/v2\/product_tag?post=22423"}],"curies":[{"name":"wp","href":"https:\/\/api.w.org\/{rel}","templated":true}]}}