{"id":22336,"date":"2025-10-13T15:53:39","date_gmt":"2025-10-13T07:53:39","guid":{"rendered":"https:\/\/yebodaglass.com\/?post_type=product&#038;p=22336"},"modified":"2026-03-24T11:54:50","modified_gmt":"2026-03-24T03:54:50","slug":"bulk-clear-cooking-oil-bottle-for-kitchen-with-pouring-lid","status":"publish","type":"product","link":"https:\/\/yebodaglass.com\/it\/bulk-clear-cooking-oil-bottle-for-kitchen-with-pouring-lid\/","title":{"rendered":"Bottiglia trasparente per olio da cucina da 200 ml con tappo versatore"},"content":{"rendered":"<p>Questa bottiglia per olio da cucina ha una caratteristica forma a clessidra e un elegante aspetto affusolato, che la rende facile da impugnare e versare. \u00c8 realizzata in vetro cristallino e presenta un beccuccio in acciaio inossidabile sulla parte superiore che si apre premendo un pulsante e si chiude automaticamente per evitare gocciolamenti.<\/p>\n<h2>Caratteristiche del prodotto<\/h2>\n<ul>\n<li><strong>Versamento a prova di goccia ogni volta:<\/strong> Il tappo di precisione regola il flusso, eliminando completamente il problema delle bottiglie appiccicose e degli sprechi di olio.<\/li>\n<li><strong>Materiale in vetro trasparente:<\/strong>La bottiglia vuota di olio o aceto \u00e8 facilmente visibile attraverso il corpo in vetro, in modo che l&#039;erogazione non venga interrotta durante la cottura.<\/li>\n<li><strong>Design sottile:<\/strong> Grazie alla sua forma sottile, \u00e8 molto facile da posizionare in cucina e si ottiene cos\u00ec pi\u00f9 spazio di stoccaggio.<\/li>\n<\/ul>\n<h2>Specifiche chiave<\/h2>\n<table style=\"border-collapse: collapse; margin-left: auto; margin-right: auto; width: 614.27pt;\" border=\"0\" width=\"819\" cellspacing=\"0\" cellpadding=\"0\">\n<tbody>\n<tr style=\"height: 13.50pt;\">\n<td style=\"height: 13.50pt; width: 99.75pt;\" width=\"133\" height=\"18\">Caratteristica<\/td>\n<td style=\"width: 514.50pt;\" width=\"686\">Specifica<\/td>\n<\/tr>\n<tr style=\"height: 13.50pt;\">\n<td style=\"height: 13.50pt;\" height=\"18\">Capacit\u00e0<\/td>\n<td>200 ml<\/td>\n<\/tr>\n<tr style=\"height: 13.50pt;\">\n<td style=\"height: 13.50pt;\" height=\"18\">Dimensioni<\/td>\n<td>6,5\u00d719,0 cm (diametro \u00d7 altezza)<\/td>\n<\/tr>\n<tr style=\"height: 13.50pt;\">\n<td style=\"height: 13.50pt;\" height=\"18\">Forma<\/td>\n<td>Vetro rotondo conico<\/td>\n<\/tr>\n<tr style=\"height: 13.50pt;\">\n<td style=\"height: 13.50pt;\" height=\"18\">Opzioni del coperchio<\/td>\n<td>Beccuccio ribaltabile nero\/argento, tappo solido<\/td>\n<\/tr>\n<tr style=\"height: 13.50pt;\">\n<td style=\"height: 13.50pt;\" height=\"18\">Ideale per<\/td>\n<td>Olio d&#039;oliva, aceto, oli da cucina, marinate<\/td>\n<\/tr>\n<tr style=\"height: 13.50pt;\">\n<td style=\"height: 13.50pt;\" height=\"18\">Uso ideale<\/td>\n<td>Bottiglia per olio da cucina, bottiglie per olio e aceto, imballaggi in vetro all&#039;ingrosso<\/td>\n<\/tr>\n<\/tbody>\n<\/table>\n<h2>Storia di successo<\/h2>\n<p>Uno dei rivenditori europei di prodotti alimentari di lusso ha scelto la nostra bottiglia per olio con dosatore, realizzandone una su misura con finitura sabbiata e beccuccio placcato in rame. Questa bottiglia, dal design tradizionale, \u00e8 diventata il loro articolo simbolo. Il suo design elegante e la resistenza alle gocce hanno permesso loro di vendere il loro olio aromatizzato con un incremento del 40% rispetto al modello originale, e la migliore tenuta ha ridotto del 25% le fuoriuscite e gli sprechi in negozio. Sulla base di questo successo, hanno ordinato altre 650.000 bottiglie del loro nuovo aceto artigianale e dei set regalo per le festivit\u00e0.<\/p>\n<h2>Idee per personalizzare i flaconi dei dispenser di olio.<\/h2>\n<ul>\n<li><strong>Serigrafia:<\/strong> Puoi far stampare il tuo logo o il tuo design direttamente sulla bottiglia di vetro per una facile identificazione del tuo marchio e per scopi di branding permanente.<\/li>\n<li><strong>Tinta colorata:<\/strong> Scegliete un prodotto confezionato in un semplice vetro ambrato o verde, molto diffuso oggigiorno perch\u00e9 non solo protegge dai raggi UV, ma rende anche il prodotto visivamente pi\u00f9 attraente.<\/li>\n<li><strong>Colore del coperchio:<\/strong> Il colore del tappo a vite pu\u00f2 essere quello che preferisci: nero, oro o argento, dipende solo da te e dal resto dei colori della palette del tuo marchio.<\/li>\n<li><strong>Etichettatura per trasferimento termico:<\/strong> Ottieni immagini a colori ad alta risoluzione da integrare in uno dei tipi di etichette pi\u00f9 durevoli e resistenti all&#039;umidit\u00e0 in cucina: quelle termoadesive.<\/li>\n<\/ul>","protected":false},"excerpt":{"rendered":"<p>Bottiglia per olio da cucina in vetro trasparente per uso in cucina. Design elegante e allungato con versatore nero e argento, perfetta per marchiare cucine, ristoranti o ordini all&#039;ingrosso.<\/p>","protected":false},"featured_media":22341,"template":"","meta":[],"product_brand":[],"product_cat":[126,123,122],"product_tag":[],"class_list":{"0":"post-22336","1":"product","2":"type-product","3":"status-publish","4":"has-post-thumbnail","6":"product_cat-olive-oil-bottles","7":"product_cat-custom-glass-bottles","8":"product_cat-custom-glass-packaging","10":"first","11":"instock","12":"shipping-taxable","13":"product-type-simple"},"jetpack_sharing_enabled":true,"_links":{"self":[{"href":"https:\/\/yebodaglass.com\/it\/wp-json\/wp\/v2\/product\/22336","targetHints":{"allow":["GET"]}}],"collection":[{"href":"https:\/\/yebodaglass.com\/it\/wp-json\/wp\/v2\/product"}],"about":[{"href":"https:\/\/yebodaglass.com\/it\/wp-json\/wp\/v2\/types\/product"}],"version-history":[{"count":5,"href":"https:\/\/yebodaglass.com\/it\/wp-json\/wp\/v2\/product\/22336\/revisions"}],"predecessor-version":[{"id":25580,"href":"https:\/\/yebodaglass.com\/it\/wp-json\/wp\/v2\/product\/22336\/revisions\/25580"}],"wp:featuredmedia":[{"embeddable":true,"href":"https:\/\/yebodaglass.com\/it\/wp-json\/wp\/v2\/media\/22341"}],"wp:attachment":[{"href":"https:\/\/yebodaglass.com\/it\/wp-json\/wp\/v2\/media?parent=22336"}],"wp:term":[{"taxonomy":"product_brand","embeddable":true,"href":"https:\/\/yebodaglass.com\/it\/wp-json\/wp\/v2\/product_brand?post=22336"},{"taxonomy":"product_cat","embeddable":true,"href":"https:\/\/yebodaglass.com\/it\/wp-json\/wp\/v2\/product_cat?post=22336"},{"taxonomy":"product_tag","embeddable":true,"href":"https:\/\/yebodaglass.com\/it\/wp-json\/wp\/v2\/product_tag?post=22336"}],"curies":[{"name":"wp","href":"https:\/\/api.w.org\/{rel}","templated":true}]}}