{"id":22277,"date":"2025-10-11T16:41:58","date_gmt":"2025-10-11T08:41:58","guid":{"rendered":"https:\/\/yebodaglass.com\/?post_type=product&#038;p=22277"},"modified":"2025-10-11T17:35:40","modified_gmt":"2025-10-11T09:35:40","slug":"wholesale-glass-olive-oil-spray-bottle-with-metal-press-pump","status":"publish","type":"product","link":"https:\/\/yebodaglass.com\/it\/wholesale-glass-olive-oil-spray-bottle-with-metal-press-pump\/","title":{"rendered":"Flacone spray per olio d&#039;oliva in vetro da 100 ml all&#039;ingrosso con pompa a pressione in metallo"},"content":{"rendered":"<p>Questo flacone spray per olio d&#039;oliva in vetro da 100 ml \u00e8 caratterizzato da un&#039;elegante forma cilindrica, un corpo in vetro trasparente e un meccanismo di spruzzatura a pressione in metallo argentato. Rappresenta il perfetto connubio tra estetica moderna e praticit\u00e0 culinaria.<\/p>\n<h2>Caratteristiche del prodotto<\/h2>\n<ul>\n<li><strong>Design cilindrico sottile:<\/strong> Il corpo cilindrico sottile non \u00e8 solo facile da impugnare, ma \u00e8 anche ottimo per risparmiare spazio in cucina, poich\u00e9 pu\u00f2 essere riposto ovunque.<\/li>\n<li><strong>Meccanismo di spruzzo metallico:<\/strong> Il meccanismo di spruzzo superiore in metallo argentato non solo contribuisce all&#039;estetica, ma \u00e8 anche il motivo principale per cui lo spruzzo viene distribuito in modo uniforme.<\/li>\n<li><strong>Vetro trasparente:<\/strong> Il vetro trasparente consente di vedere completamente l&#039;olio rimasto nella bottiglia.<\/li>\n<\/ul>\n<h2>Specifiche chiave<\/h2>\n<table style=\"border-collapse: collapse; margin-left: auto; margin-right: auto; width: 510.77pt;\" border=\"0\" width=\"681\" cellspacing=\"0\" cellpadding=\"0\">\n<tbody>\n<tr style=\"height: 13.50pt;\">\n<td style=\"height: 13.50pt; width: 99.75pt;\" width=\"133\" height=\"18\">Caratteristica<\/td>\n<td style=\"width: 411.00pt;\" width=\"548\">Specifica<\/td>\n<\/tr>\n<tr style=\"height: 13.50pt;\">\n<td style=\"height: 13.50pt;\" height=\"18\">Capacit\u00e0<\/td>\n<td>100 ml<\/td>\n<\/tr>\n<tr style=\"height: 13.50pt;\">\n<td style=\"height: 13.50pt;\" height=\"18\">Dimensioni<\/td>\n<td>4,0\u00d718,5 cm (diametro \u00d7 altezza)<\/td>\n<\/tr>\n<tr style=\"height: 13.50pt;\">\n<td style=\"height: 13.50pt;\" height=\"18\">Materiale<\/td>\n<td>Corpo in vetro trasparente, pompa in acciaio inossidabile<\/td>\n<\/tr>\n<tr style=\"height: 13.50pt;\">\n<td style=\"height: 13.50pt;\" height=\"18\">Forma<\/td>\n<td>Cilindro dritto<\/td>\n<\/tr>\n<tr style=\"height: 13.50pt;\">\n<td style=\"height: 13.50pt;\" height=\"18\">Opzioni del coperchio<\/td>\n<td>Pompa per flacone spray per olio d&#039;oliva a nebbia fine, tappo solido<\/td>\n<\/tr>\n<tr style=\"height: 13.50pt;\">\n<td style=\"height: 13.50pt;\" height=\"18\">Ideale per<\/td>\n<td>Olio, aceto, spray da cucina<\/td>\n<\/tr>\n<tr style=\"height: 13.50pt;\">\n<td style=\"height: 13.50pt;\" height=\"18\">Uso ideale<\/td>\n<td>Flacone spray per olio d&#039;oliva, oliere e aceto, contenitori per la cucina<\/td>\n<\/tr>\n<\/tbody>\n<\/table>\n<h2>Caso di successo: efficienza e miglioramento del marchio<\/h2>\n<p>Una catena regionale di oli d&#039;oliva ha risolto due problemi in modo molto semplice ed efficiente: il travaso eccessivo e la rottura dei flaconi spray in plastica, grazie ai nostri flaconi spray per olio. L&#039;ugello del flacone spray per olio d&#039;oliva migliorato riduce drasticamente il consumo di olio del 30%, riducendo al minimo gli sprechi; allo stesso tempo, il flacone spray per olio \u00e8 la soluzione al problema della rottura. Questa modifica non si limita a velocizzare il lavoro in cucina, ma il design sofisticato ha anche attirato i commenti pi\u00f9 positivi dei clienti, che affermano che il marchio trasmette un&#039;atmosfera premium. La catena di oli da cucina ordina attualmente questi flaconi spray in vetro per olio quattro volte all&#039;anno e ha persino iniziato a consigliarli al suo fornitore di olio d&#039;oliva. Questa piccola modifica ha fatto una grande differenza nei loro profitti!<\/p>\n<h2>Suggerimenti per la personalizzazione<\/h2>\n<ul>\n<li>Loghi del marchio incisi: crea un logo o un disegno inciso con un marchio discreto sul vetro trasparente, ideale per i clienti all&#039;ingrosso che desiderano che il loro marchio sia pi\u00f9 visibile sugli utensili da cucina.<\/li>\n<li>Finitura in vetro opaco: rivesti il \u200b\u200bvetro con una finitura opaca in modo che sia meno soggetto alle impronte digitali e la bottiglia mantenga la sua pulizia anche se utilizzata frequentemente in una cucina molto frequentata.<\/li>\n<li>Marcature di misurazione incise: posizionare alcune piccole linee incise, ad esempio 50 ml, 100 ml, sul vetro per indicare agli utenti di tenere traccia del consumo di olio e del processo di rabbocco.<\/li>\n<\/ul>","protected":false},"excerpt":{"rendered":"<p>Flacone spray per olio d&#039;oliva in vetro trasparente con pompa argentata. Design moderno, consegna rapida, campioni gratuiti e servizi personalizzati disponibili.<\/p>","protected":false},"featured_media":22279,"template":"","meta":[],"product_brand":[],"product_cat":[122,123,126],"product_tag":[],"class_list":{"0":"post-22277","1":"product","2":"type-product","3":"status-publish","4":"has-post-thumbnail","6":"product_cat-custom-glass-packaging","7":"product_cat-custom-glass-bottles","8":"product_cat-olive-oil-bottles","10":"first","11":"instock","12":"shipping-taxable","13":"product-type-simple"},"jetpack_sharing_enabled":true,"_links":{"self":[{"href":"https:\/\/yebodaglass.com\/it\/wp-json\/wp\/v2\/product\/22277","targetHints":{"allow":["GET"]}}],"collection":[{"href":"https:\/\/yebodaglass.com\/it\/wp-json\/wp\/v2\/product"}],"about":[{"href":"https:\/\/yebodaglass.com\/it\/wp-json\/wp\/v2\/types\/product"}],"version-history":[{"count":4,"href":"https:\/\/yebodaglass.com\/it\/wp-json\/wp\/v2\/product\/22277\/revisions"}],"predecessor-version":[{"id":22286,"href":"https:\/\/yebodaglass.com\/it\/wp-json\/wp\/v2\/product\/22277\/revisions\/22286"}],"wp:featuredmedia":[{"embeddable":true,"href":"https:\/\/yebodaglass.com\/it\/wp-json\/wp\/v2\/media\/22279"}],"wp:attachment":[{"href":"https:\/\/yebodaglass.com\/it\/wp-json\/wp\/v2\/media?parent=22277"}],"wp:term":[{"taxonomy":"product_brand","embeddable":true,"href":"https:\/\/yebodaglass.com\/it\/wp-json\/wp\/v2\/product_brand?post=22277"},{"taxonomy":"product_cat","embeddable":true,"href":"https:\/\/yebodaglass.com\/it\/wp-json\/wp\/v2\/product_cat?post=22277"},{"taxonomy":"product_tag","embeddable":true,"href":"https:\/\/yebodaglass.com\/it\/wp-json\/wp\/v2\/product_tag?post=22277"}],"curies":[{"name":"wp","href":"https:\/\/api.w.org\/{rel}","templated":true}]}}