{"id":22238,"date":"2025-10-11T13:14:08","date_gmt":"2025-10-11T05:14:08","guid":{"rendered":"https:\/\/yebodaglass.com\/?post_type=product&#038;p=22238"},"modified":"2026-03-26T14:45:20","modified_gmt":"2026-03-26T06:45:20","slug":"rectangular-amber-glass-olive-oil-bottles-for-cooking-bulk","status":"publish","type":"product","link":"https:\/\/yebodaglass.com\/it\/prodotto\/rectangular-amber-glass-olive-oil-bottles-for-cooking-bulk\/","title":{"rendered":"Bottiglie rettangolari in vetro ambrato da 250 ml, 500 ml e 750 ml per olio d&#039;oliva sfuso da cucina"},"content":{"rendered":"<p>Si tratta di bottiglie di olio d&#039;oliva in vetro ambrato, dalla forma slanciata e rettangolare, che proteggono efficacemente l&#039;olio di oliva di qualit\u00e0 dalla luce. Sono disponibili in diverse dimensioni e dotate di un tappo a vite nero sicuro e affidabile.<\/p>\n<h2>Caratteristiche del prodotto<\/h2>\n<ul>\n<li><strong>Bottiglia Body Amber a prova di luce:<\/strong> Il vetro ambrato \u00e8 estremamente trasparente e la sua trasparenza blocca efficacemente i raggi UV, aumentando cos\u00ec la durata di conservazione dell&#039;olio.<\/li>\n<li><strong>Bottiglia dalla forma quadrata arrotondata:<\/strong> La forma quadrata e arrotondata delle bottiglie le rende facili da impugnare; non sono scivolose e questo ne facilita l&#039;impilamento.<\/li>\n<li><strong>Tappo a vite di tenuta nero:<\/strong> Il tappo a vite nero offre un&#039;ottima tenuta, evitando perdite e evaporazione dell&#039;olio.<\/li>\n<\/ul>\n<h2>Specifiche chiave<\/h2>\n<table style=\"border-collapse: collapse; margin-left: auto; margin-right: auto; width: 642.77pt;\" border=\"0\" width=\"857\" cellspacing=\"0\" cellpadding=\"0\">\n<tbody>\n<tr style=\"height: 13.50pt;\">\n<td style=\"height: 13.50pt; width: 99.75pt;\" width=\"133\" height=\"18\">Caratteristica<\/td>\n<td style=\"width: 543.00pt;\" width=\"724\">Specifica<\/td>\n<\/tr>\n<tr style=\"height: 13.50pt;\">\n<td style=\"height: 13.50pt;\" height=\"18\">Dimensioni<\/td>\n<td>4,7\u00d74,7\u00d721 cm (250 ml), 5,8\u00d75,8\u00d726,4 cm (500 ml), 6,5\u00d76,5\u00d730,2 cm (750 ml)<\/td>\n<\/tr>\n<tr style=\"height: 13.50pt;\">\n<td style=\"height: 13.50pt;\" height=\"18\">Misura del collo<\/td>\n<td>Filettatura della vite 19mm*30mm<\/td>\n<\/tr>\n<tr style=\"height: 13.50pt;\">\n<td style=\"height: 13.50pt;\" height=\"18\">Materiale<\/td>\n<td>Vetro ambrato con protezione UV<\/td>\n<\/tr>\n<tr style=\"height: 13.50pt;\">\n<td style=\"height: 13.50pt;\" height=\"18\">Forma<\/td>\n<td>Rettangolare (vetro quadrato)<\/td>\n<\/tr>\n<tr style=\"height: 13.50pt;\">\n<td style=\"height: 13.50pt;\" height=\"18\">Ideale per<\/td>\n<td>Olio d&#039;oliva, aceto, oli da cucina, marinate<\/td>\n<\/tr>\n<tr style=\"height: 13.50pt;\">\n<td style=\"height: 13.50pt;\" height=\"18\">Uso ideale<\/td>\n<td>Bottiglie per olio da cucina, oliere e acetiere, imbottigliamento all&#039;ingrosso, stoccaggio in cucina<\/td>\n<\/tr>\n<\/tbody>\n<\/table>\n<h2>Caso di successo: un marchio di lusso di un importatore italiano di olio d&#039;oliva<\/h2>\n<p>Le nostre bottiglie di olio d&#039;oliva in vetro ambrato da 500 ml sono state scelte da un importatore italiano di olio d&#039;oliva della costa occidentale degli Stati Uniti, che ha personalizzato il design delle etichette serigrafate in stile vintage e le guarnizioni antigoccia. La protezione dai raggi UV si \u00e8 rivelata fondamentale, prolungando la durata di conservazione ottimale dell&#039;olio d&#039;oliva di 6 mesi e incrementando le vendite del 65%. L&#039;importatore \u00e8 rimasto talmente soddisfatto da ordinare altre 500.000 bottiglie della sua nuova linea di olio d&#039;oliva aromatizzato al tartufo e al peperoncino.<\/p>\n<h2>Consigli di personalizzazione<\/h2>\n<ul>\n<li><strong>Incisione dei loghi:<\/strong> Il modo migliore per aggiungere eleganza al marchio \u00e8 incidere il logo del marchio sul vetro quadrato. Questa soluzione \u00e8 perfetta per i clienti all&#039;ingrosso che desiderano aumentare la notoriet\u00e0 del marchio.<\/li>\n<li><strong>Tinte di vetro colorate:<\/strong> Se desideri delle bottiglie di olio color ambra originali per cucinare, la soluzione migliore \u00e8 trasformare l&#039;attuale colore verde in una tonalit\u00e0 di verde pi\u00f9 scura o pi\u00f9 chiara, adatta ai colori del tuo marchio.<\/li>\n<li><strong>Segni di laurea:<\/strong> Per aiutare gli utenti a versare la quantit\u00e0 esatta di liquido, \u00e8 possibile incidere le indicazioni di volume sul bicchiere dell&#039;olio da cucina, ad esempio, rendendolo ideale per la cucina.<\/li>\n<li><strong>Finitura opaca:<\/strong> La superficie del vetro \u00e8 ricoperta da una copertura opaca, resistente alle impronte digitali, e la bottiglia mantiene il suo carattere morbido ed elegante: questa caratteristica \u00e8 rivolta principalmente al mercato dell&#039;olio d&#039;oliva di qualit\u00e0 superiore.<\/li>\n<\/ul>","protected":false},"excerpt":{"rendered":"<p>Eleganti bottiglie rettangolari in vetro ambrato di alta qualit\u00e0 per olio d&#039;oliva, con tappi neri. Bottiglie resistenti e raffinate, perfette per cucinare. Vendita diretta dalla fabbrica, consegna rapida.<\/p>","protected":false},"featured_media":25637,"template":"","meta":[],"product_brand":[],"product_cat":[126,123,122],"product_tag":[],"class_list":{"0":"post-22238","1":"product","2":"type-product","3":"status-publish","4":"has-post-thumbnail","6":"product_cat-olive-oil-bottles","7":"product_cat-custom-glass-bottles","8":"product_cat-custom-glass-packaging","10":"first","11":"instock","12":"shipping-taxable","13":"product-type-simple"},"jetpack_sharing_enabled":true,"_links":{"self":[{"href":"https:\/\/yebodaglass.com\/it\/wp-json\/wp\/v2\/product\/22238","targetHints":{"allow":["GET"]}}],"collection":[{"href":"https:\/\/yebodaglass.com\/it\/wp-json\/wp\/v2\/product"}],"about":[{"href":"https:\/\/yebodaglass.com\/it\/wp-json\/wp\/v2\/types\/product"}],"version-history":[{"count":5,"href":"https:\/\/yebodaglass.com\/it\/wp-json\/wp\/v2\/product\/22238\/revisions"}],"predecessor-version":[{"id":25573,"href":"https:\/\/yebodaglass.com\/it\/wp-json\/wp\/v2\/product\/22238\/revisions\/25573"}],"wp:featuredmedia":[{"embeddable":true,"href":"https:\/\/yebodaglass.com\/it\/wp-json\/wp\/v2\/media\/25637"}],"wp:attachment":[{"href":"https:\/\/yebodaglass.com\/it\/wp-json\/wp\/v2\/media?parent=22238"}],"wp:term":[{"taxonomy":"product_brand","embeddable":true,"href":"https:\/\/yebodaglass.com\/it\/wp-json\/wp\/v2\/product_brand?post=22238"},{"taxonomy":"product_cat","embeddable":true,"href":"https:\/\/yebodaglass.com\/it\/wp-json\/wp\/v2\/product_cat?post=22238"},{"taxonomy":"product_tag","embeddable":true,"href":"https:\/\/yebodaglass.com\/it\/wp-json\/wp\/v2\/product_tag?post=22238"}],"curies":[{"name":"wp","href":"https:\/\/api.w.org\/{rel}","templated":true}]}}