{"id":22237,"date":"2025-10-11T13:14:04","date_gmt":"2025-10-11T05:14:04","guid":{"rendered":"https:\/\/yebodaglass.com\/?post_type=product&#038;p=22237"},"modified":"2025-10-11T16:34:58","modified_gmt":"2025-10-11T08:34:58","slug":"bulk-stainless-steel-oil-glass-container-with-glass-base","status":"publish","type":"product","link":"https:\/\/yebodaglass.com\/it\/bulk-stainless-steel-oil-glass-container-with-glass-base\/","title":{"rendered":"Contenitore in vetro per olio in acciaio inossidabile sfuso con base in vetro \u2013 200 ml 300 ml 500 ml"},"content":{"rendered":"<p>Questi contenitori in vetro per olio sono dotati di un beccuccio dedicato e sono realizzati in vetro trasparente con dettagli metallici argentati. Sono disponibili in varie dimensioni.<\/p>\n<h2>Caratteristiche del prodotto<\/h2>\n<ul>\n<li><strong>Design contemporaneo e minimalista:<\/strong> La fusione di vetro e metallo, con la sua semplicit\u00e0, si armonizza bene con qualsiasi stile di cucina, rendendo l&#039;articolo un perfetto mix di bellezza e utilit\u00e0.<\/li>\n<li><strong>Beccuccio versatore dedicato:<\/strong> Sono disponibili con vari stili di beccuccio di versamento in metallo, che non solo controllano con precisione il flusso di versamento, ma riducono anche le fuoriuscite e aumentano al massimo la facilit\u00e0 d&#039;uso.<\/li>\n<li><strong>Combinazione vetro-metallo:<\/strong> La met\u00e0 inferiore della bottiglia \u00e8 in vetro trasparente, cos\u00ec da poter vedere facilmente il livello dell&#039;olio rimanente, mentre la met\u00e0 superiore \u00e8 in metallo, il che conferisce un senso di qualit\u00e0 e durevolezza.<\/li>\n<\/ul>\n<h2>Specifiche chiave<\/h2>\n<table style=\"border-collapse: collapse; margin-left: auto; margin-right: auto; width: 642.77pt;\" border=\"0\" width=\"857\" cellspacing=\"0\" cellpadding=\"0\">\n<tbody>\n<tr style=\"height: 13.50pt;\">\n<td style=\"height: 13.50pt; width: 99.75pt;\" width=\"133\" height=\"18\">Caratteristica<\/td>\n<td style=\"width: 543.00pt;\" width=\"724\">Specifica<\/td>\n<\/tr>\n<tr style=\"height: 13.50pt;\">\n<td style=\"height: 13.50pt;\" height=\"18\">Dimensioni<\/td>\n<td>3,0\u00d76,5\u00d715,0 cm (200 ml), 3,0\u00d76,5\u00d721,0 cm (300 ml), 3,0\u00d77,4\u00d724,7 cm (500 ml)<\/td>\n<\/tr>\n<tr style=\"height: 13.50pt;\">\n<td style=\"height: 13.50pt;\" height=\"18\">Materiale<\/td>\n<td>Corpo in vetro trasparente, beccuccio in acciaio inossidabile<\/td>\n<\/tr>\n<tr style=\"height: 13.50pt;\">\n<td style=\"height: 13.50pt;\" height=\"18\">Opzioni del coperchio<\/td>\n<td>Beccuccio in acciaio inox con tappo a ribalta, tappo solido<\/td>\n<\/tr>\n<tr style=\"height: 13.50pt;\">\n<td style=\"height: 13.50pt;\" height=\"18\">Ideale per<\/td>\n<td>Olio d&#039;oliva, aceto, condimenti, set per olio e aceto<\/td>\n<\/tr>\n<tr style=\"height: 13.50pt;\">\n<td style=\"height: 13.50pt;\" height=\"18\">Uso ideale<\/td>\n<td>Bottiglia per olio in acciaio inossidabile, contenitore per cucina, contenitore per olio in vetro all&#039;ingrosso<\/td>\n<\/tr>\n<\/tbody>\n<\/table>\n<h2>Storia di successo: una scelta trasformativa per il settore della ristorazione<\/h2>\n<p>L&#039;azienda di catering di medie dimensioni era delusa dal continuo utilizzo di bottiglie di olio delicate e che perdevano. Dopo il passaggio alle nostre bottiglie di olio in vetro sfuse, tutto \u00e8 cambiato. Innanzitutto, le bottiglie in acciaio inossidabile erano resistenti, poich\u00e9 il numero di rotture si \u00e8 ridotto del 40%. In secondo luogo, il beccuccio di precisione permetteva agli chef di aggiungere facilmente olio o aceto, con un notevole risparmio di tempo durante la pulizia. In primo luogo, i consumatori erano entusiasti dell&#039;aspetto moderno della bottiglia e, di conseguenza, gli acquisti ripetuti sono aumentati del 25%. Infatti, alcuni di loro ci dicono anche di voler acquistare pi\u00f9 bottiglie per le loro case! Attualmente, il nostro team di catering effettua un ordine all&#039;ingrosso ogni trimestre.<\/p>\n<h2>Idee di personalizzazione<\/h2>\n<p>Vuoi rendere unica la tua bottiglia di olio in vetro? Prova queste trasformazioni!<\/p>\n<ul>\n<li>Tinte colorate per il vetro: tingere il vetro trasparente di un verde tenue o di un blu (invece del semplice trasparente) per abbinarlo ai colori del marchio delle bottiglie di olio d&#039;oliva.<\/li>\n<li>Loghi smerigliati: crea un&#039;area smerigliata sul vetro per i loghi dei tuoi clienti: avr\u00e0 un aspetto raffinato e non si staccher\u00e0 come gli adesivi.<\/li>\n<li>Linee di riempimento incise al laser: marcatori in ml impressi sul vetro. Facilitano l&#039;imbottigliamento e offrono agli utenti un controllo preciso.<\/li>\n<\/ul>\n<p>Pronti ad arricchire la vostra selezione di bottiglie d&#039;olio? Contattateci oggi stesso per discutere del vostro ordine all&#039;ingrosso o delle vostre esigenze di personalizzazione: siamo qui per aiutarvi a raggiungere il successo!<\/p>","protected":false},"excerpt":{"rendered":"<p>Moderno contenitore in vetro per olio con coperchio e beccuccio in acciaio inox. Resistente, personalizzabile e ideale per il branding in cucina. Sconti per quantit\u00e0 disponibili.<\/p>","protected":false},"featured_media":22262,"template":"","meta":[],"product_brand":[],"product_cat":[122,123,126],"product_tag":[],"class_list":{"0":"post-22237","1":"product","2":"type-product","3":"status-publish","4":"has-post-thumbnail","6":"product_cat-custom-glass-packaging","7":"product_cat-custom-glass-bottles","8":"product_cat-olive-oil-bottles","10":"first","11":"instock","12":"shipping-taxable","13":"product-type-simple"},"jetpack_sharing_enabled":true,"_links":{"self":[{"href":"https:\/\/yebodaglass.com\/it\/wp-json\/wp\/v2\/product\/22237","targetHints":{"allow":["GET"]}}],"collection":[{"href":"https:\/\/yebodaglass.com\/it\/wp-json\/wp\/v2\/product"}],"about":[{"href":"https:\/\/yebodaglass.com\/it\/wp-json\/wp\/v2\/types\/product"}],"version-history":[{"count":5,"href":"https:\/\/yebodaglass.com\/it\/wp-json\/wp\/v2\/product\/22237\/revisions"}],"predecessor-version":[{"id":22270,"href":"https:\/\/yebodaglass.com\/it\/wp-json\/wp\/v2\/product\/22237\/revisions\/22270"}],"wp:featuredmedia":[{"embeddable":true,"href":"https:\/\/yebodaglass.com\/it\/wp-json\/wp\/v2\/media\/22262"}],"wp:attachment":[{"href":"https:\/\/yebodaglass.com\/it\/wp-json\/wp\/v2\/media?parent=22237"}],"wp:term":[{"taxonomy":"product_brand","embeddable":true,"href":"https:\/\/yebodaglass.com\/it\/wp-json\/wp\/v2\/product_brand?post=22237"},{"taxonomy":"product_cat","embeddable":true,"href":"https:\/\/yebodaglass.com\/it\/wp-json\/wp\/v2\/product_cat?post=22237"},{"taxonomy":"product_tag","embeddable":true,"href":"https:\/\/yebodaglass.com\/it\/wp-json\/wp\/v2\/product_tag?post=22237"}],"curies":[{"name":"wp","href":"https:\/\/api.w.org\/{rel}","templated":true}]}}