{"id":22178,"date":"2025-10-10T17:32:34","date_gmt":"2025-10-10T09:32:34","guid":{"rendered":"https:\/\/yebodaglass.com\/?post_type=product&#038;p=22178"},"modified":"2026-03-19T14:42:13","modified_gmt":"2026-03-19T06:42:13","slug":"clear-wide-mouth-mason-jar-with-lid-bulk","status":"publish","type":"product","link":"https:\/\/yebodaglass.com\/it\/prodotto\/clear-wide-mouth-mason-jar-with-lid-bulk\/","title":{"rendered":"Barattolo Mason trasparente a bocca larga da 220 ml \u2013 480 ml con coperchio, confezione multipla"},"content":{"rendered":"<p>Questo barattolo Mason a bocca larga con coperchio presenta un elegante corpo in vetro trasparente dai lati piatti e un&#039;ampia apertura, abbinato a coperchi in metallo audaci e accattivanti nei colori rosso, nero, rame e oro. Il contenuto \u00e8 chiaramente visibile attraverso il corpo trasparente.<\/p>\n<h2>Caratteristiche del prodotto<\/h2>\n<ul>\n<li><strong>Barattolo di vetro classico a lati dritti:<\/strong> Si tratta di una forma cilindrica di base, resistente e robusta, facile da pulire e che offre una chiara visione del prodotto all&#039;interno.<\/li>\n<li><strong>Coperchi intercambiabili in metallo colorato:<\/strong> I tappi a vite sono disponibili nei colori rosso, nero, rame o oro per garantire una chiusura ermetica e una personalizzazione unica.<\/li>\n<li><strong>Vetro di visualizzazione cristallino:<\/strong> \u00c8 proprio questo vetro ad alta trasparenza che rende questi vasetti ideali per la vendita al dettaglio, poich\u00e9 la qualit\u00e0 del prodotto e il colore sono perfettamente visibili attraverso il vetro.<\/li>\n<\/ul>\n<h2><strong data-spm-anchor-id=\"5176.28103460.0.i28.29ab2e31SnOOuR\">Specifiche chiave<\/strong><\/h2>\n<table style=\"border-collapse: collapse; width: 80%; margin-left: auto; margin-right: auto;\" border=\"0\" width=\"360\" cellspacing=\"0\" cellpadding=\"0\">\n<tbody>\n<tr style=\"height: 13.50pt;\">\n<td style=\"height: 13.5pt; width: 54pt; text-align: center;\" width=\"72\" height=\"18\">Modello<\/td>\n<td style=\"width: 54pt; text-align: center;\" width=\"72\">Capacit\u00e0 (ml)<\/td>\n<td style=\"width: 54pt; text-align: center;\" width=\"72\">Dimensioni (cm)<\/td>\n<td style=\"width: 54pt; text-align: center;\" width=\"72\">Opzioni di colore<\/td>\n<td style=\"width: 54pt; text-align: center;\" width=\"72\">Forma<\/td>\n<\/tr>\n<tr style=\"height: 13.50pt;\">\n<td style=\"height: 13.5pt; text-align: center;\" align=\"right\" height=\"18\">63022046<\/td>\n<td style=\"text-align: center;\" align=\"right\">220<\/td>\n<td style=\"text-align: center;\">9.3&#215;5.2<\/td>\n<td class=\"et2\" style=\"text-align: center;\" rowspan=\"4\">Cancella (personalizzato)<\/td>\n<td class=\"et2\" style=\"text-align: center;\" rowspan=\"4\">Bottiglia rotonda corta e grassa<\/td>\n<\/tr>\n<tr style=\"height: 13.50pt;\">\n<td style=\"height: 13.5pt; text-align: center;\" align=\"right\" height=\"18\">63028047<\/td>\n<td style=\"text-align: center;\" align=\"right\">280<\/td>\n<td style=\"text-align: center;\">9.3&#215;6.6<\/td>\n<\/tr>\n<tr style=\"height: 13.50pt;\">\n<td style=\"height: 13.5pt; text-align: center;\" align=\"right\" height=\"18\">63037048<\/td>\n<td style=\"text-align: center;\" align=\"right\">370<\/td>\n<td style=\"text-align: center;\">9.3&#215;8.0<\/td>\n<\/tr>\n<tr style=\"height: 13.50pt;\">\n<td style=\"height: 13.5pt; text-align: center;\" align=\"right\" height=\"18\">63048049<\/td>\n<td style=\"text-align: center;\" align=\"right\">480<\/td>\n<td style=\"text-align: center;\">9.3&#215;9.6<\/td>\n<\/tr>\n<\/tbody>\n<\/table>\n<h2>Caso di successo<\/h2>\n<p>I nostri barattoli di vetro da 227 ml con coperchio sono stati scelti da un&#039;azienda texana produttrice di salse piccanti, che ha poi realizzato una serigrafia in stile retr\u00f2 per il corpo del barattolo, con un coperchio nero opaco. Questa confezione di alta gamma ha riscosso un enorme successo: grazie al suo aspetto elegante e ben visibile sugli scaffali, l&#039;azienda \u00e8 entrata in 500 nuovi negozi di alimentari specializzati e il design distintivo del barattolo ha generato il 300% in pi\u00f9 di contenuti social media. Sulla scia di questo successo, l&#039;azienda ha effettuato un altro ordine di 200.000 barattoli della sua nuova linea di sottaceti piccanti e miscele per bevande.<\/p>\n<h2>Barattoli di vetro Mason con coperchio: consigli per la personalizzazione<\/h2>\n<ul>\n<li>Stampa diretta su vetro: stampa grafica, loghi o informazioni nutrizionali a colori in modo permanente direttamente sul vetro, per un aspetto elegante e senza etichette.<\/li>\n<li>Tacche di misurazione in rilievo: Si ottengono delle tacche di misurazione in rilievo (tazze, once, millilitri) che vengono aggiunte al lato del barattolo, in modo da poterle riutilizzare facilmente in cucina.<\/li>\n<li>Accessori speciali per il coperchio: Forniamo coperchi che possono trasformare il barattolo in uno shaker, un beccuccio versatore, un coperchio per bere o una valvola di fermentazione.<\/li>\n<\/ul>","protected":false},"excerpt":{"rendered":"<p>Barattolo in vetro Mason di alta qualit\u00e0 con ampia apertura e coperchio, con ottima tenuta. Barattoli in vetro Mason con coperchio, perfetti per la conservazione di grandi quantit\u00e0 di prodotti e per il confezionamento al dettaglio. Disponibili in pronta consegna.<\/p>","protected":false},"featured_media":25520,"template":"","meta":[],"product_brand":[],"product_cat":[122,124,125],"product_tag":[],"class_list":{"0":"post-22178","1":"product","2":"type-product","3":"status-publish","4":"has-post-thumbnail","6":"product_cat-custom-glass-packaging","7":"product_cat-custom-glass-jars","8":"product_cat-mason-glass-jars","10":"first","11":"instock","12":"shipping-taxable","13":"product-type-simple"},"jetpack_sharing_enabled":true,"_links":{"self":[{"href":"https:\/\/yebodaglass.com\/it\/wp-json\/wp\/v2\/product\/22178","targetHints":{"allow":["GET"]}}],"collection":[{"href":"https:\/\/yebodaglass.com\/it\/wp-json\/wp\/v2\/product"}],"about":[{"href":"https:\/\/yebodaglass.com\/it\/wp-json\/wp\/v2\/types\/product"}],"version-history":[{"count":5,"href":"https:\/\/yebodaglass.com\/it\/wp-json\/wp\/v2\/product\/22178\/revisions"}],"predecessor-version":[{"id":25523,"href":"https:\/\/yebodaglass.com\/it\/wp-json\/wp\/v2\/product\/22178\/revisions\/25523"}],"wp:featuredmedia":[{"embeddable":true,"href":"https:\/\/yebodaglass.com\/it\/wp-json\/wp\/v2\/media\/25520"}],"wp:attachment":[{"href":"https:\/\/yebodaglass.com\/it\/wp-json\/wp\/v2\/media?parent=22178"}],"wp:term":[{"taxonomy":"product_brand","embeddable":true,"href":"https:\/\/yebodaglass.com\/it\/wp-json\/wp\/v2\/product_brand?post=22178"},{"taxonomy":"product_cat","embeddable":true,"href":"https:\/\/yebodaglass.com\/it\/wp-json\/wp\/v2\/product_cat?post=22178"},{"taxonomy":"product_tag","embeddable":true,"href":"https:\/\/yebodaglass.com\/it\/wp-json\/wp\/v2\/product_tag?post=22178"}],"curies":[{"name":"wp","href":"https:\/\/api.w.org\/{rel}","templated":true}]}}