{"id":22169,"date":"2025-10-10T16:03:40","date_gmt":"2025-10-10T08:03:40","guid":{"rendered":"https:\/\/yebodaglass.com\/?post_type=product&#038;p=22169"},"modified":"2026-03-24T11:32:52","modified_gmt":"2026-03-24T03:32:52","slug":"bulk-cooking-vinegar-oil-dispensers-with-measuring-spout","status":"publish","type":"product","link":"https:\/\/yebodaglass.com\/it\/bulk-cooking-vinegar-oil-dispensers-with-measuring-spout\/","title":{"rendered":"Distributori di olio e aceto da cucina sfusi da 300 ml e 500 ml con beccuccio dosatore"},"content":{"rendered":"<p>Questi dosatori per aceto e olio hanno una bottiglia cilindrica in vetro trasparente sulla cui sommit\u00e0 sono presenti delle tacche graduate argentate e una finestra graduata per versare l&#039;olio da cucina.<\/p>\n<h2>Caratteristiche del prodotto<\/h2>\n<ul>\n<li><strong>Dispositivo di dosaggio graduato:<\/strong> La parte superiore con tacche graduate consente un controllo preciso del flusso; in questo modo l&#039;utente \u00e8 in grado di erogare l&#039;olio nella quantit\u00e0 desiderata.<\/li>\n<li><strong>Coperchio basculante-apribile:<\/strong> L&#039;esclusivo design con apertura inclinata consente un migliore accesso al contenuto e rende il versamento pi\u00f9 pratico.<\/li>\n<li><strong>Vetro trasparente:<\/strong> Un bicchiere semplice e grazioso consente all&#039;utente di monitorare visivamente la quantit\u00e0 di olio rimasta nella bottiglia e quando \u00e8 necessario rabboccarla.<\/li>\n<\/ul>\n<h2>Specifiche chiave<\/h2>\n<table style=\"border-collapse: collapse; margin-left: auto; margin-right: auto; width: 448.52pt;\" border=\"0\" width=\"598\" cellspacing=\"0\" cellpadding=\"0\">\n<tbody>\n<tr style=\"height: 13.50pt;\">\n<td style=\"height: 13.50pt; width: 92.25pt;\" width=\"123\" height=\"18\">Caratteristica<\/td>\n<td style=\"width: 356.25pt;\" width=\"475\">Specifica<\/td>\n<\/tr>\n<tr style=\"height: 13.50pt;\">\n<td style=\"height: 13.50pt;\" height=\"18\">Dimensioni<\/td>\n<td>7,5\u00d722 cm (300 ml), 7,5\u00d728 cm (500 ml)<\/td>\n<\/tr>\n<tr style=\"height: 13.50pt;\">\n<td style=\"height: 13.50pt;\" height=\"18\">Materiale<\/td>\n<td>Vetro trasparente ad alta trasparenza<\/td>\n<\/tr>\n<tr style=\"height: 13.50pt;\">\n<td style=\"height: 13.50pt;\" height=\"18\">Forma<\/td>\n<td>Cilindrico<\/td>\n<\/tr>\n<tr style=\"height: 13.50pt;\">\n<td style=\"height: 13.50pt;\" height=\"18\">Tipo di coperchio<\/td>\n<td>Dosatore integrato con scala di misurazione (ml)<\/td>\n<\/tr>\n<tr style=\"height: 13.50pt;\">\n<td style=\"height: 13.50pt;\" height=\"18\">Ideale per<\/td>\n<td>Olio d&#039;oliva, aceto, condimenti, marinate<\/td>\n<\/tr>\n<tr style=\"height: 13.50pt;\">\n<td style=\"height: 13.50pt;\" height=\"18\">Uso ideale<\/td>\n<td>Oliere e acetiere, utensili da cucina, imballaggi all&#039;ingrosso<\/td>\n<\/tr>\n<\/tbody>\n<\/table>\n<h2>Caso di successo: Ricette di precisione per un&#039;azienda di consegna di cibo a domicilio<\/h2>\n<p>Uno dei principali servizi di consegna di cibo a domicilio ha scelto il nostro dispenser per olio da cucina, personalizzandolo con un logo serigrafato e dosatori da 1 cucchiaio. Il sistema di dosaggio ha permesso di misurare le quantit\u00e0 di olio in modo pi\u00f9 preciso, riducendo del 25% gli errori di misurazione dovuti a un dosaggio errato. Inoltre, il vetro utilizzato si \u00e8 dimostrato resistente, garantendo un tasso di rottura inferiore all&#039;1% durante il trasporto. Grazie alla sua notevole efficienza, l&#039;azienda ha ordinato un&#039;ulteriore fornitura di 500.000 dispenser, da includere nei pacchetti di consegna di cibo premium e anche come articolo a s\u00e9 stante.<\/p>\n<h2>Suggerimenti per la personalizzazione del tuo distributore di olio e aceto<\/h2>\n<ul>\n<li>Opzioni di vetro colorato: proteggi il tuo olio sostituendo il vetro trasparente con uno ambrato o verde per la sensibilit\u00e0 alla luce.<\/li>\n<li>Tacche di misurazione incise al laser: incidi le linee sul dispenser per creare una scala graduata permanente ed elegante.<\/li>\n<li>Zona di presa testurizzata: aggiungi scanalature verticali vicino alla base per una migliore maneggevolezza, soprattutto con le mani unte.<\/li>\n<li>Trattamento labbra antigoccia: applicare una micro-smussatura sul beccuccio per eliminare le ultime gocce<\/li>\n<\/ul>\n<p>Rendiamo la tua prossima bottiglia di vetro pi\u00f9 di un semplice contenitore. Rendiamola un&#039;opera d&#039;arte dal design intelligente.<\/p>","protected":false},"excerpt":{"rendered":"<p>Moderne bottiglie dosatrici per olio e aceto con misurino e coperchio basculante. Perfette per l&#039;uso in cucina. Campioni gratuiti. Ordina all&#039;ingrosso per le migliori offerte.<\/p>","protected":false},"featured_media":22172,"template":"","meta":[],"product_brand":[],"product_cat":[126,123,122],"product_tag":[],"class_list":{"0":"post-22169","1":"product","2":"type-product","3":"status-publish","4":"has-post-thumbnail","6":"product_cat-olive-oil-bottles","7":"product_cat-custom-glass-bottles","8":"product_cat-custom-glass-packaging","10":"first","11":"instock","12":"shipping-taxable","13":"product-type-simple"},"jetpack_sharing_enabled":true,"_links":{"self":[{"href":"https:\/\/yebodaglass.com\/it\/wp-json\/wp\/v2\/product\/22169","targetHints":{"allow":["GET"]}}],"collection":[{"href":"https:\/\/yebodaglass.com\/it\/wp-json\/wp\/v2\/product"}],"about":[{"href":"https:\/\/yebodaglass.com\/it\/wp-json\/wp\/v2\/types\/product"}],"version-history":[{"count":4,"href":"https:\/\/yebodaglass.com\/it\/wp-json\/wp\/v2\/product\/22169\/revisions"}],"predecessor-version":[{"id":25578,"href":"https:\/\/yebodaglass.com\/it\/wp-json\/wp\/v2\/product\/22169\/revisions\/25578"}],"wp:featuredmedia":[{"embeddable":true,"href":"https:\/\/yebodaglass.com\/it\/wp-json\/wp\/v2\/media\/22172"}],"wp:attachment":[{"href":"https:\/\/yebodaglass.com\/it\/wp-json\/wp\/v2\/media?parent=22169"}],"wp:term":[{"taxonomy":"product_brand","embeddable":true,"href":"https:\/\/yebodaglass.com\/it\/wp-json\/wp\/v2\/product_brand?post=22169"},{"taxonomy":"product_cat","embeddable":true,"href":"https:\/\/yebodaglass.com\/it\/wp-json\/wp\/v2\/product_cat?post=22169"},{"taxonomy":"product_tag","embeddable":true,"href":"https:\/\/yebodaglass.com\/it\/wp-json\/wp\/v2\/product_tag?post=22169"}],"curies":[{"name":"wp","href":"https:\/\/api.w.org\/{rel}","templated":true}]}}