{"id":22104,"date":"2025-10-10T15:01:45","date_gmt":"2025-10-10T07:01:45","guid":{"rendered":"https:\/\/yebodaglass.com\/?post_type=product&#038;p=22104"},"modified":"2026-03-26T15:44:18","modified_gmt":"2026-03-26T07:44:18","slug":"wholesale-green-oil-olive-bottles-with-cylindrical-shape","status":"publish","type":"product","link":"https:\/\/yebodaglass.com\/it\/wholesale-green-oil-olive-bottles-with-cylindrical-shape\/","title":{"rendered":"Bottiglie di olio d&#039;oliva verde all&#039;ingrosso con forma cilindrica - 250 ml 500 ml 750 ml"},"content":{"rendered":"<p>Questa bottiglia per olio d&#039;oliva ha una forma cilindrica dritta, slanciata e priva di raggi di curvatura. Il corpo della bottiglia \u00e8 realizzato in vetro verde oliva intenso, che offre una buona protezione dalla luce. Il collo \u00e8 filettato e dotato di tappo a vite, disponibile in oro o nero.<\/p>\n<h2>Caratteristiche del prodotto<\/h2>\n<ul>\n<li><strong>Unit\u00e0 di protezione UV:<\/strong> Il vetro verde delle bottiglie d&#039;olio \u00e8 una protezione per l&#039;olio d&#039;oliva al suo interno, poich\u00e9 impedisce che si verifichino scolorimenti e irrancidimenti dovuti ai raggi solari, consentendo cos\u00ec all&#039;olio di conservarsi pi\u00f9 a lungo.<\/li>\n<li><strong>Forma cilindrica sottile:<\/strong> La forma cilindrica sottile non solo fa risparmiare spazio, ma \u00e8 anche molto facile da maneggiare e, di conseguenza, \u00e8 pi\u00f9 facile controllare il flusso del liquido quando lo si versa.<\/li>\n<li><strong>Diverse dimensioni:<\/strong> Offriamo bottiglie di varie dimensioni per soddisfare le vostre esigenze quotidiane, sia di piccole che di grandi volumi.<\/li>\n<\/ul>\n<h2>Specifiche chiave<\/h2>\n<table style=\"border-collapse: collapse; margin-left: auto; margin-right: auto; width: 448.52pt;\" border=\"0\" width=\"598\" cellspacing=\"0\" cellpadding=\"0\">\n<tbody>\n<tr style=\"height: 13.50pt;\">\n<td style=\"height: 13.50pt; width: 92.25pt;\" width=\"123\" height=\"18\">Caratteristica<\/td>\n<td style=\"width: 356.25pt;\" width=\"475\">Specifica<\/td>\n<\/tr>\n<tr style=\"height: 13.50pt;\">\n<td style=\"height: 13.50pt;\" height=\"18\">Dimensioni<\/td>\n<td>5,0\u00d723,2 cm (250 ml), 6,1\u00d728 cm (500 ml), 6,9\u00d730,9 cm (750 ml)<\/td>\n<\/tr>\n<tr style=\"height: 13.50pt;\">\n<td style=\"height: 13.50pt;\" height=\"18\">Misura del collo<\/td>\n<td>filettatura 19x30mm<\/td>\n<\/tr>\n<tr style=\"height: 13.50pt;\">\n<td style=\"height: 13.50pt;\" height=\"18\">Materiale<\/td>\n<td>Vetro verde con protezione UV<\/td>\n<\/tr>\n<tr style=\"height: 13.50pt;\">\n<td style=\"height: 13.50pt;\" height=\"18\">Forma<\/td>\n<td>Cilindrico alto (vetro rotondo)<\/td>\n<\/tr>\n<tr style=\"height: 13.50pt;\">\n<td style=\"height: 13.50pt;\" height=\"18\">Ideale per<\/td>\n<td>Olio d&#039;oliva, olio da cucina, condimenti<\/td>\n<\/tr>\n<\/tbody>\n<\/table>\n<h2>Caso di successo<\/h2>\n<p>Un&#039;azienda olearia a conduzione familiare spagnola ha scelto la nostra bottiglia verde da 750 ml con tappo dorato su cui sono incisi a laser la data di raccolta e il codice del lotto. Il corpo in vetro resistente ai raggi UV, unito all&#039;accurata identificazione del lotto, ha permesso all&#039;azienda di ridurre del 42% le perdite dovute alla scadenza delle scorte, mentre l&#039;imballaggio di alta qualit\u00e0 ha incrementato del 20% i profitti derivanti dalle esportazioni. Il produttore ha ordinato 200.000 bottiglie della sua nuova serie di olio d&#039;oliva da vendemmia precoce, che ha riscosso un grande successo, generando ulteriori ordini.<\/p>\n<h2>Suggerimenti per personalizzare le bottiglie di vetro per olio e olive<\/h2>\n<ul>\n<li>Bottiglia satinata: sabbiare l&#039;intera superficie per una finitura morbida e opaca. Mantenere il colore verde, ma conferire un tocco di tendenza e texture.<\/li>\n<li>Base strutturata: posiziona degli anelli concentrici o un motivo a raggiera sul fondo della bottiglia, creando un motivo ricco e strutturato che conferisce al contempo un aspetto unico.<\/li>\n<li>Spalla smussata: crea una curva inclinata dal collo al corpo del contenitore. Questa semplice caratteristica aggiunge glamour, lasciando passare la luce in modo perfetto.<\/li>\n<li>Incisione laser: sfrutta la precisione del laser e incidi il logo del tuo marchio o qualsiasi immagine direttamente sul vetro.<\/li>\n<\/ul>","protected":false},"excerpt":{"rendered":"<p>Bottiglie in vetro verde scuro per olio d&#039;oliva con tappo a vite, che preservano la qualit\u00e0 dell&#039;olio. Ideali per olio d&#039;oliva, olio da cucina e oli pregiati. Fornitura diretta dalla fabbrica.<\/p>","protected":false},"featured_media":25642,"template":"","meta":[],"product_brand":[],"product_cat":[126,123,122],"product_tag":[],"class_list":{"0":"post-22104","1":"product","2":"type-product","3":"status-publish","4":"has-post-thumbnail","6":"product_cat-olive-oil-bottles","7":"product_cat-custom-glass-bottles","8":"product_cat-custom-glass-packaging","10":"first","11":"instock","12":"shipping-taxable","13":"product-type-simple"},"jetpack_sharing_enabled":true,"_links":{"self":[{"href":"https:\/\/yebodaglass.com\/it\/wp-json\/wp\/v2\/product\/22104","targetHints":{"allow":["GET"]}}],"collection":[{"href":"https:\/\/yebodaglass.com\/it\/wp-json\/wp\/v2\/product"}],"about":[{"href":"https:\/\/yebodaglass.com\/it\/wp-json\/wp\/v2\/types\/product"}],"version-history":[{"count":5,"href":"https:\/\/yebodaglass.com\/it\/wp-json\/wp\/v2\/product\/22104\/revisions"}],"predecessor-version":[{"id":25556,"href":"https:\/\/yebodaglass.com\/it\/wp-json\/wp\/v2\/product\/22104\/revisions\/25556"}],"wp:featuredmedia":[{"embeddable":true,"href":"https:\/\/yebodaglass.com\/it\/wp-json\/wp\/v2\/media\/25642"}],"wp:attachment":[{"href":"https:\/\/yebodaglass.com\/it\/wp-json\/wp\/v2\/media?parent=22104"}],"wp:term":[{"taxonomy":"product_brand","embeddable":true,"href":"https:\/\/yebodaglass.com\/it\/wp-json\/wp\/v2\/product_brand?post=22104"},{"taxonomy":"product_cat","embeddable":true,"href":"https:\/\/yebodaglass.com\/it\/wp-json\/wp\/v2\/product_cat?post=22104"},{"taxonomy":"product_tag","embeddable":true,"href":"https:\/\/yebodaglass.com\/it\/wp-json\/wp\/v2\/product_tag?post=22104"}],"curies":[{"name":"wp","href":"https:\/\/api.w.org\/{rel}","templated":true}]}}