{"id":22079,"date":"2025-10-09T16:44:16","date_gmt":"2025-10-09T08:44:16","guid":{"rendered":"https:\/\/yebodaglass.com\/?post_type=product&#038;p=22079"},"modified":"2026-03-26T15:22:44","modified_gmt":"2026-03-26T07:22:44","slug":"wholesale-clear-olive-oil-bottle-for-kitchen","status":"publish","type":"product","link":"https:\/\/yebodaglass.com\/it\/wholesale-clear-olive-oil-bottle-for-kitchen\/","title":{"rendered":"Bottiglie per olio d&#039;oliva trasparenti all&#039;ingrosso per la cucina da 250 ml, 500 ml, 750 ml e 1000 ml"},"content":{"rendered":"<p>Si tratta di bottiglie di olio d&#039;oliva trasparenti, dalla forma cilindrica liscia e allungata, realizzate in vetro cristallino e disponibili in diverse dimensioni con tappi a vite neri o verdi.<\/p>\n<h2>Caratteristiche del prodotto<\/h2>\n<ul>\n<li><strong>Diverse opzioni di capacit\u00e0:<\/strong> Sono disponibili 4 altezze diverse per soddisfare esigenze differenti, come ad esempio test su piccoli campioni, riempimento quotidiano in ambito domestico e commerciale\/ristorazione.<\/li>\n<li><strong>Soluzioni con tappi a vite bicolore:<\/strong> \u00c8 dotato di tappi a vite neri e verdi per garantire un&#039;ottima tenuta.<\/li>\n<li><strong>Forma della bottiglia: cilindrica e sottile.<\/strong> La forma cilindrica e slanciata della bottiglia offre una buona presa e facilita il versamento, consentendo al contempo di risparmiare spazio durante lo stoccaggio e il trasporto.<\/li>\n<\/ul>\n<h2 style=\"text-align: left;\">Specifiche chiave<\/h2>\n<table class=\"aligncenter\" style=\"border-collapse: collapse; width: 534.02pt;\" border=\"0\" width=\"712\" cellspacing=\"0\" cellpadding=\"0\">\n<tbody>\n<tr style=\"height: 13.50pt;\">\n<td style=\"height: 13.50pt; width: 69.75pt;\" width=\"93\" height=\"18\">Caratteristica<\/td>\n<td style=\"width: 464.25pt;\" width=\"619\">Specifica<\/td>\n<\/tr>\n<tr style=\"height: 13.50pt;\">\n<td style=\"height: 13.50pt;\" height=\"18\">Dimensioni<\/td>\n<td>5\u00d723,2 cm (250 ml), 6,1\u00d728 cm (500 ml), 6,9\u00d731,2 cm (750 ml), 7,8\u00d732,5 cm (1000 ml)<\/td>\n<\/tr>\n<tr style=\"height: 13.50pt;\">\n<td style=\"height: 13.50pt;\" height=\"18\">Misura del collo<\/td>\n<td>19\u00d730mm (filettatura standard)<\/td>\n<\/tr>\n<tr style=\"height: 13.50pt;\">\n<td style=\"height: 13.50pt;\" height=\"18\">Materiale<\/td>\n<td>Vetro trasparente<\/td>\n<\/tr>\n<tr style=\"height: 13.50pt;\">\n<td style=\"height: 13.50pt;\" height=\"18\">Forma<\/td>\n<td>Cilindrico<\/td>\n<\/tr>\n<tr style=\"height: 13.50pt;\">\n<td style=\"height: 13.50pt;\" height=\"18\">Opzioni del coperchio<\/td>\n<td>Tappo a vite solido, beccuccio versatore, erogatore a pompa<\/td>\n<\/tr>\n<tr style=\"height: 13.50pt;\">\n<td style=\"height: 13.50pt;\" height=\"18\">Ideale per<\/td>\n<td>olio d&#039;oliva, aceto, salse<\/td>\n<\/tr>\n<\/tbody>\n<\/table>\n<h2>Storia di successo<\/h2>\n<p>Le nostre bottiglie di olio per la cucina sono state selezionate da un olivicoltore californiano e dotate di tappi speciali con beccuccio in vetro incorporato. Le bottiglie personalizzate hanno aggiunto un valore inestimabile: il vetro cristallino ha esaltato perfettamente il colore pregiato dell&#039;olio d&#039;oliva e, a detta dell&#039;azienda, questo ha contribuito ad aumentare del 25% gli acquisti d&#039;impulso nei mercati contadini. Si \u00e8 registrata una riduzione media del 30% delle fuoriuscite di olio grazie ai tappi con beccuccio. Sulla base di questo successo, l&#039;azienda ha recentemente ordinato altre 120.000 bottiglie della sua nuova linea di olio aromatizzato e ha stretto una collaborazione con una catena di hotel di lusso per la creazione di set regalo.<\/p>\n<h2>Personalizzazione di bottiglie trasparenti per olio d&#039;oliva<\/h2>\n<ul>\n<li>Lavaggio acido opaco: dona all&#039;intera superficie una finitura morbida e satinata. \u00c8 un prodotto prezioso e nasconde le impronte digitali.<\/li>\n<li>Sabbiatura del logo: incidi il tuo logo sul pannello frontale. \u00c8 permanente e rappresenta un&#039;opera d&#039;arte di alta qualit\u00e0.<\/li>\n<li>Controllo della profondit\u00e0 della tinta: scegli un verde pi\u00f9 scuro del verde standard per una maggiore protezione dai raggi UV e un look pi\u00f9 audace.<\/li>\n<\/ul>\n<p>Siamo produttori. Ci\u00f2 significa che non pagherai extra per queste modifiche. Le integriamo nella tua produzione all&#039;ingrosso fin dal primo giorno.<\/p>","protected":false},"excerpt":{"rendered":"<p>Bottiglie per olio d&#039;oliva di alta qualit\u00e0, trasparenti e resistenti. Ideali per la cucina e la conservazione degli alimenti. Spedizione rapida e prezzi all&#039;ingrosso disponibili.<\/p>","protected":false},"featured_media":25640,"template":"","meta":[],"product_brand":[],"product_cat":[126,123,122],"product_tag":[],"class_list":{"0":"post-22079","1":"product","2":"type-product","3":"status-publish","4":"has-post-thumbnail","6":"product_cat-olive-oil-bottles","7":"product_cat-custom-glass-bottles","8":"product_cat-custom-glass-packaging","10":"first","11":"instock","12":"shipping-taxable","13":"product-type-simple"},"jetpack_sharing_enabled":true,"_links":{"self":[{"href":"https:\/\/yebodaglass.com\/it\/wp-json\/wp\/v2\/product\/22079","targetHints":{"allow":["GET"]}}],"collection":[{"href":"https:\/\/yebodaglass.com\/it\/wp-json\/wp\/v2\/product"}],"about":[{"href":"https:\/\/yebodaglass.com\/it\/wp-json\/wp\/v2\/types\/product"}],"version-history":[{"count":5,"href":"https:\/\/yebodaglass.com\/it\/wp-json\/wp\/v2\/product\/22079\/revisions"}],"predecessor-version":[{"id":25569,"href":"https:\/\/yebodaglass.com\/it\/wp-json\/wp\/v2\/product\/22079\/revisions\/25569"}],"wp:featuredmedia":[{"embeddable":true,"href":"https:\/\/yebodaglass.com\/it\/wp-json\/wp\/v2\/media\/25640"}],"wp:attachment":[{"href":"https:\/\/yebodaglass.com\/it\/wp-json\/wp\/v2\/media?parent=22079"}],"wp:term":[{"taxonomy":"product_brand","embeddable":true,"href":"https:\/\/yebodaglass.com\/it\/wp-json\/wp\/v2\/product_brand?post=22079"},{"taxonomy":"product_cat","embeddable":true,"href":"https:\/\/yebodaglass.com\/it\/wp-json\/wp\/v2\/product_cat?post=22079"},{"taxonomy":"product_tag","embeddable":true,"href":"https:\/\/yebodaglass.com\/it\/wp-json\/wp\/v2\/product_tag?post=22079"}],"curies":[{"name":"wp","href":"https:\/\/api.w.org\/{rel}","templated":true}]}}