{"id":22032,"date":"2025-10-09T11:57:30","date_gmt":"2025-10-09T03:57:30","guid":{"rendered":"https:\/\/yebodaglass.com\/?post_type=product&#038;p=22032"},"modified":"2026-03-26T14:47:01","modified_gmt":"2026-03-26T06:47:01","slug":"wholesale-clear-olive-oil-dispenser-bottles-with-square-base-150ml-250ml-500ml","status":"publish","type":"product","link":"https:\/\/yebodaglass.com\/it\/wholesale-clear-olive-oil-dispenser-bottles-with-square-base-150ml-250ml-500ml\/","title":{"rendered":"Bottiglie di olio d&#039;oliva trasparenti all&#039;ingrosso con base quadrata - 150 ml 250 ml 500 ml"},"content":{"rendered":"<p>It is a functional as well as a modern glass framed set of oil dispensers bottles in a transparent square shape. Constructed of glass of extreme clarity, the bottle is designed with clean straight lines and the profile of bare squares with minimalist appearance, rich in a premium and professional look that will suit retail and hospitality venues.<\/p>\n<h2>Caratteristiche del prodotto<\/h2>\n<ul>\n<li><strong>Disponibile in diverse capacit\u00e0:<\/strong> Grandi, medie e piccole per soddisfare le esigenze di molteplici situazioni, come cucinare in famiglia a casa, in un ristorante o in viaggio.<\/li>\n<li><strong>Beccuccio versatore autosigillante:<\/strong> Questo modello \u00e8 dotato di una valvola a molla che permette di versare in modo controllato inclinando il contenitore e si chiude automaticamente per evitare gocciolamenti e perdite.<\/li>\n<li><strong>Bottiglia dalla forma quadrata arrotondata:<\/strong> Bottles of this shape have another advantage, the square shape makes the bottle a comfortable and non-slip grip and also they can be stacked and save the space in the kitchen store.<\/li>\n<\/ul>\n<h2 style=\"text-align: left;\">Specifiche chiave<\/h2>\n<table class=\"aligncenter\" style=\"border-collapse: collapse; width: 429.77pt;\" border=\"0\" width=\"573\" cellspacing=\"0\" cellpadding=\"0\">\n<tbody>\n<tr style=\"height: 13.50pt;\">\n<td style=\"height: 13.50pt; width: 69.75pt;\" width=\"93\" height=\"18\">Caratteristica<\/td>\n<td style=\"width: 360.00pt;\" width=\"480\">Specifica<\/td>\n<\/tr>\n<tr style=\"height: 13.50pt;\">\n<td style=\"height: 13.50pt;\" height=\"18\">Dimensioni<\/td>\n<td>4,8\u00d74,8\u00d715,8 cm (150 ml), 4,7\u00d74,7\u00d721 cm (250 ml), 5,8\u00d75,8\u00d726,1 cm (500 ml)<\/td>\n<\/tr>\n<tr style=\"height: 13.50pt;\">\n<td style=\"height: 13.50pt;\" height=\"18\">Misura del collo<\/td>\n<td>17\u00d729mm<\/td>\n<\/tr>\n<tr style=\"height: 13.50pt;\">\n<td style=\"height: 13.50pt;\" height=\"18\">Materiale<\/td>\n<td>Lead-free Soda-lime Transparent Glass<\/td>\n<\/tr>\n<tr style=\"height: 13.50pt;\">\n<td style=\"height: 13.50pt;\" height=\"18\">Forma<\/td>\n<td>Square base<\/td>\n<\/tr>\n<tr style=\"height: 13.50pt;\">\n<td style=\"height: 13.50pt;\" height=\"18\">Ideale per<\/td>\n<td>Olio d&#039;oliva, aceto, condimenti, oli gourmet<\/td>\n<\/tr>\n<tr style=\"height: 13.50pt;\">\n<td style=\"height: 13.50pt;\" height=\"18\">Uso ideale<\/td>\n<td>Imballaggi all&#039;ingrosso, imbottigliamento artigianale, set da cucina al dettaglio<\/td>\n<\/tr>\n<\/tbody>\n<\/table>\n<h2>Storia di successo<\/h2>\n<p>Il nostro dispenser per olio d&#039;oliva da 500 ml con graduazioni serigrafate e beccuccio in acciaio inox \u00e8 stato scelto e personalizzato da un&#039;azienda di forniture per la ristorazione del Midwest. Il beccuccio erogatore automatico contribuisce a ridurre del 15% lo spreco di olio in cucina, il design trasparente permette di controllare rapidamente le scorte e, di conseguenza, riduce del 15% i tempi di rifornimento del prodotto. Grazie alle sue eccezionali prestazioni, l&#039;azienda ha ordinato altre 75.000 bottiglie della sua nuova linea di olio di alta gamma per uso personale, distribuita a ristoranti di lusso.<\/p>\n<h2>Suggerimenti per la personalizzazione del tuo distributore di olio<\/h2>\n<ul>\n<li>Finitura in vetro satinato: la finitura opaca conferisce una sensazione morbida e lussuosa e nasconde piccole impronte digitali.<\/li>\n<li>Opzione vetro colorato: prova il vetro ambrato o marrone per proteggere gli oli sensibili alla luce.<\/li>\n<li>Colore del dispenser personalizzato: sostituisci l&#039;oro con il nero, l&#039;argento o il rame spazzolato per allinearti al marchio.<\/li>\n<li>Logo inciso al laser: contrassegna in modo permanente il tuo logo o le linee del volume direttamente sulla bottiglia di vetro.<\/li>\n<\/ul>\n<p>Queste modifiche mantengono la fattura e la funzionalit\u00e0 di base, ma rendono le tue bottiglie per l&#039;olio d&#039;oliva inconfondibilmente tue.<\/p>","protected":false},"excerpt":{"rendered":"<p>Bottiglie dispenser per olio d&#039;oliva in vetro trasparente con base quadrata. Design elegante, ideali per ordini all&#039;ingrosso e per la personalizzazione del marchio. Campioni gratuiti e consegna rapida disponibili.<\/p>","protected":false},"featured_media":25639,"template":"","meta":[],"product_brand":[],"product_cat":[126,123,122],"product_tag":[],"class_list":{"0":"post-22032","1":"product","2":"type-product","3":"status-publish","4":"has-post-thumbnail","6":"product_cat-olive-oil-bottles","7":"product_cat-custom-glass-bottles","8":"product_cat-custom-glass-packaging","10":"first","11":"instock","12":"shipping-taxable","13":"product-type-simple"},"jetpack_sharing_enabled":true,"_links":{"self":[{"href":"https:\/\/yebodaglass.com\/it\/wp-json\/wp\/v2\/product\/22032","targetHints":{"allow":["GET"]}}],"collection":[{"href":"https:\/\/yebodaglass.com\/it\/wp-json\/wp\/v2\/product"}],"about":[{"href":"https:\/\/yebodaglass.com\/it\/wp-json\/wp\/v2\/types\/product"}],"version-history":[{"count":5,"href":"https:\/\/yebodaglass.com\/it\/wp-json\/wp\/v2\/product\/22032\/revisions"}],"predecessor-version":[{"id":25614,"href":"https:\/\/yebodaglass.com\/it\/wp-json\/wp\/v2\/product\/22032\/revisions\/25614"}],"wp:featuredmedia":[{"embeddable":true,"href":"https:\/\/yebodaglass.com\/it\/wp-json\/wp\/v2\/media\/25639"}],"wp:attachment":[{"href":"https:\/\/yebodaglass.com\/it\/wp-json\/wp\/v2\/media?parent=22032"}],"wp:term":[{"taxonomy":"product_brand","embeddable":true,"href":"https:\/\/yebodaglass.com\/it\/wp-json\/wp\/v2\/product_brand?post=22032"},{"taxonomy":"product_cat","embeddable":true,"href":"https:\/\/yebodaglass.com\/it\/wp-json\/wp\/v2\/product_cat?post=22032"},{"taxonomy":"product_tag","embeddable":true,"href":"https:\/\/yebodaglass.com\/it\/wp-json\/wp\/v2\/product_tag?post=22032"}],"curies":[{"name":"wp","href":"https:\/\/api.w.org\/{rel}","templated":true}]}}