{"id":22031,"date":"2025-10-09T11:57:24","date_gmt":"2025-10-09T03:57:24","guid":{"rendered":"https:\/\/yebodaglass.com\/?post_type=product&#038;p=22031"},"modified":"2025-10-09T14:54:29","modified_gmt":"2025-10-09T06:54:29","slug":"wholesale-unique-olive-oil-dispensers-with-glass-handle-100ml-250ml-500ml","status":"publish","type":"product","link":"https:\/\/yebodaglass.com\/it\/wholesale-unique-olive-oil-dispensers-with-glass-handle-100ml-250ml-500ml\/","title":{"rendered":"Distributori di olio d&#039;oliva unici all&#039;ingrosso con manico in vetro - 100 ml 250 ml 500 ml"},"content":{"rendered":"<div data-elementor-type=\"product-post\" data-elementor-id=\"22031\" class=\"elementor elementor-22031\" data-elementor-settings=\"{&quot;ha_cmc_init_switcher&quot;:&quot;no&quot;}\" data-elementor-post-type=\"product\">\n\t\t\t\t<div class=\"elementor-element elementor-element-7cc6e53 e-flex e-con-boxed e-con e-parent\" data-id=\"7cc6e53\" data-element_type=\"container\" data-e-type=\"container\" data-settings=\"{&quot;_ha_eqh_enable&quot;:false}\">\n\t\t\t\t\t<div class=\"e-con-inner\">\n\t\t\t\t<div class=\"elementor-element elementor-element-b9ffd68 elementor-widget elementor-widget-text-editor\" data-id=\"b9ffd68\" data-element_type=\"widget\" data-e-type=\"widget\" data-widget_type=\"text-editor.default\">\n\t\t\t\t<div class=\"elementor-widget-container\">\n\t\t\t\t\t\t\t\t\t<p>Questi dispenser per olio in vetro sono caratterizzati da un esclusivo corpo curvo e da manici in vetro facili da impugnare, e sono realizzati in vetro trasparente. Il loro stile e la loro funzionalit\u00e0 vanno di pari passo, rendendoli il complemento perfetto per la tua cucina.<\/p><h2>Caratteristiche del prodotto<\/h2><ul><li><strong>Con maniglia:<\/strong> Ogni volta, il manico \u00e8 dotato di un piccolo manico in vetro che facilita il rilascio e il versamento, evitando cos\u00ec all&#039;utente la seccatura di dover estrarre l&#039;olio.<\/li><li><strong>Anti-goccia:<\/strong> Grazie al tappo a vite di precisione, queste bottigliette per oli essenziali garantiscono un flusso fluido e costante del liquido. Sono proprio ci\u00f2 di cui hai bisogno per utilizzare al meglio i barattoli delle spezie o il tavolo da pranzo.<\/li><li><strong>Vetro trasparente:<\/strong> Grazie al vetro trasparente \u00e8 possibile vedere l&#039;olio rimasto nella bottiglia, quindi il rabbocco avviene senza problemi.<\/li><\/ul>\t\t\t\t\t\t\t\t<\/div>\n\t\t\t\t<\/div>\n\t\t\t\t<div class=\"elementor-element elementor-element-920ae84 elementor-widget elementor-widget-text-editor\" data-id=\"920ae84\" data-element_type=\"widget\" data-e-type=\"widget\" data-widget_type=\"text-editor.default\">\n\t\t\t\t<div class=\"elementor-widget-container\">\n\t\t\t\t\t\t\t\t\t<h2 style=\"text-align: center;\">Specifiche chiave:<\/h2><table class=\"aligncenter\" style=\"border-collapse: collapse; width: 470.27pt;\" border=\"0\" width=\"627\" cellspacing=\"0\" cellpadding=\"0\"><tbody><tr style=\"height: 13.50pt;\"><td style=\"height: 13.50pt; width: 86.25pt;\" width=\"115\" height=\"18\">Caratteristica<\/td><td style=\"width: 384.00pt;\" width=\"512\">Specifica<\/td><\/tr><tr style=\"height: 13.50pt;\"><td style=\"height: 13.50pt;\" height=\"18\">Dimensioni<\/td><td>5,4\u00d713,9 cm (100 ml), 7,1\u00d717,3 cm (250 ml), 8,8\u00d721,9 cm (500 ml)<\/td><\/tr><tr style=\"height: 13.50pt;\"><td style=\"height: 13.50pt;\" height=\"18\">Materiale<\/td><td>Vetro trasparente ad alta trasparenza<\/td><\/tr><tr style=\"height: 13.50pt;\"><td style=\"height: 13.50pt;\" height=\"18\">Forma<\/td><td>Tondo conico con manico integrato<\/td><\/tr><tr style=\"height: 13.50pt;\"><td style=\"height: 13.50pt;\" height=\"18\">Tipo di coperchio<\/td><td>Coperchio a vite solido<\/td><\/tr><tr style=\"height: 13.50pt;\"><td style=\"height: 13.50pt;\" height=\"18\">Ideale per<\/td><td>Olio d&#039;oliva, aceto, condimenti, oli gourmet<\/td><\/tr><\/tbody><\/table><h2>Storia vera<\/h2><p>Un produttore di piccole quantit\u00e0 di olio d&#039;oliva spremuto a freddo, che vendeva principalmente nei mercati agricoli, possedeva olio d&#039;oliva di alta qualit\u00e0, ma la confezione sembrava solo un&#039;altra bottiglia di vetro sullo scaffale. Optarono per questo esclusivo dispenser per olio d&#039;oliva. Stesso olio d&#039;oliva, bottiglia diversa. Poi, dopo diversi mesi, i clienti iniziarono a menzionarlo come &#034;quello con il manico&#034;. Aveva un aspetto pi\u00f9 elegante, era pi\u00f9 comodo da usare e versare non causava perdite, quindi la gente lo apprezzava.<\/p><h2>Distributori di olio in vetro personalizzati<\/h2><ul><li>Manico satinato: la parte del manico \u00e8 l&#039;unica ad essere sabbiata per garantire una presa morbida e antiscivolo che contrasta piacevolmente con la bottiglia trasparente.<\/li><li>Marcatura incisa: un piccolo segno viene aggiunto vicino al collo della bottiglia per indicare il livello di riempimento ideale. Un aspetto professionale e raffinato.<\/li><li>Fondo in rilievo: il logo o la storia del tuo marchio sono impressi sul fondo della bottiglia. Le icone diventano visibili quando la bottiglia \u00e8 quasi vuota, cos\u00ec il tuo marchio \u00e8 proprio l\u00ec, di fronte ai tuoi clienti.<\/li><\/ul>\t\t\t\t\t\t\t\t<\/div>\n\t\t\t\t<\/div>\n\t\t\t\t\t<\/div>\n\t\t\t\t<\/div>\n\t\t\t\t<\/div>","protected":false},"excerpt":{"rendered":"<p>Esclusivi dispenser per olio d&#039;oliva in vetro con maniglia discreta, dal design raffinato, ideali per i marchi di prodotti da cucina. Personalizzabili con campioni gratuiti e sconti per quantit\u00e0.<\/p>","protected":false},"featured_media":22060,"template":"","meta":[],"product_brand":[],"product_cat":[122,123,126],"product_tag":[],"class_list":{"0":"post-22031","1":"product","2":"type-product","3":"status-publish","4":"has-post-thumbnail","6":"product_cat-custom-glass-packaging","7":"product_cat-custom-glass-bottles","8":"product_cat-olive-oil-bottles","10":"first","11":"instock","12":"shipping-taxable","13":"product-type-simple"},"jetpack_sharing_enabled":true,"_links":{"self":[{"href":"https:\/\/yebodaglass.com\/it\/wp-json\/wp\/v2\/product\/22031","targetHints":{"allow":["GET"]}}],"collection":[{"href":"https:\/\/yebodaglass.com\/it\/wp-json\/wp\/v2\/product"}],"about":[{"href":"https:\/\/yebodaglass.com\/it\/wp-json\/wp\/v2\/types\/product"}],"version-history":[{"count":5,"href":"https:\/\/yebodaglass.com\/it\/wp-json\/wp\/v2\/product\/22031\/revisions"}],"predecessor-version":[{"id":22078,"href":"https:\/\/yebodaglass.com\/it\/wp-json\/wp\/v2\/product\/22031\/revisions\/22078"}],"wp:featuredmedia":[{"embeddable":true,"href":"https:\/\/yebodaglass.com\/it\/wp-json\/wp\/v2\/media\/22060"}],"wp:attachment":[{"href":"https:\/\/yebodaglass.com\/it\/wp-json\/wp\/v2\/media?parent=22031"}],"wp:term":[{"taxonomy":"product_brand","embeddable":true,"href":"https:\/\/yebodaglass.com\/it\/wp-json\/wp\/v2\/product_brand?post=22031"},{"taxonomy":"product_cat","embeddable":true,"href":"https:\/\/yebodaglass.com\/it\/wp-json\/wp\/v2\/product_cat?post=22031"},{"taxonomy":"product_tag","embeddable":true,"href":"https:\/\/yebodaglass.com\/it\/wp-json\/wp\/v2\/product_tag?post=22031"}],"curies":[{"name":"wp","href":"https:\/\/api.w.org\/{rel}","templated":true}]}}