{"id":22010,"date":"2025-10-10T09:07:57","date_gmt":"2025-10-10T01:07:57","guid":{"rendered":"https:\/\/yebodaglass.com\/?post_type=product&#038;p=22010"},"modified":"2026-03-18T17:48:37","modified_gmt":"2026-03-18T09:48:37","slug":"wide-mouth-mason-jars-and-lids-canning-jars","status":"publish","type":"product","link":"https:\/\/yebodaglass.com\/it\/prodotto\/wide-mouth-mason-jars-and-lids-canning-jars\/","title":{"rendered":"Barattoli di vetro a bocca larga con coperchi \u2013 Barattoli per conserve da 200 ml a 730 ml"},"content":{"rendered":"<p>Questi barattoli di vetro a bocca larga con coperchio presentano un classico design cilindrico, con un corpo liscio e trasparente e un&#039;ampia apertura per facilitare il riempimento e la pulizia. Ogni barattolo \u00e8 dotato di un robusto coperchio in alluminio che sigilla ermeticamente sia i prodotti secchi che liquidi. Questo prodotto \u00e8 realizzato da un&#039;azienda che utilizza la tecnologia di soffiaggio meccanico ed \u00e8 quindi adatto per la conservazione, il confezionamento e l&#039;esposizione. Ideali per sottaceti, salse, sciroppi, snack, t\u00e8, cereali e persino per candele o scopi decorativi, questi barattoli a bocca larga soddisfano sia le esigenze alimentari che quelle di presentazione al dettaglio.<\/p>\n<h2>Specifiche chiave<\/h2>\n<table style=\"border-collapse: collapse; width: 80%; margin-left: auto; margin-right: auto;\" border=\"0\" width=\"794\" cellspacing=\"0\" cellpadding=\"0\">\n<tbody>\n<tr style=\"height: 13.50pt;\">\n<td style=\"height: 13.50pt; width: 122.25pt;\" width=\"163\" height=\"18\">Nome del prodotto<\/td>\n<td style=\"width: 473.25pt;\" width=\"631\">Barattolo Mason a bocca larga<\/td>\n<\/tr>\n<tr style=\"height: 13.50pt;\">\n<td style=\"height: 13.50pt;\" height=\"18\">Materiale<\/td>\n<td>Vetro sodico-calcico senza BPA + coperchio in alluminio<\/td>\n<\/tr>\n<tr style=\"height: 13.50pt;\">\n<td style=\"height: 13.50pt;\" height=\"18\">Opzioni di capacit\u00e0<\/td>\n<td>200 ml, 230 ml, 280 ml, 350 ml, 380 ml, 470 ml, 620 ml, 730 ml (varianti in once disponibili)<\/td>\n<\/tr>\n<tr style=\"height: 13.50pt;\">\n<td style=\"height: 13.50pt;\" height=\"18\">Forma<\/td>\n<td>Bocca rotonda e larga<\/td>\n<\/tr>\n<tr style=\"height: 13.50pt;\">\n<td style=\"height: 13.50pt;\" height=\"18\">Tipi di coperchio<\/td>\n<td>Coperchi per barattoli con apertura a scatto, standard, con foro per cannuccia, a fessura<\/td>\n<\/tr>\n<tr style=\"height: 13.50pt;\">\n<td style=\"height: 13.50pt;\" height=\"18\">Colore<\/td>\n<td>Vetro trasparente + coperchi argento, oro, nero<\/td>\n<\/tr>\n<tr style=\"height: 13.50pt;\">\n<td style=\"height: 13.50pt;\" height=\"18\">Processo<\/td>\n<td>Soffiato a macchina<\/td>\n<\/tr>\n<tr style=\"height: 13.50pt;\">\n<td style=\"height: 13.50pt;\" height=\"18\">Applicazione<\/td>\n<td>Conservazione degli alimenti, barattolo per conserve, imballaggio, uso decorativo<\/td>\n<\/tr>\n<tr style=\"height: 13.50pt;\">\n<td style=\"height: 13.50pt;\" height=\"18\">Capacit\u00e0 di fornitura<\/td>\n<td>Fornitore all&#039;ingrosso, direttamente dalla fabbrica<\/td>\n<\/tr>\n<tr style=\"height: 13.50pt;\">\n<td style=\"height: 13.50pt;\" height=\"18\">Opzioni personalizzate<\/td>\n<td>Logo, dimensioni, colore, accessori, finitura superficiale<\/td>\n<\/tr>\n<tr style=\"height: 13.50pt;\">\n<td style=\"height: 13.50pt;\" height=\"18\">Consegna<\/td>\n<td>Disponibilit\u00e0 stabile di magazzino + tempi di consegna flessibili<\/td>\n<\/tr>\n<\/tbody>\n<\/table>\n<h2>Caratteristiche principali<\/h2>\n<ol>\n<li><strong>Comodit\u00e0 a bocca larga<\/strong>Il design a bocca larga del barattolo Mason facilita il riempimento, la pulizia e l&#039;accesso sia a solidi che a liquidi.<\/li>\n<li><strong>Sistema di chiusura a ribalta sicuro<\/strong>Il coperchio in alluminio resistente garantisce una chiusura ermetica, pertanto \u00e8 adatto per l&#039;inscatolamento, il trasporto e la conservazione a lungo termine.<\/li>\n<li><strong>Soluzione di imballaggio flessibile<\/strong>: Un tipico e standard barattolo di vetro che pu\u00f2 essere utilizzato sia per marchi alimentari che per imballaggi al dettaglio o per progetti multiuso.<\/li>\n<\/ol>\n<h2>Caso di studio di successo<\/h2>\n<p>Un&#039;azienda tedesca produttrice di un marchio alimentare specializzato in condimenti biologici ha acquistato questi barattoli per conserve a bocca larga direttamente dalla nostra fabbrica.<\/p>\n<ul>\n<li>Tipologia di attivit\u00e0: Marchio di alimenti biologici (vendita al dettaglio e online)<\/li>\n<li>Quantit\u00e0 dell&#039;ordine: Il primo ordine all&#039;ingrosso \u00e8 di 50.000 pezzi (350 ml e 470 ml).<\/li>\n<li>Requisiti aggiuntivi: coperchio dorato, logo in rilievo, superficie adatta all&#039;etichettatura personalizzata.<\/li>\n<li>Applicazione: Confezionamento di salsa sottaceto di alta qualit\u00e0.<\/li>\n<li>Risultato: Il prodotto in questione ha registrato un aumento del 30% dell&#039;attrattiva sugli scaffali e un incremento del 22% delle vendite in 6 mesi.<\/li>\n<li>Riordino: Lo stesso identico prodotto, ma con vendita all&#039;ingrosso trimestrale e frequenza aumentata ad altre 3 taglie.<\/li>\n<\/ul>\n<h2>Raccomandazioni di personalizzazione per gli acquirenti B2B<\/h2>\n<ol>\n<li><strong>Ottimizzazione del branding e del packaging per la vendita al dettaglio<\/strong>: Incorporare la serigrafia o la goffratura per trasformare il barattolo in una confezione di qualit\u00e0 adatta alla vendita al dettaglio e personalizzata con il marchio.<\/li>\n<li><strong>Selezione funzionale del coperchio<\/strong>Scegli tra una variet\u00e0 di coperchi per barattoli (coperchio standard, con foro per cannuccia, con apertura a fessura) a seconda dell&#039;utilizzo, ad esempio per bevande, alimenti secchi o candele.<\/li>\n<li><strong>Strategia di linea di prodotti multi-taglia<\/strong>Unire diversi formati in once per formare un&#039;unica gamma di prodotti, come nel caso di sciroppi e cereali, snack e alimenti speciali, al fine di aumentare il potenziale di vendita incrociata.<\/li>\n<\/ol>\n<p>Se cercate un fornitore affidabile di barattoli a bocca larga in grandi quantit\u00e0, questo prodotto offre flessibilit\u00e0, uniformit\u00e0 e un solido supporto per la personalizzazione direttamente da un produttore professionale.<\/p>","protected":false},"excerpt":{"rendered":"<p>Barattoli di vetro a bocca larga con coperchi, all&#039;ingrosso, per conserve alimentari, stoccaggio, confezionamento e personalizzazione del marchio. Fornitura affidabile direttamente dalla fabbrica, con possibilit\u00e0 di acquisto all&#039;ingrosso.<\/p>","protected":false},"featured_media":25507,"template":"","meta":[],"product_brand":[],"product_cat":[125,124,122],"product_tag":[],"class_list":{"0":"post-22010","1":"product","2":"type-product","3":"status-publish","4":"has-post-thumbnail","6":"product_cat-mason-glass-jars","7":"product_cat-custom-glass-jars","8":"product_cat-custom-glass-packaging","10":"first","11":"instock","12":"shipping-taxable","13":"product-type-simple"},"jetpack_sharing_enabled":true,"_links":{"self":[{"href":"https:\/\/yebodaglass.com\/it\/wp-json\/wp\/v2\/product\/22010","targetHints":{"allow":["GET"]}}],"collection":[{"href":"https:\/\/yebodaglass.com\/it\/wp-json\/wp\/v2\/product"}],"about":[{"href":"https:\/\/yebodaglass.com\/it\/wp-json\/wp\/v2\/types\/product"}],"version-history":[{"count":5,"href":"https:\/\/yebodaglass.com\/it\/wp-json\/wp\/v2\/product\/22010\/revisions"}],"predecessor-version":[{"id":25510,"href":"https:\/\/yebodaglass.com\/it\/wp-json\/wp\/v2\/product\/22010\/revisions\/25510"}],"wp:featuredmedia":[{"embeddable":true,"href":"https:\/\/yebodaglass.com\/it\/wp-json\/wp\/v2\/media\/25507"}],"wp:attachment":[{"href":"https:\/\/yebodaglass.com\/it\/wp-json\/wp\/v2\/media?parent=22010"}],"wp:term":[{"taxonomy":"product_brand","embeddable":true,"href":"https:\/\/yebodaglass.com\/it\/wp-json\/wp\/v2\/product_brand?post=22010"},{"taxonomy":"product_cat","embeddable":true,"href":"https:\/\/yebodaglass.com\/it\/wp-json\/wp\/v2\/product_cat?post=22010"},{"taxonomy":"product_tag","embeddable":true,"href":"https:\/\/yebodaglass.com\/it\/wp-json\/wp\/v2\/product_tag?post=22010"}],"curies":[{"name":"wp","href":"https:\/\/api.w.org\/{rel}","templated":true}]}}