{"id":22002,"date":"2025-10-09T17:33:25","date_gmt":"2025-10-09T09:33:25","guid":{"rendered":"https:\/\/yebodaglass.com\/?post_type=product&#038;p=22002"},"modified":"2026-03-19T13:42:18","modified_gmt":"2026-03-19T05:42:18","slug":"empty-clear-mason-jar-with-lid-wholesale","status":"publish","type":"product","link":"https:\/\/yebodaglass.com\/it\/prodotto\/empty-clear-mason-jar-with-lid-wholesale\/","title":{"rendered":"Barattoli Mason trasparenti vuoti con coperchio da 70 ml a 280 ml, vendita all&#039;ingrosso."},"content":{"rendered":"<p>Questo barattolo con coperchio ha una classica forma cilindrica, \u00e8 realizzato in vetro trasparente e presenta un&#039;apertura molto ampia, facile da pulire. Il coperchio \u00e8 filettato in modo standard per facilitarne l&#039;impilamento. \u00c8 disponibile in diverse dimensioni con tappi a vite in metallo colorato e nei colori nero, oro, argento e rosso.<\/p>\n<h2>Caratteristiche del prodotto<\/h2>\n<ul>\n<li><strong>Design cilindrico classico:<\/strong> Il cilindro di vetro \u00e8 un cilindro semplice, a bocca larga, facile da pulire, riempire e utilizzare.<\/li>\n<li><strong>Tappi colorati intercambiabili:<\/strong> Sono dotati di tappi a vite in metallo nero, oro, argento o rosso, in modo che la parte superiore a vite sia ben sigillata e conferisca comunque un aspetto elegante.<\/li>\n<li><strong>Varie dimensioni:<\/strong> Capacit\u00e0 da mini a medio-grande, per soddisfare ogni esigenza, dalla conservazione di spezie a quella di un paio di grandi confezioni di alimenti.<\/li>\n<\/ul>\n<h2><strong data-spm-anchor-id=\"5176.28103460.0.i15.29ab2e31JfkVXT\">Specifiche chiave <\/strong><\/h2>\n<table style=\"border-collapse: collapse; width: 80%; margin-left: auto; margin-right: auto;\" border=\"0\" width=\"288\" cellspacing=\"0\" cellpadding=\"0\">\n<tbody>\n<tr style=\"height: 13.50pt;\">\n<td style=\"height: 13.5pt; width: 54pt; text-align: center;\" width=\"72\" height=\"18\">Prodotto<\/td>\n<td style=\"width: 54pt; text-align: center;\" width=\"72\">Capacit\u00e0 (ml)<\/td>\n<td style=\"width: 54pt; text-align: center;\" width=\"72\">Dimensioni (cm)<\/td>\n<td style=\"width: 54pt; text-align: center;\" width=\"72\">Opzioni di colore<\/td>\n<\/tr>\n<tr style=\"height: 13.50pt;\">\n<td style=\"height: 13.5pt; text-align: center;\" align=\"right\" height=\"18\">63007014<\/td>\n<td style=\"text-align: center;\" align=\"right\">70<\/td>\n<td style=\"text-align: center;\">4.7&#215;4.5&#215;6.7<\/td>\n<td class=\"et2\" rowspan=\"6\">Cancella (personalizzato)<\/td>\n<\/tr>\n<tr style=\"height: 13.50pt;\">\n<td style=\"height: 13.5pt; text-align: center;\" align=\"right\" height=\"18\">63007015<\/td>\n<td style=\"text-align: center;\" align=\"right\">70<\/td>\n<td style=\"text-align: center;\">6.5&#215;4.5&#215;6.7<\/td>\n<\/tr>\n<tr style=\"height: 13.50pt;\">\n<td style=\"height: 13.5pt; text-align: center;\" align=\"right\" height=\"18\">63012016<\/td>\n<td style=\"text-align: center;\" align=\"right\">120<\/td>\n<td style=\"text-align: center;\">5.4&#215;6.15&#215;6.6<\/td>\n<\/tr>\n<tr style=\"height: 13.50pt;\">\n<td style=\"height: 13.5pt; text-align: center;\" align=\"right\" height=\"18\">63012517<\/td>\n<td style=\"text-align: center;\" align=\"right\">125<\/td>\n<td style=\"text-align: center;\">6.3&#215;5.6&#215;6.9<\/td>\n<\/tr>\n<tr style=\"height: 13.50pt;\">\n<td style=\"height: 13.5pt; text-align: center;\" align=\"right\" height=\"18\">63020018<\/td>\n<td style=\"text-align: center;\" align=\"right\">200<\/td>\n<td style=\"text-align: center;\">6.0&#215;8.6&#215;6.9<\/td>\n<\/tr>\n<tr style=\"height: 13.50pt;\">\n<td style=\"height: 13.5pt; text-align: center;\" align=\"right\" height=\"18\">63028019<\/td>\n<td style=\"text-align: center;\" align=\"right\">280<\/td>\n<td style=\"text-align: center;\">7.5&#215;8.4&#215;8.5<\/td>\n<\/tr>\n<\/tbody>\n<\/table>\n<h2>Storia di successo<\/h2>\n<p>Una delle principali aziende canadesi di prodotti alimentari artigianali ha scelto i nostri barattoli in vetro con coperchio, personalizzandoli con una stampa serigrafica a motivi floreali rustici. Questi barattoli personalizzati hanno riscosso un grande successo sul mercato: il loro aspetto elegante ha aumentato di un quarto il prezzo al dettaglio delle marmellate e, grazie alla loro riconoscibilit\u00e0, hanno incrementato di un terzo la notoriet\u00e0 del marchio nei punti vendita, afferma l&#039;azienda. Sulla base di questo risultato, hanno ordinato altri 250.000 barattoli per la loro nuova linea di sciroppi per bevande e hanno stipulato un contratto con una catena di supermercati nazionale.<\/p>\n<h2>Suggerimenti per personalizzare il barattolo Mason<\/h2>\n<ul>\n<li>Finiture e colori degli anelli per bottiglie: Offre una maggiore variet\u00e0 di colori e motivi personalizzati per gli anelli a spirale per bottiglie, con finiture opache\/lucide.<\/li>\n<li>Personalizzazione dei tappi delle bottiglie: stampe, loghi o motivi personalizzati vengono stampati sui tappi piatti in metallo delle bottiglie.<\/li>\n<li>Graduazioni in rilievo: Incidendo delle sottili tacche graduate in rilievo (tazze, millilitri, once) sul lato del barattolo, quest&#039;ultimo diventer\u00e0 pi\u00f9 utile che mai.<\/li>\n<li>Dimensioni personalizzate: sono disponibili dimensioni personalizzate per alcuni prodotti (ad esempio, bottiglie alte e strette per conservare il miele).<\/li>\n<\/ul>","protected":false},"excerpt":{"rendered":"<p>Barattoli Mason di varie dimensioni con coperchio, realizzati in vetro di alta qualit\u00e0. Perfetti per conserve, stoccaggio e confezionamento. Fornitura diretta dalla fabbrica. Spedizione rapida.<\/p>","protected":false},"featured_media":25516,"template":"","meta":[],"product_brand":[],"product_cat":[122,124,125],"product_tag":[],"class_list":{"0":"post-22002","1":"product","2":"type-product","3":"status-publish","4":"has-post-thumbnail","6":"product_cat-custom-glass-packaging","7":"product_cat-custom-glass-jars","8":"product_cat-mason-glass-jars","10":"first","11":"instock","12":"shipping-taxable","13":"product-type-simple"},"jetpack_sharing_enabled":true,"_links":{"self":[{"href":"https:\/\/yebodaglass.com\/it\/wp-json\/wp\/v2\/product\/22002","targetHints":{"allow":["GET"]}}],"collection":[{"href":"https:\/\/yebodaglass.com\/it\/wp-json\/wp\/v2\/product"}],"about":[{"href":"https:\/\/yebodaglass.com\/it\/wp-json\/wp\/v2\/types\/product"}],"version-history":[{"count":5,"href":"https:\/\/yebodaglass.com\/it\/wp-json\/wp\/v2\/product\/22002\/revisions"}],"predecessor-version":[{"id":25518,"href":"https:\/\/yebodaglass.com\/it\/wp-json\/wp\/v2\/product\/22002\/revisions\/25518"}],"wp:featuredmedia":[{"embeddable":true,"href":"https:\/\/yebodaglass.com\/it\/wp-json\/wp\/v2\/media\/25516"}],"wp:attachment":[{"href":"https:\/\/yebodaglass.com\/it\/wp-json\/wp\/v2\/media?parent=22002"}],"wp:term":[{"taxonomy":"product_brand","embeddable":true,"href":"https:\/\/yebodaglass.com\/it\/wp-json\/wp\/v2\/product_brand?post=22002"},{"taxonomy":"product_cat","embeddable":true,"href":"https:\/\/yebodaglass.com\/it\/wp-json\/wp\/v2\/product_cat?post=22002"},{"taxonomy":"product_tag","embeddable":true,"href":"https:\/\/yebodaglass.com\/it\/wp-json\/wp\/v2\/product_tag?post=22002"}],"curies":[{"name":"wp","href":"https:\/\/api.w.org\/{rel}","templated":true}]}}