{"id":21965,"date":"2025-10-08T15:17:10","date_gmt":"2025-10-08T07:17:10","guid":{"rendered":"https:\/\/yebodaglass.com\/?post_type=product&#038;p=21965"},"modified":"2026-03-26T15:55:16","modified_gmt":"2026-03-26T07:55:16","slug":"wholesale-green-oil-olive-bottles-with-square-bases","status":"publish","type":"product","link":"https:\/\/yebodaglass.com\/it\/wholesale-green-oil-olive-bottles-with-square-bases\/","title":{"rendered":"Bottiglie di olio di oliva verde all&#039;ingrosso con base quadrata - 500 ml 750 ml 1000 ml"},"content":{"rendered":"<p>Queste bottiglie di olio d&#039;oliva verdi hanno un&#039;elegante forma quadrata con angoli arrotondati e sono realizzate in vetro verde oliva scuro per proteggere l&#039;olio dal deterioramento causato dall&#039;esposizione alla luce. Sono disponibili con tappi a vite neri, dorati o verdi e in diverse dimensioni.<\/p>\n<h2>Caratteristiche del prodotto<\/h2>\n<ul>\n<li><strong>Naturalmente protettivo dai raggi UV:<\/strong> Il vetro verde agisce come una protezione solare, conservando a lungo il liquido. Rispetto al vetro tradizionale, preserva a lungo la freschezza dell&#039;olio d&#039;oliva, rendendolo ideale per oli d&#039;oliva delicati e di alta qualit\u00e0.<\/li>\n<li><strong>Dimensione del rettangolo:<\/strong> La forma rettangolare della bottiglia la rende facile da esporre e conservare, consentendo al contempo di vedere chiaramente il contenuto.<\/li>\n<li><strong>Ricaricabile:<\/strong> Queste bottiglie di vetro ricaricabili per olio d&#039;oliva sono resistenti e durevoli. Ristoranti e negozi di ricarica le apprezzano per la loro resistenza.<\/li>\n<\/ul>\n<h2 style=\"text-align: left;\">Specifiche chiave<\/h2>\n<table class=\"aligncenter\" style=\"border-collapse: collapse; width: 429.77pt;\" border=\"0\" width=\"573\" cellspacing=\"0\" cellpadding=\"0\">\n<tbody>\n<tr style=\"height: 13.50pt;\">\n<td style=\"height: 13.50pt; width: 69.75pt;\" width=\"93\" height=\"18\">Caratteristica<\/td>\n<td style=\"width: 360.00pt;\" width=\"480\">Specifica<\/td>\n<\/tr>\n<tr style=\"height: 13.50pt;\">\n<td style=\"height: 13.50pt;\" height=\"18\">Dimensioni<\/td>\n<td>5,8\u00d75,8\u00d726,4 cm (500 ml), 6,5\u00d76,5\u00d730,2 cm (750 ml), 7,4\u00d77,4\u00d730 cm (1000 ml)<\/td>\n<\/tr>\n<tr style=\"height: 13.50pt;\">\n<td style=\"height: 13.50pt;\" height=\"18\">Misura del collo<\/td>\n<td>19\u00d730mm (filettatura standard)<\/td>\n<\/tr>\n<tr style=\"height: 13.50pt;\">\n<td style=\"height: 13.50pt;\" height=\"18\">Materiale<\/td>\n<td>Vetro verde (disponibile anche la variante in vetro scuro)<\/td>\n<\/tr>\n<tr style=\"height: 13.50pt;\">\n<td style=\"height: 13.50pt;\" height=\"18\">Forma<\/td>\n<td>Prisma quadrato\/rettangolare<\/td>\n<\/tr>\n<tr style=\"height: 13.50pt;\">\n<td style=\"height: 13.50pt;\" height=\"18\">Opzioni del coperchio<\/td>\n<td>Tappo a vite solido, beccuccio versatore, erogatore a pompa<\/td>\n<\/tr>\n<tr style=\"height: 13.50pt;\">\n<td style=\"height: 13.50pt;\" height=\"18\">Ideale per<\/td>\n<td>Olio d&#039;oliva, aceto, salse, contenitori per alimenti<\/td>\n<\/tr>\n<\/tbody>\n<\/table>\n<h2>Caso di successo: la divisione export di un produttore californiano di olio d&#039;oliva.<\/h2>\n<p>Le nostre bottiglie di olio d&#039;oliva verde da 750 ml sono state scelte da un produttore di olio d&#039;oliva californiano di alta gamma, che le ha personalizzate con una stampa serigrafica in lamina d&#039;oro e un beccuccio antigoccia nero. Queste bottiglie in vetro con rivestimento UV si sono dimostrate efficaci nel preservare la qualit\u00e0 dell&#039;olio d&#039;oliva durante le spedizioni a lunga distanza, contribuendo a ridurre del 40% i reclami per deterioramento. Le bottiglie hanno superato i test di trasporto internazionale con un tasso di successo del 99,9%. Visti gli ottimi risultati, il produttore ha ordinato altre 200.000 bottiglie dei suoi nuovi oli d&#039;oliva aromatizzati e infusi.<\/p>\n<h2>Idee di personalizzazione<\/h2>\n<ul>\n<li>Lavaggio acido opaco: dona all&#039;intera superficie una finitura morbida e satinata. \u00c8 un prodotto prezioso e nasconde le impronte digitali.<\/li>\n<li>Sabbiatura del logo: incidi il tuo logo sul pannello frontale. \u00c8 permanente e rappresenta un&#039;opera d&#039;arte di alta qualit\u00e0.<\/li>\n<li>Controllo della profondit\u00e0 della tinta: scegli un verde pi\u00f9 scuro del verde standard per una maggiore protezione dai raggi UV e un look pi\u00f9 audace.<\/li>\n<\/ul>","protected":false},"excerpt":{"rendered":"<p>Classiche bottiglie quadrate in vetro verde per olio d&#039;oliva con tappi a vite neri, dorati o verdi. Perfette per preservare la qualit\u00e0 dell&#039;olio. Vendita diretta dalla fabbrica, spedizione rapida.<\/p>","protected":false},"featured_media":25644,"template":"","meta":[],"product_brand":[],"product_cat":[126,123,122],"product_tag":[],"class_list":{"0":"post-21965","1":"product","2":"type-product","3":"status-publish","4":"has-post-thumbnail","6":"product_cat-olive-oil-bottles","7":"product_cat-custom-glass-bottles","8":"product_cat-custom-glass-packaging","10":"first","11":"instock","12":"shipping-taxable","13":"product-type-simple"},"jetpack_sharing_enabled":true,"_links":{"self":[{"href":"https:\/\/yebodaglass.com\/it\/wp-json\/wp\/v2\/product\/21965","targetHints":{"allow":["GET"]}}],"collection":[{"href":"https:\/\/yebodaglass.com\/it\/wp-json\/wp\/v2\/product"}],"about":[{"href":"https:\/\/yebodaglass.com\/it\/wp-json\/wp\/v2\/types\/product"}],"version-history":[{"count":5,"href":"https:\/\/yebodaglass.com\/it\/wp-json\/wp\/v2\/product\/21965\/revisions"}],"predecessor-version":[{"id":25561,"href":"https:\/\/yebodaglass.com\/it\/wp-json\/wp\/v2\/product\/21965\/revisions\/25561"}],"wp:featuredmedia":[{"embeddable":true,"href":"https:\/\/yebodaglass.com\/it\/wp-json\/wp\/v2\/media\/25644"}],"wp:attachment":[{"href":"https:\/\/yebodaglass.com\/it\/wp-json\/wp\/v2\/media?parent=21965"}],"wp:term":[{"taxonomy":"product_brand","embeddable":true,"href":"https:\/\/yebodaglass.com\/it\/wp-json\/wp\/v2\/product_brand?post=21965"},{"taxonomy":"product_cat","embeddable":true,"href":"https:\/\/yebodaglass.com\/it\/wp-json\/wp\/v2\/product_cat?post=21965"},{"taxonomy":"product_tag","embeddable":true,"href":"https:\/\/yebodaglass.com\/it\/wp-json\/wp\/v2\/product_tag?post=21965"}],"curies":[{"name":"wp","href":"https:\/\/api.w.org\/{rel}","templated":true}]}}