{"id":21951,"date":"2025-10-08T18:01:24","date_gmt":"2025-10-08T10:01:24","guid":{"rendered":"https:\/\/yebodaglass.com\/?post_type=product&#038;p=21951"},"modified":"2026-03-20T15:03:01","modified_gmt":"2026-03-20T07:03:01","slug":"empty-glass-mason-jar-storage-containers-bulk","status":"publish","type":"product","link":"https:\/\/yebodaglass.com\/it\/prodotto\/empty-glass-mason-jar-storage-containers-bulk\/","title":{"rendered":"Barattoli di vetro vuoti da 150 ml a 1100 ml, contenitori per alimenti all&#039;ingrosso"},"content":{"rendered":"<p>Questi barattoli di vetro tipo Mason sono realizzati in vetro cristallino, con una forma insolita e arrotondata, leggermente rialzata al centro e che si restringe verso il collo e la base. Sono dotati di un collo filettato standard e di un tappo a vite in metallo color oro.<\/p>\n<h2>Caratteristiche del prodotto<\/h2>\n<ul>\n<li><strong>Vetro trasparente:<\/strong> Il vetro \u00e8 cristallino, quindi \u00e8 possibile vedere facilmente il contenuto e il prodotto risulterebbe pi\u00f9 attraente per l&#039;industria alimentare e artigianale.<\/li>\n<li><strong>Curriculum Gold Cap:<\/strong> Il tappo a vite color oro corrispondente \u00e8 realizzato in metallo e garantisce una tenuta perfetta, conferendo un tocco di eleganza e raffinatezza a entrambi gli stili.<\/li>\n<li><strong>Disponibili in diverse misure:<\/strong> \u00c8 disponibile in varie dimensioni, da mini a enorme, a seconda della capacit\u00e0 di stoccaggio dei campioni.<\/li>\n<\/ul>\n<h2><strong data-spm-anchor-id=\"5176.28103460.0.i8.29ab2e31Xe3rbZ\">Specifiche chiave<\/strong><\/h2>\n<table style=\"border-collapse: collapse; width: 80%; margin-left: auto; margin-right: auto;\" border=\"0\" width=\"363\" cellspacing=\"0\" cellpadding=\"0\">\n<tbody>\n<tr style=\"height: 13.50pt;\">\n<td class=\"et2\" style=\"height: 13.5pt; width: 56.25pt; text-align: center;\" width=\"75\" height=\"18\">Prodotto<\/td>\n<td class=\"et2\" style=\"width: 54pt; text-align: center;\" width=\"72\">Capacit\u00e0 (ml)<\/td>\n<td class=\"et2\" style=\"width: 54pt; text-align: center;\" width=\"72\">Dimensioni (cm)<\/td>\n<td class=\"et2\" style=\"width: 54pt; text-align: center;\" width=\"72\">Opzioni di colore<\/td>\n<\/tr>\n<tr style=\"height: 13.50pt;\">\n<td class=\"et2\" style=\"height: 13.5pt; text-align: center;\" height=\"18\">63015008<\/td>\n<td class=\"et2\" style=\"text-align: center;\">150<\/td>\n<td class=\"et2\" style=\"text-align: center;\">6.1&#215;6.1&#215;8.2<\/td>\n<td class=\"et2\" style=\"text-align: center;\" rowspan=\"6\">Trasparente o personalizzato (texture intagliata)<\/td>\n<\/tr>\n<tr style=\"height: 13.50pt;\">\n<td class=\"et2\" style=\"height: 13.5pt; text-align: center;\" height=\"18\">63030009<\/td>\n<td class=\"et2\" style=\"text-align: center;\">300<\/td>\n<td class=\"et2\" style=\"text-align: center;\">8.1&#215;8.1&#215;8.9<\/td>\n<\/tr>\n<tr style=\"height: 13.50pt;\">\n<td class=\"et2\" style=\"height: 13.5pt; text-align: center;\" height=\"18\">63038010<\/td>\n<td class=\"et2\" style=\"text-align: center;\">380<\/td>\n<td class=\"et2\" style=\"text-align: center;\">9,0\u00d79,0x9,6<\/td>\n<\/tr>\n<tr style=\"height: 13.50pt;\">\n<td class=\"et2\" style=\"height: 13.5pt; text-align: center;\" height=\"18\">63050011<\/td>\n<td class=\"et2\" style=\"text-align: center;\">500<\/td>\n<td class=\"et2\" style=\"text-align: center;\">8.2&#215;8.2&#215;13.0<\/td>\n<\/tr>\n<tr style=\"height: 13.50pt;\">\n<td class=\"et2\" style=\"height: 13.5pt; text-align: center;\" height=\"18\">63103012<\/td>\n<td class=\"et2\" style=\"text-align: center;\">1030<\/td>\n<td class=\"et2\" style=\"text-align: center;\">9.9&#215;9.9&#215;16.7<\/td>\n<\/tr>\n<tr style=\"height: 13.50pt;\">\n<td class=\"et2\" style=\"height: 13.5pt; text-align: center;\" height=\"18\">63110013<\/td>\n<td class=\"et2\" style=\"text-align: center;\">1100<\/td>\n<td class=\"et2\" style=\"text-align: center;\">9.7&#215;9.7&#215;17.5<\/td>\n<\/tr>\n<\/tbody>\n<\/table>\n<h2>Storia di successo<\/h2>\n<p>Uno dei produttori di miele dello Utah ha scelto il nostro barattolo di vetro, realizzato in un color ambra chiaro con una stampa serigrafica a nido d&#039;ape. L&#039;aspetto tradizionale del barattolo ha rafforzato l&#039;immagine del marchio, che si \u00e8 tradotta in una crescita del 60% delle vendite online, mentre la stampa a nido d&#039;ape ha incrementato del 300% le menzioni sui social media. Grazie allo straordinario successo ottenuto, il produttore ha effettuato un ulteriore ordine di 720.000 barattoli di miele, vendendoli a una delle principali catene nazionali di alimenti biologici.<\/p>\n<h2>Personalizzazione dei contenitori per alimenti in barattolo Mason<\/h2>\n<ul>\n<li>Goffratura: \u00c8 possibile aggiungere motivi a rilievo (ad esempio, spighe di grano, api) sulle spalle dei vasi.<\/li>\n<li>Tacche di misurazione in rilievo: Aumenta la quantit\u00e0 di volume (once, tazze, millilitri) presenti sul lato del barattolo o della bottiglia per renderli pi\u00f9 versatili.<\/li>\n<li>Design dei barattoli quadrati: Progetta barattoli Mason quadrati che consentono di risparmiare spazio, ottimizzando il posizionamento sugli scaffali e gli imballaggi per la spedizione.<\/li>\n<\/ul>","protected":false},"excerpt":{"rendered":"<p>Barattoli in vetro di alta qualit\u00e0, resistenti e con coperchi in metallo. Perfetti per conservare alimenti, bevande e per il confezionamento. Spedizione rapida disponibile.<\/p>","protected":false},"featured_media":25538,"template":"","meta":[],"product_brand":[],"product_cat":[125,124,122],"product_tag":[],"class_list":{"0":"post-21951","1":"product","2":"type-product","3":"status-publish","4":"has-post-thumbnail","6":"product_cat-mason-glass-jars","7":"product_cat-custom-glass-jars","8":"product_cat-custom-glass-packaging","10":"first","11":"instock","12":"shipping-taxable","13":"product-type-simple"},"jetpack_sharing_enabled":true,"_links":{"self":[{"href":"https:\/\/yebodaglass.com\/it\/wp-json\/wp\/v2\/product\/21951","targetHints":{"allow":["GET"]}}],"collection":[{"href":"https:\/\/yebodaglass.com\/it\/wp-json\/wp\/v2\/product"}],"about":[{"href":"https:\/\/yebodaglass.com\/it\/wp-json\/wp\/v2\/types\/product"}],"version-history":[{"count":5,"href":"https:\/\/yebodaglass.com\/it\/wp-json\/wp\/v2\/product\/21951\/revisions"}],"predecessor-version":[{"id":25540,"href":"https:\/\/yebodaglass.com\/it\/wp-json\/wp\/v2\/product\/21951\/revisions\/25540"}],"wp:featuredmedia":[{"embeddable":true,"href":"https:\/\/yebodaglass.com\/it\/wp-json\/wp\/v2\/media\/25538"}],"wp:attachment":[{"href":"https:\/\/yebodaglass.com\/it\/wp-json\/wp\/v2\/media?parent=21951"}],"wp:term":[{"taxonomy":"product_brand","embeddable":true,"href":"https:\/\/yebodaglass.com\/it\/wp-json\/wp\/v2\/product_brand?post=21951"},{"taxonomy":"product_cat","embeddable":true,"href":"https:\/\/yebodaglass.com\/it\/wp-json\/wp\/v2\/product_cat?post=21951"},{"taxonomy":"product_tag","embeddable":true,"href":"https:\/\/yebodaglass.com\/it\/wp-json\/wp\/v2\/product_tag?post=21951"}],"curies":[{"name":"wp","href":"https:\/\/api.w.org\/{rel}","templated":true}]}}