{"id":21914,"date":"2025-10-08T18:02:42","date_gmt":"2025-10-08T10:02:42","guid":{"rendered":"https:\/\/yebodaglass.com\/?post_type=product&#038;p=21914"},"modified":"2026-03-20T16:27:24","modified_gmt":"2026-03-20T08:27:24","slug":"clear-mason-glass-jars-with-lids-bulk","status":"publish","type":"product","link":"https:\/\/yebodaglass.com\/it\/prodotto\/clear-mason-glass-jars-with-lids-bulk\/","title":{"rendered":"Barattoli in vetro trasparente Mason da 150 ml a 1000 ml con coperchio, confezione multipla"},"content":{"rendered":"<p>Questi barattoli in vetro Mason presentano un design originale a forma quadrata con angoli arrotondati, realizzati in vetro cristallino e un elegante tappo a vite in acciaio argentato. La struttura a bocca larga ha un tappo a vite standard e una guarnizione in metallo argentato opaco e piatto.<\/p>\n<h2>Caratteristiche del prodotto<\/h2>\n<ul>\n<li><strong>Forma classica vintage:<\/strong> La forma cilindrica squadrata e squadrata \u00e8 identica alla classica forma da muratore e offre un connubio di bellezza vintage, facilit\u00e0 di presa, facilit\u00e0 d&#039;uso e facilit\u00e0 di riconoscimento.<\/li>\n<li><strong>Progettazione multi-capacit\u00e0:<\/strong> Disponibile in formato mini, standard e alto per soddisfare le diverse esigenze di porzioni ridotte, conservazione quotidiana e stoccaggio di grande capacit\u00e0.<\/li>\n<li><strong>Diverse varianti di coperchi in metallo:<\/strong> \u00c8 disponibile con coperchio piatto o con coperchio ventilato, entrambi in argento, e offre un&#039;eccellente tenuta ermetica e flessibilit\u00e0 per adattarsi a numerose esigenze di conservazione e utilizzo.<\/li>\n<\/ul>\n<h2><strong data-spm-anchor-id=\"5176.28103460.0.i14.29ab2e31M0MCxV\">Specifiche chiave<\/strong><\/h2>\n<table style=\"border-collapse: collapse; width: 80%; margin-left: auto; margin-right: auto;\" border=\"0\" width=\"360\" cellspacing=\"0\" cellpadding=\"0\">\n<tbody>\n<tr style=\"height: 13.50pt;\">\n<td style=\"height: 13.5pt; width: 54pt; text-align: center;\" width=\"72\" height=\"18\">Prodotto<\/td>\n<td style=\"width: 54pt; text-align: center;\" width=\"72\">Capacit\u00e0 (ml)<\/td>\n<td style=\"width: 54pt; text-align: center;\" width=\"72\">Dimensioni (cm)<\/td>\n<td style=\"width: 54pt; text-align: center;\" width=\"72\">Opzioni di colore<\/td>\n<\/tr>\n<tr style=\"height: 13.50pt;\">\n<td style=\"height: 13.5pt; text-align: center;\" align=\"right\" height=\"18\">63015001<\/td>\n<td style=\"text-align: center;\" align=\"right\">150<\/td>\n<td style=\"text-align: center;\">7.8&#215;7.8&#215;5.1<\/td>\n<td class=\"et2\" style=\"text-align: center;\" rowspan=\"7\">Cancella (personalizzato)<\/td>\n<\/tr>\n<tr style=\"height: 13.50pt;\">\n<td style=\"height: 13.5pt; text-align: center;\" align=\"right\" height=\"18\">63025002<\/td>\n<td style=\"text-align: center;\" align=\"right\">250<\/td>\n<td style=\"text-align: center;\">7.8&#215;7.8&#215;8.0<\/td>\n<\/tr>\n<tr style=\"height: 13.50pt;\">\n<td style=\"height: 13.5pt; text-align: center;\" align=\"right\" height=\"18\">63038003<\/td>\n<td style=\"text-align: center;\" align=\"right\">380<\/td>\n<td style=\"text-align: center;\">7.5&#215;7.5&#215;12.0<\/td>\n<\/tr>\n<tr style=\"height: 13.50pt;\">\n<td style=\"height: 13.5pt; text-align: center;\" align=\"right\" height=\"18\">63050004<\/td>\n<td style=\"text-align: center;\" align=\"right\">500<\/td>\n<td style=\"text-align: center;\">8.2&#215;8.2&#215;12.7<\/td>\n<\/tr>\n<tr style=\"height: 13.50pt;\">\n<td style=\"height: 13.5pt; text-align: center;\" align=\"right\" height=\"18\">63075005<\/td>\n<td style=\"text-align: center;\" align=\"right\">750<\/td>\n<td style=\"text-align: center;\">8.6&#215;8.6&#215;16.3<\/td>\n<\/tr>\n<tr style=\"height: 13.50pt;\">\n<td style=\"height: 13.5pt; text-align: center;\" align=\"right\" height=\"18\">63085006<\/td>\n<td style=\"text-align: center;\" align=\"right\">850<\/td>\n<td style=\"text-align: center;\">\u2014<\/td>\n<\/tr>\n<tr style=\"height: 13.50pt;\">\n<td style=\"height: 13.5pt; text-align: center;\" align=\"right\" height=\"18\">63100007<\/td>\n<td style=\"text-align: center;\" align=\"right\">1000<\/td>\n<td style=\"text-align: center;\">9.7&#215;9.7&#215;17.5<\/td>\n<\/tr>\n<\/tbody>\n<\/table>\n<h2>Storia di successo<\/h2>\n<p>Una torrefazione di Portland ha scelto i nostri barattoli di vetro di diverse dimensioni, personalizzandoli con disegni di chicchi di caff\u00e8. I barattoli in vetro trasparente hanno inoltre permesso di mostrare al meglio i chicchi di caff\u00e8, portando a un aumento delle vendite del 35% e a un incremento degli acquisti ripetuti del 62%. Il prodotto ha soddisfatto a tal punto il fornaio che ha effettuato un ulteriore ordine di 250.000 barattoli di vetro, in abbinamento alla sua nuova linea di spezie aromatizzate e bevande a base di t\u00e8.<\/p>\n<h2>Alternative per personalizzare i barattoli di vetro Mason<\/h2>\n<ul>\n<li>Design di barattoli quadrati: Progetta barattoli di vetro Mason quadrati salvaspazio per ottimizzare l&#039;esposizione sugli scaffali nei negozi e nelle dispense domestiche.<\/li>\n<li>Goffratura: imprimere o stampare iniziali o disegni decorativi sulle spalle del barattolo.<\/li>\n<li>Materiale del coperchio: i coperchi in metallo possono essere utilizzati in sostituzione dei coperchi in plastica, sughero o bamb\u00f9.<\/li>\n<\/ul>","protected":false},"excerpt":{"rendered":"<p>Barattoli in vetro Mason per la conservazione, con ampia apertura e coperchi resistenti. Perfetti per confezionare e organizzare. Sconti all&#039;ingrosso e vendita diretta dalla fabbrica.<\/p>","protected":false},"featured_media":25546,"template":"","meta":[],"product_brand":[],"product_cat":[125,124,122],"product_tag":[],"class_list":{"0":"post-21914","1":"product","2":"type-product","3":"status-publish","4":"has-post-thumbnail","6":"product_cat-mason-glass-jars","7":"product_cat-custom-glass-jars","8":"product_cat-custom-glass-packaging","10":"first","11":"instock","12":"shipping-taxable","13":"product-type-simple"},"jetpack_sharing_enabled":true,"_links":{"self":[{"href":"https:\/\/yebodaglass.com\/it\/wp-json\/wp\/v2\/product\/21914","targetHints":{"allow":["GET"]}}],"collection":[{"href":"https:\/\/yebodaglass.com\/it\/wp-json\/wp\/v2\/product"}],"about":[{"href":"https:\/\/yebodaglass.com\/it\/wp-json\/wp\/v2\/types\/product"}],"version-history":[{"count":5,"href":"https:\/\/yebodaglass.com\/it\/wp-json\/wp\/v2\/product\/21914\/revisions"}],"predecessor-version":[{"id":25545,"href":"https:\/\/yebodaglass.com\/it\/wp-json\/wp\/v2\/product\/21914\/revisions\/25545"}],"wp:featuredmedia":[{"embeddable":true,"href":"https:\/\/yebodaglass.com\/it\/wp-json\/wp\/v2\/media\/25546"}],"wp:attachment":[{"href":"https:\/\/yebodaglass.com\/it\/wp-json\/wp\/v2\/media?parent=21914"}],"wp:term":[{"taxonomy":"product_brand","embeddable":true,"href":"https:\/\/yebodaglass.com\/it\/wp-json\/wp\/v2\/product_brand?post=21914"},{"taxonomy":"product_cat","embeddable":true,"href":"https:\/\/yebodaglass.com\/it\/wp-json\/wp\/v2\/product_cat?post=21914"},{"taxonomy":"product_tag","embeddable":true,"href":"https:\/\/yebodaglass.com\/it\/wp-json\/wp\/v2\/product_tag?post=21914"}],"curies":[{"name":"wp","href":"https:\/\/api.w.org\/{rel}","templated":true}]}}