{"id":21833,"date":"2025-09-29T11:46:29","date_gmt":"2025-09-29T03:46:29","guid":{"rendered":"https:\/\/yebodaglass.com\/?post_type=product&#038;p=21833"},"modified":"2025-10-09T18:01:44","modified_gmt":"2025-10-09T10:01:44","slug":"custom-olive-oil-bottles-high-quality-glass-oil-bottles-for-wholesale","status":"publish","type":"product","link":"https:\/\/yebodaglass.com\/it\/custom-olive-oil-bottles-high-quality-glass-oil-bottles-for-wholesale\/","title":{"rendered":"Bottiglie di olio d&#039;oliva in vetro trasparente personalizzate da 60-1000 ml - Bottiglie quadrate con tappo a vite"},"content":{"rendered":"<div data-elementor-type=\"product-post\" data-elementor-id=\"21833\" class=\"elementor elementor-21833\" data-elementor-settings=\"{&quot;ha_cmc_init_switcher&quot;:&quot;no&quot;}\" data-elementor-post-type=\"product\">\n\t\t\t\t<div class=\"elementor-element elementor-element-7cc6e53 e-flex e-con-boxed e-con e-parent\" data-id=\"7cc6e53\" data-element_type=\"container\" data-e-type=\"container\" data-settings=\"{&quot;_ha_eqh_enable&quot;:false}\">\n\t\t\t\t\t<div class=\"e-con-inner\">\n\t\t\t\t<div class=\"elementor-element elementor-element-b9ffd68 elementor-widget elementor-widget-text-editor\" data-id=\"b9ffd68\" data-element_type=\"widget\" data-e-type=\"widget\" data-widget_type=\"text-editor.default\">\n\t\t\t\t<div class=\"elementor-widget-container\">\n\t\t\t\t\t\t\t\t\t<p>In qualit\u00e0 di importante produttore e fornitore di imballaggi in vetro di alta qualit\u00e0, comprendiamo la necessit\u00e0 di bottiglie di olio d&#039;oliva personalizzate di alta qualit\u00e0 che valorizzino il vostro marchio. Offrendo versatilit\u00e0 per ordini all&#039;ingrosso e all&#039;ingrosso, il nostro corso \u00e8 progettato per illustrare le bottiglie di olio d&#039;oliva in vetro trasparente e dimostrare la purezza del vostro olio d&#039;oliva. Che abbiate bisogno di una bottiglia standard con dispenser per olio o di una soluzione completamente personalizzata, le nostre bottiglie di vetro sono disponibili in diverse dimensioni per adattarsi a ogni utilizzo.<\/p><h2>Caratteristiche del prodotto<\/h2><ul><li><strong>Design moderno quadrato<\/strong>: Le dimensioni moderne delle classi aumentano l&#039;attrattiva sugli scaffali e consentono di risparmiare spazio, rendendolo ideale per la vendita al dettaglio.<\/li><li><strong>Vetro trasparente per uso alimentare<\/strong>: Realizzato in vetro di alta qualit\u00e0 per bottiglie di olio, questo consente ai clienti di vedere il colore intenso, la consistenza e il sapore del tuo olio d&#039;oliva.<\/li><li><strong>Collo a vite sicuro<\/strong>: Compatibile con diverse opzioni di coperchio, tra cui metallo o plastica, garantisce un contenitore per olio d&#039;oliva a prova di perdite e facile da inserire.<\/li><li><strong>Molteplici opzioni di capacit\u00e0<\/strong>: Offriamo flessibilit\u00e0 per soddisfare diverse esigenze, dai grandi formati da 1000 ml per uso sfuso alle piccole bottiglie da 60 ml per campioni.<\/li><\/ul>\t\t\t\t\t\t\t\t<\/div>\n\t\t\t\t<\/div>\n\t\t\t\t<div class=\"elementor-element elementor-element-920ae84 elementor-widget elementor-widget-text-editor\" data-id=\"920ae84\" data-element_type=\"widget\" data-e-type=\"widget\" data-widget_type=\"text-editor.default\">\n\t\t\t\t<div class=\"elementor-widget-container\">\n\t\t\t\t\t\t\t\t\t<h2>Specifiche chiave:<\/h2><table border=\"0\" width=\"100%\" cellspacing=\"0\" cellpadding=\"0\"><tbody><tr><td class=\"et2\" style=\"text-align: center;\" colspan=\"4\" width=\"100%\" height=\"18\"><strong>Bottiglia quadrata in vetro trasparente per olio d&#039;oliva con collo a vite<\/strong><\/td><\/tr><tr><td class=\"et2\" style=\"text-align: left;\" height=\"24\"><strong>Modello<\/strong><\/td><td class=\"et2\" style=\"text-align: left;\"><strong>Capacit\u00e0\/ml<\/strong><\/td><td class=\"et2\" style=\"text-align: left;\"><strong>dimensione\/cm<\/strong><\/td><td class=\"et2\" style=\"text-align: left;\"><strong>diametri interni\/esterni\/mm<\/strong><\/td><\/tr><tr><td class=\"et2\" style=\"text-align: center;\" height=\"24\">11006001<\/td><td class=\"et2\">60<\/td><td class=\"et2\">3.5*3.5*12.4<\/td><td class=\"et2\">9.5*18<\/td><\/tr><tr><td class=\"et2\" style=\"text-align: center;\" height=\"18\">11010002<\/td><td class=\"et2\">100<\/td><td class=\"et2\">4.1*4.1*14.0<\/td><td class=\"et2\">13.5*24<\/td><\/tr><tr><td class=\"et2\" style=\"text-align: center;\" height=\"18\">11010003<\/td><td class=\"et2\">100<\/td><td class=\"et2\">4.3*4.3*14.0<\/td><td class=\"et2\">13.5*24<\/td><\/tr><tr><td class=\"et2\" style=\"text-align: center;\" height=\"20\">11015004<\/td><td class=\"et2\">150<\/td><td class=\"et2\">4.9*4.9*15.6<\/td><td class=\"et2\">19*30<\/td><\/tr><tr><td class=\"et2\" style=\"text-align: center;\" height=\"20\">11025005<\/td><td class=\"et2\">250<\/td><td class=\"et2\">4.7*4.7*21.0<\/td><td class=\"et2\">19*30<\/td><\/tr><tr><td class=\"et2\" style=\"text-align: center;\" height=\"20\">11050006<\/td><td class=\"et2\">500<\/td><td class=\"et2\">5.8*5.8*26.4<\/td><td class=\"et2\">19*30<\/td><\/tr><tr><td class=\"et2\" style=\"text-align: center;\" height=\"20\">11075007<\/td><td class=\"et2\">750<\/td><td class=\"et2\">6.5*6.5*30.2<\/td><td class=\"et2\">19*30<\/td><\/tr><tr><td class=\"et2\" style=\"text-align: center;\" height=\"20\">11100008<\/td><td class=\"et2\">1000<\/td><td class=\"et2\">7.4*7.4*30<\/td><td class=\"et2\">19*30<\/td><\/tr><\/tbody><\/table><p>Opzioni di accessori: ogni bottiglia \u00e8 dotata di un collo a vite compatibile con vari tipi di coperchi (in metallo o plastica), guarnizioni interne, beccucci versatori (per oliera) e pellicole esterne. Le opzioni di personalizzazione includono varianti di colore per coperchi o etichette.<\/p><h2>Caso di studio:<\/h2><p>Uno dei nostri clienti, un marchio di olio di alta qualit\u00e0, ha registrato un aumento del 30% nelle vendite online dopo essere passato alle nostre bottiglie di olio d&#039;oliva personalizzate. Hanno ordinato grandi quantit\u00e0 della bottiglia quadrata in vetro da 500 ml per olio d&#039;oliva, con tappo personalizzato e beccuccio erogatore. La confezione in vetro trasparente ha contribuito a mettere in risalto la qualit\u00e0 del prodotto e la nostra affidabile spedizione ha garantito una consegna puntuale per la loro campagna natalizia.<\/p><h2>Suggerimenti per la personalizzazione<\/h2><p>Per i marchi che desiderano distinguersi, consigliamo di personalizzare il colore del tappo in base al proprio brand o di aggiungere un dispenser per olio dedicato per un versamento controllato. Gli ordini all&#039;ingrosso prevedono sconti all&#039;ingrosso e offriamo un programma di campioni gratuiti per testare la bottiglia di olio in vetro con tappo prima di effettuare l&#039;ordine. I nostri servizi personalizzati includono la stampa del logo e la personalizzazione delle dimensioni: contattateci per qualsiasi esigenza.<\/p><p><strong>Informazioni per l&#039;ordine<\/strong>: Effettua il tuo ordine oggi stesso per una spedizione e una consegna rapide. Queste bottiglie di vetro per olio d&#039;oliva sono disponibili in finitura trasparente, perfette per qualsiasi applicazione.<\/p>\t\t\t\t\t\t\t\t<\/div>\n\t\t\t\t<\/div>\n\t\t\t\t\t<\/div>\n\t\t\t\t<\/div>\n\t\t\t\t<\/div>","protected":false},"excerpt":{"rendered":"<p>Scopri le nostre bottiglie di olio d&#039;oliva personalizzate di alta qualit\u00e0 e le bottiglie di vetro con tappo per il tuo marchio. Prezzi all&#039;ingrosso, ordini all&#039;ingrosso e campioni gratuiti disponibili.<\/p>","protected":false},"featured_media":21837,"template":"","meta":[],"product_brand":[],"product_cat":[122,123],"product_tag":[],"class_list":{"0":"post-21833","1":"product","2":"type-product","3":"status-publish","4":"has-post-thumbnail","6":"product_cat-custom-glass-packaging","7":"product_cat-custom-glass-bottles","9":"first","10":"instock","11":"shipping-taxable","12":"product-type-simple"},"jetpack_sharing_enabled":true,"_links":{"self":[{"href":"https:\/\/yebodaglass.com\/it\/wp-json\/wp\/v2\/product\/21833","targetHints":{"allow":["GET"]}}],"collection":[{"href":"https:\/\/yebodaglass.com\/it\/wp-json\/wp\/v2\/product"}],"about":[{"href":"https:\/\/yebodaglass.com\/it\/wp-json\/wp\/v2\/types\/product"}],"version-history":[{"count":5,"href":"https:\/\/yebodaglass.com\/it\/wp-json\/wp\/v2\/product\/21833\/revisions"}],"predecessor-version":[{"id":21848,"href":"https:\/\/yebodaglass.com\/it\/wp-json\/wp\/v2\/product\/21833\/revisions\/21848"}],"wp:featuredmedia":[{"embeddable":true,"href":"https:\/\/yebodaglass.com\/it\/wp-json\/wp\/v2\/media\/21837"}],"wp:attachment":[{"href":"https:\/\/yebodaglass.com\/it\/wp-json\/wp\/v2\/media?parent=21833"}],"wp:term":[{"taxonomy":"product_brand","embeddable":true,"href":"https:\/\/yebodaglass.com\/it\/wp-json\/wp\/v2\/product_brand?post=21833"},{"taxonomy":"product_cat","embeddable":true,"href":"https:\/\/yebodaglass.com\/it\/wp-json\/wp\/v2\/product_cat?post=21833"},{"taxonomy":"product_tag","embeddable":true,"href":"https:\/\/yebodaglass.com\/it\/wp-json\/wp\/v2\/product_tag?post=21833"}],"curies":[{"name":"wp","href":"https:\/\/api.w.org\/{rel}","templated":true}]}}