{"id":17341,"date":"2025-07-18T12:13:20","date_gmt":"2025-07-18T04:13:20","guid":{"rendered":"https:\/\/yebodaglass.com\/?post_type=product&#038;p=17341"},"modified":"2026-03-25T13:47:20","modified_gmt":"2026-03-25T05:47:20","slug":"wholesale-32-oz-clear-glass-swing-top-bottles","status":"publish","type":"product","link":"https:\/\/yebodaglass.com\/it\/wholesale-32-oz-clear-glass-swing-top-bottles\/","title":{"rendered":"Bottiglie in vetro trasparente con tappo a vite da 32 once all&#039;ingrosso"},"content":{"rendered":"<p>La nostra gamma di bottiglie in vetro trasparente da 950 ml (32 oz) con tappo a chiusura ermetica e a prova di perdite include un robusto tappo a vite che garantisce una tenuta stagna! Queste bottiglie in vetro manterranno il contenuto fresco e in ottime condizioni. Che siate hobbisti o produttori professionisti, le nostre bottiglie in vetro con tappo a vite rappresentano una soluzione elegante e pratica per conservare ed esporre un&#039;ampia variet\u00e0 di liquidi.<\/p>\n<h2>In primo piano<\/h2>\n<ul>\n<li style=\"text-align: left;\"><strong>Chiusura a vite:<\/strong> Il tappo di gomma \u00e8 fissato saldamente da una rete metallica per formare una guarnizione resistente e riutilizzabile.<\/li>\n<li style=\"text-align: left;\"><strong>Vetro ad alta trasparenza:<\/strong> Attraverso il corpo in vetro \u00e8 possibile vedere chiaramente il colore e il grado di effervescenza della bevanda.<\/li>\n<li style=\"text-align: left;\"><strong>Raccordi metallici di lunga durata:<\/strong> Il tappo in ceramica\/plastica e la rete metallica sono resistenti e possono essere riutilizzati pi\u00f9 e pi\u00f9 volte nel tempo.<\/li>\n<\/ul>\n<h2 style=\"text-align: left;\">Specifiche chiave<\/h2>\n<table class=\"aligncenter\" style=\"border-collapse: collapse; width: 565.52pt;\" border=\"0\" width=\"754\" cellspacing=\"0\" cellpadding=\"0\">\n<tbody>\n<tr style=\"height: 13.50pt;\">\n<td style=\"height: 13.50pt; width: 121.50pt;\" width=\"162\" height=\"18\">Specifica<\/td>\n<td style=\"width: 444.00pt;\" width=\"592\">Dettagli<\/td>\n<\/tr>\n<tr style=\"height: 13.50pt;\">\n<td style=\"height: 13.50pt;\" height=\"18\">Capacit\u00e0<\/td>\n<td>32 once\/1000 ml<\/td>\n<\/tr>\n<tr style=\"height: 13.50pt;\">\n<td style=\"height: 13.50pt;\" height=\"18\">Dimensioni dell&#039;imballaggio<\/td>\n<td>7,3 pollici \u00d7 7,3 pollici \u00d7 12,4 pollici (L \u00d7 P \u00d7 A) \/ 4 pezzi per scatola<\/td>\n<\/tr>\n<tr style=\"height: 13.50pt;\">\n<td style=\"height: 13.50pt;\" height=\"18\">Materiale<\/td>\n<td>Vetro senza piombo<\/td>\n<\/tr>\n<tr style=\"height: 13.50pt;\">\n<td style=\"height: 13.50pt;\" height=\"18\">Tipo di coperchio<\/td>\n<td>Tappo a cerniera con tappo bianco, guarnizione in gomma rossa e morsetto in filo metallico.<\/td>\n<\/tr>\n<tr style=\"height: 13.50pt;\">\n<td style=\"height: 13.50pt;\" height=\"18\">Usi consigliati<\/td>\n<td>Ideale per conservare bevande fatte in casa, oli, aceto, salse e articoli per il fai da te.<\/td>\n<\/tr>\n<\/tbody>\n<\/table>\n<h2>Storia di successo<\/h2>\n<p>La nostra bottiglia di vetro da 32 once con tappo a chiusura ermetica, etichette Art Deco serigrafate personalizzate e guarnizioni in gomma colorate su misura (verdi) \u00e8 stata scelta da un&#039;azienda produttrice di bibite artigianali del Midwest. La carbonazione \u00e8 sigillata dalla clip che chiude completamente il sigillo, con un&#039;integrit\u00e0 di tenuta del 99,8%, e il sigillo \u00e8 realizzato in uno speciale vetro verde che costa all&#039;azienda imbottigliatrice 1 dollaro in pi\u00f9 per bottiglia. L&#039;azienda ha avuto un enorme successo e ha quindi ordinato 150.000 bottiglie della sua nuova linea di shaker per cocktail artigianali e aceto da bere.<\/p>\n<h2>Bottiglie in vetro su misura con tappo a chiusura ermetica<\/h2>\n<ul>\n<li>Materiali delle clip e dei fili: i componenti metallici sono disponibili in acciaio zincato, nero, rame o ottone.<\/li>\n<li>Colori di tappi e guarnizioni per bottiglie: Tappi per bottiglie (in ceramica o plastica) e guarnizioni di qualsiasi marca e colore.<\/li>\n<li>Gamma di formati: saranno disponibili 4 formati di bottiglie: 8 oz, 16 oz, 25 oz e 32 oz.<\/li>\n<\/ul>","protected":false},"excerpt":{"rendered":"<p>Bottiglie in vetro con tappo a chiusura ermetica e design resistente. Perfette per bevande frizzanti e succhi di frutta. Campioni gratuiti disponibili per testarne la qualit\u00e0.<\/p>","protected":false},"featured_media":17359,"template":"","meta":[],"product_brand":[],"product_cat":[81,80,20],"product_tag":[],"class_list":{"0":"post-17341","1":"product","2":"type-product","3":"status-publish","4":"has-post-thumbnail","6":"product_cat-flip-top-bottles","7":"product_cat-glass-bottles","8":"product_cat-glass-containers","10":"first","11":"instock","12":"shipping-taxable","13":"product-type-grouped"},"jetpack_sharing_enabled":true,"_links":{"self":[{"href":"https:\/\/yebodaglass.com\/it\/wp-json\/wp\/v2\/product\/17341","targetHints":{"allow":["GET"]}}],"collection":[{"href":"https:\/\/yebodaglass.com\/it\/wp-json\/wp\/v2\/product"}],"about":[{"href":"https:\/\/yebodaglass.com\/it\/wp-json\/wp\/v2\/types\/product"}],"version-history":[{"count":5,"href":"https:\/\/yebodaglass.com\/it\/wp-json\/wp\/v2\/product\/17341\/revisions"}],"predecessor-version":[{"id":25600,"href":"https:\/\/yebodaglass.com\/it\/wp-json\/wp\/v2\/product\/17341\/revisions\/25600"}],"wp:featuredmedia":[{"embeddable":true,"href":"https:\/\/yebodaglass.com\/it\/wp-json\/wp\/v2\/media\/17359"}],"wp:attachment":[{"href":"https:\/\/yebodaglass.com\/it\/wp-json\/wp\/v2\/media?parent=17341"}],"wp:term":[{"taxonomy":"product_brand","embeddable":true,"href":"https:\/\/yebodaglass.com\/it\/wp-json\/wp\/v2\/product_brand?post=17341"},{"taxonomy":"product_cat","embeddable":true,"href":"https:\/\/yebodaglass.com\/it\/wp-json\/wp\/v2\/product_cat?post=17341"},{"taxonomy":"product_tag","embeddable":true,"href":"https:\/\/yebodaglass.com\/it\/wp-json\/wp\/v2\/product_tag?post=17341"}],"curies":[{"name":"wp","href":"https:\/\/api.w.org\/{rel}","templated":true}]}}