{"id":17070,"date":"2025-07-15T10:20:04","date_gmt":"2025-07-15T02:20:04","guid":{"rendered":"https:\/\/yebodaglass.com\/?post_type=product&#038;p=17070"},"modified":"2025-09-15T12:39:03","modified_gmt":"2025-09-15T04:39:03","slug":"wholesale-round-17oz-25oz-34oz-50oz-glass-jars-with-airtight-lids-for-food-storage","status":"publish","type":"product","link":"https:\/\/yebodaglass.com\/it\/wholesale-round-17oz-25oz-34oz-50oz-glass-jars-with-airtight-lids-for-food-storage\/","title":{"rendered":"Barattoli di vetro rotondi all&#039;ingrosso da 16 oz, 24 oz, 32 oz e 48 oz con coperchi ermetici per la conservazione degli alimenti"},"content":{"rendered":"<div data-elementor-type=\"wp-post\" data-elementor-id=\"17070\" class=\"elementor elementor-17070\" data-elementor-settings=\"{&quot;ha_cmc_init_switcher&quot;:&quot;no&quot;}\" data-elementor-post-type=\"product\">\n\t\t\t\t<div class=\"elementor-element elementor-element-bb0d695 e-flex e-con-boxed e-con e-parent\" data-id=\"bb0d695\" data-element_type=\"container\" data-e-type=\"container\" data-settings=\"{&quot;_ha_eqh_enable&quot;:false}\">\n\t\t\t\t\t<div class=\"e-con-inner\">\n\t\t\t\t<div class=\"elementor-element elementor-element-732f179 elementor-widget elementor-widget-text-editor\" data-id=\"732f179\" data-element_type=\"widget\" data-e-type=\"widget\" data-widget_type=\"text-editor.default\">\n\t\t\t\t<div class=\"elementor-widget-container\">\n\t\t\t\t\t\t\t\t\t<p>Benvenuti ai barattoli di vetro rotondi con coperchio ermetico, la nostra scelta intelligente e completa all&#039;ingrosso. Offriamo quattro formati classici: 475 ml, 710 ml, 915 ml e 1220 ml; tutti i formati pi\u00f9 grandi sono dotati di coperchi ermetici. Ci impegniamo a fornirvi soluzioni per la conservazione degli alimenti sicure, a prova di umidit\u00e0 e di lunga durata. Che desideriate una casa pulita e organizzata o una fornitura commerciale affidabile ed efficiente, il prodotto che cercate deve essere di alta qualit\u00e0 ed esteticamente gradevole. Offriamo anche servizi personalizzati per aiutarvi a creare un&#039;immagine di marca unica.<\/p>\t\t\t\t\t\t\t\t<\/div>\n\t\t\t\t<\/div>\n\t\t\t\t<div class=\"elementor-element elementor-element-54c8d6c elementor-widget elementor-widget-heading\" data-id=\"54c8d6c\" data-element_type=\"widget\" data-e-type=\"widget\" data-widget_type=\"heading.default\">\n\t\t\t\t<div class=\"elementor-widget-container\">\n\t\t\t\t\t<h2 class=\"elementor-heading-title elementor-size-default\">Specifiche chiave<\/h2>\t\t\t\t<\/div>\n\t\t\t\t<\/div>\n\t\t\t\t<div class=\"elementor-element elementor-element-14509d8 elementor-widget elementor-widget-text-editor\" data-id=\"14509d8\" data-element_type=\"widget\" data-e-type=\"widget\" data-widget_type=\"text-editor.default\">\n\t\t\t\t<div class=\"elementor-widget-container\">\n\t\t\t\t\t\t\t\t\t<table class=\"aligncenter\" style=\"border-collapse: collapse; width: 609.77pt;\" border=\"0\" width=\"813\" cellspacing=\"0\" cellpadding=\"0\"><tbody><tr style=\"height: 13.50pt;\"><td class=\"et2\" style=\"height: 13.50pt; width: 126.00pt;\" width=\"168\" height=\"18\">Specifica<\/td><td class=\"et2\" style=\"width: 483.75pt;\" width=\"645\">Dettagli<\/td><\/tr><tr style=\"height: 27.00pt;\"><td class=\"et2\" style=\"height: 27.00pt; width: 126.00pt;\" width=\"168\" height=\"36\">Opzioni di capacit\u00e0<\/td><td class=\"et2\" style=\"width: 483.75pt;\" width=\"645\">16 oz\/500 ml (6 confezioni), 24 oz\/750 ml (4 confezioni), 32 oz\/1000 ml (3 confezioni), 48 oz\/1500 ml (2 confezioni)<\/td><\/tr><tr style=\"height: 13.50pt;\"><td class=\"et2\" style=\"height: 13.50pt; width: 126.00pt;\" width=\"168\" height=\"18\">Diametro della bocca<\/td><td class=\"et2\" style=\"width: 483.75pt;\" width=\"645\">3,7 pollici<\/td><\/tr><tr style=\"height: 13.50pt;\"><td class=\"et2\" style=\"height: 13.50pt; width: 126.00pt;\" width=\"168\" height=\"18\">Diametro del corpo<\/td><td class=\"et2\" style=\"width: 483.75pt;\" width=\"645\">4,3 pollici, 4,5 pollici<\/td><\/tr><tr style=\"height: 13.50pt;\"><td class=\"et2\" style=\"height: 13.50pt; width: 126.00pt;\" width=\"168\" height=\"18\">Opzioni di altezza<\/td><td class=\"et2\" style=\"width: 483.75pt;\" width=\"645\">3,9 pollici, 4,9 pollici, 5,9 pollici, 7,9 pollici<\/td><\/tr><tr style=\"height: 13.50pt;\"><td class=\"et2\" style=\"height: 13.50pt; width: 126.00pt;\" width=\"168\" height=\"18\">Materiale<\/td><td class=\"et2\" style=\"width: 483.75pt;\" width=\"645\">Vetro senza piombo<\/td><\/tr><\/tbody><\/table>\t\t\t\t\t\t\t\t<\/div>\n\t\t\t\t<\/div>\n\t\t\t\t\t<\/div>\n\t\t\t\t<\/div>\n\t\t<div class=\"elementor-element elementor-element-55e31eb e-flex e-con-boxed e-con e-parent\" data-id=\"55e31eb\" data-element_type=\"container\" data-e-type=\"container\" data-settings=\"{&quot;_ha_eqh_enable&quot;:false}\">\n\t\t\t\t\t<div class=\"e-con-inner\">\n\t\t\t\t<div class=\"elementor-element elementor-element-fc0900e elementor-widget elementor-widget-heading\" data-id=\"fc0900e\" data-element_type=\"widget\" data-e-type=\"widget\" data-widget_type=\"heading.default\">\n\t\t\t\t<div class=\"elementor-widget-container\">\n\t\t\t\t\t<h2 class=\"elementor-heading-title elementor-size-default\">In primo piano<\/h2>\t\t\t\t<\/div>\n\t\t\t\t<\/div>\n\t\t\t\t\t<\/div>\n\t\t\t\t<\/div>\n\t\t<div class=\"elementor-element elementor-element-723cd80 e-flex e-con-boxed e-con e-parent\" data-id=\"723cd80\" data-element_type=\"container\" data-e-type=\"container\" data-settings=\"{&quot;_ha_eqh_enable&quot;:false}\">\n\t\t\t\t\t<div class=\"e-con-inner\">\n\t\t<div class=\"elementor-element elementor-element-bf4cb81 e-con-full e-flex e-con e-child\" data-id=\"bf4cb81\" data-element_type=\"container\" data-e-type=\"container\" data-settings=\"{&quot;_ha_eqh_enable&quot;:false}\">\n\t\t\t\t<div class=\"elementor-element elementor-element-202a3f6 elementor-widget elementor-widget-image\" data-id=\"202a3f6\" data-element_type=\"widget\" data-e-type=\"widget\" data-widget_type=\"image.default\">\n\t\t\t\t<div class=\"elementor-widget-container\">\n\t\t\t\t\t\t\t\t\t\t\t\t\t\t\t<img decoding=\"async\" src=\"https:\/\/yebodaglass.com\/wp-content\/uploads\/elementor\/thumbs\/62-\u62f7\u8d1d-r8rxpogypls13q4cy9gzlc7dcpql77g4wxg603fw68.webp\" title=\"Barattoli di vetro YEBODA da 17 oz, 25 oz, 34 oz e 50 oz con coperchio per la conservazione in cucina e dispensa\" alt=\"Barattoli di vetro YEBODA da 17 oz, 25 oz, 34 oz e 50 oz con coperchio per la conservazione in cucina e dispensa\" loading=\"lazy\" \/>\t\t\t\t\t\t\t\t\t\t\t\t\t\t\t<\/div>\n\t\t\t\t<\/div>\n\t\t\t\t<div class=\"elementor-element elementor-element-fc1fd2d elementor-widget elementor-widget-text-editor\" data-id=\"fc1fd2d\" data-element_type=\"widget\" data-e-type=\"widget\" data-widget_type=\"text-editor.default\">\n\t\t\t\t<div class=\"elementor-widget-container\">\n\t\t\t\t\t\t\t\t\t<p>Varie dimensioni: il set include barattoli di varie dimensioni per soddisfare diverse esigenze di conservazione.<\/p>\t\t\t\t\t\t\t\t<\/div>\n\t\t\t\t<\/div>\n\t\t\t\t<\/div>\n\t\t<div class=\"elementor-element elementor-element-73418b7 e-con-full e-flex e-con e-child\" data-id=\"73418b7\" data-element_type=\"container\" data-e-type=\"container\" data-settings=\"{&quot;_ha_eqh_enable&quot;:false}\">\n\t\t\t\t<div class=\"elementor-element elementor-element-490e976 elementor-widget elementor-widget-image\" data-id=\"490e976\" data-element_type=\"widget\" data-e-type=\"widget\" data-widget_type=\"image.default\">\n\t\t\t\t<div class=\"elementor-widget-container\">\n\t\t\t\t\t\t\t\t\t\t\t\t\t\t\t<img decoding=\"async\" src=\"https:\/\/yebodaglass.com\/wp-content\/uploads\/elementor\/thumbs\/61-\u62f7\u8d1d-1-r8rxo42nbjmtr4ea3l3dfqfpplgkdd88p6b17hrijk.webp\" title=\"Barattoli ermetici quadrati da 17 oz, 25 oz, 34 oz e 50 oz\" alt=\"Barattoli ermetici quadrati da 17 oz, 25 oz, 34 oz e 50 oz\" loading=\"lazy\" \/>\t\t\t\t\t\t\t\t\t\t\t\t\t\t\t<\/div>\n\t\t\t\t<\/div>\n\t\t\t\t<div class=\"elementor-element elementor-element-28d6163 elementor-widget elementor-widget-text-editor\" data-id=\"28d6163\" data-element_type=\"widget\" data-e-type=\"widget\" data-widget_type=\"text-editor.default\">\n\t\t\t\t<div class=\"elementor-widget-container\">\n\t\t\t\t\t\t\t\t\t<p>Design trasparente: la struttura in vetro trasparente facilita l&#039;identificazione degli oggetti riposti.<\/p>\t\t\t\t\t\t\t\t<\/div>\n\t\t\t\t<\/div>\n\t\t\t\t<\/div>\n\t\t\t\t\t<\/div>\n\t\t\t\t<\/div>\n\t\t<div class=\"elementor-element elementor-element-0289a6a e-flex e-con-boxed e-con e-parent\" data-id=\"0289a6a\" data-element_type=\"container\" data-e-type=\"container\" data-settings=\"{&quot;_ha_eqh_enable&quot;:false}\">\n\t\t\t\t\t<div class=\"e-con-inner\">\n\t\t<div class=\"elementor-element elementor-element-c96924d e-con-full e-flex e-con e-child\" data-id=\"c96924d\" data-element_type=\"container\" data-e-type=\"container\" data-settings=\"{&quot;_ha_eqh_enable&quot;:false}\">\n\t\t\t\t<div class=\"elementor-element elementor-element-21b20dd elementor-widget elementor-widget-image\" data-id=\"21b20dd\" data-element_type=\"widget\" data-e-type=\"widget\" data-widget_type=\"image.default\">\n\t\t\t\t<div class=\"elementor-widget-container\">\n\t\t\t\t\t\t\t\t\t\t\t\t\t\t\t<img decoding=\"async\" src=\"https:\/\/yebodaglass.com\/wp-content\/uploads\/elementor\/thumbs\/\u683c\u5f0f\u5de5\u53826-\u62f7\u8d1d-1-r8rxp0yzyqvv1h2hrhbbd04ui2yeuruuhp5106eqhs.webp\" title=\"Barattoli di vetro YEBODA da 17 oz, 25 oz, 34 oz e 50 oz con coperchio per la conservazione in cucina e dispensa\" alt=\"Barattoli di vetro YEBODA da 17 oz, 25 oz, 34 oz e 50 oz con coperchio per la conservazione in cucina e dispensa\" loading=\"lazy\" \/>\t\t\t\t\t\t\t\t\t\t\t\t\t\t\t<\/div>\n\t\t\t\t<\/div>\n\t\t\t\t<div class=\"elementor-element elementor-element-39f687a elementor-widget elementor-widget-text-editor\" data-id=\"39f687a\" data-element_type=\"widget\" data-e-type=\"widget\" data-widget_type=\"text-editor.default\">\n\t\t\t\t<div class=\"elementor-widget-container\">\n\t\t\t\t\t\t\t\t\t<p>Sigillato: i coperchi metallici a scatto garantiscono una chiusura sicura, mantenendo il contenuto fresco.<\/p>\t\t\t\t\t\t\t\t<\/div>\n\t\t\t\t<\/div>\n\t\t\t\t<\/div>\n\t\t<div class=\"elementor-element elementor-element-476570b e-con-full e-flex e-con e-child\" data-id=\"476570b\" data-element_type=\"container\" data-e-type=\"container\" data-settings=\"{&quot;_ha_eqh_enable&quot;:false}\">\n\t\t\t\t<div class=\"elementor-element elementor-element-c3dbdb7 elementor-widget elementor-widget-image\" data-id=\"c3dbdb7\" data-element_type=\"widget\" data-e-type=\"widget\" data-widget_type=\"image.default\">\n\t\t\t\t<div class=\"elementor-widget-container\">\n\t\t\t\t\t\t\t\t\t\t\t\t\t\t\t<img decoding=\"async\" src=\"https:\/\/yebodaglass.com\/wp-content\/uploads\/elementor\/thumbs\/4-\u62f7\u8d1d-1-r8rxq79qiahrjxd1whliz7gl8f5xh5irnihvlmo0ps.webp\" title=\"Barattoli di vetro YEBODA da 17 oz, 25 oz, 34 oz e 50 oz con coperchio per la conservazione in cucina e dispensa\" alt=\"Barattoli di vetro YEBODA da 17 oz, 25 oz, 34 oz e 50 oz con coperchio per la conservazione in cucina e dispensa\" loading=\"lazy\" \/>\t\t\t\t\t\t\t\t\t\t\t\t\t\t\t<\/div>\n\t\t\t\t<\/div>\n\t\t\t\t<div class=\"elementor-element elementor-element-61991dc elementor-widget elementor-widget-text-editor\" data-id=\"61991dc\" data-element_type=\"widget\" data-e-type=\"widget\" data-widget_type=\"text-editor.default\">\n\t\t\t\t<div class=\"elementor-widget-container\">\n\t\t\t\t\t\t\t\t\t<p>Apertura e chiusura comode: quattro semplici passaggi (sbloccare la fibbia, sollevare il coperchio, prendere gli oggetti, richiudere il coperchio e bloccare), facili e comodi per l&#039;uso quotidiano.<\/p>\t\t\t\t\t\t\t\t<\/div>\n\t\t\t\t<\/div>\n\t\t\t\t<\/div>\n\t\t\t\t\t<\/div>\n\t\t\t\t<\/div>\n\t\t<div class=\"elementor-element elementor-element-88b472e e-con-full e-flex e-con e-parent\" data-id=\"88b472e\" data-element_type=\"container\" data-e-type=\"container\" data-settings=\"{&quot;_ha_eqh_enable&quot;:false}\">\n\t\t\t\t<div class=\"elementor-element elementor-element-3582c55 elementor-widget elementor-widget-text-editor\" data-id=\"3582c55\" data-element_type=\"widget\" data-e-type=\"widget\" data-widget_type=\"text-editor.default\">\n\t\t\t\t<div class=\"elementor-widget-container\">\n\t\t\t\t\t\t\t\t\t<p>\u00a0 \u00a0 \u00a0 \u00a0 \u00a0 \u00a0 \u00a0 \u00a0 \u00a0 \u00a0 \u00a0 \u00a0 <img fetchpriority=\"high\" decoding=\"async\" class=\"alignnone wp-image-16229\" src=\"https:\/\/yebodaglass.com\/wp-content\/uploads\/2025\/07\/d1ad5ea8ed4fd82e283a3a35878dd5c.png\" alt=\"\" width=\"240\" height=\"240\" srcset=\"https:\/\/yebodaglass.com\/wp-content\/uploads\/2025\/07\/d1ad5ea8ed4fd82e283a3a35878dd5c.png 220w, https:\/\/yebodaglass.com\/wp-content\/uploads\/2025\/07\/d1ad5ea8ed4fd82e283a3a35878dd5c-100x100.png 100w, https:\/\/yebodaglass.com\/wp-content\/uploads\/2025\/07\/d1ad5ea8ed4fd82e283a3a35878dd5c-150x150.png 150w, https:\/\/yebodaglass.com\/wp-content\/uploads\/2025\/07\/d1ad5ea8ed4fd82e283a3a35878dd5c-12x12.png 12w\" sizes=\"(max-width: 240px) 100vw, 240px\" \/>\u00a0 \u00a0 \u00a0 \u00a0 \u00a0<img decoding=\"async\" class=\"alignnone wp-image-16228\" src=\"https:\/\/yebodaglass.com\/wp-content\/uploads\/2025\/07\/4679f61166f64c6045dbc74c130db9a.png\" alt=\"\" width=\"240\" height=\"240\" srcset=\"https:\/\/yebodaglass.com\/wp-content\/uploads\/2025\/07\/4679f61166f64c6045dbc74c130db9a.png 220w, https:\/\/yebodaglass.com\/wp-content\/uploads\/2025\/07\/4679f61166f64c6045dbc74c130db9a-100x100.png 100w, https:\/\/yebodaglass.com\/wp-content\/uploads\/2025\/07\/4679f61166f64c6045dbc74c130db9a-150x150.png 150w, https:\/\/yebodaglass.com\/wp-content\/uploads\/2025\/07\/4679f61166f64c6045dbc74c130db9a-12x12.png 12w\" sizes=\"(max-width: 240px) 100vw, 240px\" \/>\u00a0 \u00a0 \u00a0 \u00a0 \u00a0 <img decoding=\"async\" class=\"alignnone wp-image-16230\" src=\"https:\/\/yebodaglass.com\/wp-content\/uploads\/2025\/07\/e59283ab6cb2ed3c93ba4f8a33db2ff.png\" alt=\"\" width=\"240\" height=\"240\" srcset=\"https:\/\/yebodaglass.com\/wp-content\/uploads\/2025\/07\/e59283ab6cb2ed3c93ba4f8a33db2ff.png 220w, https:\/\/yebodaglass.com\/wp-content\/uploads\/2025\/07\/e59283ab6cb2ed3c93ba4f8a33db2ff-100x100.png 100w, https:\/\/yebodaglass.com\/wp-content\/uploads\/2025\/07\/e59283ab6cb2ed3c93ba4f8a33db2ff-150x150.png 150w, https:\/\/yebodaglass.com\/wp-content\/uploads\/2025\/07\/e59283ab6cb2ed3c93ba4f8a33db2ff-12x12.png 12w\" sizes=\"(max-width: 240px) 100vw, 240px\" \/>\u00a0 \u00a0 \u00a0 <img loading=\"lazy\" decoding=\"async\" class=\"alignnone wp-image-16227\" src=\"https:\/\/yebodaglass.com\/wp-content\/uploads\/2025\/07\/8b499cc8b9c63806f1b8b3d5aa03275.png\" alt=\"\" width=\"240\" height=\"240\" srcset=\"https:\/\/yebodaglass.com\/wp-content\/uploads\/2025\/07\/8b499cc8b9c63806f1b8b3d5aa03275.png 220w, https:\/\/yebodaglass.com\/wp-content\/uploads\/2025\/07\/8b499cc8b9c63806f1b8b3d5aa03275-100x100.png 100w, https:\/\/yebodaglass.com\/wp-content\/uploads\/2025\/07\/8b499cc8b9c63806f1b8b3d5aa03275-150x150.png 150w, https:\/\/yebodaglass.com\/wp-content\/uploads\/2025\/07\/8b499cc8b9c63806f1b8b3d5aa03275-12x12.png 12w\" sizes=\"(max-width: 240px) 100vw, 240px\" \/><\/p>\t\t\t\t\t\t\t\t<\/div>\n\t\t\t\t<\/div>\n\t\t\t\t<\/div>\n\t\t<div class=\"elementor-element elementor-element-792eb8c e-flex e-con-boxed e-con e-parent\" data-id=\"792eb8c\" data-element_type=\"container\" data-e-type=\"container\" data-settings=\"{&quot;_ha_eqh_enable&quot;:false}\">\n\t\t\t\t\t<div class=\"e-con-inner\">\n\t\t\t\t<div class=\"elementor-element elementor-element-ceb50a8 elementor-widget elementor-widget-image\" data-id=\"ceb50a8\" data-element_type=\"widget\" data-e-type=\"widget\" data-widget_type=\"image.default\">\n\t\t\t\t<div class=\"elementor-widget-container\">\n\t\t\t\t\t\t\t\t\t\t\t\t\t\t\t<img decoding=\"async\" src=\"https:\/\/yebodaglass.com\/wp-content\/uploads\/elementor\/thumbs\/51-\u62f7\u8d1d-1-r8rxufjl9ga7sr7v7bf37519gube44ba8g6jcge8ps.webp\" title=\"Barattoli ermetici da 17 oz, 25 oz, 34 oz e 50 oz sfusi\" alt=\"Barattoli ermetici da 17 oz, 25 oz, 34 oz e 50 oz sfusi\" loading=\"lazy\" \/>\t\t\t\t\t\t\t\t\t\t\t\t\t\t\t<\/div>\n\t\t\t\t<\/div>\n\t\t\t\t<div class=\"elementor-element elementor-element-b2907c6 elementor-widget elementor-widget-text-editor\" data-id=\"b2907c6\" data-element_type=\"widget\" data-e-type=\"widget\" data-widget_type=\"text-editor.default\">\n\t\t\t\t<div class=\"elementor-widget-container\">\n\t\t\t\t\t\t\t\t\t<h2>Usi personali:<\/h2><p>Questi barattoli in vetro con coperchio ermetico sono perfetti per conservare prodotti secchi, cereali, farina, chicchi di caff\u00e8, t\u00e8, pasta o dolci fatti in casa. Il design ermetico esclude efficacemente umidit\u00e0 e insetti, mantenendo la freschezza a lungo. Il design uniforme garantisce una conservazione organizzata e una facile visualizzazione in dispensa e in frigorifero.<\/p><h2>Usi commerciali:<\/h2><p>Una soluzione professionale per lo stoccaggio e le prestazioni commerciali! Ideali per bar, ristoranti, panetterie, supermercati, negozi di dolciumi e altro ancora, questi barattoli ermetici sono ideali per conservare, presentare e vendere una variet\u00e0 di prodotti alimentari. Il loro design igienico, resistente ed estetico esalta la professionalit\u00e0 del tuo marchio e ottimizza l&#039;efficienza in cucina. Possono essere venduti direttamente in confezioni al dettaglio e possono essere personalizzati con etichette o logo, rendendoli un potente strumento di branding e marketing.<\/p>\t\t\t\t\t\t\t\t<\/div>\n\t\t\t\t<\/div>\n\t\t\t\t\t<\/div>\n\t\t\t\t<\/div>\n\t\t\t\t<\/div>","protected":false},"excerpt":{"rendered":"<p>Benvenuti al barattolo di vetro rotondo a tenuta d'aria, la nostra scelta intelligente e unica all'ingrosso. Forniamo quattro forme classiche: 17 oz, 25 oz, 34 oz e 50 oz, tutte le alte dimostrazioni sono dotate di coperchi ermetici. Ci impegniamo a fornirvi soluzioni sicure, a prova di umidit\u00e0 e di lunga durata per la conservazione degli alimenti. Che stiate cercando di avere una casa pulita e organizzata o [...]<\/p>","protected":false},"featured_media":17111,"template":"","meta":[],"product_brand":[],"product_cat":[83,87,20],"product_tag":[],"class_list":{"0":"post-17070","1":"product","2":"type-product","3":"status-publish","4":"has-post-thumbnail","6":"product_cat-glass-jars","7":"product_cat-food-storage-jars","8":"product_cat-glass-containers","10":"first","11":"instock","12":"shipping-taxable","13":"product-type-grouped"},"jetpack_sharing_enabled":true,"_links":{"self":[{"href":"https:\/\/yebodaglass.com\/it\/wp-json\/wp\/v2\/product\/17070","targetHints":{"allow":["GET"]}}],"collection":[{"href":"https:\/\/yebodaglass.com\/it\/wp-json\/wp\/v2\/product"}],"about":[{"href":"https:\/\/yebodaglass.com\/it\/wp-json\/wp\/v2\/types\/product"}],"version-history":[{"count":5,"href":"https:\/\/yebodaglass.com\/it\/wp-json\/wp\/v2\/product\/17070\/revisions"}],"predecessor-version":[{"id":21024,"href":"https:\/\/yebodaglass.com\/it\/wp-json\/wp\/v2\/product\/17070\/revisions\/21024"}],"wp:featuredmedia":[{"embeddable":true,"href":"https:\/\/yebodaglass.com\/it\/wp-json\/wp\/v2\/media\/17111"}],"wp:attachment":[{"href":"https:\/\/yebodaglass.com\/it\/wp-json\/wp\/v2\/media?parent=17070"}],"wp:term":[{"taxonomy":"product_brand","embeddable":true,"href":"https:\/\/yebodaglass.com\/it\/wp-json\/wp\/v2\/product_brand?post=17070"},{"taxonomy":"product_cat","embeddable":true,"href":"https:\/\/yebodaglass.com\/it\/wp-json\/wp\/v2\/product_cat?post=17070"},{"taxonomy":"product_tag","embeddable":true,"href":"https:\/\/yebodaglass.com\/it\/wp-json\/wp\/v2\/product_tag?post=17070"}],"curies":[{"name":"wp","href":"https:\/\/api.w.org\/{rel}","templated":true}]}}