{"id":16805,"date":"2025-07-11T10:47:25","date_gmt":"2025-07-11T02:47:25","guid":{"rendered":"https:\/\/yebodaglass.com\/?post_type=product&#038;p=16805"},"modified":"2026-03-11T15:06:00","modified_gmt":"2026-03-11T07:06:00","slug":"clear-glass-jam-jars-with-metal-lids-wholesale","status":"publish","type":"product","link":"https:\/\/yebodaglass.com\/it\/prodotto\/clear-glass-jam-jars-with-metal-lids-wholesale\/","title":{"rendered":"Barattoli per marmellata in vetro trasparente da 16 once con coperchi in metallo all&#039;ingrosso"},"content":{"rendered":"<div data-elementor-type=\"wp-post\" data-elementor-id=\"16805\" class=\"elementor elementor-16805\" data-elementor-settings=\"{&quot;ha_cmc_init_switcher&quot;:&quot;no&quot;}\" data-elementor-post-type=\"product\">\n\t\t\t\t<div class=\"elementor-element elementor-element-bb0d695 e-flex e-con-boxed e-con e-parent\" data-id=\"bb0d695\" data-element_type=\"container\" data-e-type=\"container\" data-settings=\"{&quot;_ha_eqh_enable&quot;:false}\">\n\t\t\t\t\t<div class=\"e-con-inner\">\n\t\t\t\t<div class=\"elementor-element elementor-element-732f179 elementor-widget elementor-widget-text-editor\" data-id=\"732f179\" data-element_type=\"widget\" data-e-type=\"widget\" data-widget_type=\"text-editor.default\">\n\t\t\t\t<div class=\"elementor-widget-container\">\n\t\t\t\t\t\t\t\t\t<p>I nostri barattoli per marmellata in vetro da 16oz hanno un design rotondo, leggermente a bulbo, con un robusto coperchio metallico a vite. Questi barattoli per marmellata in vetro sono perfetti per conservare marmellate, gelatine, salse o qualsiasi altro prodotto fatto in casa. Il vetro trasparente mostra un materiale vivace, che unisce funzionalit\u00e0 a un aspetto pulito e classico, ideale sia per la cucina di casa che per la vendita al dettaglio.<\/p>\t\t\t\t\t\t\t\t<\/div>\n\t\t\t\t<\/div>\n\t\t\t\t<div class=\"elementor-element elementor-element-54c8d6c elementor-widget elementor-widget-heading\" data-id=\"54c8d6c\" data-element_type=\"widget\" data-e-type=\"widget\" data-widget_type=\"heading.default\">\n\t\t\t\t<div class=\"elementor-widget-container\">\n\t\t\t\t\t<h2 class=\"elementor-heading-title elementor-size-default\">Specifiche chiave<\/h2>\t\t\t\t<\/div>\n\t\t\t\t<\/div>\n\t\t\t\t<div class=\"elementor-element elementor-element-14509d8 elementor-widget elementor-widget-text-editor\" data-id=\"14509d8\" data-element_type=\"widget\" data-e-type=\"widget\" data-widget_type=\"text-editor.default\">\n\t\t\t\t<div class=\"elementor-widget-container\">\n\t\t\t\t\t\t\t\t\t<table style=\"border-collapse: collapse; margin-left: auto; margin-right: auto; width: 80%;\" border=\"0\" width=\"468\" cellspacing=\"0\" cellpadding=\"0\"><tbody><tr style=\"height: 13.50pt;\"><td style=\"height: 13.50pt; width: 120.00pt;\" width=\"160\" height=\"18\">Parametro<\/td><td style=\"width: 231.00pt;\" width=\"308\">Descrizione<\/td><\/tr><tr style=\"height: 13.50pt;\"><td style=\"height: 13.50pt;\" height=\"18\">Capacit\u00e0<\/td><td>500 ml \/ 16 once<\/td><\/tr><tr style=\"height: 13.50pt;\"><td style=\"height: 13.50pt;\" height=\"18\">Quantit\u00e0 del pacchetto<\/td><td>12 pezzi per scatola<\/td><\/tr><tr style=\"height: 13.50pt;\"><td style=\"height: 13.50pt;\" height=\"18\">Materiale<\/td><td>Vetro senza piombo<\/td><\/tr><tr style=\"height: 13.50pt;\"><td style=\"height: 13.50pt;\" height=\"18\">Diametro della bocca<\/td><td>6,9 cm \/ 2,72 pollici<\/td><\/tr><tr style=\"height: 13.50pt;\"><td style=\"height: 13.50pt;\" height=\"18\">Diametro del corpo<\/td><td>8,5 cm \/ 3,35 pollici<\/td><\/tr><tr style=\"height: 13.50pt;\"><td style=\"height: 13.50pt;\" height=\"18\">Altezza<\/td><td>12,8 cm \/ 5,04 pollici<\/td><\/tr><tr style=\"height: 13.50pt;\"><td style=\"height: 13.50pt;\" height=\"18\">Tipo di sigillo<\/td><td>Coperchio a vite in metallo<\/td><\/tr><\/tbody><\/table>\t\t\t\t\t\t\t\t<\/div>\n\t\t\t\t<\/div>\n\t\t\t\t\t<\/div>\n\t\t\t\t<\/div>\n\t\t<div class=\"elementor-element elementor-element-55e31eb e-flex e-con-boxed e-con e-parent\" data-id=\"55e31eb\" data-element_type=\"container\" data-e-type=\"container\" data-settings=\"{&quot;_ha_eqh_enable&quot;:false}\">\n\t\t\t\t\t<div class=\"e-con-inner\">\n\t\t\t\t<div class=\"elementor-element elementor-element-fc0900e elementor-widget elementor-widget-heading\" data-id=\"fc0900e\" data-element_type=\"widget\" data-e-type=\"widget\" data-widget_type=\"heading.default\">\n\t\t\t\t<div class=\"elementor-widget-container\">\n\t\t\t\t\t<h2 class=\"elementor-heading-title elementor-size-default\">In primo piano<\/h2>\t\t\t\t<\/div>\n\t\t\t\t<\/div>\n\t\t\t\t\t<\/div>\n\t\t\t\t<\/div>\n\t\t<div class=\"elementor-element elementor-element-723cd80 e-flex e-con-boxed e-con e-parent\" data-id=\"723cd80\" data-element_type=\"container\" data-e-type=\"container\" data-settings=\"{&quot;_ha_eqh_enable&quot;:false}\">\n\t\t\t\t\t<div class=\"e-con-inner\">\n\t\t<div class=\"elementor-element elementor-element-bf4cb81 e-con-full e-flex e-con e-child\" data-id=\"bf4cb81\" data-element_type=\"container\" data-e-type=\"container\" data-settings=\"{&quot;_ha_eqh_enable&quot;:false}\">\n\t\t\t\t<div class=\"elementor-element elementor-element-202a3f6 elementor-widget elementor-widget-image\" data-id=\"202a3f6\" data-element_type=\"widget\" data-e-type=\"widget\" data-widget_type=\"image.default\">\n\t\t\t\t<div class=\"elementor-widget-container\">\n\t\t\t\t\t\t\t\t\t\t\t\t\t\t\t<img decoding=\"async\" src=\"https:\/\/yebodaglass.com\/wp-content\/uploads\/elementor\/thumbs\/5-4-r8kz92p28wq5ax8qlaapz5bm4tfpep5gwvmnr6g90g.webp\" title=\"Barattoli Mason da 32 once all&#039;ingrosso con design cilindrico\" alt=\"Barattoli Mason da 32 once all&#039;ingrosso con design cilindrico\" loading=\"lazy\" \/>\t\t\t\t\t\t\t\t\t\t\t\t\t\t\t<\/div>\n\t\t\t\t<\/div>\n\t\t\t\t<div class=\"elementor-element elementor-element-fc1fd2d elementor-widget elementor-widget-text-editor\" data-id=\"fc1fd2d\" data-element_type=\"widget\" data-e-type=\"widget\" data-widget_type=\"text-editor.default\">\n\t\t\t\t<div class=\"elementor-widget-container\">\n\t\t\t\t\t\t\t\t\t<p>Barattoli per marmellata in vetro di alta qualit\u00e0: realizzati in vetro di prima qualit\u00e0, sono trasparenti e robusti, resistenti alle variazioni di temperatura e non si rompono facilmente, e hanno un&#039;elevata qualit\u00e0 soddisfacente.<\/p>\t\t\t\t\t\t\t\t<\/div>\n\t\t\t\t<\/div>\n\t\t\t\t<\/div>\n\t\t<div class=\"elementor-element elementor-element-73418b7 e-con-full e-flex e-con e-child\" data-id=\"73418b7\" data-element_type=\"container\" data-e-type=\"container\" data-settings=\"{&quot;_ha_eqh_enable&quot;:false}\">\n\t\t\t\t<div class=\"elementor-element elementor-element-490e976 elementor-widget elementor-widget-image\" data-id=\"490e976\" data-element_type=\"widget\" data-e-type=\"widget\" data-widget_type=\"image.default\">\n\t\t\t\t<div class=\"elementor-widget-container\">\n\t\t\t\t\t\t\t\t\t\t\t\t\t\t\t<img decoding=\"async\" src=\"https:\/\/yebodaglass.com\/wp-content\/uploads\/elementor\/thumbs\/6-5-r8jh0iidgbtfzlg26a43gvb6w9cxxfmd4lm18tj6ao.webp\" title=\"Barattoli Mason da 32 once all&#039;ingrosso con design cilindrico\" alt=\"Barattoli Mason da 32 once all&#039;ingrosso con design cilindrico\" loading=\"lazy\" \/>\t\t\t\t\t\t\t\t\t\t\t\t\t\t\t<\/div>\n\t\t\t\t<\/div>\n\t\t\t\t<div class=\"elementor-element elementor-element-28d6163 elementor-widget elementor-widget-text-editor\" data-id=\"28d6163\" data-element_type=\"widget\" data-e-type=\"widget\" data-widget_type=\"text-editor.default\">\n\t\t\t\t<div class=\"elementor-widget-container\">\n\t\t\t\t\t\t\t\t\t<p>Parete interna facile da levigare: la parete interna della bottiglia \u00e8 pulita e senza sbavature, e le macchie d&#039;acqua possono essere lavate via con un solo risciacquo, rendendo la pulizia meravigliosa e senza paura.<\/p>\t\t\t\t\t\t\t\t<\/div>\n\t\t\t\t<\/div>\n\t\t\t\t<\/div>\n\t\t\t\t\t<\/div>\n\t\t\t\t<\/div>\n\t\t<div class=\"elementor-element elementor-element-fc04ebb e-flex e-con-boxed e-con e-parent\" data-id=\"fc04ebb\" data-element_type=\"container\" data-e-type=\"container\" data-settings=\"{&quot;_ha_eqh_enable&quot;:false}\">\n\t\t\t\t\t<div class=\"e-con-inner\">\n\t\t<div class=\"elementor-element elementor-element-34afca3 e-con-full e-flex e-con e-child\" data-id=\"34afca3\" data-element_type=\"container\" data-e-type=\"container\" data-settings=\"{&quot;_ha_eqh_enable&quot;:false}\">\n\t\t\t\t<div class=\"elementor-element elementor-element-db07882 elementor-widget elementor-widget-image\" data-id=\"db07882\" data-element_type=\"widget\" data-e-type=\"widget\" data-widget_type=\"image.default\">\n\t\t\t\t<div class=\"elementor-widget-container\">\n\t\t\t\t\t\t\t\t\t\t\t\t\t\t\t<img decoding=\"async\" src=\"https:\/\/yebodaglass.com\/wp-content\/uploads\/elementor\/thumbs\/8-1-1-r8qmcumz53zvomh9ycam8joec0mee5e9ut6gv37hk0.webp\" title=\"Barattoli Mason da 32 once all&#039;ingrosso con design cilindrico\" alt=\"Barattoli Mason da 32 once all&#039;ingrosso con design cilindrico\" loading=\"lazy\" \/>\t\t\t\t\t\t\t\t\t\t\t\t\t\t\t<\/div>\n\t\t\t\t<\/div>\n\t\t\t\t<div class=\"elementor-element elementor-element-fe38982 elementor-widget elementor-widget-text-editor\" data-id=\"fe38982\" data-element_type=\"widget\" data-e-type=\"widget\" data-widget_type=\"text-editor.default\">\n\t\t\t\t<div class=\"elementor-widget-container\">\n\t\t\t\t\t\t\t\t\t<p>Sigillato e a prova di perdite: il tappo sigillante si adatta perfettamente alla bocca della bottiglia e non perde nemmeno se capovolto e agitato, cos\u00ec puoi conservarlo in tutta tranquillit\u00e0.<\/p>\t\t\t\t\t\t\t\t<\/div>\n\t\t\t\t<\/div>\n\t\t\t\t<\/div>\n\t\t<div class=\"elementor-element elementor-element-6d52589 e-con-full e-flex e-con e-child\" data-id=\"6d52589\" data-element_type=\"container\" data-e-type=\"container\" data-settings=\"{&quot;_ha_eqh_enable&quot;:false}\">\n\t\t\t\t<div class=\"elementor-element elementor-element-da95f29 elementor-widget elementor-widget-image\" data-id=\"da95f29\" data-element_type=\"widget\" data-e-type=\"widget\" data-widget_type=\"image.default\">\n\t\t\t\t<div class=\"elementor-widget-container\">\n\t\t\t\t\t\t\t\t\t\t\t\t\t\t\t<img decoding=\"async\" src=\"https:\/\/yebodaglass.com\/wp-content\/uploads\/elementor\/thumbs\/96-2-r8qmdfbfbgs6s1n8ll8eregjehsh3hod9nj5f6ctr4.webp\" title=\"Barattoli Mason da 32 once all&#039;ingrosso con design cilindrico\" alt=\"Barattoli Mason da 32 once all&#039;ingrosso con design cilindrico\" loading=\"lazy\" \/>\t\t\t\t\t\t\t\t\t\t\t\t\t\t\t<\/div>\n\t\t\t\t<\/div>\n\t\t\t\t<div class=\"elementor-element elementor-element-67a25ba elementor-widget elementor-widget-text-editor\" data-id=\"67a25ba\" data-element_type=\"widget\" data-e-type=\"widget\" data-widget_type=\"text-editor.default\">\n\t\t\t\t<div class=\"elementor-widget-container\">\n\t\t\t\t\t\t\t\t\t<p>Compagno universale: questa semplice bottiglia \u00e8 molto versatile. Pu\u00f2 contenere alimenti secchi o liquidi. \u00c8 pratica e funzionale, perfetta in cucina o in soggiorno.<\/p>\t\t\t\t\t\t\t\t<\/div>\n\t\t\t\t<\/div>\n\t\t\t\t<\/div>\n\t\t\t\t\t<\/div>\n\t\t\t\t<\/div>\n\t\t<div class=\"elementor-element elementor-element-284aded e-flex e-con-boxed e-con e-parent\" data-id=\"284aded\" data-element_type=\"container\" data-e-type=\"container\" data-settings=\"{&quot;_ha_eqh_enable&quot;:false}\">\n\t\t\t\t\t<div class=\"e-con-inner\">\n\t\t\t\t<div class=\"elementor-element elementor-element-992f613 elementor-widget elementor-widget-heading\" data-id=\"992f613\" data-element_type=\"widget\" data-e-type=\"widget\" data-widget_type=\"heading.default\">\n\t\t\t\t<div class=\"elementor-widget-container\">\n\t\t\t\t\t<h2 class=\"elementor-heading-title elementor-size-default\">Caso di successo<\/h2>\t\t\t\t<\/div>\n\t\t\t\t<\/div>\n\t\t\t\t\t<\/div>\n\t\t\t\t<\/div>\n\t\t<div class=\"elementor-element elementor-element-8c06220 e-flex e-con-boxed e-con e-parent\" data-id=\"8c06220\" data-element_type=\"container\" data-e-type=\"container\" data-settings=\"{&quot;_ha_eqh_enable&quot;:false}\">\n\t\t\t\t\t<div class=\"e-con-inner\">\n\t\t\t\t<div class=\"elementor-element elementor-element-d2d7bab elementor-widget elementor-widget-text-editor\" data-id=\"d2d7bab\" data-element_type=\"widget\" data-e-type=\"widget\" data-widget_type=\"text-editor.default\">\n\t\t\t\t<div class=\"elementor-widget-container\">\n\t\t\t\t\t\t\t\t\t<p>Un marchio locale di sottaceti, a conduzione familiare, ha deciso di utilizzare i nostri barattoli di vetro trasparente da 450 ml come confezione principale per un nuovo marchio di sottaceti. Per preservare la freschezza ed evitare perdite durante il trasporto, i barattoli sono dotati di tappi a vite per alimenti e guarnizioni di tenuta rinforzate. I barattoli sono inoltre goffrati con marchi e logo del marchio, per adattarsi alla superficie liscia che consente di vedere facilmente il colore arancione brillante dei sottaceti attraverso il vetro trasparente.<\/p><p>Le vendite di questo nuovo prodotto a base di sottaceti sono aumentate del 36% dopo l&#039;introduzione dei barattoli di vetro personalizzati, e diversi rivenditori regionali hanno ricevuto ulteriori ordini. Di conseguenza, l&#039;azienda ha ricevuto diverse commesse in termini di cicli di produzione.<\/p>\t\t\t\t\t\t\t\t<\/div>\n\t\t\t\t<\/div>\n\t\t\t\t<div class=\"elementor-element elementor-element-3bce01b elementor-widget elementor-widget-heading\" data-id=\"3bce01b\" data-element_type=\"widget\" data-e-type=\"widget\" data-widget_type=\"heading.default\">\n\t\t\t\t<div class=\"elementor-widget-container\">\n\t\t\t\t\t<h2 class=\"elementor-heading-title elementor-size-default\">Suggerimenti per la personalizzazione<\/h2>\t\t\t\t<\/div>\n\t\t\t\t<\/div>\n\t\t\t\t<div class=\"elementor-element elementor-element-e620c8c elementor-widget elementor-widget-text-editor\" data-id=\"e620c8c\" data-element_type=\"widget\" data-e-type=\"widget\" data-widget_type=\"text-editor.default\">\n\t\t\t\t<div class=\"elementor-widget-container\">\n\t\t\t\t\t\t\t\t\t<ol><li><strong>Materiale e finitura del coperchio:<\/strong> Scegli tra diverse finiture per il coperchio a vite in metallo, tra cui nero opaco, oro o coperchi in latta decorata, per adattarli al design delle confezioni dei marchi.<\/li><li><strong>Design del coperchio sottovuoto:<\/strong> Offriamo 2 coperchi con guarnizioni in silicone per migliorare la funzionalit\u00e0 di tenuta stagna del prodotto in verdure sottaceto e alimenti in scatola.<\/li><li><strong>Logo in rilievo sul vetro:<\/strong> Personalizza il tuo barattolo con un logo in rilievo o un motivo con il marchio inciso in modo permanente sul corpo del barattolo, eliminando la necessit\u00e0 di etichettarlo.<\/li><\/ol>\t\t\t\t\t\t\t\t<\/div>\n\t\t\t\t<\/div>\n\t\t\t\t\t<\/div>\n\t\t\t\t<\/div>\n\t\t\t\t<\/div>","protected":false},"excerpt":{"rendered":"<p>Vasetti di vetro trasparente da 475 ml con coperchi in metallo. Perfetti per marmellate, conserve e salse, con chiusura ermetica e design classico.<\/p>","protected":false},"featured_media":17280,"template":"","meta":[],"product_brand":[],"product_cat":[83,20,84],"product_tag":[],"class_list":{"0":"post-16805","1":"product","2":"type-product","3":"status-publish","4":"has-post-thumbnail","6":"product_cat-glass-jars","7":"product_cat-glass-containers","8":"product_cat-mason-jars","10":"first","11":"instock","12":"shipping-taxable","13":"product-type-grouped"},"jetpack_sharing_enabled":true,"_links":{"self":[{"href":"https:\/\/yebodaglass.com\/it\/wp-json\/wp\/v2\/product\/16805","targetHints":{"allow":["GET"]}}],"collection":[{"href":"https:\/\/yebodaglass.com\/it\/wp-json\/wp\/v2\/product"}],"about":[{"href":"https:\/\/yebodaglass.com\/it\/wp-json\/wp\/v2\/types\/product"}],"version-history":[{"count":5,"href":"https:\/\/yebodaglass.com\/it\/wp-json\/wp\/v2\/product\/16805\/revisions"}],"predecessor-version":[{"id":25376,"href":"https:\/\/yebodaglass.com\/it\/wp-json\/wp\/v2\/product\/16805\/revisions\/25376"}],"wp:featuredmedia":[{"embeddable":true,"href":"https:\/\/yebodaglass.com\/it\/wp-json\/wp\/v2\/media\/17280"}],"wp:attachment":[{"href":"https:\/\/yebodaglass.com\/it\/wp-json\/wp\/v2\/media?parent=16805"}],"wp:term":[{"taxonomy":"product_brand","embeddable":true,"href":"https:\/\/yebodaglass.com\/it\/wp-json\/wp\/v2\/product_brand?post=16805"},{"taxonomy":"product_cat","embeddable":true,"href":"https:\/\/yebodaglass.com\/it\/wp-json\/wp\/v2\/product_cat?post=16805"},{"taxonomy":"product_tag","embeddable":true,"href":"https:\/\/yebodaglass.com\/it\/wp-json\/wp\/v2\/product_tag?post=16805"}],"curies":[{"name":"wp","href":"https:\/\/api.w.org\/{rel}","templated":true}]}}