{"id":16779,"date":"2025-07-11T10:01:34","date_gmt":"2025-07-11T02:01:34","guid":{"rendered":"https:\/\/yebodaglass.com\/?post_type=product&#038;p=16779"},"modified":"2026-03-26T13:21:31","modified_gmt":"2026-03-26T05:21:31","slug":"amber-glass-swing-top-glass-beer-bottles-bulk","status":"publish","type":"product","link":"https:\/\/yebodaglass.com\/it\/prodotto\/amber-glass-swing-top-glass-beer-bottles-bulk\/","title":{"rendered":"Bottiglie di birra in vetro ambrato da 16 once con tappo a chiusura ermetica, confezione multipla"},"content":{"rendered":"<p>Queste bottiglie di birra in vetro con tappo a chiusura ermetica sono compatte, pratiche e al tempo stesso classiche. La forma minimalista, cilindrica e a fondo piatto \u00e8 realizzata in vetro trasparente di alta qualit\u00e0, che permette di ammirare perfettamente la bevanda al suo interno, che si tratti di acqua o sciroppo fatto in casa.<\/p>\n<h2>In primo piano<\/h2>\n<ul>\n<li><strong>Chiusura ermetica a scatto:<\/strong> L&#039;anello elastico in metallo e il tappo di chiusura garantiscono una tenuta sicura e riutilizzabile, ideale per bevande gassate o per preservare il contenuto del contenitore.<\/li>\n<li><strong>Design cilindrico compatto:<\/strong> La piccola bottiglia di vetro cilindrica \u00e8 compatta, facile da lavare e da portare in giro.<\/li>\n<li><strong>Vetro trasparente ad alta visibilit\u00e0:<\/strong> La bottiglia trasparente ti permetter\u00e0 di osservare facilmente il contenuto e di tenere sotto controllo il livello del liquido.<\/li>\n<\/ul>\n<h2 style=\"text-align: left;\">Specifiche chiave<\/h2>\n<table class=\"aligncenter\" style=\"border-collapse: collapse; width: 369.02pt;\" border=\"0\" width=\"492\" cellspacing=\"0\" cellpadding=\"0\">\n<tbody>\n<tr style=\"height: 13.50pt;\">\n<td style=\"height: 13.50pt; width: 162.75pt;\" width=\"217\" height=\"18\">Specifica<\/td>\n<td style=\"width: 206.25pt;\" width=\"275\">Dettagli<\/td>\n<\/tr>\n<tr style=\"height: 13.50pt;\">\n<td style=\"height: 13.50pt;\" height=\"18\">Capacit\u00e0<\/td>\n<td>16 once\/500 ml<\/td>\n<\/tr>\n<tr style=\"height: 13.50pt;\">\n<td style=\"height: 13.50pt;\" height=\"18\">Dimensioni dell&#039;imballaggio<\/td>\n<td>9,3 * 6,3 * 10,6 pollici<\/td>\n<\/tr>\n<tr style=\"height: 13.50pt;\">\n<td style=\"height: 13.50pt;\" height=\"18\">Materiale<\/td>\n<td>Vetro senza piombo<\/td>\n<\/tr>\n<tr style=\"height: 13.50pt;\">\n<td style=\"height: 13.50pt;\" height=\"18\">Quantit\u00e0 di imballaggio<\/td>\n<td>6 bottiglie per cassa<\/td>\n<\/tr>\n<tr style=\"height: 13.50pt;\">\n<td style=\"height: 13.50pt;\" height=\"18\">Colore\/Aspetto<\/td>\n<td>Ambra dalla forma slanciata e raffinata<\/td>\n<\/tr>\n<\/tbody>\n<\/table>\n<h2>Storia di successo<\/h2>\n<p>Le nostre bottiglie di birra in vetro da 250 ml con tappo a chiusura ermetica sono state scelte da una torrefazione danese specializzata in caff\u00e8, che le ha poi incise al laser con il disegno di una pianta di caff\u00e8. Il loro caff\u00e8 espresso freddo \u00e8 stato ideato per utilizzare questa bottiglia personalizzata: la chiusura ermetica ha il vantaggio di prolungare del 40% la durata di conservazione del prodotto nei banchi frigo dei negozi. Il vetro trasparente riflette il colore del concentrato, il che, a detta loro, ha incrementato di un quarto gli acquisti d&#039;impulso. Sulla scia di questo successo, hanno ordinato altre 480.000 bottiglie per lanciare una nuova gamma di sciroppi per cocktail al caff\u00e8 e bevande a base di t\u00e8 pronte da bere.<\/p>\n<h2>Personalizzazione di bottiglie con tappo a cerniera<\/h2>\n<ul>\n<li>Scelta dei colori per ganci e fermi: Offriamo una gamma di finiture metalliche per i ganci (rame, ottone, nero opaco) e una gamma di colori per i fermi, per creare il look perfetto in base al tuo marchio.<\/li>\n<li>Design quadrato: Progetta bottiglie con tappo a vite quadrato, dal design contemporaneo e salvaspazio, che aumentano la stabilit\u00e0 degli scaffali e conferiscono agli articoli un aspetto distintivo.<\/li>\n<li>Graduazioni integrate: Incorporano graduazioni stampate in modo permanente da utilizzare quando \u00e8 necessaria una misurazione pi\u00f9 precisa del concentrato o dell&#039;ingrediente (ad esempio caff\u00e8, cocktail).<\/li>\n<\/ul>","protected":false},"excerpt":{"rendered":"<p data-start=\"70\" data-end=\"242\">Bottiglie di birra in vetro ambrato con tappo a chiusura ermetica, progettate per proteggere dalla luce e preservare la freschezza. Chiusura ermetica per una carbonazione ottimale. Fornitura diretta dalla fabbrica per prezzi competitivi.<\/p>","protected":false},"featured_media":17392,"template":"","meta":[],"product_brand":[],"product_cat":[81,80,20],"product_tag":[],"class_list":{"0":"post-16779","1":"product","2":"type-product","3":"status-publish","4":"has-post-thumbnail","6":"product_cat-flip-top-bottles","7":"product_cat-glass-bottles","8":"product_cat-glass-containers","10":"first","11":"instock","12":"shipping-taxable","13":"product-type-grouped"},"jetpack_sharing_enabled":true,"_links":{"self":[{"href":"https:\/\/yebodaglass.com\/it\/wp-json\/wp\/v2\/product\/16779","targetHints":{"allow":["GET"]}}],"collection":[{"href":"https:\/\/yebodaglass.com\/it\/wp-json\/wp\/v2\/product"}],"about":[{"href":"https:\/\/yebodaglass.com\/it\/wp-json\/wp\/v2\/types\/product"}],"version-history":[{"count":5,"href":"https:\/\/yebodaglass.com\/it\/wp-json\/wp\/v2\/product\/16779\/revisions"}],"predecessor-version":[{"id":25622,"href":"https:\/\/yebodaglass.com\/it\/wp-json\/wp\/v2\/product\/16779\/revisions\/25622"}],"wp:featuredmedia":[{"embeddable":true,"href":"https:\/\/yebodaglass.com\/it\/wp-json\/wp\/v2\/media\/17392"}],"wp:attachment":[{"href":"https:\/\/yebodaglass.com\/it\/wp-json\/wp\/v2\/media?parent=16779"}],"wp:term":[{"taxonomy":"product_brand","embeddable":true,"href":"https:\/\/yebodaglass.com\/it\/wp-json\/wp\/v2\/product_brand?post=16779"},{"taxonomy":"product_cat","embeddable":true,"href":"https:\/\/yebodaglass.com\/it\/wp-json\/wp\/v2\/product_cat?post=16779"},{"taxonomy":"product_tag","embeddable":true,"href":"https:\/\/yebodaglass.com\/it\/wp-json\/wp\/v2\/product_tag?post=16779"}],"curies":[{"name":"wp","href":"https:\/\/api.w.org\/{rel}","templated":true}]}}