{"id":16344,"date":"2025-07-08T15:01:59","date_gmt":"2025-07-08T07:01:59","guid":{"rendered":"https:\/\/yebodaglass.com\/?post_type=product&#038;p=16344"},"modified":"2026-03-26T11:46:23","modified_gmt":"2026-03-26T03:46:23","slug":"clear-round-small-glass-flip-top-bottles-for-beverage-bulk","status":"publish","type":"product","link":"https:\/\/yebodaglass.com\/it\/prodotto\/clear-round-small-glass-flip-top-bottles-for-beverage-bulk\/","title":{"rendered":"Bottigliette in vetro trasparente rotonde da 4 once con tappo a scatto per bevande sfuse"},"content":{"rendered":"<p>Queste bottiglie in vetro con tappo a scatto sono compatte, pratiche e al tempo stesso classiche. La forma minimalista, cilindrica e a fondo piatto \u00e8 realizzata in vetro trasparente di alta qualit\u00e0, che permette di vedere perfettamente la bevanda al suo interno, che si tratti di acqua o sciroppo fatto in casa.<\/p>\n<h2>In primo piano<\/h2>\n<ul>\n<li><strong>Chiusura ermetica a scatto:<\/strong> L&#039;anello elastico in metallo e il tappo di chiusura garantiscono una tenuta sicura e riutilizzabile, ideale per bevande gassate o per preservare il contenuto del contenitore.<\/li>\n<li><strong>Design cilindrico compatto:<\/strong> La piccola bottiglia di vetro cilindrica \u00e8 compatta, facile da lavare e da portare in giro.<\/li>\n<li><strong>Vetro trasparente ad alta visibilit\u00e0:<\/strong> La bottiglia trasparente ti permetter\u00e0 di osservare facilmente il contenuto e di tenere sotto controllo il livello del liquido.<\/li>\n<\/ul>\n<h2 style=\"text-align: left;\">Specifiche chiave<\/h2>\n<table class=\"aligncenter\" style=\"border-collapse: collapse; width: 661.52pt;\" border=\"0\" width=\"882\" cellspacing=\"0\" cellpadding=\"0\">\n<tbody>\n<tr style=\"height: 13.50pt;\">\n<td style=\"height: 13.50pt; width: 206.25pt;\" width=\"275\" height=\"18\">Articolo di specifica<\/td>\n<td style=\"width: 455.25pt;\" width=\"607\">Dettagli<\/td>\n<\/tr>\n<tr style=\"height: 13.50pt;\">\n<td style=\"height: 13.50pt;\" height=\"18\">Capacit\u00e0<\/td>\n<td>4 once (120 ml)<\/td>\n<\/tr>\n<tr style=\"height: 13.50pt;\">\n<td style=\"height: 13.50pt;\" height=\"18\">Dimensioni del pacco<\/td>\n<td>8,9*6,9*6,7 pollici<\/td>\n<\/tr>\n<tr style=\"height: 13.50pt;\">\n<td style=\"height: 13.50pt;\" height=\"18\">Materiale<\/td>\n<td>Vetro di alta qualit\u00e0<\/td>\n<\/tr>\n<tr style=\"height: 13.50pt;\">\n<td style=\"height: 13.50pt;\" height=\"18\">Specifiche di imballaggio per cassa<\/td>\n<td>12 pezzi per cassa<\/td>\n<\/tr>\n<tr style=\"height: 13.50pt;\">\n<td style=\"height: 13.50pt;\" height=\"18\">Caratteristica della bottiglia<\/td>\n<td>Corpo trasparente, coperchio in metallo con morsetto (parte superiore bianca con parte di tenuta rossa)<\/td>\n<\/tr>\n<\/tbody>\n<\/table>\n<h2>Caso di successo: un ordine personalizzato da un marchio europeo di caff\u00e8 speciali.<\/h2>\n<p>Le nostre bottiglie di vetro da 250 ml con tappo a scatto sono state scelte da una torrefazione danese specializzata in caff\u00e8, che le ha poi incise al laser con il disegno di una pianta di caff\u00e8. Il loro caff\u00e8 espresso freddo \u00e8 stato ideato per utilizzare questa bottiglia personalizzata: la chiusura ermetica ha il vantaggio di prolungare del 40% la durata di conservazione del prodotto nei banchi frigo dei negozi. Il vetro trasparente riflette il colore del concentrato, il che, a detta loro, ha incrementato del 25% gli acquisti d&#039;impulso. Sulla scia di questo successo, hanno ordinato altre 480.000 bottiglie per lanciare una nuova gamma di sciroppi per cocktail al caff\u00e8 e bevande a base di t\u00e8 pronte da bere.<\/p>\n<h2>Personalizzazione di bottiglie con tappo a cerniera<\/h2>\n<ul>\n<li>Scelta dei colori per ganci e fermi: Offriamo una gamma di finiture metalliche per i ganci (rame, ottone, nero opaco) e una gamma di colori per i fermi, per creare il look perfetto in base al tuo marchio.<\/li>\n<li>Design quadrato: Progetta bottiglie con tappo a vite quadrato, dal design contemporaneo e salvaspazio, che aumentano la stabilit\u00e0 degli scaffali e conferiscono agli articoli un aspetto distintivo.<\/li>\n<li>Graduazioni integrate: Incorporano graduazioni stampate in modo permanente da utilizzare quando \u00e8 necessaria una misurazione pi\u00f9 precisa del concentrato o dell&#039;ingrediente (ad esempio caff\u00e8, cocktail).<\/li>\n<\/ul>","protected":false},"excerpt":{"rendered":"<p>Piccole bottiglie di vetro con tappo a scatto, dotate di robusta chiusura metallica e sigillo ermetico. Il tappo a scatto mantiene il contenuto fresco. Disponibili in pronta consegna con servizio di spedizione internazionale rapido.<\/p>","protected":false},"featured_media":17307,"template":"","meta":[],"product_brand":[],"product_cat":[81,80,20],"product_tag":[],"class_list":{"0":"post-16344","1":"product","2":"type-product","3":"status-publish","4":"has-post-thumbnail","6":"product_cat-flip-top-bottles","7":"product_cat-glass-bottles","8":"product_cat-glass-containers","10":"first","11":"instock","12":"shipping-taxable","13":"product-type-grouped"},"jetpack_sharing_enabled":true,"_links":{"self":[{"href":"https:\/\/yebodaglass.com\/it\/wp-json\/wp\/v2\/product\/16344","targetHints":{"allow":["GET"]}}],"collection":[{"href":"https:\/\/yebodaglass.com\/it\/wp-json\/wp\/v2\/product"}],"about":[{"href":"https:\/\/yebodaglass.com\/it\/wp-json\/wp\/v2\/types\/product"}],"version-history":[{"count":5,"href":"https:\/\/yebodaglass.com\/it\/wp-json\/wp\/v2\/product\/16344\/revisions"}],"predecessor-version":[{"id":25619,"href":"https:\/\/yebodaglass.com\/it\/wp-json\/wp\/v2\/product\/16344\/revisions\/25619"}],"wp:featuredmedia":[{"embeddable":true,"href":"https:\/\/yebodaglass.com\/it\/wp-json\/wp\/v2\/media\/17307"}],"wp:attachment":[{"href":"https:\/\/yebodaglass.com\/it\/wp-json\/wp\/v2\/media?parent=16344"}],"wp:term":[{"taxonomy":"product_brand","embeddable":true,"href":"https:\/\/yebodaglass.com\/it\/wp-json\/wp\/v2\/product_brand?post=16344"},{"taxonomy":"product_cat","embeddable":true,"href":"https:\/\/yebodaglass.com\/it\/wp-json\/wp\/v2\/product_cat?post=16344"},{"taxonomy":"product_tag","embeddable":true,"href":"https:\/\/yebodaglass.com\/it\/wp-json\/wp\/v2\/product_tag?post=16344"}],"curies":[{"name":"wp","href":"https:\/\/api.w.org\/{rel}","templated":true}]}}