{"id":19567,"date":"2025-08-22T14:17:55","date_gmt":"2025-08-22T06:17:55","guid":{"rendered":"https:\/\/yebodaglass.com\/?page_id=19567"},"modified":"2025-08-29T18:02:25","modified_gmt":"2025-08-29T10:02:25","slug":"terms-of-services","status":"publish","type":"page","link":"https:\/\/yebodaglass.com\/it\/terms-of-services\/","title":{"rendered":"Termini di servizio"},"content":{"rendered":"<div data-elementor-type=\"wp-page\" data-elementor-id=\"19567\" class=\"elementor elementor-19567\" data-elementor-settings=\"{&quot;ha_cmc_init_switcher&quot;:&quot;no&quot;}\" data-elementor-post-type=\"page\">\n\t\t\t\t<div class=\"elementor-element elementor-element-e2993ff e-flex e-con-boxed e-con e-parent\" data-id=\"e2993ff\" data-element_type=\"container\" data-e-type=\"container\" data-settings=\"{&quot;_ha_eqh_enable&quot;:false}\">\n\t\t\t\t\t<div class=\"e-con-inner\">\n\t\t\t\t<div class=\"elementor-element elementor-element-fef54fd elementor-widget elementor-widget-breadcrumbs\" data-id=\"fef54fd\" data-element_type=\"widget\" data-e-type=\"widget\" data-widget_type=\"breadcrumbs.default\">\n\t\t\t\t<div class=\"elementor-widget-container\">\n\t\t\t\t\t<nav aria-label=\"briciole di pane\" class=\"rank-math-breadcrumb\"><p><span class=\"last\">Casa<\/span><\/p><\/nav>\t\t\t\t<\/div>\n\t\t\t\t<\/div>\n\t\t\t\t\t<\/div>\n\t\t\t\t<\/div>\n\t\t<div class=\"elementor-element elementor-element-41def54 e-flex e-con-boxed e-con e-parent\" data-id=\"41def54\" data-element_type=\"container\" data-e-type=\"container\" data-settings=\"{&quot;_ha_eqh_enable&quot;:false}\">\n\t\t\t\t\t<div class=\"e-con-inner\">\n\t\t\t\t<div class=\"elementor-element elementor-element-4e340a9 elementor-widget elementor-widget-heading\" data-id=\"4e340a9\" data-element_type=\"widget\" data-e-type=\"widget\" data-widget_type=\"heading.default\">\n\t\t\t\t<div class=\"elementor-widget-container\">\n\t\t\t\t\t<h1 class=\"elementor-heading-title elementor-size-default\"> Termini di servizio <\/h1>\t\t\t\t<\/div>\n\t\t\t\t<\/div>\n\t\t\t\t<div class=\"elementor-element elementor-element-2c09140 elementor-widget elementor-widget-text-editor\" data-id=\"2c09140\" data-element_type=\"widget\" data-e-type=\"widget\" data-widget_type=\"text-editor.default\">\n\t\t\t\t<div class=\"elementor-widget-container\">\n\t\t\t\t\t\t\t\t\t<h2>Importante<\/h2><p>Si prega di leggere attentamente i presenti Termini e Condizioni. Accedendo a questo sito web, l&#039;utente accetta di essere vincolato dai termini e dalle condizioni di seguito indicati. Se non si accettano i Termini e Condizioni di seguito indicati, si prega di non accedere a questo sito web. YEBODA si riserva il diritto di modificare o emendare i presenti termini e condizioni senza preavviso.<\/p><h2>Accettazione dei Termini<\/h2><p>La societ\u00e0 Yeboda (&#034;Yeboda&#034;) fornisce determinati prodotti di imballaggio in vetro e fornisce altri servizi (i &#034;Servizi&#034;) tramite questo sito web (&#034;Sito web&#034;) e l&#039;accesso e l&#039;utilizzo di questo Sito web e dei Servizi sono forniti a condizione che l&#039;utente accetti e rispetti i seguenti termini e condizioni (&#034;Termini&#034;).<\/p><p>Utilizzando il Sito Web o indicando la tua accettazione dei Termini, dichiari di aver letto, accettato e accettato i presenti Termini. Se non accetti i presenti Termini, non potrai utilizzare il Sito Web.<\/p><p>Yeboda si riserva il diritto di modificare i presenti Termini in qualsiasi momento e senza preavviso. L&#039;accesso o l&#039;utilizzo continuato di questo Sito Web o dei Servizi dopo tali modifiche implica l&#039;accettazione dei Termini cos\u00ec come modificati. \u00c8 tua responsabilit\u00e0 consultare regolarmente i presenti Termini. Ultimo aggiornamento dei presenti Termini: 21\/08\/2020.<\/p><p>Se non accetti uno o pi\u00f9 dei presenti Termini, non accedere o utilizzare questo Sito Web o i Servizi.<\/p><h2>Registrazione<\/h2><p>\u00c8 possibile utilizzare determinate aree del Sito Web senza registrazione, inclusa la creazione di un account (un &#034;Account&#034;) o di una password (collettivamente, &#034;Credenziali&#034;).<\/p>\t\t\t\t\t\t\t\t<\/div>\n\t\t\t\t<\/div>\n\t\t\t\t\t<\/div>\n\t\t\t\t<\/div>\n\t\t<div class=\"elementor-element elementor-element-ea91219 e-flex e-con-boxed e-con e-parent\" data-id=\"ea91219\" data-element_type=\"container\" data-e-type=\"container\" data-settings=\"{&quot;_ha_eqh_enable&quot;:false}\">\n\t\t\t\t\t<div class=\"e-con-inner\">\n\t\t\t\t<div class=\"elementor-element elementor-element-7e7f6e4 elementor-widget elementor-widget-heading\" data-id=\"7e7f6e4\" data-element_type=\"widget\" data-e-type=\"widget\" data-widget_type=\"heading.default\">\n\t\t\t\t<div class=\"elementor-widget-container\">\n\t\t\t\t\t<p class=\"elementor-heading-title elementor-size-default\">Inizia il tuo imballaggio in vetro<br> viaggio con Yeboda<\/p>\t\t\t\t<\/div>\n\t\t\t\t<\/div>\n\t\t\t\t<div class=\"elementor-element elementor-element-1ca6b54 elementor-widget elementor-widget-heading\" data-id=\"1ca6b54\" data-element_type=\"widget\" data-e-type=\"widget\" data-widget_type=\"heading.default\">\n\t\t\t\t<div class=\"elementor-widget-container\">\n\t\t\t\t\t<p class=\"elementor-heading-title elementor-size-default\">\nContatta subito il nostro specialista di prodotto<\/p>\t\t\t\t<\/div>\n\t\t\t\t<\/div>\n\t\t\t\t<div class=\"elementor-element elementor-element-a48bb7c elementor-align-center elementor-widget elementor-widget-button\" data-id=\"a48bb7c\" data-element_type=\"widget\" data-e-type=\"widget\" data-widget_type=\"button.default\">\n\t\t\t\t<div class=\"elementor-widget-container\">\n\t\t\t\t\t\t\t\t\t<div class=\"elementor-button-wrapper\">\n\t\t\t\t\t<a class=\"elementor-button elementor-button-link elementor-size-sm\" href=\"https:\/\/yebodaglass.com\/it\/contact\/\">\n\t\t\t\t\t\t<span class=\"elementor-button-content-wrapper\">\n\t\t\t\t\t\t\t\t\t<span class=\"elementor-button-text\">Per iniziare<\/span>\n\t\t\t\t\t<\/span>\n\t\t\t\t\t<\/a>\n\t\t\t\t<\/div>\n\t\t\t\t\t\t\t\t<\/div>\n\t\t\t\t<\/div>\n\t\t\t\t\t<\/div>\n\t\t\t\t<\/div>\n\t\t\t\t<\/div>","protected":false},"excerpt":{"rendered":"<p>Home Termini di servizio Importante Leggere attentamente i presenti Termini e condizioni. Accedendo a questo sito web, l'utente accetta di essere vincolato dai termini e dalle condizioni di seguito riportati. Se non si accettano i Termini e le Condizioni di seguito riportati, si prega di non accedere a questo sito web. YEBODA si riserva il diritto di cambiare, modificare o emendare [...]<\/p>","protected":false},"author":1,"featured_media":0,"parent":0,"menu_order":0,"comment_status":"closed","ping_status":"closed","template":"elementor_header_footer","meta":{"footnotes":""},"class_list":["post-19567","page","type-page","status-publish","hentry"],"blocksy_meta":[],"jetpack_sharing_enabled":true,"_links":{"self":[{"href":"https:\/\/yebodaglass.com\/it\/wp-json\/wp\/v2\/pages\/19567","targetHints":{"allow":["GET"]}}],"collection":[{"href":"https:\/\/yebodaglass.com\/it\/wp-json\/wp\/v2\/pages"}],"about":[{"href":"https:\/\/yebodaglass.com\/it\/wp-json\/wp\/v2\/types\/page"}],"author":[{"embeddable":true,"href":"https:\/\/yebodaglass.com\/it\/wp-json\/wp\/v2\/users\/1"}],"replies":[{"embeddable":true,"href":"https:\/\/yebodaglass.com\/it\/wp-json\/wp\/v2\/comments?post=19567"}],"version-history":[{"count":5,"href":"https:\/\/yebodaglass.com\/it\/wp-json\/wp\/v2\/pages\/19567\/revisions"}],"predecessor-version":[{"id":20031,"href":"https:\/\/yebodaglass.com\/it\/wp-json\/wp\/v2\/pages\/19567\/revisions\/20031"}],"wp:attachment":[{"href":"https:\/\/yebodaglass.com\/it\/wp-json\/wp\/v2\/media?parent=19567"}],"curies":[{"name":"wp","href":"https:\/\/api.w.org\/{rel}","templated":true}]}}