{"id":24603,"date":"2025-12-25T09:22:12","date_gmt":"2025-12-25T01:22:12","guid":{"rendered":"https:\/\/yebodaglass.com\/?post_type=product&#038;p=24603"},"modified":"2025-12-25T10:26:37","modified_gmt":"2025-12-25T02:26:37","slug":"unique-glass-jars-with-bamboo-lids-bulk","status":"publish","type":"product","link":"https:\/\/yebodaglass.com\/hu\/unique-glass-jars-with-bamboo-lids-bulk\/","title":{"rendered":"500ml 750ml 1100ml egyedi \u00fcveged\u00e9nyek bambusz fed\u00e9llel, \u00f6mlesztett kiszerel\u00e9sben"},"content":{"rendered":"<p data-start=\"66\" data-end=\"288\">Ezek az egyedi \u00fcveged\u00e9nyek puh\u00e1k, lekerek\u00edtett form\u00e1j\u00faak, karcs\u00fa nyakkal \u00e9s telt, kerek testtel rendelkeznek. Minden bef\u0151ttes\u00fcveg teljesen \u00e1tl\u00e1tsz\u00f3 \u00fcvegb\u0151l k\u00e9sz\u00fclt, amely nagyon sz\u00e9pen megform\u00e1lt, kecsesen \u00edvelt form\u00e1ban van, sima \u00e9s k\u00f6nny\u0171 bambuszfed\u00e9llel, ami egyediv\u00e9 teszi a t\u00f6bbihez k\u00e9pest.<\/p>\n<h2>Term\u00e9kjellemz\u0151k<\/h2>\n<ul>\n<li><strong>Lekerek\u00edtett \u00e9s telt forma:<\/strong> A v\u00e9kony nyak \u00e9s a teljes test k\u00f6rvonala a legnagyobb t\u00e1rol\u00f3kapacit\u00e1st biztos\u00edtja, \u00e9s sima \u00e9s sima text\u00far\u00e1t biztos\u00edt a l\u00e1t\u00e1shat\u00e1snak.<\/li>\n<li><strong>Teljesen \u00e1tl\u00e1tsz\u00f3 test:<\/strong> Az egyik egy magas boroszilik\u00e1t \u00fcveg, amely lehet\u0151v\u00e9 teszi az \u00fcveg tartalm\u00e1nak megtekint\u00e9s\u00e9t a fed\u00e9l kinyit\u00e1sa n\u00e9lk\u00fcl, \u00edgy k\u00f6nnyen azonos\u00edthat\u00f3, hogy mi van benne.<\/li>\n<li><strong>Egyszer\u0171 bambusz fed\u00e9l:<\/strong> A bambuszb\u00f3l k\u00e9sz\u00fclt, b\u00e9zs sz\u00edn\u0171, lapos fed\u00e9l k\u00f6nny\u0171 \u00e9s illik az \u00fcveged\u00e9ny st\u00edlus\u00e1hoz, az anyaga pedig friss \u00e9s letisztult.<\/li>\n<\/ul>\n<h2 style=\"text-align: left;\">F\u0151bb specifik\u00e1ci\u00f3k<\/h2>\n<table class=\"aligncenter\" style=\"border-collapse: collapse; width: 364.52pt;\" border=\"0\" width=\"486\" cellspacing=\"0\" cellpadding=\"0\">\n<tbody>\n<tr style=\"height: 13.50pt;\">\n<td style=\"height: 13.50pt; width: 105.00pt;\" width=\"140\" height=\"18\">Specifik\u00e1ci\u00f3<\/td>\n<td style=\"width: 259.50pt;\" width=\"346\">R\u00e9szletek<\/td>\n<\/tr>\n<tr style=\"height: 13.50pt;\">\n<td style=\"height: 13.50pt;\" height=\"18\">M\u00e9retek<\/td>\n<td>500 ml: 10 \u00d7 10,5 cm \/ 750 ml: 10,5 \u00d7 12 cm \/ 1100 ml: 11,5 \u00d7 16 cm<\/td>\n<\/tr>\n<tr style=\"height: 13.50pt;\">\n<td style=\"height: 13.50pt;\" height=\"18\">Anyag<\/td>\n<td>Magas boroszilik\u00e1t \u00fcveg, bambusz<\/td>\n<\/tr>\n<tr style=\"height: 13.50pt;\">\n<td style=\"height: 13.50pt;\" height=\"18\">Fed\u00e9l t\u00edpusa<\/td>\n<td>Bambusz lapos fed\u00e9l<\/td>\n<\/tr>\n<tr style=\"height: 13.50pt;\">\n<td style=\"height: 13.50pt;\" height=\"18\">Anyagjellemz\u0151<\/td>\n<td>H\u0151- \u00e9s vegyszer\u00e1ll\u00f3, nagy \u00e1tl\u00e1tsz\u00f3s\u00e1g\u00fa<\/td>\n<\/tr>\n<tr style=\"height: 13.50pt;\">\n<td style=\"height: 13.50pt;\" height=\"18\">Ide\u00e1lis<\/td>\n<td>Egyedi \u00fcvegek, fedeles \u00fcvegek<\/td>\n<\/tr>\n<\/tbody>\n<\/table>\n<h2>Sikert\u00f6rt\u00e9net: Egy luxus \u00e9lelmiszerbolt jellegzetes term\u00e9kcsal\u00e1dja<\/h2>\n<p>A fels\u0151kateg\u00f3ri\u00e1s \u00e9lelmiszerbolt a jellegzetes 750 ml-es, fedeles \u00fcveg\u00fcnket haszn\u00e1lta granol\u00e1hoz \u00e9s gabonapelyheihez. Mi lett az eredm\u00e9ny? A st\u00edlusos diz\u00e1jn v\u00e1lt a leggyorsabban szimb\u00f3lumm\u00e1, a term\u00e9kcsal\u00e1dot \u201e\u00cdvelt \u00fcvegek\u201d n\u00e9ven emlegett\u00e9k, \u00e9s 50%-os n\u00f6veked\u00e9st eredm\u00e9nyezett a k\u00f6zvetlen \u00e9rt\u00e9kes\u00edt\u00e9sben. Ezenk\u00edv\u00fcl az \u00fcvegek vonz\u00f3 diz\u00e1jnja 200%-os n\u00f6veked\u00e9st eredm\u00e9nyezett a felhaszn\u00e1l\u00f3k \u00e1ltal gener\u00e1lt tartalmak sz\u00e1m\u00e1ban a k\u00f6z\u00f6ss\u00e9gi m\u00e9di\u00e1ban. Az \u00e9lelmiszerbolt tov\u00e1bbi 80 000 \u00fcveget rendelt azzal a sz\u00e1nd\u00e9kkal, hogy orsz\u00e1gszerte forgalmazza a term\u00e9kcsal\u00e1dot, miut\u00e1n rendk\u00edv\u00fcl el\u00e9gedett volt a term\u00e9kkel.<\/p>\n<h2>Egyedi \u00fcveged\u00e9nyek testreszab\u00e1si aj\u00e1nl\u00e1sai<\/h2>\n<ul>\n<li>\u00dcvegsz\u00ednek: Az \u00e1tl\u00e1tsz\u00f3 mellett l\u00e1gy \u00fcvegsz\u00ednek is lehetnek, p\u00e9ld\u00e1ul borosty\u00e1n, kobaltk\u00e9k vagy z\u00f6ld.<\/li>\n<li>L\u00e9zeres marat\u00e1s: az \u00fcveg fel\u00fclet\u00e9re k\u00f6zvetlen\u00fcl \u00e1lland\u00f3 log\u00f3kat vagy mint\u00e1kat v\u00e9snek.<\/li>\n<li>Szitanyom\u00e1s: Sz\u00ednes log\u00f3j\u00e1t, m\u00e9ret\u00e9t vagy dekor\u00e1ci\u00f3s cs\u00edkjait szitanyom\u00e1ssal viheti fel az \u00fcvegre, g\u00e9pben moshat\u00f3, tart\u00f3s \u00e9s er\u0151s ker\u00e1mia pigmentekkel.<\/li>\n<li>Tart\u00f3s, kiemelked\u0151 beoszt\u00e1sok: A praktikuss\u00e1g n\u00f6vel\u00e9se \u00e9rdek\u00e9ben \u00f6nts\u00f6n tart\u00f3s, kiemelked\u0151 beoszt\u00e1sokat (ml\/oz) a poh\u00e1rba.<\/li>\n<\/ul>","protected":false},"excerpt":{"rendered":"<p dir=\"auto\">Dobd fel a dekor\u00e1ci\u00f3t egyedi \u00fcveged\u00e9nyekkel. Fedeles \u00fcveged\u00e9ny\u00fcnk magas boroszilik\u00e1t \u00fcvegb\u0151l \u00e9s term\u00e9szetes bambusz bevonattal k\u00e9sz\u00fclt. Rakt\u00e1ron, gyors sz\u00e1ll\u00edt\u00e1ssal.<\/p>","protected":false},"featured_media":24604,"template":"","meta":[],"product_brand":[],"product_cat":[122,124,137],"product_tag":[],"class_list":{"0":"post-24603","1":"product","2":"type-product","3":"status-publish","4":"has-post-thumbnail","6":"product_cat-custom-glass-packaging","7":"product_cat-custom-glass-jars","8":"product_cat-glass-jars-with-lids","10":"first","11":"instock","12":"shipping-taxable","13":"product-type-simple"},"jetpack_sharing_enabled":true,"_links":{"self":[{"href":"https:\/\/yebodaglass.com\/hu\/wp-json\/wp\/v2\/product\/24603","targetHints":{"allow":["GET"]}}],"collection":[{"href":"https:\/\/yebodaglass.com\/hu\/wp-json\/wp\/v2\/product"}],"about":[{"href":"https:\/\/yebodaglass.com\/hu\/wp-json\/wp\/v2\/types\/product"}],"version-history":[{"count":4,"href":"https:\/\/yebodaglass.com\/hu\/wp-json\/wp\/v2\/product\/24603\/revisions"}],"predecessor-version":[{"id":24612,"href":"https:\/\/yebodaglass.com\/hu\/wp-json\/wp\/v2\/product\/24603\/revisions\/24612"}],"wp:featuredmedia":[{"embeddable":true,"href":"https:\/\/yebodaglass.com\/hu\/wp-json\/wp\/v2\/media\/24604"}],"wp:attachment":[{"href":"https:\/\/yebodaglass.com\/hu\/wp-json\/wp\/v2\/media?parent=24603"}],"wp:term":[{"taxonomy":"product_brand","embeddable":true,"href":"https:\/\/yebodaglass.com\/hu\/wp-json\/wp\/v2\/product_brand?post=24603"},{"taxonomy":"product_cat","embeddable":true,"href":"https:\/\/yebodaglass.com\/hu\/wp-json\/wp\/v2\/product_cat?post=24603"},{"taxonomy":"product_tag","embeddable":true,"href":"https:\/\/yebodaglass.com\/hu\/wp-json\/wp\/v2\/product_tag?post=24603"}],"curies":[{"name":"wp","href":"https:\/\/api.w.org\/{rel}","templated":true}]}}