{"id":24588,"date":"2025-12-24T14:14:57","date_gmt":"2025-12-24T06:14:57","guid":{"rendered":"https:\/\/yebodaglass.com\/?post_type=product&#038;p=24588"},"modified":"2025-12-25T10:18:26","modified_gmt":"2025-12-25T02:18:26","slug":"borosilicate-glass-jars-with-lids-and-spoons-bulk","status":"publish","type":"product","link":"https:\/\/yebodaglass.com\/hu\/borosilicate-glass-jars-with-lids-and-spoons-bulk\/","title":{"rendered":"300ml 350ml 450ml boroszilik\u00e1t \u00fcveged\u00e9nyek fed\u00e9llel \u00e9s kan\u00e1llal \u00f6mlesztett kiszerel\u00e9sben"},"content":{"rendered":"<p data-start=\"66\" data-end=\"288\">Ez a fed\u0151vel \u00e9s kan\u00e1llal ell\u00e1tott \u00fcveged\u00e9ny teljes eg\u00e9sz\u00e9ben boroszilik\u00e1t \u00fcvegb\u0151l k\u00e9sz\u00fclt. A hengeres forma vil\u00e1gos b\u00e9zs sz\u00edn\u0171 bambusz fed\u00e9llel \u00e9s kan\u00e1llal van ell\u00e1tva, \u00e9s egyszer\u0171en haszn\u00e1lhat\u00f3.<\/p>\n<h2>Term\u00e9kjellemz\u0151k<\/h2>\n<ul>\n<li><strong>Kombin\u00e1lt fed\u00e9l \u00e9s kan\u00e1l szerkezet:<\/strong> Ez egy bambuszkan\u00e1l lesz, amely a fed\u00e9l k\u00f6zep\u00e9re van r\u00f6gz\u00edtve, \u00e9s ez a szerkezet lehet\u0151v\u00e9 teszi, hogy az eszk\u00f6z\u00f6k ne vesszenek el, \u00e9s egyszer\u0171bb\u00e9 teszi a folyamatot.<\/li>\n<li><strong>Boroszilik\u00e1t \u00fcveg:<\/strong> A boroszilik\u00e1t \u00fcveg kiv\u00e1l\u00f3 h\u0151\u00e1ll\u00f3s\u00e1ggal (-20\u00b0C - 150\u00b0C) \u00e9s t\u00f6r\u00e9s\u00e1ll\u00f3s\u00e1ggal rendelkezik, valamint \u00fajrafelhaszn\u00e1lhat\u00f3.<\/li>\n<li><strong>Kiv\u00e1l\u00f3an l\u00e9gmentesen z\u00e1r\u00f3d\u00f3 bambusz fed\u00e9l:<\/strong> Az \u00fcveged\u00e9ny vil\u00e1gos b\u00e9zs sz\u00edn\u0171 bambusz fed\u00e9llel \u00e9s be\u00e9p\u00edtett t\u00f6m\u00edt\u0151gy\u0171r\u0171vel rendelkezik, \u00edgy az \u00fcveged\u00e9ny hat\u00e9kony hely a sz\u00e1raz term\u00e9kek t\u00e1rol\u00e1s\u00e1ra.<\/li>\n<\/ul>\n<h2 style=\"text-align: left;\">F\u0151bb specifik\u00e1ci\u00f3k<\/h2>\n<table class=\"aligncenter\" style=\"border-collapse: collapse; width: 528.02pt;\" border=\"0\" width=\"704\" cellspacing=\"0\" cellpadding=\"0\">\n<tbody>\n<tr style=\"height: 13.50pt;\">\n<td style=\"height: 13.50pt; width: 135.00pt;\" width=\"180\" height=\"18\">Attrib\u00fatum<\/td>\n<td style=\"width: 393.00pt;\" width=\"524\">R\u00e9szletek<\/td>\n<\/tr>\n<tr style=\"height: 13.50pt;\">\n<td style=\"height: 13.50pt;\" height=\"18\">M\u00e9retek<\/td>\n<td>300 ml: 6,5 \u00d7 10 cm; 350 ml: 6,5 \u00d7 12 cm; 450 ml: 6,5 \u00d7 15 cm<\/td>\n<\/tr>\n<tr style=\"height: 13.50pt;\">\n<td style=\"height: 13.50pt;\" height=\"18\">Anyag<\/td>\n<td>Magas boroszilik\u00e1t \u00fcveg, bambusz<\/td>\n<\/tr>\n<tr style=\"height: 13.50pt;\">\n<td style=\"height: 13.50pt;\" height=\"18\">\u00dcveg alakja<\/td>\n<td>Egyenes hengeres forma, sima bels\u0151 fal, lapos k\u00f6r alak\u00fa alap<\/td>\n<\/tr>\n<tr style=\"height: 13.50pt;\">\n<td style=\"height: 13.50pt;\" height=\"18\">Fed\u00e9l t\u00edpusa<\/td>\n<td>Vil\u00e1gos b\u00e9zs bambusz lapos fed\u00e9l<\/td>\n<\/tr>\n<tr style=\"height: 13.50pt;\">\n<td style=\"height: 13.50pt;\" height=\"18\">Boroszilik\u00e1t anyagjellemz\u0151k<\/td>\n<td>Nagy \u00e1tl\u00e1tsz\u00f3s\u00e1g, kiv\u00e1l\u00f3 h\u0151m\u00e9rs\u00e9klet-\u00e1ll\u00f3s\u00e1g<\/td>\n<\/tr>\n<tr style=\"height: 13.50pt;\">\n<td style=\"height: 13.50pt;\" height=\"18\">Ide\u00e1lis<\/td>\n<td>\u00dcvegek fed\u00e9llel \u00e9s kan\u00e1llal, \u00fcvegek fed\u00e9llel<\/td>\n<\/tr>\n<\/tbody>\n<\/table>\n<h2>Sikert\u00f6rt\u00e9net: A forgalmaz\u00f3k gyors n\u00f6veked\u00e9se<\/h2>\n<p>Az egyik region\u00e1lis konyhai eszk\u00f6z- \u00e9s \u00e9lelmiszer-besz\u00e1ll\u00edt\u00f3 kezdetben 4000 \u00fcveged\u00e9nyt rendelt fed\u0151vel \u00e9s kanalakkal. A piac reakci\u00f3ja kiemelked\u0151 volt. Az els\u0151, a kiv\u00e1l\u00f3 min\u0151s\u00e9g\u0171 boroszilik\u00e1t \u00fcveg 43 sz\u00e1zal\u00e9kkal n\u00f6velte az \u00e9lelmiszer eltarthat\u00f3s\u00e1g\u00e1t; a m\u00e1sodik, a kiv\u00e1l\u00f3 l\u00e9gmentess\u00e9g 39 sz\u00e1zal\u00e9kkal cs\u00f6kkentette a t\u00f6r\u00e9si sebess\u00e9get. Ezen eredm\u00e9nyek alapj\u00e1n a forgalmaz\u00f3 tov\u00e1bbi 320 000 \u00fcvegb\u0151l \u00e1ll\u00f3 sz\u00e1ll\u00edtm\u00e1nyt rendelt fed\u0151vel.<\/p>\n<h2>\u00dcveged\u00e9nyek fed\u00e9llel \u2013 testreszab\u00e1si javaslatok<\/h2>\n<ul>\n<li>M\u00e1rk\u00e1s kan\u00e1lny\u00e9l: L\u00e9zergrav\u00edroz\u00e1ssal helyezze el c\u00e9ge log\u00f3j\u00e1t a bambusz kan\u00e1lny\u00e9len.<\/li>\n<li>Textur\u00e1lt alj: Az \u00fcveg alj\u00e1n finom r\u00e1csminta tal\u00e1lhat\u00f3, ami jobb fog\u00e1st biztos\u00edt a sima konyhapulton.<\/li>\n<li>Kan\u00e1lm\u00e9ret-opci\u00f3k: K\u00fcl\u00f6nb\u00f6z\u0151 m\u00e9ret\u0171 kanalak (p\u00e9ld\u00e1ul 300 ml-es mini kanalak) opcion\u00e1lis kieg\u00e9sz\u00edt\u0151k\u00e9nt kaphat\u00f3k.<\/li>\n<li>Foltelt\u00e1vol\u00edt\u00f3 bevonat: Ez az \u00e9lelmiszeripari min\u0151s\u00e9g\u0171 \u00e1tl\u00e1tsz\u00f3 bevonat az \u00fcveg bels\u0151 fal\u00e1n megakad\u00e1lyozza a f\u0171szerek vagy s\u00f6t\u00e9t \u00e9telek foltosod\u00e1s\u00e1t.<\/li>\n<li>Matt c\u00edmketer\u00fclet: Ez egy t\u00e9glalap alak\u00fa, matt c\u00edmketer\u00fclet, ahol a term\u00e9k c\u00edmk\u00e9z\u00e9se t\u00f6rt\u00e9nik.<\/li>\n<\/ul>","protected":false},"excerpt":{"rendered":"<p dir=\"auto\">Bulk glass jar with lid and spoon offering glass jars with lid in transparent borosilicate, minimalist bamboo elements, gradient sizes. Bulk order discounts.<\/p>","protected":false},"featured_media":24596,"template":"","meta":[],"product_brand":[],"product_cat":[122,124,137],"product_tag":[],"class_list":{"0":"post-24588","1":"product","2":"type-product","3":"status-publish","4":"has-post-thumbnail","6":"product_cat-custom-glass-packaging","7":"product_cat-custom-glass-jars","8":"product_cat-glass-jars-with-lids","10":"first","11":"instock","12":"shipping-taxable","13":"product-type-simple"},"jetpack_sharing_enabled":true,"_links":{"self":[{"href":"https:\/\/yebodaglass.com\/hu\/wp-json\/wp\/v2\/product\/24588","targetHints":{"allow":["GET"]}}],"collection":[{"href":"https:\/\/yebodaglass.com\/hu\/wp-json\/wp\/v2\/product"}],"about":[{"href":"https:\/\/yebodaglass.com\/hu\/wp-json\/wp\/v2\/types\/product"}],"version-history":[{"count":4,"href":"https:\/\/yebodaglass.com\/hu\/wp-json\/wp\/v2\/product\/24588\/revisions"}],"predecessor-version":[{"id":24610,"href":"https:\/\/yebodaglass.com\/hu\/wp-json\/wp\/v2\/product\/24588\/revisions\/24610"}],"wp:featuredmedia":[{"embeddable":true,"href":"https:\/\/yebodaglass.com\/hu\/wp-json\/wp\/v2\/media\/24596"}],"wp:attachment":[{"href":"https:\/\/yebodaglass.com\/hu\/wp-json\/wp\/v2\/media?parent=24588"}],"wp:term":[{"taxonomy":"product_brand","embeddable":true,"href":"https:\/\/yebodaglass.com\/hu\/wp-json\/wp\/v2\/product_brand?post=24588"},{"taxonomy":"product_cat","embeddable":true,"href":"https:\/\/yebodaglass.com\/hu\/wp-json\/wp\/v2\/product_cat?post=24588"},{"taxonomy":"product_tag","embeddable":true,"href":"https:\/\/yebodaglass.com\/hu\/wp-json\/wp\/v2\/product_tag?post=24588"}],"curies":[{"name":"wp","href":"https:\/\/api.w.org\/{rel}","templated":true}]}}