{"id":24586,"date":"2025-12-24T14:26:16","date_gmt":"2025-12-24T06:26:16","guid":{"rendered":"https:\/\/yebodaglass.com\/?post_type=product&#038;p=24586"},"modified":"2026-03-12T15:46:01","modified_gmt":"2026-03-12T07:46:01","slug":"custom-food-storage-glass-jars-for-packaging-bulk","status":"publish","type":"product","link":"https:\/\/yebodaglass.com\/hu\/custom-food-storage-glass-jars-for-packaging-bulk\/","title":{"rendered":"175 ml \u2013 500 ml-es egyedi \u00e9lelmiszert\u00e1rol\u00f3 \u00fcvegek \u00f6mlesztett csomagol\u00e1shoz"},"content":{"rendered":"<p>Ezek az \u00e9lelmiszert\u00e1rol\u00f3 \u00fcvegek sima form\u00e1j\u00faak, hengeres alak\u00faak, \u00e1tl\u00e1tsz\u00f3, krist\u00e1lytiszta \u00fcveggel, amely tiszta r\u00e1l\u00e1t\u00e1st biztos\u00edt a tartalomra. A fedelek term\u00e9szetes f\u00e1b\u00f3l k\u00e9sz\u00fcltek, \u00e9s szilikon t\u00f6m\u00edt\u0151gy\u0171r\u0171vel rendelkeznek, hogy az \u00e9lelmiszer friss maradjon.<\/p>\n<h2>Term\u00e9kjellemz\u0151k<\/h2>\n<ul>\n<li><strong>Magas h\u0151m\u00e9rs\u00e9kleti ellen\u00e1ll\u00e1s: <\/strong>A magas boroszilik\u00e1t tartalm\u00fa \u00fcveg k\u00e9pes ellen\u00e1llni a h\u0151m\u00e9rs\u00e9klet-v\u00e1ltoz\u00e1soknak, ez\u00e9rt mind meleg, mind hideg \u00e9telek t\u00e1rol\u00e1s\u00e1ra haszn\u00e1lhat\u00f3. Emellett kisebb a val\u00f3sz\u00edn\u0171s\u00e9ge a t\u00f6r\u00e9snek, \u00edgy az \u00fcveg t\u00f6bbf\u00e9lek\u00e9ppen felhaszn\u00e1lhat\u00f3.<\/li>\n<li><strong>Kiv\u00e1l\u00f3 szilikon fed\u00e9l:<\/strong> A fed\u00e9l t\u00f6m\u00f6rs\u00e9g\u00e9t a be\u00e9p\u00edtett szilikongy\u0171r\u0171vel ell\u00e1tott fa fed\u00e9l garant\u00e1lja, amely meg\u0151rzi a frissess\u00e9get \u00e9s megakad\u00e1lyozza a ki\u00f6ml\u00e9st.<\/li>\n<li><strong>K\u00fcl\u00f6nb\u00f6z\u0151 m\u00e9retek:<\/strong> K\u00fcl\u00f6nb\u00f6z\u0151 m\u00e9retekben kaphat\u00f3, p\u00e9ld\u00e1ul mini, kicsi \u00e9s nagy, \u00edgy minden ig\u00e9nyt kiel\u00e9g\u00edt a sz\u00e1raz\u00e1ruk t\u00e1rol\u00e1s\u00e1ra.<\/li>\n<\/ul>\n<h2>F\u0151bb specifik\u00e1ci\u00f3k<\/h2>\n<table style=\"border-collapse: collapse; width: 80%; margin-left: auto; margin-right: auto;\" border=\"0\" width=\"360\" cellspacing=\"0\" cellpadding=\"0\">\n<tbody>\n<tr style=\"height: 13.50pt;\">\n<td style=\"height: 13.5pt; width: 54pt; text-align: center;\" width=\"72\" height=\"18\">Kapacit\u00e1s (ml)<\/td>\n<td style=\"width: 54pt; text-align: center;\" width=\"72\">M\u00e9ret (cm)<\/td>\n<td style=\"width: 54pt; text-align: center;\" width=\"72\">Sz\u00e1j\u00e1tm\u00e9r\u0151<\/td>\n<td style=\"width: 54pt; text-align: center;\" width=\"72\">Anyag<\/td>\n<td style=\"width: 54pt; text-align: center;\" width=\"72\">Sz\u00edn<\/td>\n<\/tr>\n<tr style=\"height: 13.50pt;\">\n<td style=\"height: 13.5pt; text-align: center;\" align=\"right\" height=\"18\">175<\/td>\n<td style=\"text-align: center;\">6,5 x 10,0<\/td>\n<td class=\"et2\" style=\"text-align: center;\" rowspan=\"5\">65 mm<\/td>\n<td class=\"et2\" style=\"text-align: center;\" rowspan=\"5\">Boroszilik\u00e1t<\/td>\n<td class=\"et2\" style=\"text-align: center;\" rowspan=\"5\">Tiszta vagy egyedi<\/td>\n<\/tr>\n<tr style=\"height: 13.50pt;\">\n<td style=\"height: 13.5pt; text-align: center;\" align=\"right\" height=\"18\">250<\/td>\n<td style=\"text-align: center;\">6,5 x 10,0<\/td>\n<\/tr>\n<tr style=\"height: 13.50pt;\">\n<td style=\"height: 13.5pt; text-align: center;\" align=\"right\" height=\"18\">300<\/td>\n<td style=\"text-align: center;\">6,5 x 12,0<\/td>\n<\/tr>\n<tr style=\"height: 13.50pt;\">\n<td style=\"height: 13.5pt; text-align: center;\" align=\"right\" height=\"18\">380<\/td>\n<td style=\"text-align: center;\">6,5 x 15,0<\/td>\n<\/tr>\n<tr style=\"height: 13.50pt;\">\n<td style=\"height: 13.5pt; text-align: center;\" align=\"right\" height=\"18\">500<\/td>\n<td style=\"text-align: center;\">6,5 x 20,0<\/td>\n<\/tr>\n<\/tbody>\n<\/table>\n<h2>Sikert\u00f6rt\u00e9net<\/h2>\n<p>Az egyik nagy kanadai bio\u00e9lelmiszer-l\u00e1nc \u00fagy d\u00f6nt\u00f6tt, hogy \u00e1tveszi az \u00f6sszes konyhai t\u00e1rol\u00f3ed\u00e9ny\u00fcnket, \u00e9s egyedi megrendel\u00e9sre gy\u00e1rtja \u0151ket m\u00e1rk\u00e1s, f\u00e1b\u00f3l faragott fed\u00e9llel \u00e9s borosty\u00e1nsz\u00edn\u0171 \u00fcvegekkel. Ezek az egyedi jellemz\u0151k rendk\u00edv\u00fcl el\u0151ny\u00f6sek voltak: a borosty\u00e1nsz\u00edn\u0171 \u00fcvegek negyed\u00e9vel cs\u00f6kkentett\u00e9k a f\u00e9ny\u00e9rz\u00e9keny gy\u00f3gyn\u00f6v\u00e9nyek \u00e9s te\u00e1k roml\u00e1s\u00e1t, az \u00e1tl\u00e1tsz\u00f3 m\u00e9retc\u00edmk\u00e9k \u00e9s a l\u00e9gmentes z\u00e1r\u00e1s 18%-kal cs\u00f6kkentette a term\u00e9kek roml\u00e1s\u00e1t az \u00fczletben. Ezen eredm\u00e9nyek alapj\u00e1n tov\u00e1bbi k\u00e9tsz\u00e1zezer t\u00e1rol\u00f3ed\u00e9nyt rendeltek, amelyeket t\u00f6bb mint 500 \u00fczlet\u00fckben fognak haszn\u00e1lni.<\/p>\n<h2>Aj\u00e1nl\u00e1sok a konyhai t\u00e1rol\u00f3ed\u00e9nyek testreszab\u00e1s\u00e1hoz<\/h2>\n<ul>\n<li>Egyedi fafed\u00e9l log\u00f3z\u00e1sa: A term\u00e9k m\u00e1rk\u00e1j\u00e1t l\u00e9zerrel v\u00e1ghatjuk, m\u00e1rk\u00e1zhatjuk vagy b\u00e9lyegezhetj\u00fck a fafed\u00e9lre.<\/li>\n<li>F\u00e9ny\u00e1ll\u00f3 \u00fcveg: Borosty\u00e1nsz\u00edn\u0171 vagy z\u00f6ld \u00fcvegben kaphat\u00f3 f\u00e9ny\u00e9rz\u00e9keny term\u00e9kek, p\u00e9ld\u00e1ul f\u0171szerek, k\u00e1v\u00e9 vagy egyes vitaminok t\u00e1rol\u00e1s\u00e1ra.<\/li>\n<li>Kr\u00e9tat\u00e1bl\u00e1s c\u00edmkefel\u00fclet: A c\u00edmke k\u00f6nnyen cser\u00e9lhet\u0151 be\u00e9p\u00edtett kr\u00e9tat\u00e1bl\u00e1s fest\u00e9kfel\u00fclettel vagy kr\u00e9tat\u00e1bl\u00e1s matric\u00e1kkal.<\/li>\n<\/ul>","protected":false},"excerpt":{"rendered":"<p>Pr\u00e9mium min\u0151s\u00e9g\u0171 \u00e9lelmiszert\u00e1rol\u00f3 \u00fcvegek nat\u00far fa fed\u00e9llel \u00e9s szilikonz\u00e1r\u00e1ssal. Sokoldal\u00fa konyhai t\u00e1rol\u00f3ed\u00e9nyek a modern kamrarendszerhez. Rakt\u00e1ron van.<\/p>","protected":false},"featured_media":24592,"template":"","meta":[],"product_brand":[],"product_cat":[122,124,137],"product_tag":[],"class_list":{"0":"post-24586","1":"product","2":"type-product","3":"status-publish","4":"has-post-thumbnail","6":"product_cat-custom-glass-packaging","7":"product_cat-custom-glass-jars","8":"product_cat-glass-jars-with-lids","10":"first","11":"instock","12":"shipping-taxable","13":"product-type-simple"},"jetpack_sharing_enabled":true,"_links":{"self":[{"href":"https:\/\/yebodaglass.com\/hu\/wp-json\/wp\/v2\/product\/24586","targetHints":{"allow":["GET"]}}],"collection":[{"href":"https:\/\/yebodaglass.com\/hu\/wp-json\/wp\/v2\/product"}],"about":[{"href":"https:\/\/yebodaglass.com\/hu\/wp-json\/wp\/v2\/types\/product"}],"version-history":[{"count":3,"href":"https:\/\/yebodaglass.com\/hu\/wp-json\/wp\/v2\/product\/24586\/revisions"}],"predecessor-version":[{"id":25413,"href":"https:\/\/yebodaglass.com\/hu\/wp-json\/wp\/v2\/product\/24586\/revisions\/25413"}],"wp:featuredmedia":[{"embeddable":true,"href":"https:\/\/yebodaglass.com\/hu\/wp-json\/wp\/v2\/media\/24592"}],"wp:attachment":[{"href":"https:\/\/yebodaglass.com\/hu\/wp-json\/wp\/v2\/media?parent=24586"}],"wp:term":[{"taxonomy":"product_brand","embeddable":true,"href":"https:\/\/yebodaglass.com\/hu\/wp-json\/wp\/v2\/product_brand?post=24586"},{"taxonomy":"product_cat","embeddable":true,"href":"https:\/\/yebodaglass.com\/hu\/wp-json\/wp\/v2\/product_cat?post=24586"},{"taxonomy":"product_tag","embeddable":true,"href":"https:\/\/yebodaglass.com\/hu\/wp-json\/wp\/v2\/product_tag?post=24586"}],"curies":[{"name":"wp","href":"https:\/\/api.w.org\/{rel}","templated":true}]}}