{"id":24578,"date":"2025-12-24T11:51:36","date_gmt":"2025-12-24T03:51:36","guid":{"rendered":"https:\/\/yebodaglass.com\/?post_type=product&#038;p=24578"},"modified":"2025-12-24T13:14:13","modified_gmt":"2025-12-24T05:14:13","slug":"borosilicate-glass-jars-with-bamboo-lids-and-spoons-bulk","status":"publish","type":"product","link":"https:\/\/yebodaglass.com\/hu\/borosilicate-glass-jars-with-bamboo-lids-and-spoons-bulk\/","title":{"rendered":"500ml 850ml 1150ml boroszilik\u00e1t \u00fcveged\u00e9nyek bambusz fed\u00e9llel \u00e9s kan\u00e1llal \u00f6mlesztett kiszerel\u00e9sben"},"content":{"rendered":"<p data-start=\"66\" data-end=\"288\">Ezek a bambusz fed\u00e9llel \u00e9s kanalakkal ell\u00e1tott \u00fcveged\u00e9nyek \u00e1tl\u00e1tsz\u00f3 boroszilik\u00e1t \u00fcvegb\u0151l k\u00e9sz\u00fcltek, klasszikus, lekerek\u00edtett sziluettel, amely sosem megy ki a divatb\u00f3l. Az \u00fcvegeket vil\u00e1gos, t\u00f3nus\u00fa bambusz lapos fed\u00e9l \u00e9s a fed\u00e9llel megegyez\u0151 sz\u00edn\u0171 bambusz kan\u00e1l eg\u00e9sz\u00edti ki.<\/p>\n<h2>Term\u00e9kjellemz\u0151k<\/h2>\n<ul>\n<li><strong>Klasszikus lekerek\u00edtett kialak\u00edt\u00e1s:<\/strong> A sz\u00e9les test nagyon megk\u00f6nny\u00edti a t\u00e1rgyak t\u00e1rol\u00e1s\u00e1t, mivel el\u00e9g hely van mindennek, amit el szeretn\u00e9l helyezni, \u00e9s gyorsan hozz\u00e1f\u00e9rhetsz a t\u00e1rgyakhoz.<\/li>\n<li><strong>Bambusz fed\u00e9l \u00e9s kan\u00e1l szett:<\/strong> A csomag tartalmaz egy fedelet \u00e9s egy kanalat, amelyek azonos sz\u00edn\u0171ek, \u00edgy t\u00f6k\u00e9letesen illenek egym\u00e1shoz, \u00e9s azonnal, gond n\u00e9lk\u00fcl haszn\u00e1lhatod \u0151ket.<\/li>\n<li><strong>Pr\u00e9mium boroszilik\u00e1t \u00fcveg:<\/strong> A term\u00e9k kiv\u00e1l\u00f3an ellen\u00e1ll a gyors h\u0151m\u00e9rs\u00e9klet-v\u00e1ltoz\u00e1soknak, \u00e9s hossz\u00fa ideig meg\u0151rzi \u00e1tl\u00e1tsz\u00f3s\u00e1g\u00e1t.<\/li>\n<\/ul>\n<h2 style=\"text-align: left;\">F\u0151bb specifik\u00e1ci\u00f3k<\/h2>\n<table class=\"aligncenter\" style=\"border-collapse: collapse; width: 622.52pt;\" border=\"0\" width=\"830\" cellspacing=\"0\" cellpadding=\"0\">\n<tbody>\n<tr style=\"height: 13.50pt;\">\n<td style=\"height: 13.50pt; width: 186.75pt;\" width=\"249\" height=\"18\">Attrib\u00fatum<\/td>\n<td style=\"width: 435.75pt;\" width=\"581\">R\u00e9szletek<\/td>\n<\/tr>\n<tr style=\"height: 13.50pt;\">\n<td style=\"height: 13.50pt;\" height=\"18\">Kapacit\u00e1s<\/td>\n<td>500 ml, 850 ml, 1150 ml<\/td>\n<\/tr>\n<tr style=\"height: 13.50pt;\">\n<td style=\"height: 13.50pt;\" height=\"18\">M\u00e9retek<\/td>\n<td>7 \u00d7 10,5 cm \/ 7 \u00d7 13 cm \/ 7,5 \u00d7 14 cm<\/td>\n<\/tr>\n<tr style=\"height: 13.50pt;\">\n<td style=\"height: 13.50pt;\" height=\"18\">Anyag<\/td>\n<td>\u00c1tl\u00e1tsz\u00f3 boroszilik\u00e1t \u00fcveg \u00e9s bambusz (fed\u00e9l \u00e9s kan\u00e1l)<\/td>\n<\/tr>\n<tr style=\"height: 13.50pt;\">\n<td style=\"height: 13.50pt;\" height=\"18\">Fed\u00e9l t\u00edpusa<\/td>\n<td>Vil\u00e1gos b\u00e9zs sz\u00edn\u0171 bambusz lapos fed\u00e9l (l\u00e9gmentesen z\u00e1r\u00f3 gy\u0171r\u0171vel bel\u00fcl)<\/td>\n<\/tr>\n<tr style=\"height: 13.50pt;\">\n<td style=\"height: 13.50pt;\" height=\"18\">Boroszilik\u00e1t anyagjellemz\u0151k<\/td>\n<td>Nagy \u00e1tl\u00e1tsz\u00f3s\u00e1g, kiv\u00e1l\u00f3 h\u0151m\u00e9rs\u00e9klet-\u00e1ll\u00f3s\u00e1g, korr\u00f3zi\u00f3\u00e1ll\u00f3<\/td>\n<\/tr>\n<tr style=\"height: 13.50pt;\">\n<td style=\"height: 13.50pt;\" height=\"18\">Ide\u00e1lis<\/td>\n<td>\u00f6mlesztett \u00fcvegek, kan\u00e1llal ell\u00e1tott \u00fcvegek<\/td>\n<\/tr>\n<\/tbody>\n<\/table>\n<h2>Sikert\u00f6rt\u00e9net: Gyors forgalmaz\u00f3i n\u00f6veked\u00e9s<\/h2>\n<p>Egy orsz\u00e1gos konyhai eszk\u00f6z- \u00e9s \u00e9lelmiszer-besz\u00e1ll\u00edt\u00f3 kezdetben 15 000 darabos, bambuszfed\u0151vel \u00e9s kanalakkal ell\u00e1tott \u00fcvegeinkb\u0151l rendelt. A szupermarketl\u00e1nc bejelentette, hogy a sz\u00e1raz \u00e9lelmiszerek eltarthat\u00f3s\u00e1ga 42%-kal meghosszabbodott a bambuszfed\u00e9l l\u00e9gmentes lez\u00e1r\u00e1s\u00e1nak k\u00f6sz\u00f6nhet\u0151en, a polcokon l\u00e9v\u0151 hely pedig 32%-kal cs\u00f6kkent a kompakt, kerek kialak\u00edt\u00e1snak k\u00f6sz\u00f6nhet\u0151en; ennek k\u00f6vetkezt\u00e9ben a forgalmaz\u00f3 \u00fagy d\u00f6nt\u00f6tt, hogy 380 000 darabos nagy kiszerel\u00e9s\u0171 \u00fcvegrendel\u00e9st teljes\u00edt, hogy azonnal kiel\u00e9g\u00edtse a piaci nagy keresletet.<\/p>\n<h2>T\u00f6meges \u00fcveged\u00e9nyek testreszab\u00e1si javaslatai<\/h2>\n<ul>\n<li>Sz\u00ednes szilikon t\u00f6m\u00edt\u0151gy\u0171r\u0171k, Sz\u00ednes, \u00e9lelmiszeripari min\u0151s\u00e9g\u0171 szilikon bels\u0151 t\u00f6m\u00edt\u0151gy\u0171r\u0171ket biztos\u00edt a fedelekhez, amelyek szem\u00e9lyre szabhat\u00f3k.<\/li>\n<li>Egyedi bambusz p\u00e1col\u00e1s, Jel\u00f6lje meg a k\u00edv\u00e1nt bambusz fed\u00e9l \u00e9s kan\u00e1l sz\u00edn\u00e9t (nat\u00far, s\u00f6t\u00e9t stb.).<\/li>\n<li>Grav\u00edrozott c\u00e9likonok: Helyezzen apr\u00f3 ikonokat f\u0171szerekhez, gabonaf\u00e9l\u00e9khez vagy m\u00e9zhez az \u00fcveg v\u00e1ll\u00e1n, hogy k\u00f6nnyen megtal\u00e1lja az ide\u00e1lis term\u00e9k t\u00e1rol\u00e1si hely\u00e9t.<\/li>\n<li>Textur\u00e1lt alj: Az \u00fcveg alj\u00e1ra helyezett finom r\u00e1csminta nagyban seg\u00edthet a sima konyhai munkalapokon val\u00f3 tart\u00e1sban.<\/li>\n<\/ul>","protected":false},"excerpt":{"rendered":"<p dir=\"auto\">Fedezze fel a bambuszfed\u0151vel \u00e9s -kan\u00e1llal ell\u00e1tott \u00fcvegeket nagym\u00e9ret\u0171 \u00fcvegek t\u00e1rol\u00e1s\u00e1ra \u2013 eleg\u00e1ns, hagyma alak\u00fa, \u00e1tl\u00e1tsz\u00f3 \u00fcveg, hozz\u00e1 ill\u0151 kan\u00e1lcsipesz. Testreszabhat\u00f3 diz\u00e1jnok.<\/p>","protected":false},"featured_media":24581,"template":"","meta":[],"product_brand":[],"product_cat":[122,124,137],"product_tag":[],"class_list":{"0":"post-24578","1":"product","2":"type-product","3":"status-publish","4":"has-post-thumbnail","6":"product_cat-custom-glass-packaging","7":"product_cat-custom-glass-jars","8":"product_cat-glass-jars-with-lids","10":"first","11":"instock","12":"shipping-taxable","13":"product-type-simple"},"jetpack_sharing_enabled":true,"_links":{"self":[{"href":"https:\/\/yebodaglass.com\/hu\/wp-json\/wp\/v2\/product\/24578","targetHints":{"allow":["GET"]}}],"collection":[{"href":"https:\/\/yebodaglass.com\/hu\/wp-json\/wp\/v2\/product"}],"about":[{"href":"https:\/\/yebodaglass.com\/hu\/wp-json\/wp\/v2\/types\/product"}],"version-history":[{"count":3,"href":"https:\/\/yebodaglass.com\/hu\/wp-json\/wp\/v2\/product\/24578\/revisions"}],"predecessor-version":[{"id":24585,"href":"https:\/\/yebodaglass.com\/hu\/wp-json\/wp\/v2\/product\/24578\/revisions\/24585"}],"wp:featuredmedia":[{"embeddable":true,"href":"https:\/\/yebodaglass.com\/hu\/wp-json\/wp\/v2\/media\/24581"}],"wp:attachment":[{"href":"https:\/\/yebodaglass.com\/hu\/wp-json\/wp\/v2\/media?parent=24578"}],"wp:term":[{"taxonomy":"product_brand","embeddable":true,"href":"https:\/\/yebodaglass.com\/hu\/wp-json\/wp\/v2\/product_brand?post=24578"},{"taxonomy":"product_cat","embeddable":true,"href":"https:\/\/yebodaglass.com\/hu\/wp-json\/wp\/v2\/product_cat?post=24578"},{"taxonomy":"product_tag","embeddable":true,"href":"https:\/\/yebodaglass.com\/hu\/wp-json\/wp\/v2\/product_tag?post=24578"}],"curies":[{"name":"wp","href":"https:\/\/api.w.org\/{rel}","templated":true}]}}