{"id":24552,"date":"2025-12-23T15:56:39","date_gmt":"2025-12-23T07:56:39","guid":{"rendered":"https:\/\/yebodaglass.com\/?post_type=product&#038;p=24552"},"modified":"2025-12-24T09:18:02","modified_gmt":"2025-12-24T01:18:02","slug":"empty-unique-glass-jars-with-lids-wholesale","status":"publish","type":"product","link":"https:\/\/yebodaglass.com\/hu\/empty-unique-glass-jars-with-lids-wholesale\/","title":{"rendered":"350ml \u2013 950ml \u00dcres, egyedi \u00fcvegek fed\u00e9llel, nagykereskedelem"},"content":{"rendered":"<p data-start=\"66\" data-end=\"288\">Ezek szokatlan, fedeles \u00fcvegek, amelyeknek saj\u00e1t fedel\u00fck van: szokatlan trap\u00e9z alak\u00faak, fel\u00fcl keskenyek, alul sz\u00e9lesebbek \u00e9s \u00e9les sz\u00f6gekkel rendelkeznek. A k\u00f6nny\u0171, term\u00e9szetes bambusz fedeleknek k\u00f6sz\u00f6nhet\u0151en a tartalmuk k\u00f6nnyen l\u00e1that\u00f3.<\/p>\n<h2>Term\u00e9kjellemz\u0151k<\/h2>\n<ul>\n<li><strong>Sokoldal\u00fa trap\u00e9z alak\u00fa:<\/strong> A fel\u00fcl v\u00e9konyabb, alul sz\u00e9lesebb, \u00e9les sz\u00f6gekkel rendelkez\u0151 trap\u00e9z forma nemcsak stabilabb a hengeres \u00fcvegekhez k\u00e9pest, hanem vizu\u00e1lis m\u00e9lys\u00e9get is biztos\u00edt.<\/li>\n<li><strong>\u00c1tl\u00e1tsz\u00f3 test:<\/strong> Ez az \u00fcveg teljesen \u00e1tl\u00e1tsz\u00f3 \u00fcvegb\u0151l k\u00e9sz\u00fclt, \u00edgy a fed\u00e9l kinyit\u00e1sa n\u00e9lk\u00fcl is j\u00f3l l\u00e1that\u00f3 a tartalma.<\/li>\n<li><strong>Bambusz fed\u00e9l:<\/strong> A bambusz fed\u00e9l egy k\u00f6nny\u0171 fed\u00e9l, bel\u00fcl t\u00f6m\u00edt\u0151r\u00e9teggel, egyszer\u0171 kialak\u00edt\u00e1ssal \u00e9s nagyszer\u0171 t\u00f6m\u00edt\u00e9ssel.<\/li>\n<\/ul>\n<h2 style=\"text-align: left;\">F\u0151bb specifik\u00e1ci\u00f3k<\/h2>\n<table class=\"aligncenter\" style=\"border-collapse: collapse; width: 459.02pt;\" border=\"0\" width=\"612\" cellspacing=\"0\" cellpadding=\"0\">\n<tbody>\n<tr style=\"height: 13.50pt;\">\n<td style=\"height: 13.50pt; width: 100.50pt;\" width=\"134\" height=\"18\">Specifik\u00e1ci\u00f3<\/td>\n<td style=\"width: 358.50pt;\" width=\"478\">R\u00e9szletek<\/td>\n<\/tr>\n<tr style=\"height: 13.50pt;\">\n<td style=\"height: 13.50pt;\" height=\"18\">Kapacit\u00e1s<\/td>\n<td>350 ml \/ 500 ml \/ 750 ml \/ 950 ml<\/td>\n<\/tr>\n<tr style=\"height: 13.50pt;\">\n<td style=\"height: 13.50pt;\" height=\"18\">M\u00e9retek<\/td>\n<td>10 \u00d7 10,2 cm \/ 11,5 \u00d7 12 cm \/ 12,5 \u00d7 13,7 cm \/ 14 \u00d7 15,2 cm<\/td>\n<\/tr>\n<tr style=\"height: 13.50pt;\">\n<td style=\"height: 13.50pt;\" height=\"18\">Anyag<\/td>\n<td>Magas boroszilik\u00e1t \u00fcveg<\/td>\n<\/tr>\n<tr style=\"height: 13.50pt;\">\n<td style=\"height: 13.50pt;\" height=\"18\">\u00dcveg alakja<\/td>\n<td>T\u00f6bboldal\u00fa csonka piramis (sz\u00e9lesed\u0151 alap)<\/td>\n<\/tr>\n<tr style=\"height: 13.50pt;\">\n<td style=\"height: 13.50pt;\" height=\"18\">Fed\u00e9l t\u00edpusa<\/td>\n<td>K\u00f6nny\u0171 bambusz lapos fed\u00e9l sz\u00e9lz\u00e1r\u00e1ssal<\/td>\n<\/tr>\n<tr style=\"height: 13.50pt;\">\n<td style=\"height: 13.50pt;\" height=\"18\">Anyagjellemz\u0151<\/td>\n<td>H\u0151- \u00e9s vegyszer\u00e1ll\u00f3, nagy \u00e1tl\u00e1tsz\u00f3s\u00e1g\u00fa<\/td>\n<\/tr>\n<tr style=\"height: 13.50pt;\">\n<td style=\"height: 13.50pt;\" height=\"18\">Ide\u00e1lis<\/td>\n<td>\u00dcvegek fed\u00e9llel nagykereskedelem, \u00dcvegek fa fed\u00e9llel<\/td>\n<\/tr>\n<\/tbody>\n<\/table>\n<h2>Sikert\u00f6rt\u00e9net<\/h2>\n<p>Egy luxus teagy\u00e1rt\u00f3 c\u00e9g olyan csomagol\u00e1st keresett, amelyet egyszerre haszn\u00e1lhatn\u00e1nak ki\u00e1ll\u00edt\u00e1sra \u00e9s prezent\u00e1ci\u00f3ra is. 500 ml-es, egyedi, fedeles \u00fcvegeinket v\u00e1lasztott\u00e1k \u00faj, egyetlen eredet\u0171 teacsal\u00e1djukhoz. A boroszilik\u00e1t \u00fcvegnek ez a kialak\u00edt\u00e1sa nemcsak tart\u00f3s (sz\u00e1ll\u00edt\u00e1s k\u00f6zben mind\u00f6ssze 0,2%-os t\u00f6r\u00e9si ar\u00e1nnyal), hanem sokoldal\u00fa kialak\u00edt\u00e1sa kiv\u00e1l\u00f3an mutatja be a tea sz\u00edn\u00e9t \u00e9s text\u00far\u00e1j\u00e1t, ami a k\u00f6z\u00f6ss\u00e9gi m\u00e9di\u00e1ban megosztott term\u00e9kek sz\u00e1m\u00e1nak 70%-os n\u00f6veked\u00e9s\u00e9hez vezetett. A hatalmas sikert k\u00f6vet\u0151en a c\u00e9g tov\u00e1bbi 200 000 \u00fcveged\u00e9nyt rendelt glob\u00e1lis prom\u00f3ci\u00f3ra.<\/p>\n<h2>\u00dcvegbef\u0151ttes\u00fcvegek \u00e9s fed\u0151k nagykereskedelmi testreszab\u00e1si lehet\u0151s\u00e9gei<\/h2>\n<ul>\n<li>Prom\u00f3ci\u00f3s bambusz bef\u0151ttes\u00fcveg-fed\u0151k, Mostant\u00f3l egyetlen darab bambuszb\u00f3l k\u00e9sz\u00fclt, l\u00e9zergrav\u00edrozott log\u00f3val ell\u00e1tott bambusz bef\u0151ttes\u00fcveg-fed\u00e9lre v\u00e1lthat.<\/li>\n<li>Fagy, D\u00f6nts \u00fagy, hogy matt bevonatot viszel az \u00fcveg test\u00e9nek v\u00e1ltakoz\u00f3 oldalaira, hogy felt\u0171n\u0151 f\u00e9ny-\u00e1rny\u00e9k j\u00e1t\u00e9kot hozz l\u00e9tre.<\/li>\n<li>Szitanyomott geometrikus mint\u00e1k \u2013 Olyan mint\u00e1k, amelyek egy vagy k\u00e9t fel\u00fcleten megism\u00e9tlik az \u00fcveg test\u00e9nek sz\u00f6geit.<\/li>\n<li>\u00d3lom\u00fcveg d\u00edsz\u00edt\u00e9sek \u2013 Ezek bizonyos fel\u00fcleteken (pl. az el\u00fcls\u0151 r\u00e9szen) sz\u00ednes \u00fcveggel egy\u00fctt haszn\u00e1lhat\u00f3k, hogy kontrasztot alkossanak.<\/li>\n<\/ul>","protected":false},"excerpt":{"rendered":"<p dir=\"auto\">Fedezze fel az \u00fcvegeket \u00e9s fed\u0151ket nagykereskedelemben, melyek egyedi, csiszolt trap\u00e9z alak\u00fa, magas boroszilik\u00e1t tartalm\u00fa \u00e9s bambusz tetej\u0171 \u00fcvegeket k\u00edn\u00e1lnak. Gyors sz\u00e1ll\u00edt\u00e1s.<\/p>","protected":false},"featured_media":24554,"template":"","meta":[],"product_brand":[],"product_cat":[122,124,137],"product_tag":[],"class_list":{"0":"post-24552","1":"product","2":"type-product","3":"status-publish","4":"has-post-thumbnail","6":"product_cat-custom-glass-packaging","7":"product_cat-custom-glass-jars","8":"product_cat-glass-jars-with-lids","10":"first","11":"instock","12":"shipping-taxable","13":"product-type-simple"},"jetpack_sharing_enabled":true,"_links":{"self":[{"href":"https:\/\/yebodaglass.com\/hu\/wp-json\/wp\/v2\/product\/24552","targetHints":{"allow":["GET"]}}],"collection":[{"href":"https:\/\/yebodaglass.com\/hu\/wp-json\/wp\/v2\/product"}],"about":[{"href":"https:\/\/yebodaglass.com\/hu\/wp-json\/wp\/v2\/types\/product"}],"version-history":[{"count":3,"href":"https:\/\/yebodaglass.com\/hu\/wp-json\/wp\/v2\/product\/24552\/revisions"}],"predecessor-version":[{"id":24568,"href":"https:\/\/yebodaglass.com\/hu\/wp-json\/wp\/v2\/product\/24552\/revisions\/24568"}],"wp:featuredmedia":[{"embeddable":true,"href":"https:\/\/yebodaglass.com\/hu\/wp-json\/wp\/v2\/media\/24554"}],"wp:attachment":[{"href":"https:\/\/yebodaglass.com\/hu\/wp-json\/wp\/v2\/media?parent=24552"}],"wp:term":[{"taxonomy":"product_brand","embeddable":true,"href":"https:\/\/yebodaglass.com\/hu\/wp-json\/wp\/v2\/product_brand?post=24552"},{"taxonomy":"product_cat","embeddable":true,"href":"https:\/\/yebodaglass.com\/hu\/wp-json\/wp\/v2\/product_cat?post=24552"},{"taxonomy":"product_tag","embeddable":true,"href":"https:\/\/yebodaglass.com\/hu\/wp-json\/wp\/v2\/product_tag?post=24552"}],"curies":[{"name":"wp","href":"https:\/\/api.w.org\/{rel}","templated":true}]}}