{"id":24543,"date":"2025-12-23T15:34:26","date_gmt":"2025-12-23T07:34:26","guid":{"rendered":"https:\/\/yebodaglass.com\/?post_type=product&#038;p=24543"},"modified":"2026-04-10T16:06:08","modified_gmt":"2026-04-10T08:06:08","slug":"wide-mouth-glass-jars-with-stainless-steel-lids-bulk","status":"publish","type":"product","link":"https:\/\/yebodaglass.com\/hu\/wide-mouth-glass-jars-with-stainless-steel-lids-bulk\/","title":{"rendered":"600ml 1000ml 1200ml sz\u00e9les sz\u00e1j\u00fa \u00fcveged\u00e9nyek rozsdamentes ac\u00e9l fed\u00e9llel, \u00f6mlesztett"},"content":{"rendered":"<p>Ezek a sz\u00e9les sz\u00e1j\u00fa \u00fcvegek modern megjelen\u00e9s\u00fcket hengeres form\u00e1juknak k\u00f6sz\u00f6nhetik, amely ultra-tiszta boroszilik\u00e1t \u00fcvegb\u0151l k\u00e9sz\u00fclt. A tart\u00e1ly l\u00e9gmentes \u00e9s nedvess\u00e9g\u00e1ll\u00f3 t\u00f6m\u00edt\u00e9st biztos\u00edt rozsdamentes ac\u00e9l fedel\u00e9nek \u00e9s \u00e9lelmiszeripari min\u0151s\u00e9g\u0171 szilikon t\u00f6m\u00edt\u00e9s\u00e9nek k\u00f6sz\u00f6nhet\u0151en.<\/p>\n<h2>Term\u00e9kjellemz\u0151k<\/h2>\n<ul>\n<li><strong>Krist\u00e1lytiszta boroszilik\u00e1t \u00fcveg:<\/strong> A boroszilik\u00e1t \u00fcveg meg\u0151rzi \u00e1tl\u00e1tsz\u00f3 megjelen\u00e9s\u00e9t, mik\u00f6zben tart\u00f3s tulajdons\u00e1gai \u00e9s k\u00f6nny\u0171 tiszt\u00edthat\u00f3s\u00e1ga ellen\u00e1ll a h\u0151sokknak.<\/li>\n<li><strong>Z\u00e1rt rozsdamentes ac\u00e9l fed\u00e9l:<\/strong> A lez\u00e1rt rozsdamentes ac\u00e9l fed\u00e9l l\u00e9gmentes, \u00e9lelmiszerbiztons\u00e1gi r\u00e9teget k\u00e9pez a rozsdamentes ac\u00e9l csavaros kupaknak \u00e9s az integr\u00e1lt szilikon t\u00f6m\u00edt\u00e9snek k\u00f6sz\u00f6nhet\u0151en.<\/li>\n<li><strong>Egyenes fal\u00fa hengeres kialak\u00edt\u00e1s:<\/strong> Az egyenes fal\u00fa hengeres kialak\u00edt\u00e1s egyszer\u0171, hengeres kialak\u00edt\u00e1sa lehet\u0151v\u00e9 teszi a felhaszn\u00e1l\u00f3k sz\u00e1m\u00e1ra, hogy biztons\u00e1gosan egym\u00e1sra rakj\u00e1k az \u00e1ruikat, mivel maxim\u00e1lis t\u00e1rol\u00e1si kapacit\u00e1st biztos\u00edt.<\/li>\n<\/ul>\n<h2>F\u0151bb specifik\u00e1ci\u00f3k<\/h2>\n<table style=\"border-collapse: collapse; width: 80%; margin-left: auto; margin-right: auto;\" border=\"0\" width=\"360\" cellspacing=\"0\" cellpadding=\"0\">\n<tbody>\n<tr style=\"height: 13.50pt;\">\n<td style=\"height: 13.5pt; width: 54pt; text-align: center;\" width=\"72\" height=\"18\">Kapacit\u00e1s (ml)<\/td>\n<td style=\"width: 54pt; text-align: center;\" width=\"72\">M\u00e9ret (cm)<\/td>\n<td style=\"width: 54pt; text-align: center;\" width=\"72\">Sz\u00e1j\u00e1tm\u00e9r\u0151<\/td>\n<td style=\"width: 54pt; text-align: center;\" width=\"72\">Anyag<\/td>\n<td style=\"width: 54pt; text-align: center;\" width=\"72\">Alak<\/td>\n<\/tr>\n<tr style=\"height: 13.50pt;\">\n<td style=\"height: 13.5pt; text-align: center;\" align=\"right\" height=\"18\">600<\/td>\n<td style=\"text-align: center;\">9.5&#215;10.0<\/td>\n<td class=\"et2\" style=\"text-align: center;\" rowspan=\"3\">95 mm<\/td>\n<td class=\"et2\" style=\"text-align: center;\" rowspan=\"3\">Boroszilik\u00e1t<\/td>\n<td class=\"et2\" style=\"text-align: center;\" rowspan=\"3\">Kerek, egyenes oldals\u00f3<\/td>\n<\/tr>\n<tr style=\"height: 13.50pt;\">\n<td style=\"height: 13.5pt; text-align: center;\" align=\"right\" height=\"18\">1000<\/td>\n<td style=\"text-align: center;\">9.5&#215;15.0<\/td>\n<\/tr>\n<tr style=\"height: 13.50pt;\">\n<td style=\"height: 13.5pt; text-align: center;\" align=\"right\" height=\"18\">1200<\/td>\n<td style=\"text-align: center;\">9.5&#215;20.0<\/td>\n<\/tr>\n<\/tbody>\n<\/table>\n<h2>Sikeres eset<\/h2>\n<p>Egy amerikai szupermarketl\u00e1nc kiv\u00e1lasztotta a 940 ml-es (940 ml-es) \u00e9lelmiszert\u00e1rol\u00f3 \u00fcvegeinket, \u00e9s testre szabta a kapacit\u00e1sjel\u00f6l\u00e9seket \u00e9s a k\u00fcl\u00f6nb\u00f6z\u0151 sz\u00edn\u0171 fedeleket, hogy megk\u00fcl\u00f6nb\u00f6ztesse a term\u00e9kkateg\u00f3ri\u00e1kat. A kiv\u00e1l\u00f3 t\u00f6m\u00edt\u00e9s frissen tartotta a term\u00e9keket, 45%-kal cs\u00f6kkentve a roml\u00e1st, a krist\u00e1lytiszta \u00fcveg \u00e9s jel\u00f6l\u00e9sek pedig 28%-kal n\u00f6velt\u00e9k a nagykereskedelmi \u00e1ruk elad\u00e1sait. A szupermarketl\u00e1nc nagykereskedelmi rendszere olyan sikeres volt, hogy ezt k\u00f6vet\u0151en tov\u00e1bbi 380 000 \u00fcvegre sz\u00f3l\u00f3 rendel\u00e9st adtak le \u00fajonnan piacra dobott el\u0151re csomagolt kamrai alapvet\u0151 \u00e9lelmiszereikhez \u00e9s online el\u0151fizet\u00e9ses dobozaikhoz.<\/p>\n<h2>A sz\u00e9les sz\u00e1j\u00fa \u00fcvegek sz\u00e1mos testreszab\u00e1si lehet\u0151s\u00e9get k\u00edn\u00e1lnak.<\/h2>\n<ul>\n<li>Fed\u00e9lfel\u00fcletek: A rendelkez\u00e9sre \u00e1ll\u00f3 opci\u00f3k k\u00f6z\u00e9 tartozik a rozsdamentes ac\u00e9l, fekete, r\u00e9z \u00e9s k\u00fcl\u00f6nf\u00e9le sz\u00ednes zom\u00e1ncfel\u00fcletek.<\/li>\n<li>Szitanyom\u00e1s: Az \u00fcvegfel\u00fclet lehet\u0151v\u00e9 teszi a felhaszn\u00e1l\u00f3k sz\u00e1m\u00e1ra m\u00e9retar\u00e1nyok, tartalomvezet\u0151k \u00e9s dekorat\u00edv mint\u00e1k nyomtat\u00e1s\u00e1t.<\/li>\n<li>Kieg\u00e9sz\u00edt\u0151k: A kieg\u00e9sz\u00edt\u0151k kanalak, c\u00edmk\u00e9k \u00e9s egyedi fa fedelek kombin\u00e1ci\u00f3j\u00e1t k\u00edn\u00e1lj\u00e1k, hogy k\u00fcl\u00f6nf\u00e9le diz\u00e1jnlehet\u0151s\u00e9geket k\u00edn\u00e1ljanak.<\/li>\n<\/ul>","protected":false},"excerpt":{"rendered":"<p>Sz\u00e9les sz\u00e1j\u00fa, rozsdamentes ac\u00e9l fed\u00e9llel ell\u00e1tott \u00fcvegek k\u00f6zvetlen gy\u00e1ri \u00e9rt\u00e9kes\u00edt\u00e9se, amelyek t\u00f6k\u00e9letesek gy\u00fcm\u00f6lcs\u00f6k, gabonaf\u00e9l\u00e9k stb. t\u00e1rol\u00e1s\u00e1ra. Ezek az \u00e9lelmiszert\u00e1rol\u00f3 \u00fcvegek testreszabhat\u00f3k.<\/p>","protected":false},"featured_media":24550,"template":"","meta":[],"product_brand":[],"product_cat":[137,124,122],"product_tag":[],"class_list":{"0":"post-24543","1":"product","2":"type-product","3":"status-publish","4":"has-post-thumbnail","6":"product_cat-glass-jars-with-lids","7":"product_cat-custom-glass-jars","8":"product_cat-custom-glass-packaging","10":"first","11":"instock","12":"shipping-taxable","13":"product-type-simple"},"jetpack_sharing_enabled":true,"_links":{"self":[{"href":"https:\/\/yebodaglass.com\/hu\/wp-json\/wp\/v2\/product\/24543","targetHints":{"allow":["GET"]}}],"collection":[{"href":"https:\/\/yebodaglass.com\/hu\/wp-json\/wp\/v2\/product"}],"about":[{"href":"https:\/\/yebodaglass.com\/hu\/wp-json\/wp\/v2\/types\/product"}],"version-history":[{"count":5,"href":"https:\/\/yebodaglass.com\/hu\/wp-json\/wp\/v2\/product\/24543\/revisions"}],"predecessor-version":[{"id":25747,"href":"https:\/\/yebodaglass.com\/hu\/wp-json\/wp\/v2\/product\/24543\/revisions\/25747"}],"wp:featuredmedia":[{"embeddable":true,"href":"https:\/\/yebodaglass.com\/hu\/wp-json\/wp\/v2\/media\/24550"}],"wp:attachment":[{"href":"https:\/\/yebodaglass.com\/hu\/wp-json\/wp\/v2\/media?parent=24543"}],"wp:term":[{"taxonomy":"product_brand","embeddable":true,"href":"https:\/\/yebodaglass.com\/hu\/wp-json\/wp\/v2\/product_brand?post=24543"},{"taxonomy":"product_cat","embeddable":true,"href":"https:\/\/yebodaglass.com\/hu\/wp-json\/wp\/v2\/product_cat?post=24543"},{"taxonomy":"product_tag","embeddable":true,"href":"https:\/\/yebodaglass.com\/hu\/wp-json\/wp\/v2\/product_tag?post=24543"}],"curies":[{"name":"wp","href":"https:\/\/api.w.org\/{rel}","templated":true}]}}