{"id":24526,"date":"2025-12-23T10:20:01","date_gmt":"2025-12-23T02:20:01","guid":{"rendered":"https:\/\/yebodaglass.com\/?post_type=product&#038;p=24526"},"modified":"2025-12-23T14:09:46","modified_gmt":"2025-12-23T06:09:46","slug":"custom-98mm-diameter-glass-jars-with-lids-wholesale","status":"publish","type":"product","link":"https:\/\/yebodaglass.com\/hu\/custom-98mm-diameter-glass-jars-with-lids-wholesale\/","title":{"rendered":"600ml 1000ml 1350ml Egyedi 98 mm \u00e1tm\u00e9r\u0151j\u0171 \u00fcveged\u00e9nyek fed\u00e9llel nagykereskedelemben"},"content":{"rendered":"<p>Ne k\u00fczdj t\u00f6bb\u00e9 a kis fedelekkel. Nagykereskedelemben gy\u00e1rtunk fedeles \u00fcvegeket olyan m\u00e1rk\u00e1k sz\u00e1m\u00e1ra, amelyeknek val\u00f3ban m\u0171k\u00f6d\u0151k\u00e9pes t\u00e1rol\u00e1sra van sz\u00fcks\u00e9g\u00fck. Ezek a nagy t\u00e9telben v\u00e1s\u00e1rolt \u00fcvegek a mindennapi k\u00e9szleteket m\u00e1rka\u00e9lm\u00e9nny\u00e9 var\u00e1zsolj\u00e1k. A nagy t\u00e9telben v\u00e1s\u00e1rolt term\u00e9kek egyedi fel\u00fcletkezel\u00e9st kapnak, amely illeszkedik a m\u00e1rk\u00e1dhoz.<\/p>\n<h2>Term\u00e9kjellemz\u0151k<\/h2>\n<p><strong>Sz\u00e9les, sz\u00e1jhoz hozz\u00e1f\u00e9rhet\u0151<\/strong><\/p>\n<p>Kanalazz tiszt\u00e1n \u00e9s rendezetten a m\u00e9zet vagy az \u00fcvegzsel\u00e9t. NE KOCK\u00c1ZZ, H\u00c1T! \u2013 ez a helyes mond\u00e1s.<\/p>\n<p><strong>Er\u0151s t\u00f6m\u00edt\u00e9si teljes\u00edtm\u00e9ny<\/strong><\/p>\n<p>A z\u00e1r\u00f3kupak be\u00e9p\u00edt\u00e9s\u00e9vel a term\u00e9k hosszabb ideig k\u00e9pes frissen tartani az \u00e9lelmiszereket, megv\u00e9di \u0151ket a nedvess\u00e9gt\u0151l \u00e9s az oxid\u00e1ci\u00f3t\u00f3l, \u00edgy n\u00f6velve eltarthat\u00f3s\u00e1gukat.<\/p>\n<p><strong>H\u0151\u00e1ll\u00f3, tart\u00f3s<\/strong><\/p>\n<p>A boroszilik\u00e1t \u00fcveg a forr\u00f3 szirup, a hideg m\u00e9z vagy a fagyaszt\u00f3ban val\u00f3 t\u00e1rol\u00e1s trendj\u00e9vel kompatibilis, h\u0151sokk n\u00e9lk\u00fcl.<\/p>\n<h2>F\u0151bb specifik\u00e1ci\u00f3k<\/h2>\n<table style=\"border-collapse: collapse; width: 80%; margin-left: auto; margin-right: auto;\" border=\"0\" width=\"360\" cellspacing=\"0\" cellpadding=\"0\">\n<tbody>\n<tr style=\"height: 13.50pt;\">\n<td style=\"height: 13.5pt; width: 54pt; text-align: center;\" width=\"72\" height=\"18\">Kapacit\u00e1s (ml)<\/td>\n<td style=\"width: 54pt; text-align: center;\" width=\"72\">M\u00e9ret (cm)<\/td>\n<td style=\"width: 54pt; text-align: center;\" width=\"72\">Sz\u00e1j\u00e1tm\u00e9r\u0151<\/td>\n<td style=\"width: 54pt; text-align: center;\" width=\"72\">Anyag<\/td>\n<td style=\"width: 54pt; text-align: center;\" width=\"72\">Alak<\/td>\n<\/tr>\n<tr style=\"height: 13.50pt;\">\n<td style=\"height: 13.5pt; text-align: center;\" align=\"right\" height=\"18\">600<\/td>\n<td style=\"text-align: center;\">9,8 x 10,0<\/td>\n<td class=\"et2\" style=\"text-align: center;\" rowspan=\"3\">98 mm<\/td>\n<td class=\"et2\" style=\"text-align: center;\" rowspan=\"3\">Boroszilik\u00e1t \u00fcveg<\/td>\n<td class=\"et2\" style=\"text-align: center;\" rowspan=\"3\">Kerek, egyenes oldals\u00f3<\/td>\n<\/tr>\n<tr style=\"height: 13.50pt;\">\n<td style=\"height: 13.5pt; text-align: center;\" align=\"right\" height=\"18\">1000<\/td>\n<td style=\"text-align: center;\">9,8 x 15,0<\/td>\n<\/tr>\n<tr style=\"height: 13.50pt;\">\n<td style=\"height: 13.5pt; text-align: center;\" align=\"right\" height=\"18\">1350<\/td>\n<td style=\"text-align: center;\">9,8 x 20,0<\/td>\n<\/tr>\n<\/tbody>\n<\/table>\n<h2>Sikert\u00f6rt\u00e9net<\/h2>\n<p>Egy eg\u00e9szs\u00e9ges \u00e9lelmiszereket gy\u00e1rt\u00f3 m\u00e1rka \u00fagy d\u00f6nt\u00f6tt, hogy ezeket a boroszilik\u00e1t \u00fcveg t\u00e1rol\u00f3ed\u00e9nyeket haszn\u00e1lja k\u00fcl\u00f6nf\u00e9le aszalt gy\u00fcm\u00f6lcseinek \u00e9s di\u00f3f\u00e9l\u00e9knek a t\u00e1rol\u00e1s\u00e1ra \u00e9s bemutat\u00e1s\u00e1ra. Az \u00fcvegek sz\u00e9les ny\u00edl\u00e1ssal rendelkeznek, amely lehet\u0151v\u00e9 teszi a sz\u00e1r\u00edtott gy\u00fcm\u00f6lcs\u00f6k k\u00f6nny\u0171 kiszed\u00e9s\u00e9t, az \u00e1tl\u00e1tsz\u00f3 \u00fcveg pedig nagyszer\u0171 vizu\u00e1lis elem, amely m\u00e9g jobban vonzza a v\u00e1s\u00e1rl\u00f3kat, hogy levegy\u00e9k a term\u00e9keket a polcr\u00f3l.<\/p>\n<p>K\u00f6r\u00fclbel\u00fcl 3 h\u00f3napon bel\u00fcl a m\u00e1rka sz\u00e1r\u00edtott gy\u00fcm\u00f6lcseinek elad\u00e1sai 20%-kal n\u0151ttek.<\/p>\n<h2>Testreszab\u00e1si k\u00e9zik\u00f6nyved<\/h2>\n<ol>\n<li><strong>Kiv\u00e1laszt\u00e1s:<\/strong> A t\u00e1rol\u00e1si ig\u00e9nyekt\u0151l f\u00fcgg\u0151en k\u00fcl\u00f6nb\u00f6z\u0151 lez\u00e1r\u00e1si m\u00f3dszerek v\u00e1laszthat\u00f3k, p\u00e9ld\u00e1ul f\u00e9mkapcsos fed\u00e9l vagy szilikon t\u00f6m\u00edt\u0151gy\u0171r\u0171 a jobb t\u00f6m\u00edt\u00e9si teljes\u00edtm\u00e9ny \u00e9rdek\u00e9ben, ami alkalmas mind a romlott, mind a frissen t\u00e1rolt \u00e9lelmiszerek t\u00e1rol\u00e1s\u00e1ra.<\/li>\n<li><strong>Fed\u00e9l sz\u00ednei:<\/strong> V\u00e1ltoztasd meg a fed\u00e9l sz\u00edn\u00e9t a m\u00e1rka sz\u00edneihez vagy a term\u00e9kjellemz\u0151ihez igaz\u00edtva, hogy szem\u00e9lyre szabottabb \u00e9s egyedibb legy\u00e9l. P\u00e9ld\u00e1ul az arany vagy ez\u00fcst fed\u00e9l luxus \u00e9rzetet kelt, m\u00edg a nat\u00far fa fed\u00e9l k\u00f6rnyezetbar\u00e1t, bar\u00e1ts\u00e1gos \u00e9s term\u00e9szetes trendet sugall.<\/li>\n<li><strong>Kieg\u00e9sz\u00edt\u0151k:<\/strong> A t\u00e1rol\u00f3ed\u00e9nyekhez kieg\u00e9sz\u00edt\u0151k, p\u00e9ld\u00e1ul c\u00edmk\u00e9k, matric\u00e1k, \u00fcvegkanalak stb. is hozz\u00e1adhat\u00f3k, hogy \u00f6r\u00f6met okozzanak a felhaszn\u00e1l\u00f3nak, \u00e9s tov\u00e1bb n\u00f6velj\u00e9k a term\u00e9k funkcionalit\u00e1s\u00e1t \u00e9s vonzerej\u00e9t.<\/li>\n<\/ol>","protected":false},"excerpt":{"rendered":"<p>Magas boroszilik\u00e1t tartalm\u00fa, fedeles \u00fcvegek k\u00f6zvetlen gy\u00e1ri \u00e9rt\u00e9kes\u00edt\u00e9se nagykereskedelemben, t\u00f6k\u00e9letesek sz\u00e1raz\u00e1ruk, f\u0171szerek \u00e9s tea t\u00e1rol\u00e1s\u00e1ra. Egyedi ig\u00e9nyek kiel\u00e9g\u00edt\u00e9se lehets\u00e9ges.<\/p>","protected":false},"featured_media":24540,"template":"","meta":[],"product_brand":[],"product_cat":[122,124,137],"product_tag":[],"class_list":{"0":"post-24526","1":"product","2":"type-product","3":"status-publish","4":"has-post-thumbnail","6":"product_cat-custom-glass-packaging","7":"product_cat-custom-glass-jars","8":"product_cat-glass-jars-with-lids","10":"first","11":"instock","12":"shipping-taxable","13":"product-type-simple"},"jetpack_sharing_enabled":true,"_links":{"self":[{"href":"https:\/\/yebodaglass.com\/hu\/wp-json\/wp\/v2\/product\/24526","targetHints":{"allow":["GET"]}}],"collection":[{"href":"https:\/\/yebodaglass.com\/hu\/wp-json\/wp\/v2\/product"}],"about":[{"href":"https:\/\/yebodaglass.com\/hu\/wp-json\/wp\/v2\/types\/product"}],"version-history":[{"count":5,"href":"https:\/\/yebodaglass.com\/hu\/wp-json\/wp\/v2\/product\/24526\/revisions"}],"predecessor-version":[{"id":24542,"href":"https:\/\/yebodaglass.com\/hu\/wp-json\/wp\/v2\/product\/24526\/revisions\/24542"}],"wp:featuredmedia":[{"embeddable":true,"href":"https:\/\/yebodaglass.com\/hu\/wp-json\/wp\/v2\/media\/24540"}],"wp:attachment":[{"href":"https:\/\/yebodaglass.com\/hu\/wp-json\/wp\/v2\/media?parent=24526"}],"wp:term":[{"taxonomy":"product_brand","embeddable":true,"href":"https:\/\/yebodaglass.com\/hu\/wp-json\/wp\/v2\/product_brand?post=24526"},{"taxonomy":"product_cat","embeddable":true,"href":"https:\/\/yebodaglass.com\/hu\/wp-json\/wp\/v2\/product_cat?post=24526"},{"taxonomy":"product_tag","embeddable":true,"href":"https:\/\/yebodaglass.com\/hu\/wp-json\/wp\/v2\/product_tag?post=24526"}],"curies":[{"name":"wp","href":"https:\/\/api.w.org\/{rel}","templated":true}]}}