{"id":24517,"date":"2025-12-22T16:14:46","date_gmt":"2025-12-22T08:14:46","guid":{"rendered":"https:\/\/yebodaglass.com\/?post_type=product&#038;p=24517"},"modified":"2026-03-12T15:13:26","modified_gmt":"2026-03-12T07:13:26","slug":"high-borosilicate-glass-storage-jars-with-lids-bulk","status":"publish","type":"product","link":"https:\/\/yebodaglass.com\/hu\/high-borosilicate-glass-storage-jars-with-lids-bulk\/","title":{"rendered":"550 ml \u2013 1950 ml-es, nagy boroszilik\u00e1t tartalm\u00fa, fedeles t\u00e1rol\u00f3ed\u00e9nyek, \u00f6mlesztett kiszerel\u00e9sben"},"content":{"rendered":"<p>Ezek a fedeles \u00fcveg t\u00e1rol\u00f3ed\u00e9nyek hengeres alak\u00faak, sim\u00e1k, \u00e1tl\u00e1tsz\u00f3ak, \u00e9s term\u00e9szetes bambusz fed\u00e9llel, er\u0151s ez\u00fcst f\u00e9m z\u00e1rral rendelkeznek. A sz\u00e1juk sz\u00e9les, \u00edgy k\u00e9nyelmesen t\u00e1rolhat\u00f3k benn\u00fck r\u00e1gcs\u00e1lnival\u00f3k, konyhai eszk\u00f6z\u00f6k \u00e9s sz\u00e1raz\u00e1ruk.<\/p>\n<h2>Term\u00e9kjellemz\u0151k<\/h2>\n<ul>\n<li><strong>Klasszikus hengeres kialak\u00edt\u00e1s:<\/strong> A lapos alj \u00e9s az egyenes falak stabilit\u00e1st, k\u00f6nny\u0171 tiszt\u00edt\u00e1st \u00e9s hat\u00e9kony egym\u00e1sra rak\u00e1st biztos\u00edtanak.<\/li>\n<li><strong>Teljesen nyitott, sz\u00e9les sz\u00e1j\u00fa kialak\u00edt\u00e1s:<\/strong> Sz\u00e9les ny\u00edl\u00e1ssal rendelkezik, \u00edgy k\u00f6nnyen megt\u00f6lthet\u0151, kimerhet\u0151 \u00e9s tiszt\u00edthat\u00f3.<\/li>\n<li><strong>Term\u00e9szetes fa \u00e9s f\u00e9m t\u00f6m\u00edt\u00e9se:<\/strong> A fa fed\u00e9l f\u00e9mlemezei z\u00e1rt tart\u00e1lyt \u00e9s egy csipetnyi term\u00e9szetess\u00e9get k\u00f6lcs\u00f6n\u00f6zn\u00e9nek a term\u00e9knek.<\/li>\n<\/ul>\n<h2>F\u0151bb specifik\u00e1ci\u00f3k<\/h2>\n<table style=\"border-collapse: collapse; width: 80%; margin-left: auto; margin-right: auto;\" border=\"0\" width=\"288\" cellspacing=\"0\" cellpadding=\"0\">\n<tbody>\n<tr style=\"height: 13.50pt;\">\n<td style=\"height: 13.5pt; width: 54pt; text-align: center;\" width=\"72\" height=\"18\">Kapacit\u00e1s (ml)<\/td>\n<td style=\"width: 54pt; text-align: center;\" width=\"72\">M\u00e9ret (cm)<\/td>\n<td style=\"width: 54pt; text-align: center;\" width=\"72\">Sz\u00e1j\u00e1tm\u00e9r\u0151<\/td>\n<td style=\"width: 54pt; text-align: center;\" width=\"72\">Anyag<\/td>\n<\/tr>\n<tr style=\"height: 13.50pt;\">\n<td style=\"height: 13.5pt; text-align: center;\" align=\"right\" height=\"18\">550<\/td>\n<td style=\"text-align: center;\">10,0 \u00d7 10,0<\/td>\n<td class=\"et2\" style=\"text-align: center;\" rowspan=\"6\">100 mm<\/td>\n<td class=\"et2\" style=\"text-align: center;\" rowspan=\"6\">Boroszilik\u00e1t<\/td>\n<\/tr>\n<tr style=\"height: 13.50pt;\">\n<td style=\"height: 13.5pt; text-align: center;\" align=\"right\" height=\"18\">660<\/td>\n<td style=\"text-align: center;\">10,0 x 12,0<\/td>\n<\/tr>\n<tr style=\"height: 13.50pt;\">\n<td style=\"height: 13.5pt; text-align: center;\" align=\"right\" height=\"18\">900<\/td>\n<td style=\"text-align: center;\">10,0 x 15,0<\/td>\n<\/tr>\n<tr style=\"height: 13.50pt;\">\n<td style=\"height: 13.5pt; text-align: center;\" align=\"right\" height=\"18\">1250<\/td>\n<td style=\"text-align: center;\">10,0 x 20,0<\/td>\n<\/tr>\n<tr style=\"height: 13.50pt;\">\n<td style=\"height: 13.5pt; text-align: center;\" align=\"right\" height=\"18\">1500<\/td>\n<td style=\"text-align: center;\">10,0 x 23,0<\/td>\n<\/tr>\n<tr style=\"height: 13.50pt;\">\n<td style=\"height: 13.5pt; text-align: center;\" align=\"right\" height=\"18\">1950<\/td>\n<td style=\"text-align: center;\">10,0 x 28,0<\/td>\n<\/tr>\n<\/tbody>\n<\/table>\n<h2>Sikert\u00f6rt\u00e9net: Egy kaliforniai \u00e9telsz\u00e1ll\u00edt\u00f3 c\u00e9g egyedi megrendel\u00e9se<\/h2>\n<p>Sz\u00e9les sz\u00e1j\u00fa bef\u0151ttes\u00fcvegeinket \u00e9s szem\u00e9lyre szabott bambuszfedeleinket egy kaliforniai sz\u00e9khely\u0171, k\u00f6zvetlen\u00fcl a fogyaszt\u00f3nak sz\u00e1ll\u00edt \u00e9lelmiszert. A tov\u00e1bbfejlesztett z\u00e1r\u00e1s negyed\u00e9vel n\u00f6velte a sz\u00e1raz gabona \u00e9s bab eltarthat\u00f3s\u00e1g\u00e1t, \u00edgy kevesebb k\u00e1r keletkezett. Az \u00e1tl\u00e1tsz\u00f3 \u00fcvegb\u0151l k\u00e9sz\u00fclt test lehet\u0151v\u00e9 tette az eloszt\u00f3k\u00f6zpontok megfigyel\u00e9s\u00e9t, ami 15 sz\u00e1zal\u00e9kkal cs\u00f6kkentette a szed\u00e9si hib\u00e1kat. Ennek a sikernek k\u00f6sz\u00f6nhet\u0151en a k\u00f6zelm\u00faltban tov\u00e1bbi 500 000 bef\u0151ttes\u00fcveget rendeltek, hogy b\u0151v\u00edts\u00e9k sz\u00e1raz\u00e1ru-csomagol\u00f3 \u00fczlet\u00e1gukat.<\/p>\n<h2>\u00dcveg t\u00e1rol\u00f3ed\u00e9nyek fed\u00e9llel - testreszab\u00e1si \u00f6tletek<\/h2>\n<ul>\n<li>Egyedi fed\u0151anyagok: L\u00e9teznek fa fed\u0151k, de m\u00e1s k\u00f6rnyezetbar\u00e1t anyagokb\u00f3l, p\u00e9ld\u00e1ul paraf\u00e1b\u00f3l, \u00fajrahasznos\u00edtott m\u0171anyagb\u00f3l vagy ak\u00e1r ker\u00e1mi\u00e1b\u00f3l k\u00e9sz\u00fclt fed\u0151k is.<\/li>\n<li>M\u00e9r\u0151jelek: A jel\u00f6l\u00e9seket (cs\u00e9sz\u00e9k, grammok, unci\u00e1k) v\u00e9glegesen elhelyezhetj\u00fck dombornyom\u00e1ssal vagy nyomtat\u00e1ssal az \u00fcveg oldal\u00e1n, \u00edgy receptk\u00e9nt is felhaszn\u00e1lhat\u00f3k.<\/li>\n<li>N\u00e9gyzet alak\u00fa bef\u0151ttes\u00fcveg kialak\u00edt\u00e1s: Tervezzen sz\u00e9les sz\u00e1j\u00fa, n\u00e9gyzet vagy t\u00e9glalap alak\u00fa bef\u0151ttes\u00fcvegeket, amelyek maximaliz\u00e1lj\u00e1k a doboz \u00e9s a polc hely\u00e9t.<\/li>\n<\/ul>","protected":false},"excerpt":{"rendered":"<p>Tart\u00f3s \u00fcveg t\u00e1rol\u00f3ed\u00e9nyek fa tetej\u0171 \u00e9s f\u00e9m szor\u00edt\u00f3kkal. Praktikus, sz\u00e9les sz\u00e1j\u00fa \u00fcvegek, ide\u00e1lisak gabonaf\u00e9l\u00e9khez, snackekhez \u00e9s sz\u00e1raz \u00e9lelmiszerekhez. Ingyenes mint\u00e1k.<\/p>","protected":false},"featured_media":24525,"template":"","meta":[],"product_brand":[],"product_cat":[122,124,137],"product_tag":[],"class_list":{"0":"post-24517","1":"product","2":"type-product","3":"status-publish","4":"has-post-thumbnail","6":"product_cat-custom-glass-packaging","7":"product_cat-custom-glass-jars","8":"product_cat-glass-jars-with-lids","10":"first","11":"instock","12":"shipping-taxable","13":"product-type-simple"},"jetpack_sharing_enabled":true,"_links":{"self":[{"href":"https:\/\/yebodaglass.com\/hu\/wp-json\/wp\/v2\/product\/24517","targetHints":{"allow":["GET"]}}],"collection":[{"href":"https:\/\/yebodaglass.com\/hu\/wp-json\/wp\/v2\/product"}],"about":[{"href":"https:\/\/yebodaglass.com\/hu\/wp-json\/wp\/v2\/types\/product"}],"version-history":[{"count":5,"href":"https:\/\/yebodaglass.com\/hu\/wp-json\/wp\/v2\/product\/24517\/revisions"}],"predecessor-version":[{"id":25411,"href":"https:\/\/yebodaglass.com\/hu\/wp-json\/wp\/v2\/product\/24517\/revisions\/25411"}],"wp:featuredmedia":[{"embeddable":true,"href":"https:\/\/yebodaglass.com\/hu\/wp-json\/wp\/v2\/media\/24525"}],"wp:attachment":[{"href":"https:\/\/yebodaglass.com\/hu\/wp-json\/wp\/v2\/media?parent=24517"}],"wp:term":[{"taxonomy":"product_brand","embeddable":true,"href":"https:\/\/yebodaglass.com\/hu\/wp-json\/wp\/v2\/product_brand?post=24517"},{"taxonomy":"product_cat","embeddable":true,"href":"https:\/\/yebodaglass.com\/hu\/wp-json\/wp\/v2\/product_cat?post=24517"},{"taxonomy":"product_tag","embeddable":true,"href":"https:\/\/yebodaglass.com\/hu\/wp-json\/wp\/v2\/product_tag?post=24517"}],"curies":[{"name":"wp","href":"https:\/\/api.w.org\/{rel}","templated":true}]}}