{"id":24509,"date":"2025-12-22T11:32:32","date_gmt":"2025-12-22T03:32:32","guid":{"rendered":"https:\/\/yebodaglass.com\/?post_type=product&#038;p=24509"},"modified":"2026-04-13T15:43:41","modified_gmt":"2026-04-13T07:43:41","slug":"borosilicate-big-glass-jar-with-lid-for-storage-wholesale","status":"publish","type":"product","link":"https:\/\/yebodaglass.com\/hu\/borosilicate-big-glass-jar-with-lid-for-storage-wholesale\/","title":{"rendered":"1360ml 1800ml boroszilik\u00e1t nagy \u00fcveged\u00e9ny fed\u00e9llel nagykereskedelemhez"},"content":{"rendered":"<p>A tet\u0151s \u00fcveg hengeres alak\u00fa, \u00e9s ultra-tiszta boroszilik\u00e1t \u00fcvegb\u0151l k\u00e9sz\u00fclt. A term\u00e9k \u00fcvegteste l\u00e1that\u00f3 illeszt\u00e9sek n\u00e9lk\u00fcl k\u00e9sz\u00fclt, \u00edgy a term\u00e9szetes bambuszfed\u00e9l \u00e9s az \u00e9lelmiszeripari min\u0151s\u00e9g\u0171 szilikon t\u00f6m\u00edt\u0151gy\u0171r\u0171 r\u00e9v\u00e9n teljesen l\u00e9gmentesen z\u00e1r\u00f3dik a nedvess\u00e9g ellen.<\/p>\n<h2>Term\u00e9kjellemz\u0151k<\/h2>\n<ul>\n<li><strong>Boroszilik\u00e1t \u00fcveg anyaga:<\/strong> A term\u00e9k \u00e9lelmiszeripari min\u0151s\u00e9g\u0171 boroszilik\u00e1t \u00fcvegb\u0151l \u00e1ll, amely nagy \u00e1tl\u00e1tsz\u00f3s\u00e1got biztos\u00edt, \u00e9s v\u00e9delmet ny\u00fajt a sz\u00e9ls\u0151s\u00e9ges h\u0151m\u00e9rs\u00e9klet-v\u00e1ltoz\u00e1sokkal szemben, mik\u00f6zben biztons\u00e1gos \u00e9s szagtalan marad.<\/li>\n<li><strong>Term\u00e9szetes bambusz t\u00f6m\u00edt\u0151fed\u00e9l kialak\u00edt\u00e1sa:<\/strong> A term\u00e9szetes bambusz fed\u00e9l \u00e9s az \u00e9lelmiszeripari szilikon t\u00f6m\u00edt\u0151gy\u0171r\u0171 kombin\u00e1ci\u00f3ja egy olyan t\u00f6m\u00edt\u0151rendszert hoz l\u00e9tre, amely kiv\u00e1l\u00f3 t\u00f6m\u00edt\u00e9si k\u00e9pess\u00e9geket biztos\u00edt.<\/li>\n<li><strong>Sz\u00e9les sz\u00e1j a k\u00f6nny\u0171 tiszt\u00edt\u00e1s \u00e9rdek\u00e9ben:<\/strong> A sz\u00e9les sz\u00e1j\u00fa kialak\u00edt\u00e1s lehet\u0151v\u00e9 teszi a felhaszn\u00e1l\u00f3k sz\u00e1m\u00e1ra, hogy hozz\u00e1f\u00e9rjenek az \u00e9lelmiszerekhez \u00e9s alapos tiszt\u00edt\u00e1st v\u00e9gezzenek, mik\u00f6zben megfelel a k\u00fcl\u00f6nb\u00f6z\u0151 konyhai t\u00e1rol\u00e1si ig\u00e9nyeknek.<\/li>\n<\/ul>\n<h2>F\u0151bb specifik\u00e1ci\u00f3k<\/h2>\n<table style=\"border-collapse: collapse; width: 80%; margin-left: auto; margin-right: auto;\" border=\"0\" width=\"360\" cellspacing=\"0\" cellpadding=\"0\">\n<tbody>\n<tr style=\"height: 13.50pt;\">\n<td style=\"height: 13.5pt; width: 54pt; text-align: center;\" width=\"72\" height=\"18\">Kapacit\u00e1s (ml)<\/td>\n<td style=\"width: 54pt; text-align: center;\" width=\"72\">M\u00e9ret (cm)<\/td>\n<td style=\"width: 54pt; text-align: center;\" width=\"72\">Sz\u00e1j\u00e1tm\u00e9r\u0151<\/td>\n<td style=\"width: 54pt; text-align: center;\" width=\"72\">Anyag<\/td>\n<td style=\"width: 54pt; text-align: center;\" width=\"72\">Jellemz\u0151k<\/td>\n<\/tr>\n<tr style=\"height: 13.50pt;\">\n<td style=\"height: 13.5pt; text-align: center;\" height=\"18\">1360<\/td>\n<td style=\"text-align: center;\">12,0 x 15,0<\/td>\n<td class=\"et2\" style=\"text-align: center;\" rowspan=\"2\">120 mm<\/td>\n<td class=\"et2\" style=\"text-align: center;\" rowspan=\"2\">Boroszilik\u00e1t \u00fcveg<\/td>\n<td class=\"et2\" style=\"text-align: center;\" rowspan=\"2\">Egyenes oldal\u00fa, 120 mm-es fed\u00e9l<\/td>\n<\/tr>\n<tr style=\"height: 13.50pt;\">\n<td style=\"height: 13.5pt; text-align: center;\" height=\"18\">1800<\/td>\n<td style=\"text-align: center;\">12,0 x 20,0<\/td>\n<\/tr>\n<\/tbody>\n<\/table>\n<h2>Sikert\u00f6rt\u00e9net: Egyedi megrendel\u00e9s egy hullad\u00e9kmentes szupermarketl\u00e1nct\u00f3l<\/h2>\n<p>Egy orsz\u00e1gos szupermarketl\u00e1nc a konyhai bef\u0151ttes\u00fcvegeinket v\u00e1lasztotta, amelyek szem\u00e9lyre szabott t\u00e9rfogatjel\u00f6l\u00e9seket k\u00e9rtek az \u00fcvegekre. Az egyedi konyhai \u00fcvegek n\u00e9pszer\u0171v\u00e9 v\u00e1ltak a v\u00e1s\u00e1rl\u00f3k k\u00f6r\u00e9ben, mivel l\u00e9gmentes z\u00e1r\u00e1suknak k\u00f6sz\u00f6nhet\u0151en a kamrai term\u00e9kek 30%-kal tov\u00e1bb meg\u0151rz\u0151dnek, a t\u00e9rfogatjel\u00f6l\u00e9seknek k\u00f6sz\u00f6nhet\u0151en pedig a v\u00e1s\u00e1rl\u00f3k 15%-kal cs\u00f6kkenthetik a v\u00e1s\u00e1rl\u00e1si mennyis\u00e9get. Az eredeti rendel\u00e9s\u00fck ut\u00e1n 580 000 \u00fcveget rendeltek, mert egy \u00faj, el\u0151re csomagolt \u00e9lelmiszert\u00e1rol\u00f3 k\u00e9szletet szerettek volna l\u00e9trehozni.<\/p>\n<h2>Konyhai \u00fcvegek testreszab\u00e1si lehet\u0151s\u00e9gei<\/h2>\n<ol>\n<li><strong>Fed\u00e9l anyaga \u00e9s t\u00f6m\u00edt\u0151szerkezete:<\/strong> Egy 120 mm-es lapos, peremes \u00fcveg kombin\u00e1lhat\u00f3 bambusz, fa vagy kompozit z\u00e1r\u00f3fed\u00e9llel, a szilikon t\u00f6m\u00edt\u0151gy\u0171r\u0171 vastags\u00e1ga pedig n\u00f6velhet\u0151 a jobb nedvess\u00e9g\u00e1ll\u00f3s\u00e1g \u00e9s a frissess\u00e9g meg\u0151rz\u00e9se \u00e9rdek\u00e9ben.<\/li>\n<li><strong>\u00dcveg test testreszab\u00e1sa:\u00a0<\/strong>Az \u00fcveg teste szitanyom\u00e1ssal, matric\u00e1z\u00e1ssal, c\u00edmketer\u00fclet-foglal\u00e1ssal vagy matt fel\u00fclettel k\u00e9sz\u00fcl, amely hordoz\u00f3k\u00e9nt szolg\u00e1l a m\u00e1rkajelz\u00e9s \u00e9s az inform\u00e1ci\u00f3szolg\u00e1ltat\u00e1si k\u00f6vetelm\u00e9nyek teljes\u00edt\u00e9s\u00e9hez.<\/li>\n<li><strong>\u00dcvegvastags\u00e1g \u00e9s \u00fct\u00e9s\u00e1ll\u00f3s\u00e1g:<\/strong> A vastag\u00edtott boroszilik\u00e1t \u00fcveg tov\u00e1bb testreszabhat\u00f3 a szupermarketekben el\u0151fordul\u00f3 gyakori \u00e1ruforgalmi k\u00f6r\u00fclm\u00e9nyekhez, hogy cs\u00f6kkentse a t\u00f6r\u00e9si ar\u00e1nyt a sz\u00e1ll\u00edt\u00e1s \u00e9s a polcol\u00e1s sor\u00e1n.<\/li>\n<\/ol>","protected":false},"excerpt":{"rendered":"<p>Eleg\u00e1ns, nagy \u00fcveged\u00e9ny tet\u0151vel \u00e9s nat\u00far bambusz diz\u00e1jnnal. Konyhai bef\u0151ttes\u00fcvegek, amelyek ide\u00e1lisak modern t\u00e1rol\u00e1si megold\u00e1sokhoz. Egyedi log\u00f3z\u00e1si lehet\u0151s\u00e9gek t\u00e1mogat\u00e1sa. Ingyenes mint\u00e1k.<\/p>","protected":false},"featured_media":24510,"template":"","meta":[],"product_brand":[],"product_cat":[137,124,122],"product_tag":[],"class_list":{"0":"post-24509","1":"product","2":"type-product","3":"status-publish","4":"has-post-thumbnail","6":"product_cat-glass-jars-with-lids","7":"product_cat-custom-glass-jars","8":"product_cat-custom-glass-packaging","10":"first","11":"instock","12":"shipping-taxable","13":"product-type-simple"},"jetpack_sharing_enabled":true,"_links":{"self":[{"href":"https:\/\/yebodaglass.com\/hu\/wp-json\/wp\/v2\/product\/24509","targetHints":{"allow":["GET"]}}],"collection":[{"href":"https:\/\/yebodaglass.com\/hu\/wp-json\/wp\/v2\/product"}],"about":[{"href":"https:\/\/yebodaglass.com\/hu\/wp-json\/wp\/v2\/types\/product"}],"version-history":[{"count":5,"href":"https:\/\/yebodaglass.com\/hu\/wp-json\/wp\/v2\/product\/24509\/revisions"}],"predecessor-version":[{"id":25766,"href":"https:\/\/yebodaglass.com\/hu\/wp-json\/wp\/v2\/product\/24509\/revisions\/25766"}],"wp:featuredmedia":[{"embeddable":true,"href":"https:\/\/yebodaglass.com\/hu\/wp-json\/wp\/v2\/media\/24510"}],"wp:attachment":[{"href":"https:\/\/yebodaglass.com\/hu\/wp-json\/wp\/v2\/media?parent=24509"}],"wp:term":[{"taxonomy":"product_brand","embeddable":true,"href":"https:\/\/yebodaglass.com\/hu\/wp-json\/wp\/v2\/product_brand?post=24509"},{"taxonomy":"product_cat","embeddable":true,"href":"https:\/\/yebodaglass.com\/hu\/wp-json\/wp\/v2\/product_cat?post=24509"},{"taxonomy":"product_tag","embeddable":true,"href":"https:\/\/yebodaglass.com\/hu\/wp-json\/wp\/v2\/product_tag?post=24509"}],"curies":[{"name":"wp","href":"https:\/\/api.w.org\/{rel}","templated":true}]}}