{"id":24500,"date":"2025-12-19T17:46:32","date_gmt":"2025-12-19T09:46:32","guid":{"rendered":"https:\/\/yebodaglass.com\/?post_type=product&#038;p=24500"},"modified":"2025-12-22T10:08:45","modified_gmt":"2025-12-22T02:08:45","slug":"glass-jars-with-airtight-lids-for-storage-wholesale","status":"publish","type":"product","link":"https:\/\/yebodaglass.com\/hu\/glass-jars-with-airtight-lids-for-storage-wholesale\/","title":{"rendered":"335ml 580ml 800ml \u00fcveged\u00e9nyek l\u00e9gmentesen z\u00e1r\u00f3d\u00f3 fed\u00e9llel nagykereskedelemben"},"content":{"rendered":"<p data-start=\"66\" data-end=\"288\">Ezek az er\u0151s \u00e9s tart\u00f3s, l\u00e9gmentesen z\u00e1r\u00f3d\u00f3 fed\u00e9llel ell\u00e1tott \u00fcvegek kiv\u00e1l\u00f3 min\u0151s\u00e9g\u0171 boroszilik\u00e1t \u00fcvegb\u0151l k\u00e9sz\u00fcltek, \u00edgy nagyon \u00e1tl\u00e1tsz\u00f3ak \u00e9s hossz\u00fa \u00e9lettartam\u00faak. A s\u00f6t\u00e9t fa erezet\u0171, lapos fed\u00e9l nemcsak j\u00f3l n\u00e9z ki, hanem szil\u00e1rd t\u00f6m\u00edt\u00e9st is biztos\u00edt, \u00e9s h\u00e1rom k\u00fcl\u00f6nb\u00f6z\u0151 m\u00e9retben kaphat\u00f3.<\/p>\n<h2>Term\u00e9kjellemz\u0151k<\/h2>\n<ul>\n<li><strong>Robusztus hengeres kialak\u00edt\u00e1s:<\/strong> Az \u00fcveg teste vastag \u00e9s stabil, ami megnehez\u00edti a felborul\u00e1st, emellett el\u00e9g tart\u00f3s ahhoz, hogy mindennapi haszn\u00e1latra is alkalmas legyen.<\/li>\n<li><strong>Kiv\u00e1l\u00f3 min\u0151s\u00e9g\u0171 t\u00f6m\u00edt\u00e9s:<\/strong> A speci\u00e1lis elj\u00e1r\u00e1ssal k\u00e9sz\u00fclt fa, erezettel bor\u00edtott fed\u00e9l szorosan lez\u00e1rja a tart\u00e1lyt, \u00edgy az \u00e9lelmiszer sok\u00e1ig friss marad.<\/li>\n<li><strong>Boroszilik\u00e1t \u00fcveg min\u0151s\u00e9g:<\/strong> A kiv\u00e1l\u00f3 h\u0151sokk-\u00e1ll\u00f3s\u00e1g mellett az \u00fcveg nagyon \u00e1tl\u00e1tsz\u00f3 is, \u00edgy a tartalom sok\u00e1ig l\u00e1that\u00f3.<\/li>\n<\/ul>\n<h2 style=\"text-align: left;\">F\u0151bb specifik\u00e1ci\u00f3k<\/h2>\n<table class=\"aligncenter\" style=\"border-collapse: collapse; width: 424.52pt;\" border=\"0\" width=\"566\" cellspacing=\"0\" cellpadding=\"0\">\n<tbody>\n<tr style=\"height: 13.50pt;\">\n<td style=\"height: 13.50pt; width: 107.25pt;\" width=\"143\" height=\"18\">Specifik\u00e1ci\u00f3<\/td>\n<td style=\"width: 317.25pt;\" width=\"423\">R\u00e9szletek<\/td>\n<\/tr>\n<tr style=\"height: 13.50pt;\">\n<td style=\"height: 13.50pt;\" height=\"18\">Kapacit\u00e1s<\/td>\n<td>335 ml \/ 580 ml \/ 800 ml<\/td>\n<\/tr>\n<tr style=\"height: 13.50pt;\">\n<td style=\"height: 13.50pt;\" height=\"18\">M\u00e9retek<\/td>\n<td>8\u00d710 cm \/ 8\u00d715 cm \/ 8\u00d720 cm<\/td>\n<\/tr>\n<tr style=\"height: 13.50pt;\">\n<td style=\"height: 13.50pt;\" height=\"18\">Anyag<\/td>\n<td>Magas boroszilik\u00e1t \u00fcveg<\/td>\n<\/tr>\n<tr style=\"height: 13.50pt;\">\n<td style=\"height: 13.50pt;\" height=\"18\">Fed\u00e9l t\u00edpusa<\/td>\n<td>S\u00f6t\u00e9t faerezet\u0171 lapos fed\u00e9l (l\u00e9gmentes)<\/td>\n<\/tr>\n<tr style=\"height: 13.50pt;\">\n<td style=\"height: 13.50pt;\" height=\"18\">Fed\u00e9l \u00e1tm\u00e9r\u0151je<\/td>\n<td>80 mm (minden m\u00e9retben egys\u00e9ges)<\/td>\n<\/tr>\n<tr style=\"height: 13.50pt;\">\n<td style=\"height: 13.50pt;\" height=\"18\">Anyagjellemz\u0151<\/td>\n<td>Magas h\u0151- \u00e9s vegyi ellen\u00e1ll\u00e1s, kiv\u00e1l\u00f3 \u00e1tl\u00e1tsz\u00f3s\u00e1g<\/td>\n<\/tr>\n<tr style=\"height: 13.50pt;\">\n<td style=\"height: 13.50pt;\" height=\"18\">Ide\u00e1lis<\/td>\n<td>\u00dcvegek l\u00e9gmentesen z\u00e1r\u00f3d\u00f3 fed\u00e9llel, Nagykereskedelmi \u00fcvegek<\/td>\n<\/tr>\n<\/tbody>\n<\/table>\n<h2>Sikert\u00f6rt\u00e9net: Egy k\u00e1v\u00e9p\u00f6rk\u00f6l\u0151 ell\u00e1t\u00e1si l\u00e1nc megold\u00e1sa<\/h2>\n<p>A k\u00f6zepes m\u00e9ret\u0171 k\u00e1v\u00e9p\u00f6rk\u00f6l\u0151 a legkelend\u0151bb term\u00e9keit 580 ml-es, l\u00e9gmentesen z\u00e1r\u00f3d\u00f3 fed\u00e9llel ell\u00e1tott \u00fcvegekbe csomagolta. A tart\u00f3s boroszilik\u00e1t \u00fcvegek haszn\u00e1lat\u00e1nak eredm\u00e9nyek\u00e9nt a k\u00e1v\u00e9p\u00f6rk\u00f6l\u0151n\u00e9l a sz\u00e1ll\u00edt\u00e1s \u00e9s t\u00e1rol\u00e1s sor\u00e1n el\u0151fordul\u00f3 t\u00f6r\u00e9s gyakoris\u00e1ga 85%-kal cs\u00f6kkent. A l\u00e9gmentesen z\u00e1r\u00f3d\u00f3 fa, gabon\u00e1b\u00f3l k\u00e9sz\u00fclt fed\u00e9l nagyon hat\u00e9konyan meg\u0151rizte a k\u00e1v\u00e9babok frissess\u00e9g\u00e9t, a k\u00e1v\u00e9z\u00f3k (v\u00e1s\u00e1rl\u00f3k) pedig arr\u00f3l sz\u00e1moltak be, hogy az optim\u00e1lis f\u0151z\u00e9si id\u0151 30%-kal meghosszabbodott. Miut\u00e1n tapasztalt\u00e1k a m\u0171k\u00f6d\u00e9si \u00e9s p\u00e9nz\u00fcgyi el\u0151ny\u00f6ket, tov\u00e1bbi 250 000 \u00fcveget rendeltek a termel\u00e9s b\u0151v\u00edt\u00e9se \u00e9rdek\u00e9ben.<\/p>\n<h2>\u00dcveged\u00e9nyek nagykereskedelmi testreszab\u00e1si lehet\u0151s\u00e9gei<\/h2>\n<ul>\n<li>T\u00f6m\u00f6rfa fed\u0151k, \u00c1tmenet az er\u0151s, \u00e9lelmiszerbiztons\u00e1gi szempontb\u00f3l is biztons\u00e1gos t\u00f6m\u00f6rfa fed\u0151kre, di\u00f3fa vagy ak\u00e1cfa kivitelben.<\/li>\n<li>Fed\u00e9l m\u00e1rkajelz\u00e9se, log\u00f3ja pr\u00e9sel\u00e9ssel vagy l\u00e9zergrav\u00edroz\u00e1ssal a f\u00e1ba.<\/li>\n<li>\u0170rtartalom jelz\u00e9se, Az \u00fcveg \u0171rtartalm\u00e1t (pl. \u201e580ml\u201d) az \u00fcveg alj\u00e1n tal\u00e1lhat\u00f3 dombornyom\u00e1s jelzi.<\/li>\n<li>Jobb t\u00f6m\u00edt\u00e9s sz\u00e9lesebb vagy sz\u00ednes \u00e9lelmiszeripari szilikon t\u00f6m\u00edt\u00e9ssel. A sz\u00e9lesebb vagy sz\u00ednes \u00e9lelmiszeripari szilikon t\u00f6m\u00edt\u00e9s seg\u00edt a jobb t\u00f6m\u00edt\u00e9s el\u00e9r\u00e9s\u00e9ben.<\/li>\n<\/ul>","protected":false},"excerpt":{"rendered":"<p>Eleg\u00e1ns, l\u00e9gmentesen z\u00e1r\u00f3d\u00f3 \u00fcveged\u00e9nyek nagykereskedelmi v\u00e1s\u00e1rl\u00f3knak, vastag \u00fcvegtesttel \u00e9s nat\u00far fa fed\u00e9llel. Nagyobb mennyis\u00e9g eset\u00e9n kedvezm\u00e9nyes \u00e1ron.<\/p>","protected":false},"featured_media":24504,"template":"","meta":[],"product_brand":[],"product_cat":[122,124,137],"product_tag":[],"class_list":{"0":"post-24500","1":"product","2":"type-product","3":"status-publish","4":"has-post-thumbnail","6":"product_cat-custom-glass-packaging","7":"product_cat-custom-glass-jars","8":"product_cat-glass-jars-with-lids","10":"first","11":"instock","12":"shipping-taxable","13":"product-type-simple"},"jetpack_sharing_enabled":true,"_links":{"self":[{"href":"https:\/\/yebodaglass.com\/hu\/wp-json\/wp\/v2\/product\/24500","targetHints":{"allow":["GET"]}}],"collection":[{"href":"https:\/\/yebodaglass.com\/hu\/wp-json\/wp\/v2\/product"}],"about":[{"href":"https:\/\/yebodaglass.com\/hu\/wp-json\/wp\/v2\/types\/product"}],"version-history":[{"count":4,"href":"https:\/\/yebodaglass.com\/hu\/wp-json\/wp\/v2\/product\/24500\/revisions"}],"predecessor-version":[{"id":24508,"href":"https:\/\/yebodaglass.com\/hu\/wp-json\/wp\/v2\/product\/24500\/revisions\/24508"}],"wp:featuredmedia":[{"embeddable":true,"href":"https:\/\/yebodaglass.com\/hu\/wp-json\/wp\/v2\/media\/24504"}],"wp:attachment":[{"href":"https:\/\/yebodaglass.com\/hu\/wp-json\/wp\/v2\/media?parent=24500"}],"wp:term":[{"taxonomy":"product_brand","embeddable":true,"href":"https:\/\/yebodaglass.com\/hu\/wp-json\/wp\/v2\/product_brand?post=24500"},{"taxonomy":"product_cat","embeddable":true,"href":"https:\/\/yebodaglass.com\/hu\/wp-json\/wp\/v2\/product_cat?post=24500"},{"taxonomy":"product_tag","embeddable":true,"href":"https:\/\/yebodaglass.com\/hu\/wp-json\/wp\/v2\/product_tag?post=24500"}],"curies":[{"name":"wp","href":"https:\/\/api.w.org\/{rel}","templated":true}]}}