{"id":24486,"date":"2025-12-19T16:52:38","date_gmt":"2025-12-19T08:52:38","guid":{"rendered":"https:\/\/yebodaglass.com\/?post_type=product&#038;p=24486"},"modified":"2026-04-10T10:09:38","modified_gmt":"2026-04-10T02:09:38","slug":"straight-sided-round-borosilicate-huge-glass-jars-bulk","status":"publish","type":"product","link":"https:\/\/yebodaglass.com\/hu\/straight-sided-round-borosilicate-huge-glass-jars-bulk\/","title":{"rendered":"3200ml 4800ml egyenes oldal\u00fa kerek boroszilik\u00e1t hatalmas \u00fcveged\u00e9nyek \u00f6mlesztett"},"content":{"rendered":"<p>Elege van az apr\u00f3 bef\u0151ttes\u00fcvegekb\u0151l, amikt\u0151l az \u00e9tel ki\u00f6mlik a konyh\u00e1j\u00e1ban? Hatalmas \u00fcvegmegold\u00e1sokat k\u00e9sz\u00edt\u00fcnk \u2013 kifejezetten azoknak a m\u00e1rk\u00e1knak, amelyeknek val\u00f3ban sz\u00fcks\u00e9g\u00fck van t\u00e1rol\u00e1sra. Ezek a nagy kiszerel\u00e9s\u0171 \u00fcveges megold\u00e1sok a napi k\u00e9szletet pr\u00e9mium m\u00e1rka\u00e9lm\u00e9nny\u00e9 var\u00e1zsolj\u00e1k. Nagyobb kiszerel\u00e9s\u0171 rendel\u00e9sek eset\u00e9n a sz\u00edneket a m\u00e1rk\u00e1hoz igaz\u00edtjuk.<\/p>\n<h2>Term\u00e9kjellemz\u0151k<\/h2>\n<p><strong>Egyenes oldal\u00fa kialak\u00edt\u00e1s:\u00a0<\/strong>4800 ml-es \u0171rtartalm\u00e1val a kancs\u00f3 por, gabonaf\u00e9l\u00e9k, gabonapelyhek, k\u00e1v\u00e9bab, gyomok, f\u0171szerek stb. t\u00e1rol\u00e1s\u00e1ra alkalmas \u2013 \u00edgy t\u00f6bb\u00e9 nem pazarolunk el term\u00e9keket a kis tart\u00e1lyokban.<\/p>\n<p><strong>H\u0151\u00e1ll\u00f3 boroszilik\u00e1t \u00fcveg:\u00a0<\/strong>Ezek a hatalmas \u00fcveged\u00e9nyek meleg, hideg \u00e9s fagyasztott \u00e9lelmiszerek t\u00e1rol\u00e1s\u00e1ra haszn\u00e1lhat\u00f3k \u2013 h\u0151sokk n\u00e9lk\u00fcl, valamint v\u00e1z\u00e1khoz, hurrik\u00e1n gyertyatart\u00f3khoz is haszn\u00e1lhat\u00f3k.<\/p>\n<p><strong>150 mm sz\u00e9les fed\u00e9l a k\u00f6nny\u0171 hozz\u00e1f\u00e9r\u00e9s \u00e9rdek\u00e9ben:\u00a0<\/strong>Az \u00fcvegkan\u00e1l seg\u00edts\u00e9g\u00e9vel k\u00f6nnyed\u00e9n kivehet port vagy b\u00e1rmilyen sz\u00e1raz anyagot \u2013 sziv\u00e1rg\u00e1smentes \u00e9s k\u00f6nnyen tarthat\u00f3.<\/p>\n<h2>F\u0151bb jellemz\u0151k<\/h2>\n<table style=\"border-collapse: collapse; width: 80%; margin-left: auto; margin-right: auto;\" border=\"0\" width=\"360\" cellspacing=\"0\" cellpadding=\"0\">\n<tbody>\n<tr style=\"height: 13.50pt;\">\n<td style=\"height: 13.5pt; width: 54pt; text-align: center;\" width=\"72\" height=\"18\">Kapacit\u00e1s (ml)<\/td>\n<td style=\"width: 54pt; text-align: center;\" width=\"72\">M\u00e9ret (cm)<\/td>\n<td style=\"width: 54pt; text-align: center;\" width=\"72\">Sz\u00e1j\u00e1tm\u00e9r\u0151<\/td>\n<td style=\"width: 54pt; text-align: center;\" width=\"72\">Anyag<\/td>\n<td style=\"width: 54pt; text-align: center;\" width=\"72\">Alak<\/td>\n<\/tr>\n<tr style=\"height: 13.50pt;\">\n<td style=\"height: 13.5pt; text-align: center;\" align=\"right\" height=\"18\">3200<\/td>\n<td style=\"text-align: center;\">15,0 x 20,0<\/td>\n<td class=\"et2\" style=\"text-align: center;\" rowspan=\"2\">150 mm<\/td>\n<td class=\"et2\" style=\"text-align: center;\" rowspan=\"2\">Boroszilik\u00e1t<\/td>\n<td class=\"et2\" style=\"text-align: center;\" rowspan=\"2\">Egyenes oldal\u00fa kerek<\/td>\n<\/tr>\n<tr style=\"height: 13.50pt;\">\n<td style=\"height: 13.5pt; text-align: center;\" align=\"right\" height=\"18\">4800<\/td>\n<td style=\"text-align: center;\">15,0 x 30,0<\/td>\n<\/tr>\n<\/tbody>\n<\/table>\n<h2>Sikeres eset<\/h2>\n<p>Miut\u00e1n egy kanadai kiskereskedelmi l\u00e1nc, amely nagy mennyis\u00e9gben \u00e9rt\u00e9kes\u00edt sz\u00e1r\u00edtott \u00e1rukat \u00e9s te\u00e1t, \u00e1tt\u00e9rt ezekre az egyenes oldal\u00fa, lapos sz\u00e1j\u00fa, magas boroszilik\u00e1t tartalm\u00fa \u00fcveg t\u00e1rol\u00f3ed\u00e9nyekre, amelyek bambuszfed\u00e9llel vannak ell\u00e1tva, a m\u0171anyag dobozokr\u00f3l \u00fcveg display csomagol\u00e1sra v\u00e1ltott. A tov\u00e1bbfejlesztett \u00fczletek kijelz\u0151i vizu\u00e1lisan nagyon vonz\u00f3v\u00e1 v\u00e1ltak a term\u00e9kek jobb megvil\u00e1g\u00edt\u00e1s\u00e1nak k\u00f6sz\u00f6nhet\u0151en, amelyet az \u00fcveged\u00e9nyek nagyfok\u00fa \u00e1tl\u00e1tsz\u00f3s\u00e1ga, a gyors \u00fajrat\u00f6lt\u00e9st biztos\u00edt\u00f3 150 mm-es \u00e1tm\u00e9r\u0151je \u00e9s a stabil t\u00f6m\u00edt\u00e9si teljes\u00edtm\u00e9nye eredm\u00e9nyezett. Ennek eredm\u00e9nyek\u00e9nt a term\u00e9kek \u00e9rz\u00e9kelt min\u0151s\u00e9ge is javult.<\/p>\n<p>Az \u00fcgyf\u00e9loldali bevezet\u00e9s els\u0151 h\u00e1rom h\u00f3napj\u00e1ban az \u00fcgyf\u00e9l mintegy 28%-os \u00e9ves n\u00f6veked\u00e9st \u00e9rt el a hasonl\u00f3 t\u00f6meges term\u00e9kek kiskereskedelmi \u00e9rt\u00e9kes\u00edt\u00e9s\u00e9ben, a legjelent\u0151sebb n\u00f6veked\u00e9s a pr\u00e9mium kateg\u00f3ri\u00e1s te\u00e1k kateg\u00f3ri\u00e1j\u00e1ban volt tapasztalhat\u00f3.<\/p>\n<h2>Testreszab\u00e1si k\u00e9zik\u00f6nyved<\/h2>\n<ol>\n<li>A fed\u00e9l bambusz, fa vagy kompozit t\u00f6m\u00edt\u0151fed\u00e9l k\u00f6z\u00fcl v\u00e1laszthat\u00f3, a fed\u00e9l tetej\u00e9n l\u00e9zergrav\u00edrozott log\u00f3 tal\u00e1lhat\u00f3.<\/li>\n<li>A doboz test\u00e9re felvitt oszt\u00e1sok, szitanyom\u00e1s vagy forr\u00f3 sajtol\u00e1s\u00fa m\u00e1rkalog\u00f3k seg\u00edts\u00e9g\u00e9vel jav\u00edthat\u00f3 a m\u00e1rkaismerts\u00e9g a nagykereskedelmi v\u00e1s\u00e1rl\u00f3k k\u00f6r\u00e9ben.<\/li>\n<\/ol>","protected":false},"excerpt":{"rendered":"<p>Hatalmas \u00fcvegek \u00e9lelmiszerek t\u00e1rol\u00e1s\u00e1ra, professzion\u00e1lis \u00fcveggy\u00e1rt\u00f3t\u00f3l. K\u00f6zvetlen gy\u00e1ri bef\u0151ttes\u00fcvegek, nagykereskedelmi sz\u00e1ll\u00edt\u00e1s egyedi m\u00e9retekben, fed\u00e9llel \u00e9s nagykereskedelmi \u00e1rakon.<\/p>","protected":false},"featured_media":24487,"template":"","meta":[],"product_brand":[],"product_cat":[137,124,122],"product_tag":[],"class_list":{"0":"post-24486","1":"product","2":"type-product","3":"status-publish","4":"has-post-thumbnail","6":"product_cat-glass-jars-with-lids","7":"product_cat-custom-glass-jars","8":"product_cat-custom-glass-packaging","10":"first","11":"instock","12":"shipping-taxable","13":"product-type-simple"},"jetpack_sharing_enabled":true,"_links":{"self":[{"href":"https:\/\/yebodaglass.com\/hu\/wp-json\/wp\/v2\/product\/24486","targetHints":{"allow":["GET"]}}],"collection":[{"href":"https:\/\/yebodaglass.com\/hu\/wp-json\/wp\/v2\/product"}],"about":[{"href":"https:\/\/yebodaglass.com\/hu\/wp-json\/wp\/v2\/types\/product"}],"version-history":[{"count":5,"href":"https:\/\/yebodaglass.com\/hu\/wp-json\/wp\/v2\/product\/24486\/revisions"}],"predecessor-version":[{"id":25713,"href":"https:\/\/yebodaglass.com\/hu\/wp-json\/wp\/v2\/product\/24486\/revisions\/25713"}],"wp:featuredmedia":[{"embeddable":true,"href":"https:\/\/yebodaglass.com\/hu\/wp-json\/wp\/v2\/media\/24487"}],"wp:attachment":[{"href":"https:\/\/yebodaglass.com\/hu\/wp-json\/wp\/v2\/media?parent=24486"}],"wp:term":[{"taxonomy":"product_brand","embeddable":true,"href":"https:\/\/yebodaglass.com\/hu\/wp-json\/wp\/v2\/product_brand?post=24486"},{"taxonomy":"product_cat","embeddable":true,"href":"https:\/\/yebodaglass.com\/hu\/wp-json\/wp\/v2\/product_cat?post=24486"},{"taxonomy":"product_tag","embeddable":true,"href":"https:\/\/yebodaglass.com\/hu\/wp-json\/wp\/v2\/product_tag?post=24486"}],"curies":[{"name":"wp","href":"https:\/\/api.w.org\/{rel}","templated":true}]}}