{"id":24485,"date":"2025-12-19T15:29:18","date_gmt":"2025-12-19T07:29:18","guid":{"rendered":"https:\/\/yebodaglass.com\/?post_type=product&#038;p=24485"},"modified":"2025-12-19T16:44:27","modified_gmt":"2025-12-19T08:44:27","slug":"clear-small-glass-jars-with-lids-bulk","status":"publish","type":"product","link":"https:\/\/yebodaglass.com\/hu\/clear-small-glass-jars-with-lids-bulk\/","title":{"rendered":"120 ml 210 ml 260 ml \u00e1tl\u00e1tsz\u00f3 kis \u00fcveged\u00e9nyek fed\u00e9llel, \u00f6mlesztett"},"content":{"rendered":"<p data-start=\"66\" data-end=\"288\">St\u00edlusos, m\u00e9gis megb\u00edzhat\u00f3, ezek a kis \u00fcvegek boroszilik\u00e1t \u00fcvegb\u0151l k\u00e9sz\u00fcltek. A fedelek vonz\u00f3, s\u00f6t\u00e9t faerezet\u0171 fel\u00fclettel rendelkeznek, \u00e9s k\u00fcl\u00f6nb\u00f6z\u0151 m\u00e9retekben kaphat\u00f3k, a nagyon kicsit\u0151l a kicsit nagyobbig. Az \u00fcveg teljesen \u00e1tl\u00e1tsz\u00f3 \u00fcvegteste seg\u00edt abban, hogy k\u00f6nnyen l\u00e1that\u00f3ak legyenek a benn\u00fck l\u00e9v\u0151 apr\u00f3 dolgok (p\u00e9ld\u00e1ul f\u0171szerek, t\u0171levelek vagy r\u00e1gcs\u00e1lnival\u00f3k).<\/p>\n<h2>Term\u00e9kjellemz\u0151k<\/h2>\n<ul>\n<li><strong>Hengeres kialak\u00edt\u00e1s:<\/strong> Az \u00fcvegek lekerek\u00edtett alj\u00faak, ami nagyon stabill\u00e1 teszi \u0151ket, \u00edgy nem fognak leborulni a zs\u00fafolt pultr\u00f3l vagy polcokr\u00f3l.<\/li>\n<li><strong>Boroszilik\u00e1t \u00fcveg el\u0151nyei:<\/strong> A magas boroszilik\u00e1t \u00fcvegb\u0151l k\u00e9sz\u00fclt bef\u0151ttes\u00fcvegek ellen\u00e1llnak a hirtelen h\u0151m\u00e9rs\u00e9klet-v\u00e1ltoz\u00e1soknak, \u00edgy meleg \u00e9s hideg \u00e9telek t\u00e1rol\u00e1s\u00e1ra egyar\u00e1nt haszn\u00e1lhat\u00f3k, \u00e9s hossz\u00fa t\u00e1von is biztons\u00e1gosan eltarthat\u00f3k.<\/li>\n<li><strong>S\u00f6t\u00e9t fa csavaros fed\u00e9l kialak\u00edt\u00e1s:<\/strong> A sz\u00e9pen erezett facsavaros fed\u00e9l nemcsak j\u00f3l n\u00e9z ki az \u00fcvegben, hanem a legjobb \u00e9s legegyszer\u0171bb m\u00f3dja annak is, hogy az \u00fcvegben t\u00e1rolt \u00e9lelmiszerek sz\u00e1razon, frissen \u00e9s \u00edzletesen maradjanak.<\/li>\n<\/ul>\n<h2 style=\"text-align: left;\">F\u0151bb specifik\u00e1ci\u00f3k<\/h2>\n<table class=\"aligncenter\" style=\"border-collapse: collapse; width: 486.02pt;\" border=\"0\" width=\"648\" cellspacing=\"0\" cellpadding=\"0\">\n<tbody>\n<tr style=\"height: 13.50pt;\">\n<td style=\"height: 13.50pt; width: 117.00pt;\" width=\"156\" height=\"18\">Specifik\u00e1ci\u00f3<\/td>\n<td style=\"width: 369.00pt;\" width=\"492\">R\u00e9szletek<\/td>\n<\/tr>\n<tr style=\"height: 13.50pt;\">\n<td style=\"height: 13.50pt;\" height=\"18\">Kapacit\u00e1s<\/td>\n<td>120 ml \/ 210 ml \/ 260 ml<\/td>\n<\/tr>\n<tr style=\"height: 13.50pt;\">\n<td style=\"height: 13.50pt;\" height=\"18\">M\u00e9retek<\/td>\n<td>6,5 \u00d7 5,5 cm \/ 9 \u00d7 8 cm \/ 9 \u00d7 10,2 cm<\/td>\n<\/tr>\n<tr style=\"height: 13.50pt;\">\n<td style=\"height: 13.50pt;\" height=\"18\">Anyag<\/td>\n<td>Magas boroszilik\u00e1t \u00fcveg<\/td>\n<\/tr>\n<tr style=\"height: 13.50pt;\">\n<td style=\"height: 13.50pt;\" height=\"18\">\u00dcveg alakja<\/td>\n<td>Alacsony profil\u00fa henger<\/td>\n<\/tr>\n<tr style=\"height: 13.50pt;\">\n<td style=\"height: 13.50pt;\" height=\"18\">Fed\u00e9l t\u00edpusa<\/td>\n<td>S\u00f6t\u00e9t faerezet\u0171 lapos fed\u00e9l<\/td>\n<\/tr>\n<tr style=\"height: 13.50pt;\">\n<td style=\"height: 13.50pt;\" height=\"18\">Fed\u00e9l \u00e1tm\u00e9r\u0151je<\/td>\n<td>65 mm (minden m\u00e9retben egys\u00e9ges)<\/td>\n<\/tr>\n<tr style=\"height: 13.50pt;\">\n<td style=\"height: 13.50pt;\" height=\"18\">Anyagjellemz\u0151<\/td>\n<td>H\u0151- \u00e9s vegyszer\u00e1ll\u00f3, nagy tisztas\u00e1g\u00fa, karc\u00e1ll\u00f3<\/td>\n<\/tr>\n<tr style=\"height: 13.50pt;\">\n<td style=\"height: 13.50pt;\" height=\"18\">Ide\u00e1lis<\/td>\n<td>Kis \u00fcveged\u00e9nyek fed\u00e9llel, hengeres \u00fcveged\u00e9nyek<\/td>\n<\/tr>\n<\/tbody>\n<\/table>\n<h2>Val\u00f3s esettanulm\u00e1ny: Hogyan vezet a min\u0151s\u00e9g visszat\u00e9r\u0151 v\u00e1s\u00e1rl\u00f3khoz?<\/h2>\n<p>Egy \u00e9szak-amerikai k\u00fcl\u00f6nleges k\u00e1v\u00e9p\u00f6rk\u00f6l\u0151 c\u00e9g a mi 210 ml-es, fedeles kis \u00fcvegeinket v\u00e1lasztotta. A massz\u00edv kialak\u00edt\u00e1snak \u00e9s az er\u0151s \u00fcvegnek k\u00f6sz\u00f6nhet\u0151en a sz\u00e1ll\u00edt\u00e1s sor\u00e1n el\u0151fordul\u00f3 t\u00f6r\u00e9si esetek sz\u00e1ma 70%-kal cs\u00f6kkent. A kism\u00e9ret\u0171, letisztult kialak\u00edt\u00e1snak k\u00f6sz\u00f6nhet\u0151en vonz\u00f3 \u00e9s helytakar\u00e9kos aj\u00e1nd\u00e9kcsomagokat tudtak gy\u00e1rtani, amelyeket 40%-kal dr\u00e1g\u00e1bban tudnak \u00e9rt\u00e9kes\u00edteni, mint a r\u00e9gi term\u00e9keiket. Amellett, hogy a term\u00e9k teljes\u00edtm\u00e9ny\u00e9vel \u00e9s a v\u00e1s\u00e1rl\u00f3i visszajelz\u00e9sekkel is teljesen el\u00e9gedettek voltak, tov\u00e1bbi 300 000 \u00fcvegpalackot rendeltek \u00faj el\u0151fizet\u00e9ses term\u00e9kcsal\u00e1djuk csomagol\u00e1s\u00e1hoz.<\/p>\n<h2>Szem\u00e9lyre szabhatja kis \u00fcvegeit fed\u00e9llel<\/h2>\n<ul>\n<li>T\u00f6m\u00f6rfa fed\u0151k \u2013 V\u00e1ltson t\u00f6m\u00f6rfa fed\u0151kre, amelyek di\u00f3f\u00e1b\u00f3l, \u00e9benf\u00e1b\u00f3l vagy bambuszb\u00f3l k\u00e9sz\u00fclhetnek, hogy luxushat\u00e1st keltsenek.<\/li>\n<li>Fed\u00e9lgrav\u00edroz\u00e1s \u2013 L\u00e9zerrel grav\u00edrozhat vonz\u00f3 log\u00f3t vagy dekorat\u00edv mint\u00e1t a fa fed\u00e9l fel\u00fclet\u00e9re.<\/li>\n<li>Szitanyomott \u0171rtartalom-jel\u00f6l\u00e9sek \u2013 Helyezzen n\u00e9h\u00e1ny apr\u00f3 \u00e9s st\u00edlusos \u0171rtartalom-jel\u00f6l\u00e9st az \u00fcvegre.<\/li>\n<li>Szilikon t\u00f6m\u00edt\u0151gy\u0171r\u0171 \u2013 Helyezzen \u00e9lelmiszeripari min\u0151s\u00e9g\u0171 szilikon t\u00f6m\u00edt\u0151gy\u0171r\u0171t a fed\u00e9lre a jobb t\u00f6m\u00edt\u00e9s \u00e9rdek\u00e9ben.<\/li>\n<\/ul>","protected":false},"excerpt":{"rendered":"<p>Fedezzen fel kis \u00fcveged\u00e9nyeket, melyek duci, kerek form\u00e1j\u00faak \u00e9s s\u00f6t\u00e9t fa lapos tetej\u0171ek. Krist\u00e1lytiszta boroszilik\u00e1t \u00fcvegb\u0151l k\u00e9sz\u00fcltek, gyors sz\u00e1ll\u00edt\u00e1ssal.<\/p>","protected":false},"featured_media":24490,"template":"","meta":[],"product_brand":[],"product_cat":[122,124,137],"product_tag":[],"class_list":{"0":"post-24485","1":"product","2":"type-product","3":"status-publish","4":"has-post-thumbnail","6":"product_cat-custom-glass-packaging","7":"product_cat-custom-glass-jars","8":"product_cat-glass-jars-with-lids","10":"first","11":"instock","12":"shipping-taxable","13":"product-type-simple"},"jetpack_sharing_enabled":true,"_links":{"self":[{"href":"https:\/\/yebodaglass.com\/hu\/wp-json\/wp\/v2\/product\/24485","targetHints":{"allow":["GET"]}}],"collection":[{"href":"https:\/\/yebodaglass.com\/hu\/wp-json\/wp\/v2\/product"}],"about":[{"href":"https:\/\/yebodaglass.com\/hu\/wp-json\/wp\/v2\/types\/product"}],"version-history":[{"count":2,"href":"https:\/\/yebodaglass.com\/hu\/wp-json\/wp\/v2\/product\/24485\/revisions"}],"predecessor-version":[{"id":24492,"href":"https:\/\/yebodaglass.com\/hu\/wp-json\/wp\/v2\/product\/24485\/revisions\/24492"}],"wp:featuredmedia":[{"embeddable":true,"href":"https:\/\/yebodaglass.com\/hu\/wp-json\/wp\/v2\/media\/24490"}],"wp:attachment":[{"href":"https:\/\/yebodaglass.com\/hu\/wp-json\/wp\/v2\/media?parent=24485"}],"wp:term":[{"taxonomy":"product_brand","embeddable":true,"href":"https:\/\/yebodaglass.com\/hu\/wp-json\/wp\/v2\/product_brand?post=24485"},{"taxonomy":"product_cat","embeddable":true,"href":"https:\/\/yebodaglass.com\/hu\/wp-json\/wp\/v2\/product_cat?post=24485"},{"taxonomy":"product_tag","embeddable":true,"href":"https:\/\/yebodaglass.com\/hu\/wp-json\/wp\/v2\/product_tag?post=24485"}],"curies":[{"name":"wp","href":"https:\/\/api.w.org\/{rel}","templated":true}]}}