{"id":24478,"date":"2025-12-19T11:04:51","date_gmt":"2025-12-19T03:04:51","guid":{"rendered":"https:\/\/yebodaglass.com\/?post_type=product&#038;p=24478"},"modified":"2026-04-14T10:56:07","modified_gmt":"2026-04-14T02:56:07","slug":"clear-glass-jars-with-wood-lids-bulk","status":"publish","type":"product","link":"https:\/\/yebodaglass.com\/hu\/clear-glass-jars-with-wood-lids-bulk\/","title":{"rendered":"450 ml \u2013 1550 ml \u00e1tl\u00e1tsz\u00f3 \u00fcveged\u00e9nyek fa fed\u00e9llel, \u00f6mlesztett kiszerel\u00e9sben"},"content":{"rendered":"<p data-start=\"66\" data-end=\"288\">Ezek a fafedeles \u00fcveged\u00e9nyek eleg\u00e1ns hengeres form\u00e1j\u00faak, \u00e1tl\u00e1tsz\u00f3 \u00fcvegb\u0151l \u00e9s nat\u00far fa csavaros kupakokb\u00f3l \u00e1llnak. A term\u00e9k t\u00f6bbf\u00e9le m\u00e9retben kaphat\u00f3.<\/p>\n<h2>Term\u00e9kjellemz\u0151k<\/h2>\n<ul>\n<li><strong>Pr\u00e9mium boroszilik\u00e1t \u00fcveg:<\/strong> Az \u00fcveg rendk\u00edv\u00fcl h\u0151\u00e1ll\u00f3 \u00e9s teljesen \u00e1tl\u00e1tsz\u00f3 a szemnek.<\/li>\n<li><strong>Textur\u00e1lt fa csavaros kupak kialak\u00edt\u00e1s:<\/strong> A csavaros kupakok vil\u00e1gos f\u00e1j\u00e1t k\u00f6rk\u00f6r\u00f6s text\u00far\u00e1k d\u00edsz\u00edtik, amelyek el\u0151seg\u00edtik a t\u00f6m\u00edt\u00e9st, mik\u00f6zben a kupak k\u00f6nnyen nyithat\u00f3.<\/li>\n<li><strong>\u00c1tl\u00e1tsz\u00f3 \u00e9s k\u00f6nnyen tiszt\u00edthat\u00f3 konstrukci\u00f3:<\/strong> Az \u00e1tl\u00e1tsz\u00f3 \u00fcvegtest szabad r\u00e1l\u00e1t\u00e1st biztos\u00edt a t\u00e1rolt dolgokra, a sima \u00fcvegfel\u00fclet pedig nagyon k\u00f6nnyen tiszt\u00edthat\u00f3.<\/li>\n<\/ul>\n<h2 style=\"text-align: left;\">F\u0151bb specifik\u00e1ci\u00f3k<\/h2>\n<table class=\"aligncenter\" style=\"border-collapse: collapse; width: 452.27pt;\" border=\"0\" width=\"603\" cellspacing=\"0\" cellpadding=\"0\">\n<tbody>\n<tr style=\"height: 13.50pt;\">\n<td style=\"height: 13.50pt; width: 135.00pt;\" width=\"180\" height=\"18\">Specifik\u00e1ci\u00f3<\/td>\n<td style=\"width: 317.25pt;\" width=\"423\">R\u00e9szletek<\/td>\n<\/tr>\n<tr style=\"height: 13.50pt;\">\n<td style=\"height: 13.50pt;\" height=\"18\">Kapacit\u00e1s<\/td>\n<td>450 ml \/ 750 ml \/ 950 ml \/ 1550 ml<\/td>\n<\/tr>\n<tr style=\"height: 13.50pt;\">\n<td style=\"height: 13.50pt;\" height=\"18\">M\u00e9retek<\/td>\n<td>9 \u00d7 10 cm \/ 9 \u00d7 15 cm \/ 9 \u00d7 19 cm \/ 9 \u00d7 29,5 cm<\/td>\n<\/tr>\n<tr style=\"height: 13.50pt;\">\n<td style=\"height: 13.50pt;\" height=\"18\">Anyag<\/td>\n<td>Magas boroszilik\u00e1t \u00fcveg<\/td>\n<\/tr>\n<tr style=\"height: 13.50pt;\">\n<td style=\"height: 13.50pt;\" height=\"18\">Fed\u00e9l t\u00edpusa<\/td>\n<td>Vil\u00e1gos fa csavaros tetej\u0171, k\u00f6rk\u00f6r\u00f6s erezet\u0171 text\u00far\u00e1val<\/td>\n<\/tr>\n<tr style=\"height: 13.50pt;\">\n<td style=\"height: 13.50pt;\" height=\"18\">Fed\u00e9l \u00e1tm\u00e9r\u0151je<\/td>\n<td>90 mm (minden m\u00e9retben egys\u00e9ges)<\/td>\n<\/tr>\n<tr style=\"height: 13.50pt;\">\n<td style=\"height: 13.50pt;\" height=\"18\">Anyagjellemz\u0151<\/td>\n<td>H\u0151- \u00e9s vegyszer\u00e1ll\u00f3, nagy tisztas\u00e1g\u00fa, tart\u00f3s<\/td>\n<\/tr>\n<tr style=\"height: 13.50pt;\">\n<td style=\"height: 13.50pt;\" height=\"18\">Ide\u00e1lis a k\u00f6vetkez\u0151kh\u00f6z:<\/td>\n<td>\u00dcvegek fa fed\u00e9llel, \u00f6mlesztett \u00fcvegek<\/td>\n<\/tr>\n<\/tbody>\n<\/table>\n<h2>Sikert\u00f6rt\u00e9net: Egyedi megrendel\u00e9s egy csendes-\u00f3ce\u00e1ni \u00e9szaknyugati k\u00e1v\u00e9p\u00f6rk\u00f6l\u0151t\u0151l<\/h2>\n<p>Egy oregoni k\u00fcl\u00f6nleges k\u00e1v\u00e9p\u00f6rk\u00f6l\u0151 a mi \u00fcvegtart\u00e1lyainkat v\u00e1lasztotta tet\u0151vel, egyedi s\u00f6t\u00e9t di\u00f3fa fed\u00e9llel \u00e9s UV-\u00e1ll\u00f3 borosty\u00e1nsz\u00edn\u0171 \u00fcveggel. Az egyedi bef\u0151ttes\u00fcvegek optim\u00e1lis teljes\u00edtm\u00e9nyt ny\u00fajtottak, mivel UV-\u00e1ll\u00f3 \u00fcveg\u00fck jobban meg\u0151rzi a k\u00e1v\u00e9bab frissess\u00e9g\u00e9t \u00e9s arom\u00e1j\u00e1t, mint az \u00e1tl\u00e1tsz\u00f3 \u00fcveg, ami 35%-kal hosszabb eltarthat\u00f3s\u00e1got eredm\u00e9nyezett. Az \u00fcvegek eszt\u00e9tikus kialak\u00edt\u00e1sa 200%-kal n\u00f6velte a v\u00e1s\u00e1rl\u00f3k megoszt\u00e1sait a k\u00f6z\u00f6ss\u00e9gi m\u00e9di\u00e1ban. A p\u00f6rk\u00f6l\u0151 annyira el\u00e9gedett volt, hogy tov\u00e1bbi 320 000 \u00fcveget rendelt az \u00fajonnan piacra dobott el\u0151re kevert p\u00f6rk\u00f6l\u0151alapanyag-sorozat\u00e1hoz.<\/p>\n<h2>Testreszabhat\u00f3 \u00fcvegtart\u00e1ly fed\u00e9llel<\/h2>\n<ul>\n<li>Val\u00f3di fa fed\u00e9l anyaga \u2013 A fedelek k\u00fcl\u00f6nb\u00f6z\u0151 fafajt\u00e1kb\u00f3l k\u00e9sz\u00fclhetnek, p\u00e9ld\u00e1ul bambuszb\u00f3l, b\u00fckkf\u00e1b\u00f3l vagy juharf\u00e1b\u00f3l.<\/li>\n<li>Egyedi fap\u00e1col\u00e1s \u2013 Sz\u00e9les v\u00e1laszt\u00e9kb\u00f3l v\u00e1laszthat p\u00e1cokat a vil\u00e1gos nat\u00far f\u00e1t\u00f3l a s\u00f6t\u00e9t di\u00f3ig.<\/li>\n<li>D\u00edsz\u00edtett alapminta \u2013 A gy\u00e1rt\u00e1si folyamat sor\u00e1n finom text\u00far\u00e1j\u00fa mint\u00e1t hoznak l\u00e9tre a palack alj\u00e1n.<\/li>\n<\/ul>","protected":false},"excerpt":{"rendered":"<p>Pr\u00e9mium min\u0151s\u00e9g\u0171 \u00fcvegek fa fed\u00e9llel, krist\u00e1lytiszta boroszilik\u00e1t \u00fcvegb\u0151l k\u00e9sz\u00fclt \u00e1tl\u00e1tsz\u00f3 \u00fcvegek, t\u00f6bbf\u00e9le m\u00e9retben, ide\u00e1lisak kamrat\u00e1rol\u00e1shoz. Ingyenes mint\u00e1k kaphat\u00f3k.<\/p>","protected":false},"featured_media":24482,"template":"","meta":[],"product_brand":[],"product_cat":[137,124,122],"product_tag":[],"class_list":{"0":"post-24478","1":"product","2":"type-product","3":"status-publish","4":"has-post-thumbnail","6":"product_cat-glass-jars-with-lids","7":"product_cat-custom-glass-jars","8":"product_cat-custom-glass-packaging","10":"first","11":"instock","12":"shipping-taxable","13":"product-type-simple"},"jetpack_sharing_enabled":true,"_links":{"self":[{"href":"https:\/\/yebodaglass.com\/hu\/wp-json\/wp\/v2\/product\/24478","targetHints":{"allow":["GET"]}}],"collection":[{"href":"https:\/\/yebodaglass.com\/hu\/wp-json\/wp\/v2\/product"}],"about":[{"href":"https:\/\/yebodaglass.com\/hu\/wp-json\/wp\/v2\/types\/product"}],"version-history":[{"count":5,"href":"https:\/\/yebodaglass.com\/hu\/wp-json\/wp\/v2\/product\/24478\/revisions"}],"predecessor-version":[{"id":25776,"href":"https:\/\/yebodaglass.com\/hu\/wp-json\/wp\/v2\/product\/24478\/revisions\/25776"}],"wp:featuredmedia":[{"embeddable":true,"href":"https:\/\/yebodaglass.com\/hu\/wp-json\/wp\/v2\/media\/24482"}],"wp:attachment":[{"href":"https:\/\/yebodaglass.com\/hu\/wp-json\/wp\/v2\/media?parent=24478"}],"wp:term":[{"taxonomy":"product_brand","embeddable":true,"href":"https:\/\/yebodaglass.com\/hu\/wp-json\/wp\/v2\/product_brand?post=24478"},{"taxonomy":"product_cat","embeddable":true,"href":"https:\/\/yebodaglass.com\/hu\/wp-json\/wp\/v2\/product_cat?post=24478"},{"taxonomy":"product_tag","embeddable":true,"href":"https:\/\/yebodaglass.com\/hu\/wp-json\/wp\/v2\/product_tag?post=24478"}],"curies":[{"name":"wp","href":"https:\/\/api.w.org\/{rel}","templated":true}]}}