{"id":24457,"date":"2025-12-18T10:59:35","date_gmt":"2025-12-18T02:59:35","guid":{"rendered":"https:\/\/yebodaglass.com\/?post_type=product&#038;p=24457"},"modified":"2026-04-13T16:19:06","modified_gmt":"2026-04-13T08:19:06","slug":"wholesale-glass-jars-with-lids-for-storage","status":"publish","type":"product","link":"https:\/\/yebodaglass.com\/hu\/wholesale-glass-jars-with-lids-for-storage\/","title":{"rendered":"600 ml \u2013 1400 ml nagykereskedelmi \u00fcvegek fed\u00e9llel t\u00e1rol\u00e1shoz\u00a0"},"content":{"rendered":"<p>A nagykereskedelmi \u00fcveged\u00e9nyek n\u00e9gyzet alak\u00faak, \u00edvelt sarkokkal, \u00e9s ultra-tiszta \u00fcvegb\u0151l k\u00e9sz\u00fcltek, amely boroszilik\u00e1t anyag\u00e1nak k\u00f6sz\u00f6nhet\u0151en megfelel az \u00e9lelmiszeripari szabv\u00e1nyoknak. Az \u00fcvegek term\u00e9szetes bambusz csavaros kupakkal \u00e9s be\u00e9p\u00edtett szilikon t\u00f6m\u00edt\u00e9sekkel rendelkeznek a l\u00e9gmentess\u00e9g biztos\u00edt\u00e1sa \u00e9rdek\u00e9ben.<\/p>\n<h2>Term\u00e9kjellemz\u0151k<\/h2>\n<ul>\n<li><strong>Egyszer\u0171, n\u00e9gyzet alak\u00fa, egyenes hengeres kialak\u00edt\u00e1s:<\/strong> A sz\u00f6gletes, lekerek\u00edtett sark\u00fa, egyenes hengeres forma lehet\u0151v\u00e9 teszi az egym\u00e1sra rak\u00e1st, a kialak\u00edt\u00e1s pedig k\u00f6nny\u0171 felismer\u00e9st biztos\u00edt.<\/li>\n<li><strong>Term\u00e9szetes bambusz t\u00f6m\u00edt\u0151fed\u00e9l kialak\u00edt\u00e1sa:<\/strong> A term\u00e9szetes bambusz fed\u00e9l \u00e9s az \u00e9lelmiszeripari szilikon t\u00f6m\u00edt\u0151gy\u0171r\u0171 kiv\u00e1l\u00f3 t\u00f6m\u00edt\u00e9st biztos\u00edt, amely hat\u00e9konyan megakad\u00e1lyozza a nedvess\u00e9get \u00e9s a rovarokat.<\/li>\n<li><strong>T\u00f6bb m\u00e9retben kaphat\u00f3:<\/strong> A m\u00e9retv\u00e1laszt\u00e9k a k\u00fcl\u00f6nb\u00f6z\u0151 t\u00e1rol\u00e1si ig\u00e9nyeket kiel\u00e9g\u00edti, bele\u00e9rtve a kis f\u0171szert\u00e1rol\u00f3kat \u00e9s a nagy gabona- vagy snackt\u00e1rol\u00f3 megold\u00e1sokat.<\/li>\n<\/ul>\n<h2>F\u0151bb specifik\u00e1ci\u00f3k<\/h2>\n<table style=\"border-collapse: collapse; width: 80%; margin-right: auto; margin-left: auto;\" border=\"0\" width=\"432\" cellspacing=\"0\" cellpadding=\"0\">\n<tbody>\n<tr style=\"height: 13.50pt;\">\n<td style=\"height: 13.5pt; width: 54pt; text-align: center;\" width=\"72\" height=\"18\">Kapacit\u00e1s<\/td>\n<td style=\"width: 54pt; text-align: center;\" width=\"72\">M\u00e9ret (cm)<\/td>\n<td style=\"width: 54pt; text-align: center;\" width=\"72\">Sz\u00e1j\u00e1tm\u00e9r\u0151 (mm)<\/td>\n<td style=\"width: 54pt; text-align: center;\" width=\"72\">Anyag<\/td>\n<td style=\"width: 54pt; text-align: center;\" width=\"72\">Sz\u00edn<\/td>\n<td style=\"width: 54pt; text-align: center;\" width=\"72\">Alak<\/td>\n<\/tr>\n<tr style=\"height: 13.50pt;\">\n<td style=\"height: 13.5pt; text-align: center;\" height=\"18\">600 ml<\/td>\n<td style=\"text-align: center;\">10 x 10 x 10,5<\/td>\n<td class=\"et2\" style=\"text-align: center;\" rowspan=\"5\">94&#215;100<\/td>\n<td class=\"et2\" style=\"text-align: center;\" rowspan=\"5\">Boroszilik\u00e1t<\/td>\n<td class=\"et2\" style=\"text-align: center;\" rowspan=\"5\">\u00c1tl\u00e1tsz\u00f3, egyedi<\/td>\n<td class=\"et2\" style=\"text-align: center;\" rowspan=\"5\">N\u00e9gyzet<\/td>\n<\/tr>\n<tr style=\"height: 13.50pt;\">\n<td style=\"height: 13.5pt; text-align: center;\" height=\"18\">800 ml<\/td>\n<td style=\"text-align: center;\">10 x 10 x 13<\/td>\n<\/tr>\n<tr style=\"height: 13.50pt;\">\n<td style=\"height: 13.5pt; text-align: center;\" height=\"18\">1000 ml<\/td>\n<td style=\"text-align: center;\">10 x 10 x 16<\/td>\n<\/tr>\n<tr style=\"height: 13.50pt;\">\n<td style=\"height: 13.5pt; text-align: center;\" height=\"18\">1200 ml<\/td>\n<td style=\"text-align: center;\">10 x 10 x 19<\/td>\n<\/tr>\n<tr style=\"height: 13.50pt;\">\n<td style=\"height: 13.5pt; text-align: center;\" height=\"18\">1400 ml<\/td>\n<td style=\"text-align: center;\">10 x 10 x 21<\/td>\n<\/tr>\n<\/tbody>\n<\/table>\n<h2>Sikert\u00f6rt\u00e9net: Nagy t\u00e9telben kiszerelt tea egy nemzeti team\u00e1rk\u00e1nak<\/h2>\n<p>Egy nemzeti team\u00e1rka 250 ml-es nagykereskedelmi \u00fcvegeket v\u00e1lasztott egyedi bambusztet\u0151kkel. A tea nev\u00e9t \u00e9s eredet\u00e9t szitanyom\u00e1ssal nyomtatt\u00e1k a fedelekre. Az egyedi nagykereskedelmi \u00fcvegek hatalmas sikert arattak, mivel n\u00e9gyzet alak\u00fa kialak\u00edt\u00e1suk 20%-kal n\u00f6velte a rakt\u00e1ri csomagol\u00e1s hat\u00e9konys\u00e1g\u00e1t, kiv\u00e1l\u00f3 z\u00e1r\u00e1si k\u00e9pess\u00e9g\u00fck pedig 40%-kal hosszabb ideig meg\u0151rizte a tea \u00edz\u00e9t \u00e9s arom\u00e1j\u00e1t a kor\u00e1bbi teafilterekhez k\u00e9pest. A m\u00e1rka nagyon el\u00e9gedett volt az \u00faj csomagol\u00e1ssal, \u00e9s ezt k\u00f6vet\u0151en tov\u00e1bbi 520 000 \u00fcvegre vonatkoz\u00f3 megrendel\u00e9st adott le \u00fajonnan piacra dobott gy\u00f3gytea- \u00e9s aj\u00e1nd\u00e9kcsomag-kollekci\u00f3j\u00e1hoz.<\/p>\n<h2>Nagykereskedelmi \u00fcveged\u00e9nyek testreszab\u00e1si lehet\u0151s\u00e9gei<\/h2>\n<ol>\n<li>T\u00e1mogatja a beoszt\u00e1si vonalak vagy kapacit\u00e1sjel\u00f6l\u00e9sek hozz\u00e1ad\u00e1s\u00e1t a magas boroszilik\u00e1t tartalm\u00fa \u00fcvegtart\u00e1lyhoz, megk\u00f6nny\u00edtve a professzion\u00e1lis \u00fcgyfelek sz\u00e1m\u00e1ra az \u00e9lelmiszer-feldolgoz\u00e1sban, a k\u00e1v\u00e9- \u00e9s s\u00fct\u0151iparban val\u00f3 haszn\u00e1latot.<\/li>\n<li>K\u00fcl\u00f6nb\u00f6z\u0151 \u00e1tl\u00e1tsz\u00f3s\u00e1gi szintek vagy enyh\u00e9n borosty\u00e1ns\u00e1rga kivitelben kaphat\u00f3k, hogy egyens\u00falyt teremtsenek a megjelen\u00edt\u00e9si min\u0151s\u00e9g \u00e9s a tartalom f\u00e9nyv\u00e9delm\u00e9nek sz\u00fcks\u00e9gess\u00e9ge k\u00f6z\u00f6tt.<\/li>\n<li>Egyedi m\u00e9ret\u0171 \u00e9s alak\u00fa m\u00e9r\u0151kanalak haszn\u00e1lat\u00e1t teszi lehet\u0151v\u00e9 porok, f\u0171szerek vagy funkcion\u00e1lis \u00e9lelmiszerek pontos adagol\u00e1s\u00e1hoz.<\/li>\n<\/ol>","protected":false},"excerpt":{"rendered":"<p>Nagykereskedelmi \u00fcvegek sz\u00f6gletes boroszilik\u00e1t kivitelben, bambusz fed\u00e9llel. T\u00e1rol\u00f3ed\u00e9nyek, amelyek t\u00f6k\u00e9letesek te\u00e1hoz, gabon\u00e1hoz \u00e9s snackekhez. Ingyenes mint\u00e1k kaphat\u00f3k. Gyors sz\u00e1ll\u00edt\u00e1s.<\/p>","protected":false},"featured_media":24458,"template":"","meta":[],"product_brand":[],"product_cat":[137,124,122],"product_tag":[],"class_list":{"0":"post-24457","1":"product","2":"type-product","3":"status-publish","4":"has-post-thumbnail","6":"product_cat-glass-jars-with-lids","7":"product_cat-custom-glass-jars","8":"product_cat-custom-glass-packaging","10":"first","11":"instock","12":"shipping-taxable","13":"product-type-simple"},"jetpack_sharing_enabled":true,"_links":{"self":[{"href":"https:\/\/yebodaglass.com\/hu\/wp-json\/wp\/v2\/product\/24457","targetHints":{"allow":["GET"]}}],"collection":[{"href":"https:\/\/yebodaglass.com\/hu\/wp-json\/wp\/v2\/product"}],"about":[{"href":"https:\/\/yebodaglass.com\/hu\/wp-json\/wp\/v2\/types\/product"}],"version-history":[{"count":5,"href":"https:\/\/yebodaglass.com\/hu\/wp-json\/wp\/v2\/product\/24457\/revisions"}],"predecessor-version":[{"id":25770,"href":"https:\/\/yebodaglass.com\/hu\/wp-json\/wp\/v2\/product\/24457\/revisions\/25770"}],"wp:featuredmedia":[{"embeddable":true,"href":"https:\/\/yebodaglass.com\/hu\/wp-json\/wp\/v2\/media\/24458"}],"wp:attachment":[{"href":"https:\/\/yebodaglass.com\/hu\/wp-json\/wp\/v2\/media?parent=24457"}],"wp:term":[{"taxonomy":"product_brand","embeddable":true,"href":"https:\/\/yebodaglass.com\/hu\/wp-json\/wp\/v2\/product_brand?post=24457"},{"taxonomy":"product_cat","embeddable":true,"href":"https:\/\/yebodaglass.com\/hu\/wp-json\/wp\/v2\/product_cat?post=24457"},{"taxonomy":"product_tag","embeddable":true,"href":"https:\/\/yebodaglass.com\/hu\/wp-json\/wp\/v2\/product_tag?post=24457"}],"curies":[{"name":"wp","href":"https:\/\/api.w.org\/{rel}","templated":true}]}}